{"id":13167,"date":"2022-08-04T12:52:45","date_gmt":"2022-08-04T10:52:45","guid":{"rendered":"https:\/\/dadade.eu\/?post_type=product&#038;p=13167"},"modified":"2025-08-24T23:19:10","modified_gmt":"2025-08-24T21:19:10","slug":"hokka-ida-die-aelteste-der-3-hexen-schwestern-a531","status":"publish","type":"product","link":"https:\/\/dadade.eu\/?product=hokka-ida-die-aelteste-der-3-hexen-schwestern-a531","title":{"rendered":"Hokka-Ida, die \u00e4lteste der 3 (Hexen) Schwestern (A531)"},"content":{"rendered":"<p><a href=\"https:\/\/dadade.eu\/?product=a530-die-3-hexen-schwestern-von-den-knirpsen\" target=\"_blank\" rel=\"noopener\"><img decoding=\"async\" class=\"alignnone wp-image-13176\" src=\"https:\/\/dadade.eu\/wp-content\/uploads\/2022\/08\/x3-Sisters-1-300x225.jpg\" alt=\"\" width=\"249\" height=\"187\" srcset=\"https:\/\/dadade.eu\/wp-content\/uploads\/2022\/08\/x3-Sisters-1-300x225.jpg 300w, https:\/\/dadade.eu\/wp-content\/uploads\/2022\/08\/x3-Sisters-1-600x450.jpg 600w, https:\/\/dadade.eu\/wp-content\/uploads\/2022\/08\/x3-Sisters-1-64x48.jpg 64w, https:\/\/dadade.eu\/wp-content\/uploads\/2022\/08\/x3-Sisters-1-1024x768.jpg 1024w, https:\/\/dadade.eu\/wp-content\/uploads\/2022\/08\/x3-Sisters-1-768x576.jpg 768w, https:\/\/dadade.eu\/wp-content\/uploads\/2022\/08\/x3-Sisters-1.jpg 1400w\" sizes=\"(max-width: 249px) 100vw, 249px\" \/><\/a> Hokka-Ida \u00a0verbringt viel Zeit mit ihren 2 Schwestern, <strong><a href=\"https:\/\/dadade.eu\/?product=auber-gina-die-mittlere-der-3-hexen-schwestern-a532\">Auber-Gina<\/a><\/strong> und <strong><a href=\"https:\/\/dadade.eu\/?product=kasta-nina-die-juengste-der-3-hexen-schwestern-a533\">Kast-Nina<\/a><\/strong>.<\/p>\n<p><a href=\"An Halloweeen sind die Drei als die Hexen-Sisters bekannt.\" target=\"_blank\" rel=\"noopener\"><img decoding=\"async\" class=\"alignnone wp-image-13177\" src=\"https:\/\/dadade.eu\/wp-content\/uploads\/2022\/08\/xHexe-Sisters5b-300x225.jpg\" alt=\"\" width=\"248\" height=\"186\" srcset=\"https:\/\/dadade.eu\/wp-content\/uploads\/2022\/08\/xHexe-Sisters5b-300x225.jpg 300w, https:\/\/dadade.eu\/wp-content\/uploads\/2022\/08\/xHexe-Sisters5b-600x450.jpg 600w, https:\/\/dadade.eu\/wp-content\/uploads\/2022\/08\/xHexe-Sisters5b-64x48.jpg 64w, https:\/\/dadade.eu\/wp-content\/uploads\/2022\/08\/xHexe-Sisters5b-1024x768.jpg 1024w, https:\/\/dadade.eu\/wp-content\/uploads\/2022\/08\/xHexe-Sisters5b-768x576.jpg 768w, https:\/\/dadade.eu\/wp-content\/uploads\/2022\/08\/xHexe-Sisters5b.jpg 1400w\" sizes=\"(max-width: 248px) 100vw, 248px\" \/><\/a><strong><a href=\"https:\/\/dadade.eu\/?product=a5-die-hexen-schule-von-halloween-city-von-den-knirpsen\">An Halloweeen sind die Drei als die Hexen-Sisters bekannt.<\/a><\/strong><\/p>\n<p><strong><a href=\"https:\/\/dadade.eu\/?product=halloween-tiere-eule-katze-kraehe-h434\"><img decoding=\"async\" class=\"alignnone wp-image-17778\" src=\"https:\/\/dadade.eu\/wp-content\/uploads\/2022\/08\/xHalloween-Tiere-5-300x225.jpg\" alt=\"\" width=\"248\" height=\"186\" srcset=\"https:\/\/dadade.eu\/wp-content\/uploads\/2022\/08\/xHalloween-Tiere-5-300x225.jpg 300w, https:\/\/dadade.eu\/wp-content\/uploads\/2022\/08\/xHalloween-Tiere-5-600x450.jpg 600w, https:\/\/dadade.eu\/wp-content\/uploads\/2022\/08\/xHalloween-Tiere-5-64x48.jpg 64w, https:\/\/dadade.eu\/wp-content\/uploads\/2022\/08\/xHalloween-Tiere-5-1024x768.jpg 1024w, https:\/\/dadade.eu\/wp-content\/uploads\/2022\/08\/xHalloween-Tiere-5-768x576.jpg 768w, https:\/\/dadade.eu\/wp-content\/uploads\/2022\/08\/xHalloween-Tiere-5.jpg 1400w\" sizes=\"(max-width: 248px) 100vw, 248px\" \/>die drei kleinen Helfer der Hexen gibt es hier<\/a><\/strong><\/p>\n<p>Die Anleitung ist ausf\u00fchrlich mit vielen Bildern hinterlegt und wird auf \u00fcber 28 Seiten Schritt-f\u00fcr-Schritt beschrieben! Das Muster wird auch genau beschrieben!<\/p>\n<p>Sie ist schon f\u00fcr ge\u00fcbte Anf\u00e4nger geeignet,<\/p>\n<p><strong><a href=\"https:\/\/dadade.eu\/?p=13178\">mehr \u00fcber die 3 Schwestern findet ihr hier<\/a><\/strong><\/p>\n<p>viele Bilder und Ideen von flei\u00dfigen Helfer und H\u00e4nden findet ihr hier<\/p>\n<p><strong><a href=\"https:\/\/dadade.eu\/?p=13337\">VIELE TOLLE BILDER<\/a><\/strong><\/p>\n<p>&nbsp;<\/p>\n<p>&nbsp;<\/p>\n<p>&nbsp;<\/p>\n","protected":false},"excerpt":{"rendered":"<div id=\"cc-m-13954443088\" class=\"j-module n j-text \">\n<p>Hier kauft man die H\u00e4kelanleitung f\u00fcr dieses s\u00fc\u00dfe P\u00fcppchen Hokka-Ida.<\/p>\n<p>Hokka-Ida, den Namen bekam Sie wegen ihrer Haarfarbe, ist die \u00e4lteste von den 3 Schwestern,\u00a0geniest alle Jahreszeiten,<\/p>\n<p>mit \u00a0ihrem Dirndel freut sie sich auf den Sommer .<\/p>\n<p>Am liebsten aber ist ihre jedoch der Herbst, wie kann es anders sein, mit seinen K\u00fcrbissen und damit auch die Halloween-Zeit.<\/p>\n<p><strong><span style=\"color: #ff0000;\">Hokka-Ida gibt es kurze Zeit mit der knuffigen Eule, mit Umhang &amp; Hexenhut<br \/>\n<\/span><\/strong><\/p>\n<p>Die Drei sind in dieser Zeit als die Hexen-Sisters bekannt, und treiben viel Unfug.<\/p>\n<p>Zu der Anleitung von Hokka-Ida geh\u00f6rt der Hexenhut, ein Zauberstab und eine Hand ohne Finger.<\/p>\n<p>Die Tiere sind nur zur <strong>Dekoration<\/strong>, sie sind nicht in der Anleitung enthalten.<\/p>\n<p>Mit dem Kauf erh\u00e4lt man eine leicht verst\u00e4ndliche H\u00e4kelanleitung im praktischen PDF-Format.<\/p>\n<p>Die Anleitung ist auch schon f\u00fcr Anf\u00e4nger geeignet.<\/p>\n<p>Mit der Nadelst\u00e4rke 4 wird das P\u00fcppi im Stehen, ohne Hut, ungef\u00e4hr; 38cm hoch, Hexenm\u00e4\u00dfig mit Hut ungef\u00e4hr; 55cm hoch<\/p>\n<p>Mit der Nadelst\u00e4rke 2 wird das P\u00fcppi im Sitzen, ohne Hut, ungef\u00e4hr; 13,5cm hoch, Hexenm\u00e4\u00dfig mit Hut ungef\u00e4hr; 32,5cm hoch<\/p>\n<\/div>\n","protected":false},"featured_media":13196,"template":"","meta":[],"product_brand":[],"product_cat":[57,36,35,505,380,69],"product_tag":[90,89,87,94,93,1063,1064,92,166,139,160,156,159,140,95,96,1065],"class_list":{"0":"post-13167","1":"product","2":"type-product","3":"status-publish","4":"has-post-thumbnail","6":"product_cat-3mittel","7":"product_cat-a5-die-lustigen-knirpse","8":"product_cat-amigurumi","9":"product_cat-herbst","10":"product_cat-kuschel-puppe","11":"product_cat-mittel","12":"product_tag-amigurumi","13":"product_tag-baby","14":"product_tag-geschenk","15":"product_tag-haekelanleitung","16":"product_tag-haekeln","17":"product_tag-hexe","18":"product_tag-hexe-haekeln","19":"product_tag-kinder","20":"product_tag-knirpse","21":"product_tag-kuschelpuppe","22":"product_tag-pueppchen","23":"product_tag-pueppchen-haekeln","24":"product_tag-puppe","25":"product_tag-puppe-haekeln","26":"product_tag-wolle","27":"product_tag-wollreste","28":"product_tag-zauberstab","30":"first","31":"instock","32":"downloadable","33":"purchasable","34":"product-type-simple"},"_links":{"self":[{"href":"https:\/\/dadade.eu\/index.php?rest_route=\/wp\/v2\/product\/13167","targetHints":{"allow":["GET"]}}],"collection":[{"href":"https:\/\/dadade.eu\/index.php?rest_route=\/wp\/v2\/product"}],"about":[{"href":"https:\/\/dadade.eu\/index.php?rest_route=\/wp\/v2\/types\/product"}],"wp:featuredmedia":[{"embeddable":true,"href":"https:\/\/dadade.eu\/index.php?rest_route=\/wp\/v2\/media\/13196"}],"wp:attachment":[{"href":"https:\/\/dadade.eu\/index.php?rest_route=%2Fwp%2Fv2%2Fmedia&parent=13167"}],"wp:term":[{"taxonomy":"product_brand","embeddable":true,"href":"https:\/\/dadade.eu\/index.php?rest_route=%2Fwp%2Fv2%2Fproduct_brand&post=13167"},{"taxonomy":"product_cat","embeddable":true,"href":"https:\/\/dadade.eu\/index.php?rest_route=%2Fwp%2Fv2%2Fproduct_cat&post=13167"},{"taxonomy":"product_tag","embeddable":true,"href":"https:\/\/dadade.eu\/index.php?rest_route=%2Fwp%2Fv2%2Fproduct_tag&post=13167"}],"curies":[{"name":"wp","href":"https:\/\/api.w.org\/{rel}","templated":true}]}}