{"id":12967,"date":"2022-08-26T10:33:19","date_gmt":"2022-08-26T08:33:19","guid":{"rendered":"https:\/\/dadade.eu\/?post_type=product&#038;p=12967"},"modified":"2024-02-15T00:33:42","modified_gmt":"2024-02-14T23:33:42","slug":"flughund-fladimir-die-handpuppe-a166","status":"publish","type":"product","link":"https:\/\/dadade.eu\/?product=flughund-fladimir-die-handpuppe-a166","title":{"rendered":"Flughund Fladimir, die Fledermaus zum Spielen (A166)"},"content":{"rendered":"<p>Fladimir ist verliebt<\/p>\n<p><img fetchpriority=\"high\" decoding=\"async\" class=\"alignnone size-medium wp-image-21574\" src=\"https:\/\/dadade.eu\/wp-content\/uploads\/2024\/01\/x4x-Flughund-Unicoernchen2-300x225.jpg\" alt=\"\" width=\"300\" height=\"225\" srcset=\"https:\/\/dadade.eu\/wp-content\/uploads\/2024\/01\/x4x-Flughund-Unicoernchen2-300x225.jpg 300w, https:\/\/dadade.eu\/wp-content\/uploads\/2024\/01\/x4x-Flughund-Unicoernchen2-600x450.jpg 600w, https:\/\/dadade.eu\/wp-content\/uploads\/2024\/01\/x4x-Flughund-Unicoernchen2-64x48.jpg 64w, https:\/\/dadade.eu\/wp-content\/uploads\/2024\/01\/x4x-Flughund-Unicoernchen2-1024x768.jpg 1024w, https:\/\/dadade.eu\/wp-content\/uploads\/2024\/01\/x4x-Flughund-Unicoernchen2-768x576.jpg 768w, https:\/\/dadade.eu\/wp-content\/uploads\/2024\/01\/x4x-Flughund-Unicoernchen2.jpg 1400w\" sizes=\"(max-width: 300px) 100vw, 300px\" \/><\/p>\n<p>wer kann den s\u00fc\u00dfen <strong><a href=\"https:\/\/dadade.eu\/?product=flughund-oder-fledermaus-unicoernchen-das-flederhoernchen-zum-spielen-a167\" target=\"_blank\" rel=\"noopener\">Flederh\u00f6rnchen<\/a><\/strong> schon widerstehen<\/p>\n<p>Die Anleitung ist ausf\u00fchrlich mit vielen Bildern hinterlegt<\/p>\n<p>und wird auf 27 Seiten Schritt-f\u00fcr-Schritt beschrieben!<\/p>\n<p>Sie ist auch schon f\u00fcr Anf\u00e4nger geeignet.<\/p>\n<p>&nbsp;<\/p>\n<p>MEHR VARIANTEN UND IDEEN von flei\u00dfigen Helfer und H\u00e4nden?<\/p>\n<p><a href=\"https:\/\/dadade.eu\/?p=6303\"><b>Klicke hier<\/b><\/a><\/p>\n<p>&nbsp;<\/p>\n<p>&nbsp;<\/p>\n<p>&nbsp;<\/p>\n","protected":false},"excerpt":{"rendered":"<div id=\"cc-m-13954443088\">\n<p>Hier kauft man die H\u00e4kelanleitung f\u00fcr diesen s\u00fc\u00dfen Flughund.<\/p>\n<p>Er ist mit kuscheliger Wolle geh\u00e4kelt und dadurch sch\u00f6n weich und flauschig.<\/p>\n<p>Ein Flughund als Amigurumi ist eher selten, dabei ist der wundersch\u00f6ne Geselle viel flauschiger als eine Fledermaus und absolut ungef\u00e4hrlich, mit seinem niedliches Gesicht und ein kuschliges weiches Pl\u00fcschfell, sowie den tolle Ohren, kann er bei Jung und Alt punkten.<\/p>\n<p>Ein PERFEKTES GESCHENK nicht nur im Herbst und f\u00fcr Halloween<\/p>\n<p>Fladimir bezaubert mit seinem frechen Aussehen alle,\u00a0 ob als Dekoration oder als Kuscheltier, dieser witzige Flughund ist ein tolles Geschenk\u00a0 f\u00fcr den Herbst.<\/p>\n<p>Mit Wolle der Nadelst\u00e4rke 4 wird Fladimir ungef\u00e4hr;<\/p>\n<p>23cm hoch im sitzen, und im stehen 32cm,<\/p>\n<p>er hat eine Fl\u00fcgelspannweite von ca 50cm<\/p>\n<p><strong>\u00a0<\/strong><\/p>\n<p>Fladimir sind recht einfach und schnell geh\u00e4kelt, allerdings bedarf das H\u00e4keln mit der Flauschwolle sowie das H\u00e4keln der Relief-Ma etwas \u00dcbung,<\/p>\n<p>Die Anleitung ist jedoch ausf\u00fchrlich mit vielen Bildern hinterlegt.<\/p>\n<p>&nbsp;<\/p>\n<\/div>\n<div id=\"cc-m-13954443188\" class=\"j-module n j-text \">\n<p>&nbsp;<\/p>\n<\/div>\n","protected":false},"featured_media":12969,"template":"","meta":[],"product_brand":[],"product_cat":[56,35,39,505,69],"product_tag":[90,89,1058,233,242,1005,1006,1059,87,920,94,1060,93,1057,126,92,245,180,88,243,244,181,91,392,183,95,96],"class_list":{"0":"post-12967","1":"product","2":"type-product","3":"status-publish","4":"has-post-thumbnail","6":"product_cat-2einfach","7":"product_cat-amigurumi","8":"product_cat-amigurumis-zum-kuscheln","9":"product_cat-herbst","10":"product_cat-mittel","11":"product_tag-amigurumi","12":"product_tag-baby","13":"product_tag-deko","14":"product_tag-dekoration","15":"product_tag-dekoration-haekeln","16":"product_tag-fledermaus","17":"product_tag-fledermaus-haekeln","18":"product_tag-flughund","19":"product_tag-geschenk","20":"product_tag-gruselig","21":"product_tag-haekelanleitung","22":"product_tag-haekelanleitung-flughund","23":"product_tag-haekeln","24":"product_tag-halloween","25":"product_tag-herbst","26":"product_tag-kinder","27":"product_tag-kuschelige-haekeltiere","28":"product_tag-kuscheltier","29":"product_tag-kuscheltier-haekeln","30":"product_tag-kuschelwolle","31":"product_tag-kuschelwolle-haekeln","32":"product_tag-lustig","33":"product_tag-plueschtier","34":"product_tag-plueschtier-haekeln","35":"product_tag-witzig","36":"product_tag-wolle","37":"product_tag-wollreste","39":"first","40":"instock","41":"downloadable","42":"shipping-taxable","43":"purchasable","44":"product-type-simple"},"_links":{"self":[{"href":"https:\/\/dadade.eu\/index.php?rest_route=\/wp\/v2\/product\/12967","targetHints":{"allow":["GET"]}}],"collection":[{"href":"https:\/\/dadade.eu\/index.php?rest_route=\/wp\/v2\/product"}],"about":[{"href":"https:\/\/dadade.eu\/index.php?rest_route=\/wp\/v2\/types\/product"}],"wp:featuredmedia":[{"embeddable":true,"href":"https:\/\/dadade.eu\/index.php?rest_route=\/wp\/v2\/media\/12969"}],"wp:attachment":[{"href":"https:\/\/dadade.eu\/index.php?rest_route=%2Fwp%2Fv2%2Fmedia&parent=12967"}],"wp:term":[{"taxonomy":"product_brand","embeddable":true,"href":"https:\/\/dadade.eu\/index.php?rest_route=%2Fwp%2Fv2%2Fproduct_brand&post=12967"},{"taxonomy":"product_cat","embeddable":true,"href":"https:\/\/dadade.eu\/index.php?rest_route=%2Fwp%2Fv2%2Fproduct_cat&post=12967"},{"taxonomy":"product_tag","embeddable":true,"href":"https:\/\/dadade.eu\/index.php?rest_route=%2Fwp%2Fv2%2Fproduct_tag&post=12967"}],"curies":[{"name":"wp","href":"https:\/\/api.w.org\/{rel}","templated":true}]}}