{"id":12720,"date":"2021-12-21T16:32:46","date_gmt":"2021-12-21T15:32:46","guid":{"rendered":"https:\/\/dadade.eu\/?post_type=product&#038;p=12720"},"modified":"2025-11-24T02:39:51","modified_gmt":"2025-11-24T01:39:51","slug":"die-baeren-bande-aus-dem-baerenland-a301","status":"publish","type":"product","link":"https:\/\/dadade.eu\/?product=die-baeren-bande-aus-dem-baerenland-a301","title":{"rendered":"die B\u00e4ren-Bande, aus dem B\u00e4renland (A301)"},"content":{"rendered":"<p><img fetchpriority=\"high\" decoding=\"async\" class=\"alignnone size-medium wp-image-12738\" src=\"https:\/\/dadade.eu\/wp-content\/uploads\/2023\/04\/xBaeren-Truppe-Name-Kopie-300x225.jpg\" alt=\"\" width=\"300\" height=\"225\" srcset=\"https:\/\/dadade.eu\/wp-content\/uploads\/2023\/04\/xBaeren-Truppe-Name-Kopie-300x225.jpg 300w, https:\/\/dadade.eu\/wp-content\/uploads\/2023\/04\/xBaeren-Truppe-Name-Kopie-600x450.jpg 600w, https:\/\/dadade.eu\/wp-content\/uploads\/2023\/04\/xBaeren-Truppe-Name-Kopie-64x48.jpg 64w, https:\/\/dadade.eu\/wp-content\/uploads\/2023\/04\/xBaeren-Truppe-Name-Kopie-1024x768.jpg 1024w, https:\/\/dadade.eu\/wp-content\/uploads\/2023\/04\/xBaeren-Truppe-Name-Kopie-768x576.jpg 768w, https:\/\/dadade.eu\/wp-content\/uploads\/2023\/04\/xBaeren-Truppe-Name-Kopie.jpg 1400w\" sizes=\"(max-width: 300px) 100vw, 300px\" \/> viele B\u00e4ren-Varianten in einer Anleitung, z.B. Panda und auch ein Koala<\/p>\n<p><img decoding=\"async\" class=\"alignnone wp-image-12793\" src=\"https:\/\/dadade.eu\/wp-content\/uploads\/2021\/12\/xFamilie-Baer-Kleidung-Mama1-300x225.jpg\" alt=\"\" width=\"143\" height=\"107\" srcset=\"https:\/\/dadade.eu\/wp-content\/uploads\/2021\/12\/xFamilie-Baer-Kleidung-Mama1-300x225.jpg 300w, https:\/\/dadade.eu\/wp-content\/uploads\/2021\/12\/xFamilie-Baer-Kleidung-Mama1-600x450.jpg 600w, https:\/\/dadade.eu\/wp-content\/uploads\/2021\/12\/xFamilie-Baer-Kleidung-Mama1-64x48.jpg 64w, https:\/\/dadade.eu\/wp-content\/uploads\/2021\/12\/xFamilie-Baer-Kleidung-Mama1-1024x768.jpg 1024w, https:\/\/dadade.eu\/wp-content\/uploads\/2021\/12\/xFamilie-Baer-Kleidung-Mama1-768x576.jpg 768w, https:\/\/dadade.eu\/wp-content\/uploads\/2021\/12\/xFamilie-Baer-Kleidung-Mama1.jpg 1400w\" sizes=\"(max-width: 143px) 100vw, 143px\" \/><strong>Variante 2;<\/strong> plus ein Kleid mit Hut<\/p>\n<p><img decoding=\"async\" class=\"alignnone wp-image-12795\" src=\"https:\/\/dadade.eu\/wp-content\/uploads\/2021\/12\/xFamilie-Baer-Kleidung-Papa1-300x225.jpg\" alt=\"\" width=\"144\" height=\"108\" srcset=\"https:\/\/dadade.eu\/wp-content\/uploads\/2021\/12\/xFamilie-Baer-Kleidung-Papa1-300x225.jpg 300w, https:\/\/dadade.eu\/wp-content\/uploads\/2021\/12\/xFamilie-Baer-Kleidung-Papa1-600x450.jpg 600w, https:\/\/dadade.eu\/wp-content\/uploads\/2021\/12\/xFamilie-Baer-Kleidung-Papa1-64x48.jpg 64w, https:\/\/dadade.eu\/wp-content\/uploads\/2021\/12\/xFamilie-Baer-Kleidung-Papa1-1024x768.jpg 1024w, https:\/\/dadade.eu\/wp-content\/uploads\/2021\/12\/xFamilie-Baer-Kleidung-Papa1-768x576.jpg 768w, https:\/\/dadade.eu\/wp-content\/uploads\/2021\/12\/xFamilie-Baer-Kleidung-Papa1.jpg 1400w\" sizes=\"(max-width: 144px) 100vw, 144px\" \/>und plus der Anzug mit Zylinder<\/p>\n<p><img loading=\"lazy\" decoding=\"async\" class=\"alignnone wp-image-12842\" src=\"https:\/\/dadade.eu\/wp-content\/uploads\/2021\/12\/xFamilie-Baer-15-300x225.jpg\" alt=\"\" width=\"143\" height=\"107\" srcset=\"https:\/\/dadade.eu\/wp-content\/uploads\/2021\/12\/xFamilie-Baer-15-300x225.jpg 300w, https:\/\/dadade.eu\/wp-content\/uploads\/2021\/12\/xFamilie-Baer-15-600x450.jpg 600w, https:\/\/dadade.eu\/wp-content\/uploads\/2021\/12\/xFamilie-Baer-15-64x48.jpg 64w, https:\/\/dadade.eu\/wp-content\/uploads\/2021\/12\/xFamilie-Baer-15-1024x768.jpg 1024w, https:\/\/dadade.eu\/wp-content\/uploads\/2021\/12\/xFamilie-Baer-15-768x576.jpg 768w, https:\/\/dadade.eu\/wp-content\/uploads\/2021\/12\/xFamilie-Baer-15.jpg 1400w\" sizes=\"(max-width: 143px) 100vw, 143px\" \/>oder<strong> die Variante 3<\/strong>, zus\u00e4tzlich mit Baby-B\u00e4r mit Kleidchen<\/p>\n<p><img loading=\"lazy\" decoding=\"async\" class=\"alignnone wp-image-20568\" src=\"https:\/\/dadade.eu\/wp-content\/uploads\/2023\/11\/x4-Nikolaus-Baeren-Kopie-300x225.jpg\" alt=\"\" width=\"175\" height=\"131\" srcset=\"https:\/\/dadade.eu\/wp-content\/uploads\/2023\/11\/x4-Nikolaus-Baeren-Kopie-300x225.jpg 300w, https:\/\/dadade.eu\/wp-content\/uploads\/2023\/11\/x4-Nikolaus-Baeren-Kopie-600x450.jpg 600w, https:\/\/dadade.eu\/wp-content\/uploads\/2023\/11\/x4-Nikolaus-Baeren-Kopie-64x48.jpg 64w, https:\/\/dadade.eu\/wp-content\/uploads\/2023\/11\/x4-Nikolaus-Baeren-Kopie-1024x768.jpg 1024w, https:\/\/dadade.eu\/wp-content\/uploads\/2023\/11\/x4-Nikolaus-Baeren-Kopie-768x576.jpg 768w, https:\/\/dadade.eu\/wp-content\/uploads\/2023\/11\/x4-Nikolaus-Baeren-Kopie.jpg 1400w\" sizes=\"(max-width: 175px) 100vw, 175px\" \/><strong><a href=\"https:\/\/dadade.eu\/?product=die-baeren-bande-als-nikolaus-oder-weihnachtsmann-a351\" target=\"_blank\" rel=\"noopener\">die B\u00e4rchen gibt es auch im Weihnachts-Outfit<\/a><\/strong><\/p>\n<p><img loading=\"lazy\" decoding=\"async\" class=\"alignnone wp-image-12481\" src=\"https:\/\/dadade.eu\/wp-content\/uploads\/2023\/04\/A3-Baeren-Truppe-300x225.jpg\" alt=\"\" width=\"237\" height=\"178\" srcset=\"https:\/\/dadade.eu\/wp-content\/uploads\/2023\/04\/A3-Baeren-Truppe-300x225.jpg 300w, https:\/\/dadade.eu\/wp-content\/uploads\/2023\/04\/A3-Baeren-Truppe-600x450.jpg 600w, https:\/\/dadade.eu\/wp-content\/uploads\/2023\/04\/A3-Baeren-Truppe-64x48.jpg 64w, https:\/\/dadade.eu\/wp-content\/uploads\/2023\/04\/A3-Baeren-Truppe-1024x768.jpg 1024w, https:\/\/dadade.eu\/wp-content\/uploads\/2023\/04\/A3-Baeren-Truppe-768x576.jpg 768w, https:\/\/dadade.eu\/wp-content\/uploads\/2023\/04\/A3-Baeren-Truppe.jpg 1400w\" sizes=\"(max-width: 237px) 100vw, 237px\" \/> die B\u00e4ren mit ihren Freunden zum Kaffee trinken im B\u00e4renland<\/p>\n<p>Die Anleitung ist ausf\u00fchrlich mit vielen Bildern hinterlegt und schon f\u00fcr Anf\u00e4nger geeignet<\/p>\n<p>alle Kleidchen wurden so entworfen, dass sie allen Tieren vom B\u00e4renland passen.<\/p>\n<p><span style=\"color: #993366;\"><strong><a style=\"color: #993366;\" href=\"https:\/\/dadade.eu\/?product=a320-kostuemparty-im-baerenland-als-deko-oder-zum-kuscheln\">F\u00fcr alle Freunde aus dem B\u00e4renland gibt es auch noch Kost\u00fcme.<\/a><\/strong><\/span><\/p>\n<p>&nbsp;<\/p>\n<p><strong><a href=\"https:\/\/dadade.eu\/?p=12482\">VIELE TOLLE BILDER und Ideen von flei\u00dfigen Helfer und H\u00e4nden findet ihr hier\u00a0<\/a><\/strong><\/p>\n<p>viele tollen Bilder <strong><a href=\"https:\/\/dadade.eu\/?p=12484\">aus dem B\u00e4renland<\/a><\/strong> findet ihr auch hier<\/p>\n<p><strong><a href=\"https:\/\/dadade.eu\/?p=12805\">die Familie B\u00e4r hat sich fein gemacht<\/a><\/strong><\/p>\n<p>&nbsp;<\/p>\n<p>&nbsp;<\/p>\n","protected":false},"excerpt":{"rendered":"<div id=\"cc-m-13954443088\" class=\"j-module n j-text \">\n<p>Hier kauft man die H\u00e4kelanleitung f\u00fcr diese verschiedenen B\u00e4ren.<\/p>\n<p>1 die kleinen B\u00e4ren aus verschiedenen Wollresten<\/p>\n<p>2 den kleinen Panda Pl\u00fcsch-Pfote<\/p>\n<p>3 der kleinen Koala Kuschel-Ohr<\/p>\n<div id=\"cc-m-13920095288\" class=\"j-module n j-text \">\n<p>Du suchst eine tolle Geschenk-Idee, oder eine s\u00fc\u00dfe Deko, diese\u00a0B\u00e4ren sind das ganze Jahr der Hit<\/p>\n<p>Sie sind ein tolles, schnell geh\u00e4keltes Geschenk, und auch f\u00fcr Wollresten geeignet.<\/p>\n<p>Die B\u00e4ren werden mit der Himalaya Fine und der Nadelst\u00e4rke 3 ungef\u00e4hr 25cm hoch im Stehen und im Sitzen 19 cm hoch<\/p>\n<\/div>\n<div id=\"cc-m-13952396088\">\n<p>Mit der Himalaya Dolphine Baby ungef\u00e4hr 35cm hoch im Stehen und im Sitzen 20 cm hoch<\/p>\n<p>Sie haben die richtige Gr\u00f6\u00dfe f\u00fcr kleine Kinderh\u00e4nde, und der Clou ist; diese witzigen Tierchen kann man alle\u00a0 an- und ausziehen.<\/p>\n<p>Die Kleider von allen B\u00e4renland-Tieren kann man untereinander tauschen.<\/p>\n<\/div>\n<p>Variante 2<\/p>\n<p>Polarpuschel hat Samt-Nase zum Essen eingeladen, die Beiden haben sich fein gemacht. Hier kannst du auch gleich die Kleidung mit bestellen.<\/p>\n<p>Variante 3<\/p>\n<p>die ganze Familie mit dem Baby-B\u00e4r und dem Kleidchen<\/p>\n<p>&nbsp;<\/p>\n<\/div>\n<div id=\"cc-m-13954443188\" class=\"j-module n j-text \">\n<p>&nbsp;<\/p>\n<\/div>\n","protected":false},"featured_media":12725,"template":"","meta":[],"product_brand":[],"product_cat":[55,38,35,69],"product_tag":[90,89,120,121,87,94,93,92,638,640,88,114,641,643,91,95,96],"class_list":{"0":"post-12720","1":"product","2":"type-product","3":"status-publish","4":"has-post-thumbnail","6":"product_cat-1sehr-einfach","7":"product_cat-a9-im-baerenland","8":"product_cat-amigurumi","9":"product_cat-mittel","10":"product_tag-amigurumi","11":"product_tag-baby","12":"product_tag-baer","13":"product_tag-baer-haekeln","14":"product_tag-geschenk","15":"product_tag-haekelanleitung","16":"product_tag-haekeln","17":"product_tag-kinder","18":"product_tag-koala","19":"product_tag-koala-haekeln","20":"product_tag-kuscheltier-haekeln","21":"product_tag-ostern","22":"product_tag-panda","23":"product_tag-panda-haekeln","24":"product_tag-plueschtier","25":"product_tag-wolle","26":"product_tag-wollreste","28":"first","29":"instock","30":"purchasable","31":"product-type-variable"},"_links":{"self":[{"href":"https:\/\/dadade.eu\/index.php?rest_route=\/wp\/v2\/product\/12720","targetHints":{"allow":["GET"]}}],"collection":[{"href":"https:\/\/dadade.eu\/index.php?rest_route=\/wp\/v2\/product"}],"about":[{"href":"https:\/\/dadade.eu\/index.php?rest_route=\/wp\/v2\/types\/product"}],"wp:featuredmedia":[{"embeddable":true,"href":"https:\/\/dadade.eu\/index.php?rest_route=\/wp\/v2\/media\/12725"}],"wp:attachment":[{"href":"https:\/\/dadade.eu\/index.php?rest_route=%2Fwp%2Fv2%2Fmedia&parent=12720"}],"wp:term":[{"taxonomy":"product_brand","embeddable":true,"href":"https:\/\/dadade.eu\/index.php?rest_route=%2Fwp%2Fv2%2Fproduct_brand&post=12720"},{"taxonomy":"product_cat","embeddable":true,"href":"https:\/\/dadade.eu\/index.php?rest_route=%2Fwp%2Fv2%2Fproduct_cat&post=12720"},{"taxonomy":"product_tag","embeddable":true,"href":"https:\/\/dadade.eu\/index.php?rest_route=%2Fwp%2Fv2%2Fproduct_tag&post=12720"}],"curies":[{"name":"wp","href":"https:\/\/api.w.org\/{rel}","templated":true}]}}