{"id":12573,"date":"2022-01-21T14:22:44","date_gmt":"2022-01-21T13:22:44","guid":{"rendered":"https:\/\/dadade.eu\/?post_type=product&#038;p=12573"},"modified":"2025-11-24T02:39:46","modified_gmt":"2025-11-24T01:39:46","slug":"hund-flauschi-flecky-aus-dem-baerenland-a302","status":"publish","type":"product","link":"https:\/\/dadade.eu\/?product=hund-flauschi-flecky-aus-dem-baerenland-a302","title":{"rendered":"Hund Flauschi Flecky, aus dem B\u00e4renland (A302)"},"content":{"rendered":"<p><img fetchpriority=\"high\" decoding=\"async\" class=\"alignnone wp-image-12481\" src=\"https:\/\/dadade.eu\/wp-content\/uploads\/2023\/04\/A3-Baeren-Truppe-300x225.jpg\" alt=\"\" width=\"306\" height=\"229\" srcset=\"https:\/\/dadade.eu\/wp-content\/uploads\/2023\/04\/A3-Baeren-Truppe-300x225.jpg 300w, https:\/\/dadade.eu\/wp-content\/uploads\/2023\/04\/A3-Baeren-Truppe-600x450.jpg 600w, https:\/\/dadade.eu\/wp-content\/uploads\/2023\/04\/A3-Baeren-Truppe-64x48.jpg 64w, https:\/\/dadade.eu\/wp-content\/uploads\/2023\/04\/A3-Baeren-Truppe-1024x768.jpg 1024w, https:\/\/dadade.eu\/wp-content\/uploads\/2023\/04\/A3-Baeren-Truppe-768x576.jpg 768w, https:\/\/dadade.eu\/wp-content\/uploads\/2023\/04\/A3-Baeren-Truppe.jpg 1400w\" sizes=\"(max-width: 306px) 100vw, 306px\" \/>\u00a0 Flauschi-Flecky ist mit seinen Freunden zum Kaffee trinken im B\u00e4renland<\/p>\n<p>Die Anleitung ist ausf\u00fchrlich mit vielen Bildern hinterlegt und schon f\u00fcr Anf\u00e4nger geeignet<\/p>\n<p>alle Kleidchen wurden so entworfen, dass sie allen Tieren vom B\u00e4renland passen.<\/p>\n<p><span style=\"color: #993366;\"><strong><a style=\"color: #993366;\" href=\"https:\/\/dadade.eu\/?product=a320-kostuemparty-im-baerenland-als-deko-oder-zum-kuscheln\">F\u00fcr alle Freunde aus dem B\u00e4renland gibt es auch noch Kost\u00fcme.<\/a><\/strong><\/span><\/p>\n<p>&nbsp;<\/p>\n<p>viele Bilder und Ideen von flei\u00dfigen Helfer und H\u00e4nden findet ihr hier<\/p>\n<p><strong><a href=\"https:\/\/dadade.eu\/?p=12482\">VIELE TOLLE BILDER<\/a><\/strong><\/p>\n<p>viele tollen Bilder <strong><a href=\"https:\/\/dadade.eu\/?p=12484\">aus dem B\u00e4renland<\/a><\/strong> findet ihr auch hier<\/p>\n<p>&nbsp;<\/p>\n<p>&nbsp;<\/p>\n","protected":false},"excerpt":{"rendered":"<div id=\"cc-m-13954443088\" class=\"j-module n j-text \">\n<p>Hier kauft man die H\u00e4kelanleitung f\u00fcr diesen s\u00fc\u00dfen Hund,<\/p>\n<p>mit schicker Hose und witzigen M\u00fctze.<\/p>\n<p>Mit Nadelst\u00e4rke 3 und der Himalaya Fine geh\u00e4kelt, wird Flauschi Flecky ungef\u00e4hr; im Sitzen 20 cm hoch und 14cm breit.<\/p>\n<div id=\"cc-m-13952395988\">\n<p>Du suchst eine tolle Geschenk-Idee, Flauschi-Flecky ist schnell geh\u00e4kelt.<\/p>\n<\/div>\n<div id=\"cc-m-13952396088\">\n<p>Er hat die richtige Gr\u00f6\u00dfe f\u00fcr kleine Kinderh\u00e4nde, und der Clou ist; diese witzigen Tierchen kann man alle\u00a0 an- und ausziehen.<\/p>\n<p>Die Kleider von allen B\u00e4renland-Tieren kann man untereinander tauschen.<\/p>\n<\/div>\n<p>Mit dem Kauf erh\u00e4lt man eine leicht verst\u00e4ndliche H\u00e4kelanleitung im praktischen PDF-Format.<\/p>\n<p>Die Anleitung ist auch schon f\u00fcr Anf\u00e4nger geeignet.<\/p>\n<p>&nbsp;<\/p>\n<p>&nbsp;<\/p>\n<\/div>\n<div id=\"cc-m-13954443188\" class=\"j-module n j-text \">\n<p>&nbsp;<\/p>\n<\/div>\n","protected":false},"featured_media":12576,"template":"","meta":[],"product_brand":[],"product_cat":[55,38,35,69],"product_tag":[90,89,87,94,93,319,323,92,88,91,95,96],"class_list":{"0":"post-12573","1":"product","2":"type-product","3":"status-publish","4":"has-post-thumbnail","6":"product_cat-1sehr-einfach","7":"product_cat-a9-im-baerenland","8":"product_cat-amigurumi","9":"product_cat-mittel","10":"product_tag-amigurumi","11":"product_tag-baby","12":"product_tag-geschenk","13":"product_tag-haekelanleitung","14":"product_tag-haekeln","15":"product_tag-hund","16":"product_tag-hund-haekeln","17":"product_tag-kinder","18":"product_tag-kuscheltier-haekeln","19":"product_tag-plueschtier","20":"product_tag-wolle","21":"product_tag-wollreste","23":"first","24":"instock","25":"downloadable","26":"purchasable","27":"product-type-simple"},"_links":{"self":[{"href":"https:\/\/dadade.eu\/index.php?rest_route=\/wp\/v2\/product\/12573","targetHints":{"allow":["GET"]}}],"collection":[{"href":"https:\/\/dadade.eu\/index.php?rest_route=\/wp\/v2\/product"}],"about":[{"href":"https:\/\/dadade.eu\/index.php?rest_route=\/wp\/v2\/types\/product"}],"wp:featuredmedia":[{"embeddable":true,"href":"https:\/\/dadade.eu\/index.php?rest_route=\/wp\/v2\/media\/12576"}],"wp:attachment":[{"href":"https:\/\/dadade.eu\/index.php?rest_route=%2Fwp%2Fv2%2Fmedia&parent=12573"}],"wp:term":[{"taxonomy":"product_brand","embeddable":true,"href":"https:\/\/dadade.eu\/index.php?rest_route=%2Fwp%2Fv2%2Fproduct_brand&post=12573"},{"taxonomy":"product_cat","embeddable":true,"href":"https:\/\/dadade.eu\/index.php?rest_route=%2Fwp%2Fv2%2Fproduct_cat&post=12573"},{"taxonomy":"product_tag","embeddable":true,"href":"https:\/\/dadade.eu\/index.php?rest_route=%2Fwp%2Fv2%2Fproduct_tag&post=12573"}],"curies":[{"name":"wp","href":"https:\/\/api.w.org\/{rel}","templated":true}]}}