{"id":12337,"date":"2015-08-13T12:59:51","date_gmt":"2015-08-13T10:59:51","guid":{"rendered":"https:\/\/dadade.eu\/?post_type=product&#038;p=12337"},"modified":"2023-06-09T15:12:26","modified_gmt":"2023-06-09T13:12:26","slug":"drachen-baby-schluesselanhaenger-mit-chiptasche-kuscheltier-mit-rasseln-a903","status":"publish","type":"product","link":"https:\/\/dadade.eu\/?product=drachen-baby-schluesselanhaenger-mit-chiptasche-kuscheltier-mit-rasseln-a903","title":{"rendered":"Drachen &#8211; Baby, Schl\u00fcsselanh\u00e4nger mit Chiptasche &#038; Kuscheltier mit Rasseln (A903)"},"content":{"rendered":"<p><img decoding=\"async\" class=\"alignnone wp-image-12338\" src=\"https:\/\/dadade.eu\/wp-content\/uploads\/2023\/04\/kl.Drachen0-Kopie-300x237.jpg\" alt=\"\" width=\"220\" height=\"174\" srcset=\"https:\/\/dadade.eu\/wp-content\/uploads\/2023\/04\/kl.Drachen0-Kopie-300x237.jpg 300w, https:\/\/dadade.eu\/wp-content\/uploads\/2023\/04\/kl.Drachen0-Kopie-600x475.jpg 600w, https:\/\/dadade.eu\/wp-content\/uploads\/2023\/04\/kl.Drachen0-Kopie-64x51.jpg 64w, https:\/\/dadade.eu\/wp-content\/uploads\/2023\/04\/kl.Drachen0-Kopie-1024x810.jpg 1024w, https:\/\/dadade.eu\/wp-content\/uploads\/2023\/04\/kl.Drachen0-Kopie-768x607.jpg 768w, https:\/\/dadade.eu\/wp-content\/uploads\/2023\/04\/kl.Drachen0-Kopie-1536x1215.jpg 1536w, https:\/\/dadade.eu\/wp-content\/uploads\/2023\/04\/kl.Drachen0-Kopie-2048x1620.jpg 2048w\" sizes=\"(max-width: 220px) 100vw, 220px\" \/>die Drachen haben eine praktische Chiptasche und sind auch eine tolle Dekoration<\/p>\n<p><img decoding=\"async\" class=\"alignnone wp-image-12347\" src=\"https:\/\/dadade.eu\/wp-content\/uploads\/2023\/04\/xA903-kleiner-Drachen-5-300x225.jpg\" alt=\"\" width=\"224\" height=\"168\" srcset=\"https:\/\/dadade.eu\/wp-content\/uploads\/2023\/04\/xA903-kleiner-Drachen-5-300x225.jpg 300w, https:\/\/dadade.eu\/wp-content\/uploads\/2023\/04\/xA903-kleiner-Drachen-5-600x450.jpg 600w, https:\/\/dadade.eu\/wp-content\/uploads\/2023\/04\/xA903-kleiner-Drachen-5-64x48.jpg 64w, https:\/\/dadade.eu\/wp-content\/uploads\/2023\/04\/xA903-kleiner-Drachen-5-1024x768.jpg 1024w, https:\/\/dadade.eu\/wp-content\/uploads\/2023\/04\/xA903-kleiner-Drachen-5-768x576.jpg 768w, https:\/\/dadade.eu\/wp-content\/uploads\/2023\/04\/xA903-kleiner-Drachen-5.jpg 1400w\" sizes=\"(max-width: 224px) 100vw, 224px\" \/>+ zus\u00e4tzlich eine Extra-Erkl\u00e4rung f\u00fcr ein Kuscheltier mit Babyrassel, und Schnuller<\/p>\n<p>Die Anleitung ist ausf\u00fchrlich mit vielen Bildern hinterlegt und wird auf 22 Seiten &amp; 9 Seiten Schritt-f\u00fcr-Schritt beschrieben<\/p>\n<p>&nbsp;<\/p>\n<p>MEHR VARIANTEN UND IDEEN FINDET IHR HIER<\/p>\n<p><a href=\"https:\/\/dadade.eu\/?p=11262\"><strong>VIELE TOLLE BILDER<\/strong> von flei\u00dfigen Helfer und H\u00e4nden<\/a><\/p>\n<p>&nbsp;<\/p>\n<p>&nbsp;<\/p>\n<p>&nbsp;<\/p>\n","protected":false},"excerpt":{"rendered":"<div id=\"cc-m-13954443088\">\n<p>Hier kauft man die H\u00e4kelanleitung f\u00fcr diesen s\u00fc\u00dfen Drachen, mit vielen M\u00f6glichkeiten<\/p>\n<p><strong>1 als kleiner Taschenbaumler, Schl\u00fcsselanh\u00e4nger mit Chiptasche<\/strong><\/p>\n<p>der kleine Drache f\u00fchlt sich \u00fcberall wohl, ob an eine Handtasche, Autospiegel oder auch Schl\u00fcsselbund.<\/p>\n<p>er eignet sich auch wunderbar f\u00fcr Wollreste, mit der Nadelst\u00e4rke 2 wird er ungef\u00e4hr;<\/p>\n<p>9cm lang, 6cm breit und 10cm hoch<\/p>\n<p>Schulanf\u00e4nger freuen sich besonders auf die kleinen Anh\u00e4nger, den Kleinen an die Schult\u00fcte und sp\u00e4ter an den Ranzen, und den Gro\u00dfen in die T\u00fcte zum Kuscheln.<\/p>\n<p><strong>2 als Kuscheltier mit Babyrassel<\/strong><\/p>\n<p>hier habe ich diesmal die Himalaya fine genommen, sie ist etwas d\u00fcnner wie die Himalaya Baby.<\/p>\n<p>der kuschelige Drache wird mit der Nadslst\u00e4rke 3,5 ungef\u00e4hr;<\/p>\n<p>17cm lang, 12cm breit und 23cm hoch<\/p>\n<p>&nbsp;<\/p>\n<\/div>\n<div id=\"cc-m-13954443188\" class=\"j-module n j-text \">\n<p>&nbsp;<\/p>\n<p>&nbsp;<\/p>\n<p>&nbsp;<\/p>\n<\/div>\n","protected":false},"featured_media":12355,"template":"","meta":[],"product_brand":[],"product_cat":[56,40,35,44,69],"product_tag":[90,833,89,999,837,839,233,242,1001,732,713,840,834,87,557,94,93,830,831,194,92,245,180,88,243,244,829,91,392,195,1002,1000,838,820,821,822,823,824,682,95,96],"class_list":{"0":"post-12337","1":"product","2":"type-product","3":"status-publish","4":"has-post-thumbnail","6":"product_cat-2einfach","7":"product_cat-anhaenger-fuer-schluessel","8":"product_cat-amigurumi","9":"product_cat-baby-spielsachen","10":"product_cat-mittel","11":"product_tag-amigurumi","12":"product_tag-anhaenger","13":"product_tag-baby","14":"product_tag-babyrassel","15":"product_tag-chip","16":"product_tag-chip-tasche","17":"product_tag-dekoration","18":"product_tag-dekoration-haekeln","19":"product_tag-drache-rassel","20":"product_tag-drachen","21":"product_tag-drachen-haekeln","22":"product_tag-einkaufs-chip","23":"product_tag-einkaufschip","24":"product_tag-geschenk","25":"product_tag-gluecksbringer","26":"product_tag-haekelanleitung","27":"product_tag-haekeln","28":"product_tag-key-ring","29":"product_tag-keychains","30":"product_tag-kind","31":"product_tag-kinder","32":"product_tag-kuschelige-haekeltiere","33":"product_tag-kuscheltier","34":"product_tag-kuscheltier-haekeln","35":"product_tag-kuschelwolle","36":"product_tag-kuschelwolle-haekeln","37":"product_tag-originell","38":"product_tag-plueschtier","39":"product_tag-plueschtier-haekeln","40":"product_tag-praesent","41":"product_tag-rassel-drachen-haekeln","42":"product_tag-rassel-haekeln","43":"product_tag-samtwolle","44":"product_tag-schluesselanhaenger","45":"product_tag-schluesselanhaenger-haekeln","46":"product_tag-schluesselring","47":"product_tag-taschenbaumler","48":"product_tag-taschenbaumler-haekeln","49":"product_tag-tier","50":"product_tag-wolle","51":"product_tag-wollreste","53":"first","54":"instock","55":"downloadable","56":"shipping-taxable","57":"purchasable","58":"product-type-simple"},"_links":{"self":[{"href":"https:\/\/dadade.eu\/index.php?rest_route=\/wp\/v2\/product\/12337","targetHints":{"allow":["GET"]}}],"collection":[{"href":"https:\/\/dadade.eu\/index.php?rest_route=\/wp\/v2\/product"}],"about":[{"href":"https:\/\/dadade.eu\/index.php?rest_route=\/wp\/v2\/types\/product"}],"wp:featuredmedia":[{"embeddable":true,"href":"https:\/\/dadade.eu\/index.php?rest_route=\/wp\/v2\/media\/12355"}],"wp:attachment":[{"href":"https:\/\/dadade.eu\/index.php?rest_route=%2Fwp%2Fv2%2Fmedia&parent=12337"}],"wp:term":[{"taxonomy":"product_brand","embeddable":true,"href":"https:\/\/dadade.eu\/index.php?rest_route=%2Fwp%2Fv2%2Fproduct_brand&post=12337"},{"taxonomy":"product_cat","embeddable":true,"href":"https:\/\/dadade.eu\/index.php?rest_route=%2Fwp%2Fv2%2Fproduct_cat&post=12337"},{"taxonomy":"product_tag","embeddable":true,"href":"https:\/\/dadade.eu\/index.php?rest_route=%2Fwp%2Fv2%2Fproduct_tag&post=12337"}],"curies":[{"name":"wp","href":"https:\/\/api.w.org\/{rel}","templated":true}]}}