{"id":12154,"date":"2023-02-06T17:38:04","date_gmt":"2023-02-06T16:38:04","guid":{"rendered":"https:\/\/dadade.eu\/?post_type=product&#038;p=12154"},"modified":"2024-02-24T00:28:57","modified_gmt":"2024-02-23T23:28:57","slug":"l001-geschenkverpackung-led-lichter","status":"publish","type":"product","link":"https:\/\/dadade.eu\/?product=l001-geschenkverpackung-led-lichter","title":{"rendered":"L001 -7 Geschenkverpackung &#038; LED-Lichter"},"content":{"rendered":"<p>mehr dazu findet ihr hier;<\/p>\n<p><a href=\"https:\/\/dadade.eu\/?product_cat=deko-ideen-mit-licht\"><b>LED-Licht<\/b><\/a><\/p>\n<p>&nbsp;<\/p>\n<p><a href=\"https:\/\/dadade.eu\/?product=koala-mit-baby-led-lampe-und-geschenkverpackung-l001\" target=\"_blank\" rel=\"noopener\"><strong><u>L001 Koala mit Mini-Koala<\/u><\/strong><\/a><\/p>\n<p><a href=\"https:\/\/dadade.eu\/?product=einhorn-mit-baby-led-lampe-und-geschenkverpackung-l002\" target=\"_blank\" rel=\"noopener\"><strong><u>L002 Einhorn mit Mini-Einhorn<\/u><\/strong><\/a><\/p>\n<p><a href=\"https:\/\/dadade.eu\/?product=pinguin-mit-baby-led-lampe-und-geschenkverpackung-l003\" target=\"_blank\" rel=\"noopener\"><strong><u>L003 Pinguin mit Mini-Pinguin<\/u><\/strong><\/a><\/p>\n<p><a href=\"https:\/\/dadade.eu\/?product=fuchs-mit-baby-oder-gans-led-lampe-und-geschenkverpackung-l004\" target=\"_blank\" rel=\"noopener\"><strong><u>L004 Fuchs mit Mini-Fuchs &amp; Gans<\/u><\/strong><\/a><\/p>\n<p><a href=\"https:\/\/dadade.eu\/?product=dino-oder-drachen-mit-baby-led-lampe-und-geschenkverpackung-l005\" target=\"_blank\" rel=\"noopener\"><strong><u>L005 Dino\/Drachen mit Mini<\/u><\/strong><\/a><\/p>\n<p><a href=\"https:\/\/dadade.eu\/?product=schneemann-led-lampe-und-geschenkverpackung-l005\" target=\"_blank\" rel=\"noopener\"><strong><u>L205 Geschenk-Kugel Schneemann<\/u><\/strong><\/a><\/p>\n<p><a href=\"https:\/\/dadade.eu\/?product=lebkuchen-mann-led-lampe-und-geschenkverpackung-l006\" target=\"_blank\" rel=\"noopener\"><strong><u>L206 Geschenk-Kugel Lebkuchen<\/u><\/strong><\/a><\/p>\n<p><a href=\"https:\/\/dadade.eu\/?product=weihnachts-elf-oder-wichtel-led-lampe-und-geschenkverpackung-l007\" target=\"_blank\" rel=\"noopener\"><strong><u>L207 Geschenk-Kugel Elf<\/u><\/strong><\/a><\/p>\n<p>&nbsp;<\/p>\n<p>mehr Bilder, von flei\u00dfigen Helfer und H\u00e4nde<\/p>\n<p><strong><a href=\"https:\/\/dadade.eu\/?p=9515\">KLICKE HIER<\/a><\/strong><\/p>\n<p>&nbsp;<\/p>\n<p>&nbsp;<\/p>\n","protected":false},"excerpt":{"rendered":"<div id=\"cc-m-13954443088\">\n<div id=\"cc-m-13758358088\">\n<p>Diese s\u00fc\u00dfen Kugeln\u00a0 k\u00f6nnen zuerst als Geschenkverpackung mit ihrem Inhalt gl\u00e4nzen, ob mit einem P\u00e4ckchen, S\u00fc\u00dfem, Kugeln, oder einfach Deko!<\/p>\n<\/div>\n<\/div>\n<div id=\"cc-m-13954443188\" class=\"j-module n j-text \">\n<p>Oder einfach mit einer LED-Lichterkette als Lampe hell strahlen. Zus\u00e4tzlich gibt es noch eine kleinen Mini dazu &#8211; zum Kuscheln, spielen oder auch f\u00fcr in die Lampe.<\/p>\n<p>Diese Geschenk-Kugel hat viele Gestaltungsm\u00f6glichkeiten, nicht nur f\u00fcr Weihnachten \u2013 die Deko bringt das ganze Jahr Freude ins Kinderzimmer!<\/p>\n<\/div>\n<p>mehr dazu findet ihr hier; <a href=\"https:\/\/dadade.eu\/?product_cat=deko-ideen-mit-licht\"><b>LED-Licht<\/b><\/a><\/p>\n<p>&nbsp;<\/p>\n<p>&nbsp;<\/p>\n","protected":false},"featured_media":22185,"template":"","meta":[],"product_brand":[],"product_cat":[16,42,66],"product_tag":[90,89,251,252,87,493,298,94,93,92,640,88,800,967,968,966,965,629,630,91,426,95,96],"class_list":{"0":"post-12154","1":"product","2":"type-product","3":"status-publish","4":"has-post-thumbnail","6":"product_cat-alle","7":"product_cat-baby","8":"product_cat-mini","9":"product_tag-amigurumi","10":"product_tag-baby","11":"product_tag-einhorn","12":"product_tag-einhorn-haekeln","13":"product_tag-geschenk","14":"product_tag-geschenk-kinder","15":"product_tag-geschenkverpackung","16":"product_tag-haekelanleitung","17":"product_tag-haekeln","18":"product_tag-kinder","19":"product_tag-koala-haekeln","20":"product_tag-kuscheltier-haekeln","21":"product_tag-lampe","22":"product_tag-mimi-pinguin","23":"product_tag-mini-einhorn","24":"product_tag-mini-koala","25":"product_tag-mini-tier","26":"product_tag-pinguin","27":"product_tag-pinguin-haekeln","28":"product_tag-plueschtier","29":"product_tag-schaf","30":"product_tag-wolle","31":"product_tag-wollreste","33":"first","34":"instock","35":"shipping-taxable","36":"product-type-simple"},"_links":{"self":[{"href":"https:\/\/dadade.eu\/index.php?rest_route=\/wp\/v2\/product\/12154","targetHints":{"allow":["GET"]}}],"collection":[{"href":"https:\/\/dadade.eu\/index.php?rest_route=\/wp\/v2\/product"}],"about":[{"href":"https:\/\/dadade.eu\/index.php?rest_route=\/wp\/v2\/types\/product"}],"wp:featuredmedia":[{"embeddable":true,"href":"https:\/\/dadade.eu\/index.php?rest_route=\/wp\/v2\/media\/22185"}],"wp:attachment":[{"href":"https:\/\/dadade.eu\/index.php?rest_route=%2Fwp%2Fv2%2Fmedia&parent=12154"}],"wp:term":[{"taxonomy":"product_brand","embeddable":true,"href":"https:\/\/dadade.eu\/index.php?rest_route=%2Fwp%2Fv2%2Fproduct_brand&post=12154"},{"taxonomy":"product_cat","embeddable":true,"href":"https:\/\/dadade.eu\/index.php?rest_route=%2Fwp%2Fv2%2Fproduct_cat&post=12154"},{"taxonomy":"product_tag","embeddable":true,"href":"https:\/\/dadade.eu\/index.php?rest_route=%2Fwp%2Fv2%2Fproduct_tag&post=12154"}],"curies":[{"name":"wp","href":"https:\/\/api.w.org\/{rel}","templated":true}]}}