{"id":12144,"date":"2016-05-06T16:57:56","date_gmt":"2016-05-06T14:57:56","guid":{"rendered":"https:\/\/dadade.eu\/?post_type=product&#038;p=12144"},"modified":"2023-07-03T15:20:08","modified_gmt":"2023-07-03T13:20:08","slug":"fussball-anhaenger-schluesselanhaenger-mit-chiptasche-a962","status":"publish","type":"product","link":"https:\/\/dadade.eu\/?product=fussball-anhaenger-schluesselanhaenger-mit-chiptasche-a962","title":{"rendered":"Fu\u00dfball &#8211; Anh\u00e4nger , Schl\u00fcsselanh\u00e4nger mit Chiptasche (A962)"},"content":{"rendered":"<p>die Hand hat eine praktische Chiptasche<\/p>\n<p>Die Anleitung ist ausf\u00fchrlich mit vielen Bildern hinterlegt und wird auf 9 Seiten Schritt-f\u00fcr-Schritt beschrieben<\/p>\n<p>&nbsp;<\/p>\n<p>MEHR VARIANTEN UND IDEEN FINDET IHR HIER<\/p>\n<p><a href=\"https:\/\/dadade.eu\/?p=11262\"><strong>VIELE TOLLE BILDER<\/strong> von flei\u00dfigen Helfer und H\u00e4nden<\/a><\/p>\n<p>&nbsp;<\/p>\n<p>&nbsp;<\/p>\n<p>&nbsp;<\/p>\n","protected":false},"excerpt":{"rendered":"<div id=\"cc-m-13954443088\">\n<p>Hier kauft man <strong>2<\/strong> H\u00e4kelanleitung<\/p>\n<ol>\n<li>Schl\u00fcsselanh\u00e4nger Hand Deutschland mit Chiptasche,<\/li>\n<li>Schl\u00fcsselanh\u00e4nger Fu\u00dfball,<\/li>\n<\/ol>\n<p>f\u00fcr alle Fans des runden Leders,<\/p>\n<p>weitere Schl\u00fcsselanh\u00e4nger sind \u00a0in meinem Shop erh\u00e4ltlich.<\/p>\n<p><strong>&gt;&gt;Kleine Geschenk erhalten die Freundschaft&lt;&lt;<\/strong><\/p>\n<p>der Schl\u00fcsselanh\u00e4nger f\u00fcr alle Fu\u00dfball-Fans.<\/p>\n<p>Mit Baumwolle der Nadelst\u00e4rke 2 ist die Hand ungef\u00e4hr; 5 x 5cm ,<\/p>\n<p>der Fu\u00dfball hat einen Durchmesser von ca 5cm<\/p>\n<\/div>\n","protected":false},"featured_media":12145,"template":"","meta":[],"product_brand":[],"product_cat":[56,40,35,62,66,69],"product_tag":[90,833,837,839,233,242,901,840,834,899,902,247,87,94,93,962,903,830,831,194,858,829,961,195,935,820,821,937,822,963,823,824,964,95,96],"class_list":{"0":"post-12144","1":"product","2":"type-product","3":"status-publish","4":"has-post-thumbnail","6":"product_cat-2einfach","7":"product_cat-anhaenger-fuer-schluessel","8":"product_cat-amigurumi","9":"product_cat-gratis","10":"product_cat-mini","11":"product_cat-mittel","12":"product_tag-amigurumi","13":"product_tag-anhaenger","14":"product_tag-chip","15":"product_tag-chip-tasche","16":"product_tag-dekoration","17":"product_tag-dekoration-haekeln","18":"product_tag-deutschland","19":"product_tag-einkaufs-chip","20":"product_tag-einkaufschip","21":"product_tag-em","22":"product_tag-fahne","23":"product_tag-fussball","24":"product_tag-geschenk","25":"product_tag-haekelanleitung","26":"product_tag-haekeln","27":"product_tag-hand","28":"product_tag-hobby","29":"product_tag-key-ring","30":"product_tag-keychains","31":"product_tag-kind","32":"product_tag-mann","33":"product_tag-originell","34":"product_tag-perlen","35":"product_tag-praesent","36":"product_tag-ranzen","37":"product_tag-schluesselanhaenger","38":"product_tag-schluesselanhaenger-haekeln","39":"product_tag-schluesselhaenger","40":"product_tag-schluesselring","41":"product_tag-sport","42":"product_tag-taschenbaumler","43":"product_tag-taschenbaumler-haekeln","44":"product_tag-wnkehand","45":"product_tag-wolle","46":"product_tag-wollreste","48":"first","49":"instock","50":"downloadable","51":"shipping-taxable","52":"purchasable","53":"product-type-simple"},"_links":{"self":[{"href":"https:\/\/dadade.eu\/index.php?rest_route=\/wp\/v2\/product\/12144","targetHints":{"allow":["GET"]}}],"collection":[{"href":"https:\/\/dadade.eu\/index.php?rest_route=\/wp\/v2\/product"}],"about":[{"href":"https:\/\/dadade.eu\/index.php?rest_route=\/wp\/v2\/types\/product"}],"wp:featuredmedia":[{"embeddable":true,"href":"https:\/\/dadade.eu\/index.php?rest_route=\/wp\/v2\/media\/12145"}],"wp:attachment":[{"href":"https:\/\/dadade.eu\/index.php?rest_route=%2Fwp%2Fv2%2Fmedia&parent=12144"}],"wp:term":[{"taxonomy":"product_brand","embeddable":true,"href":"https:\/\/dadade.eu\/index.php?rest_route=%2Fwp%2Fv2%2Fproduct_brand&post=12144"},{"taxonomy":"product_cat","embeddable":true,"href":"https:\/\/dadade.eu\/index.php?rest_route=%2Fwp%2Fv2%2Fproduct_cat&post=12144"},{"taxonomy":"product_tag","embeddable":true,"href":"https:\/\/dadade.eu\/index.php?rest_route=%2Fwp%2Fv2%2Fproduct_tag&post=12144"}],"curies":[{"name":"wp","href":"https:\/\/api.w.org\/{rel}","templated":true}]}}