{"id":12123,"date":"2015-06-06T15:23:19","date_gmt":"2015-06-06T13:23:19","guid":{"rendered":"https:\/\/dadade.eu\/?post_type=product&#038;p=12123"},"modified":"2023-06-09T15:08:51","modified_gmt":"2023-06-09T13:08:51","slug":"familie-schnecke-schluesselanhaenger-mit-chiptasche-a920","status":"publish","type":"product","link":"https:\/\/dadade.eu\/?product=familie-schnecke-schluesselanhaenger-mit-chiptasche-a920","title":{"rendered":"Familie Schnecke, Schl\u00fcsselanh\u00e4nger mit Chiptasche (A920)"},"content":{"rendered":"<p><img decoding=\"async\" class=\"alignnone wp-image-12135\" src=\"https:\/\/dadade.eu\/wp-content\/uploads\/2023\/04\/Frau-Schnecke-1-Kopie-300x300.jpg\" alt=\"\" width=\"183\" height=\"183\" srcset=\"https:\/\/dadade.eu\/wp-content\/uploads\/2023\/04\/Frau-Schnecke-1-Kopie-300x300.jpg 300w, https:\/\/dadade.eu\/wp-content\/uploads\/2023\/04\/Frau-Schnecke-1-Kopie-scaled-100x100.jpg 100w, https:\/\/dadade.eu\/wp-content\/uploads\/2023\/04\/Frau-Schnecke-1-Kopie-scaled-600x600.jpg 600w, https:\/\/dadade.eu\/wp-content\/uploads\/2023\/04\/Frau-Schnecke-1-Kopie-scaled-64x64.jpg 64w, https:\/\/dadade.eu\/wp-content\/uploads\/2023\/04\/Frau-Schnecke-1-Kopie-1024x1024.jpg 1024w, https:\/\/dadade.eu\/wp-content\/uploads\/2023\/04\/Frau-Schnecke-1-Kopie-150x150.jpg 150w, https:\/\/dadade.eu\/wp-content\/uploads\/2023\/04\/Frau-Schnecke-1-Kopie-768x768.jpg 768w, https:\/\/dadade.eu\/wp-content\/uploads\/2023\/04\/Frau-Schnecke-1-Kopie-1536x1536.jpg 1536w, https:\/\/dadade.eu\/wp-content\/uploads\/2023\/04\/Frau-Schnecke-1-Kopie-2048x2048.jpg 2048w\" sizes=\"(max-width: 183px) 100vw, 183px\" \/>Frau Schnecke mit Sonnen-Hut, hat eine praktische Chiptasche<\/p>\n<p><img decoding=\"async\" class=\"alignnone wp-image-12136\" src=\"https:\/\/dadade.eu\/wp-content\/uploads\/2023\/04\/Herr-Schnecke-2-300x300.jpg\" alt=\"\" width=\"182\" height=\"182\" srcset=\"https:\/\/dadade.eu\/wp-content\/uploads\/2023\/04\/Herr-Schnecke-2-300x300.jpg 300w, https:\/\/dadade.eu\/wp-content\/uploads\/2023\/04\/Herr-Schnecke-2-scaled-100x100.jpg 100w, https:\/\/dadade.eu\/wp-content\/uploads\/2023\/04\/Herr-Schnecke-2-scaled-600x600.jpg 600w, https:\/\/dadade.eu\/wp-content\/uploads\/2023\/04\/Herr-Schnecke-2-scaled-64x64.jpg 64w, https:\/\/dadade.eu\/wp-content\/uploads\/2023\/04\/Herr-Schnecke-2-1024x1024.jpg 1024w, https:\/\/dadade.eu\/wp-content\/uploads\/2023\/04\/Herr-Schnecke-2-150x150.jpg 150w, https:\/\/dadade.eu\/wp-content\/uploads\/2023\/04\/Herr-Schnecke-2-768x768.jpg 768w, https:\/\/dadade.eu\/wp-content\/uploads\/2023\/04\/Herr-Schnecke-2-1536x1536.jpg 1536w, https:\/\/dadade.eu\/wp-content\/uploads\/2023\/04\/Herr-Schnecke-2-2048x2048.jpg 2048w\" sizes=\"(max-width: 182px) 100vw, 182px\" \/>Herr Schnecke mit Hut, hat eine praktische Chiptasche<\/p>\n<p><img decoding=\"async\" class=\"alignnone wp-image-12137\" src=\"https:\/\/dadade.eu\/wp-content\/uploads\/2023\/04\/kleine-Schnecke-2-300x300.jpg\" alt=\"\" width=\"185\" height=\"185\" srcset=\"https:\/\/dadade.eu\/wp-content\/uploads\/2023\/04\/kleine-Schnecke-2-300x300.jpg 300w, https:\/\/dadade.eu\/wp-content\/uploads\/2023\/04\/kleine-Schnecke-2-scaled-100x100.jpg 100w, https:\/\/dadade.eu\/wp-content\/uploads\/2023\/04\/kleine-Schnecke-2-scaled-600x600.jpg 600w, https:\/\/dadade.eu\/wp-content\/uploads\/2023\/04\/kleine-Schnecke-2-scaled-64x64.jpg 64w, https:\/\/dadade.eu\/wp-content\/uploads\/2023\/04\/kleine-Schnecke-2-1024x1024.jpg 1024w, https:\/\/dadade.eu\/wp-content\/uploads\/2023\/04\/kleine-Schnecke-2-150x150.jpg 150w, https:\/\/dadade.eu\/wp-content\/uploads\/2023\/04\/kleine-Schnecke-2-768x768.jpg 768w, https:\/\/dadade.eu\/wp-content\/uploads\/2023\/04\/kleine-Schnecke-2-1536x1536.jpg 1536w, https:\/\/dadade.eu\/wp-content\/uploads\/2023\/04\/kleine-Schnecke-2-2048x2048.jpg 2048w\" sizes=\"(max-width: 185px) 100vw, 185px\" \/>und die kleine Schnecke,\u00a0 ebenfalls mit Chiptasche<\/p>\n<p>Die Anleitung ist ausf\u00fchrlich mit vielen Bildern hinterlegt und wird auf 17 und 12 Seiten Schritt-f\u00fcr-Schritt beschrieben<\/p>\n<p>&nbsp;<\/p>\n<p>MEHR VARIANTEN UND IDEEN FINDET IHR HIER<\/p>\n<p><a href=\"https:\/\/dadade.eu\/?p=11262\"><strong>VIELE TOLLE BILDER<\/strong> von flei\u00dfigen Helfer und H\u00e4nden<\/a><\/p>\n<p>&nbsp;<\/p>\n<p>&nbsp;<\/p>\n<p>&nbsp;<\/p>\n","protected":false},"excerpt":{"rendered":"<div id=\"cc-m-13954443088\">\n<p>Hier kauft man die H\u00e4kelanleitung f\u00fcr den Schl\u00fcsselanh\u00e4nger Herr &amp; Frau Schnecke, sowie die kleine Schnecke,<\/p>\n<p>die Anh\u00e4nger haben ein Fach f\u00fcr einen Einkaufs-Chip, oder f\u00fcr einen Euro,<\/p>\n<p>weitere Schl\u00fcsselanh\u00e4nger sind \u00a0in meinem Shop erh\u00e4ltlich.<\/p>\n<p><strong>&gt;&gt;Kleine Geschenk erhalten die Freundschaft&lt;&lt;<\/strong><\/p>\n<p><strong>Tipp!!<\/strong> meine Schl\u00fcsselanh\u00e4nger sind dank der Chiptasche auch eine originelle Geld-Geschenkverpackung!<\/p>\n<p>oder als Taschenbaumler am Schulranzen oder Handtasche.<\/p>\n<p><strong>Lasst der Fantasie freien Lauf<\/strong>.<\/p>\n<\/div>\n<div id=\"cc-m-13954443188\" class=\"j-module n j-text \">\n<p>Mit Baumwolle der Nadelst\u00e4rke 2 werden die 2 gro\u00dfen Schnecken ungef\u00e4hr; 10 cm lang und 9 cm hoch<\/p>\n<p>Die kleine Schnecke ungef\u00e4hr; 8 cm lang und 8 cm hoch<\/p>\n<\/div>\n","protected":false},"featured_media":12124,"template":"","meta":[],"product_brand":[],"product_cat":[56,40,35],"product_tag":[90,833,837,839,233,242,840,834,87,557,94,93,279,830,831,194,958,829,195,935,820,821,960,937,822,716,720,936,823,824,682,959,95,96],"class_list":{"0":"post-12123","1":"product","2":"type-product","3":"status-publish","4":"has-post-thumbnail","6":"product_cat-2einfach","7":"product_cat-anhaenger-fuer-schluessel","8":"product_cat-amigurumi","9":"product_tag-amigurumi","10":"product_tag-anhaenger","11":"product_tag-chip","12":"product_tag-chip-tasche","13":"product_tag-dekoration","14":"product_tag-dekoration-haekeln","15":"product_tag-einkaufs-chip","16":"product_tag-einkaufschip","17":"product_tag-geschenk","18":"product_tag-gluecksbringer","19":"product_tag-haekelanleitung","20":"product_tag-haekeln","21":"product_tag-herz","22":"product_tag-key-ring","23":"product_tag-keychains","24":"product_tag-kind","25":"product_tag-krabbeltier","26":"product_tag-originell","27":"product_tag-praesent","28":"product_tag-ranzen","29":"product_tag-schluesselanhaenger","30":"product_tag-schluesselanhaenger-haekeln","31":"product_tag-schluesselanhaenger-schnecke","32":"product_tag-schluesselhaenger","33":"product_tag-schluesselring","34":"product_tag-schnecke","35":"product_tag-schnecke-haekeln","36":"product_tag-schulanfaenger","37":"product_tag-taschenbaumler","38":"product_tag-taschenbaumler-haekeln","39":"product_tag-tier","40":"product_tag-verliebte","41":"product_tag-wolle","42":"product_tag-wollreste","44":"first","45":"instock","46":"shipping-taxable","47":"purchasable","48":"product-type-variable"},"_links":{"self":[{"href":"https:\/\/dadade.eu\/index.php?rest_route=\/wp\/v2\/product\/12123","targetHints":{"allow":["GET"]}}],"collection":[{"href":"https:\/\/dadade.eu\/index.php?rest_route=\/wp\/v2\/product"}],"about":[{"href":"https:\/\/dadade.eu\/index.php?rest_route=\/wp\/v2\/types\/product"}],"wp:featuredmedia":[{"embeddable":true,"href":"https:\/\/dadade.eu\/index.php?rest_route=\/wp\/v2\/media\/12124"}],"wp:attachment":[{"href":"https:\/\/dadade.eu\/index.php?rest_route=%2Fwp%2Fv2%2Fmedia&parent=12123"}],"wp:term":[{"taxonomy":"product_brand","embeddable":true,"href":"https:\/\/dadade.eu\/index.php?rest_route=%2Fwp%2Fv2%2Fproduct_brand&post=12123"},{"taxonomy":"product_cat","embeddable":true,"href":"https:\/\/dadade.eu\/index.php?rest_route=%2Fwp%2Fv2%2Fproduct_cat&post=12123"},{"taxonomy":"product_tag","embeddable":true,"href":"https:\/\/dadade.eu\/index.php?rest_route=%2Fwp%2Fv2%2Fproduct_tag&post=12123"}],"curies":[{"name":"wp","href":"https:\/\/api.w.org\/{rel}","templated":true}]}}