{"id":12108,"date":"2015-06-06T09:44:48","date_gmt":"2015-06-06T07:44:48","guid":{"rendered":"https:\/\/dadade.eu\/?post_type=product&#038;p=12108"},"modified":"2023-06-09T15:09:05","modified_gmt":"2023-06-09T13:09:05","slug":"das-kaenguru-schluesselanhaenger-mit-chiptasche-a915","status":"publish","type":"product","link":"https:\/\/dadade.eu\/?product=das-kaenguru-schluesselanhaenger-mit-chiptasche-a915","title":{"rendered":"das K\u00e4nguru, Schl\u00fcsselanh\u00e4nger mit Chiptasche (A915)"},"content":{"rendered":"<p><img fetchpriority=\"high\" decoding=\"async\" class=\"alignnone size-medium wp-image-12118\" src=\"https:\/\/dadade.eu\/wp-content\/uploads\/2023\/04\/Schluesselanhaenger-Kaenguru-0b-300x225.jpg\" alt=\"\" width=\"300\" height=\"225\" srcset=\"https:\/\/dadade.eu\/wp-content\/uploads\/2023\/04\/Schluesselanhaenger-Kaenguru-0b-300x225.jpg 300w, https:\/\/dadade.eu\/wp-content\/uploads\/2023\/04\/Schluesselanhaenger-Kaenguru-0b-scaled-600x450.jpg 600w, https:\/\/dadade.eu\/wp-content\/uploads\/2023\/04\/Schluesselanhaenger-Kaenguru-0b-scaled-64x48.jpg 64w, https:\/\/dadade.eu\/wp-content\/uploads\/2023\/04\/Schluesselanhaenger-Kaenguru-0b-1024x768.jpg 1024w, https:\/\/dadade.eu\/wp-content\/uploads\/2023\/04\/Schluesselanhaenger-Kaenguru-0b-768x576.jpg 768w, https:\/\/dadade.eu\/wp-content\/uploads\/2023\/04\/Schluesselanhaenger-Kaenguru-0b-1536x1152.jpg 1536w, https:\/\/dadade.eu\/wp-content\/uploads\/2023\/04\/Schluesselanhaenger-Kaenguru-0b-2048x1536.jpg 2048w\" sizes=\"(max-width: 300px) 100vw, 300px\" \/>das K\u00e4nguru in den verschiedenen Varianten, hat eine praktische Chiptasche<\/p>\n<p>Die Anleitung ist ausf\u00fchrlich mit vielen Bildern hinterlegt und wird auf 20 Seiten Schritt-f\u00fcr-Schritt beschrieben<\/p>\n<p>&nbsp;<\/p>\n<p>MEHR VARIANTEN UND IDEEN FINDET IHR HIER<\/p>\n<p><a href=\"https:\/\/dadade.eu\/?p=11262\"><strong>VIELE TOLLE BILDER<\/strong> von flei\u00dfigen Helfer und H\u00e4nden<\/a><\/p>\n<p>&nbsp;<\/p>\n<p>&nbsp;<\/p>\n<p>&nbsp;<\/p>\n","protected":false},"excerpt":{"rendered":"<div id=\"cc-m-13954443088\">\n<p>Hier kauft man die H\u00e4kelanleitung f\u00fcr den den Schl\u00fcsselanh\u00e4nger K\u00e4nguru in 3 Varianten, mit Australien-M\u00fctze und mit Baby-Joey,<\/p>\n<p>der Anh\u00e4nger hat ein Fach f\u00fcr einen Einkaufs-Chip, oder f\u00fcr einen Euro,<\/p>\n<p>weitere Schl\u00fcsselanh\u00e4nger sind \u00a0in meinem Shop erh\u00e4ltlich.<\/p>\n<p><strong>&gt;&gt;Kleine Geschenk erhalten die Freundschaft&lt;&lt;<\/strong><\/p>\n<p><strong>Tipp!!<\/strong> meine Schl\u00fcsselanh\u00e4nger sind dank der Chiptasche auch eine originelle Geld-Geschenkverpackung! Und hinterher ist das putzige K\u00e4nguru einfach als Dekoration ein Blickfang.<\/p>\n<p>oder als Taschenbaumler am Schulranzen oder Handtasche.<\/p>\n<p><strong>Lasst der Fantasie freien Lauf<\/strong>.<\/p>\n<\/div>\n<div id=\"cc-m-13954443188\" class=\"j-module n j-text \">\n<p>Mit der Nadelst\u00e4rke 2 wird das K\u00e4nguru ungef\u00e4hr; 8cm lang mit Schwanz, 4cm breit und 8cm hoch<\/p>\n<p>Mit Chenillewolle der Nadelst\u00e4rke 4 wird das K\u00e4nguru ungef\u00e4hr; 25cm hoch<\/p>\n<\/div>\n","protected":false},"featured_media":12115,"template":"","meta":[],"product_brand":[],"product_cat":[56,40,35],"product_tag":[90,833,639,956,837,839,233,242,840,834,87,557,94,93,912,917,913,916,830,831,194,829,195,935,820,821,957,937,822,936,823,824,682,95,96],"class_list":{"0":"post-12108","1":"product","2":"type-product","3":"status-publish","4":"has-post-thumbnail","6":"product_cat-2einfach","7":"product_cat-anhaenger-fuer-schluessel","8":"product_cat-amigurumi","9":"product_tag-amigurumi","10":"product_tag-anhaenger","11":"product_tag-australien","12":"product_tag-beuteltier","13":"product_tag-chip","14":"product_tag-chip-tasche","15":"product_tag-dekoration","16":"product_tag-dekoration-haekeln","17":"product_tag-einkaufs-chip","18":"product_tag-einkaufschip","19":"product_tag-geschenk","20":"product_tag-gluecksbringer","21":"product_tag-haekelanleitung","22":"product_tag-haekeln","23":"product_tag-kangaroo","24":"product_tag-kaenguru","25":"product_tag-kaenguru-haekeln","26":"product_tag-kaenguruh","27":"product_tag-key-ring","28":"product_tag-keychains","29":"product_tag-kind","30":"product_tag-originell","31":"product_tag-praesent","32":"product_tag-ranzen","33":"product_tag-schluesselanhaenger","34":"product_tag-schluesselanhaenger-haekeln","35":"product_tag-schluesselanhaenger-kaenguru","36":"product_tag-schluesselhaenger","37":"product_tag-schluesselring","38":"product_tag-schulanfaenger","39":"product_tag-taschenbaumler","40":"product_tag-taschenbaumler-haekeln","41":"product_tag-tier","42":"product_tag-wolle","43":"product_tag-wollreste","45":"first","46":"instock","47":"downloadable","48":"shipping-taxable","49":"purchasable","50":"product-type-simple"},"_links":{"self":[{"href":"https:\/\/dadade.eu\/index.php?rest_route=\/wp\/v2\/product\/12108","targetHints":{"allow":["GET"]}}],"collection":[{"href":"https:\/\/dadade.eu\/index.php?rest_route=\/wp\/v2\/product"}],"about":[{"href":"https:\/\/dadade.eu\/index.php?rest_route=\/wp\/v2\/types\/product"}],"wp:featuredmedia":[{"embeddable":true,"href":"https:\/\/dadade.eu\/index.php?rest_route=\/wp\/v2\/media\/12115"}],"wp:attachment":[{"href":"https:\/\/dadade.eu\/index.php?rest_route=%2Fwp%2Fv2%2Fmedia&parent=12108"}],"wp:term":[{"taxonomy":"product_brand","embeddable":true,"href":"https:\/\/dadade.eu\/index.php?rest_route=%2Fwp%2Fv2%2Fproduct_brand&post=12108"},{"taxonomy":"product_cat","embeddable":true,"href":"https:\/\/dadade.eu\/index.php?rest_route=%2Fwp%2Fv2%2Fproduct_cat&post=12108"},{"taxonomy":"product_tag","embeddable":true,"href":"https:\/\/dadade.eu\/index.php?rest_route=%2Fwp%2Fv2%2Fproduct_tag&post=12108"}],"curies":[{"name":"wp","href":"https:\/\/api.w.org\/{rel}","templated":true}]}}