{"id":12090,"date":"2023-01-05T20:41:05","date_gmt":"2023-01-05T19:41:05","guid":{"rendered":"https:\/\/dadade.eu\/?post_type=product&#038;p=12090"},"modified":"2023-06-12T18:06:44","modified_gmt":"2023-06-12T16:06:44","slug":"a900-schluesselring-taschenbaumler-anhaenger","status":"publish","type":"product","link":"https:\/\/dadade.eu\/?product=a900-schluesselring-taschenbaumler-anhaenger","title":{"rendered":"A900 Schl\u00fcsselring, Taschenbaumler &#038; Anh\u00e4nger"},"content":{"rendered":"<p>mehr dazu findet ihr hier;<\/p>\n<p><strong><a href=\"https:\/\/dadade.eu\/?product_cat=amigurumis-zum-kuscheln\">Amigurumi<\/a><a href=\"https:\/\/dadade.eu\/?product_cat=anhaenger-fuer-schluessel\"> &#8211; A9 Anh\u00e4nger f\u00fcr Schl\u00fcssel &amp; mehr<\/a><\/strong><\/p>\n<p>&nbsp;<\/p>\n<p><u><\/u><strong><u><a href=\"https:\/\/dadade.eu\/?product=der-grosse-drachen-schluesselanhaenger-mit-chiptasche-a902\">A902 Drache<\/a><\/u><\/strong><\/p>\n<p><a href=\"https:\/\/dadade.eu\/?product=clown-fisch-schluesselanhaenger-mit-chiptasche-kuscheltier-a906\"><strong><u>A906 Clowns-Fisch<\/u><\/strong><\/a><\/p>\n<p><a href=\"https:\/\/dadade.eu\/?product=kaefer-schluesselanhaenger-mit-chiptasche-a914\"><strong><u>A914 K\u00e4fer<\/u><\/strong><\/a><u><\/u><\/p>\n<p><a href=\"https:\/\/dadade.eu\/?product=das-kaenguru-schluesselanhaenger-mit-chiptasche-a915\"><strong><u>A915 K\u00e4nguru<\/u><\/strong><\/a><\/p>\n<p><a href=\"https:\/\/dadade.eu\/?product=die-koala-schluesselanhaenger-mit-chiptasche-a916\"><strong><u>A916 Koala<\/u><\/strong><\/a><\/p>\n<p><a title=\"A168 Gl\u00fccks-Vogel\" href=\"https:\/\/dadade.eu\/?product=die-qualle-schluesselanhaenger-mit-chiptasche-a917\"><strong><u>A917 Qualle<\/u><\/strong><\/a><\/p>\n<p><a title=\"A168 Gl\u00fccks-Vogel\" href=\"https:\/\/dadade.eu\/?product=schildkroete-schluesselanhaenger-mit-chiptasche-a918\"><strong><u>A918 Schildkr\u00f6te<\/u><\/strong><\/a><\/p>\n<p><a title=\"A168 Gl\u00fccks-Vogel\" href=\"https:\/\/dadade.eu\/?product=familie-schnecke-schluesselanhaenger-mit-chiptasche-a920\"><strong><u>A920 Fam. Schnecke<\/u><\/strong><\/a><\/p>\n<p><a title=\"A168 Gl\u00fccks-Vogel\" href=\"https:\/\/dadade.eu\/?product=motorrad-schluesselanhaenger-zum-kuscheln-a923\"><strong><u>A961 Motorrad<\/u><\/strong><\/a><\/p>\n<p><a title=\"A168 Gl\u00fccks-Vogel\" href=\"https:\/\/dadade.eu\/?product=fussball-anhaenger-schluesselanhaenger-mit-chiptasche-a962\"><strong><u>A962 Fu\u00dfball<\/u><\/strong><\/a><\/p>\n<p>mehr Bilder, von flei\u00dfigen Helfer und H\u00e4nde<\/p>\n<p><strong><a href=\"https:\/\/dadade.eu\/?page_id=5389\">KLICKE HIER<\/a><\/strong><\/p>\n<p>&nbsp;<\/p>\n<p>&nbsp;<\/p>\n","protected":false},"excerpt":{"rendered":"<p>Diese Schl\u00fcsselanh\u00e4nger sind mit Baumwolle geh\u00e4kelt und teilweise mit Chiptasche<\/p>\n<p>mit Chenillewolle geh\u00e4kelt &#8211; die perfekten Kuscheltiere,\u00a0 \u00fcber die sich jedes Kind freut.<\/p>\n<p>Als Amigurumi bezeichnet man die Strick- oder H\u00e4kelkunst, mit der kleine Tierpuppen oder Puppen\u00e4hnlichen Objekte hergestellt werden.<\/p>\n<p>&nbsp;<\/p>\n<p>Deiner Fantasie sind keine Grenzen gesetzt.<\/p>\n<p>mehr dazu findet ihr hier; <strong><a href=\"https:\/\/dadade.eu\/?product_cat=amigurumis-zum-kuscheln\">Amigurumi<\/a><a href=\"https:\/\/dadade.eu\/?product_cat=anhaenger-fuer-schluessel\"> &#8211; A9 Anh\u00e4nger f\u00fcr Schl\u00fcssel &amp; mehr<\/a><\/strong><\/p>\n<h1 title=\" A9 Anh\u00e4nger f\u00fcr Schl\u00fcssel\"><\/h1>\n<p>&nbsp;<\/p>\n<p>&nbsp;<\/p>\n","protected":false},"featured_media":12152,"template":"","meta":[],"product_brand":[],"product_cat":[16,66],"product_tag":[90,89,233,817,666,931,399,87,493,557,94,93,301,97,92,640,938,88,861,864,91,195,932,933,934,935,930,879,937,822,936,823,95,96],"class_list":{"0":"post-12090","1":"product","2":"type-product","3":"status-publish","4":"has-post-thumbnail","6":"product_cat-alle","7":"product_cat-mini","8":"product_tag-amigurumi","9":"product_tag-baby","10":"product_tag-dekoration","11":"product_tag-delfin-haekeln","12":"product_tag-drache-haekeln","13":"product_tag-drache-mit-chiptasche","14":"product_tag-fruehlingsbote","15":"product_tag-geschenk","16":"product_tag-geschenk-kinder","17":"product_tag-gluecksbringer","18":"product_tag-haekelanleitung","19":"product_tag-haekeln","20":"product_tag-kaefer","21":"product_tag-kaefer-haekeln","22":"product_tag-kinder","23":"product_tag-koala-haekeln","24":"product_tag-koala-schluesselanhaenger","25":"product_tag-kuscheltier-haekeln","26":"product_tag-motorrad","27":"product_tag-motorrad-haekeln","28":"product_tag-plueschtier","29":"product_tag-praesent","30":"product_tag-qualle","31":"product_tag-qualle-haekeln","32":"product_tag-qualle-schluesselanhaenger","33":"product_tag-ranzen","34":"product_tag-schluesselanhaenger-drache","35":"product_tag-schluesselanhaenger-kaefer","36":"product_tag-schluesselhaenger","37":"product_tag-schluesselring","38":"product_tag-schulanfaenger","39":"product_tag-taschenbaumler","40":"product_tag-wolle","41":"product_tag-wollreste","43":"first","44":"instock","45":"shipping-taxable","46":"product-type-simple"},"_links":{"self":[{"href":"https:\/\/dadade.eu\/index.php?rest_route=\/wp\/v2\/product\/12090","targetHints":{"allow":["GET"]}}],"collection":[{"href":"https:\/\/dadade.eu\/index.php?rest_route=\/wp\/v2\/product"}],"about":[{"href":"https:\/\/dadade.eu\/index.php?rest_route=\/wp\/v2\/types\/product"}],"wp:featuredmedia":[{"embeddable":true,"href":"https:\/\/dadade.eu\/index.php?rest_route=\/wp\/v2\/media\/12152"}],"wp:attachment":[{"href":"https:\/\/dadade.eu\/index.php?rest_route=%2Fwp%2Fv2%2Fmedia&parent=12090"}],"wp:term":[{"taxonomy":"product_brand","embeddable":true,"href":"https:\/\/dadade.eu\/index.php?rest_route=%2Fwp%2Fv2%2Fproduct_brand&post=12090"},{"taxonomy":"product_cat","embeddable":true,"href":"https:\/\/dadade.eu\/index.php?rest_route=%2Fwp%2Fv2%2Fproduct_cat&post=12090"},{"taxonomy":"product_tag","embeddable":true,"href":"https:\/\/dadade.eu\/index.php?rest_route=%2Fwp%2Fv2%2Fproduct_tag&post=12090"}],"curies":[{"name":"wp","href":"https:\/\/api.w.org\/{rel}","templated":true}]}}