{"id":12085,"date":"2023-01-05T20:16:23","date_gmt":"2023-01-05T19:16:23","guid":{"rendered":"https:\/\/dadade.eu\/?post_type=product&#038;p=12085"},"modified":"2024-03-15T13:49:08","modified_gmt":"2024-03-15T12:49:08","slug":"a900-schluesselanhaenger-oder-meeres-tiere-zum-kuscheln-und-liebhaben","status":"publish","type":"product","link":"https:\/\/dadade.eu\/?product=a900-schluesselanhaenger-oder-meeres-tiere-zum-kuscheln-und-liebhaben","title":{"rendered":"A900 Schl\u00fcsselanh\u00e4nger &#038; Amigurumi, Meeres-Tiere zum Kuscheln &#038; Liebhaben"},"content":{"rendered":"<p>mehr dazu findet ihr hier;<\/p>\n<p><strong><a href=\"https:\/\/dadade.eu\/?product_cat=amigurumis-zum-kuscheln\">Amigurumi<\/a><a href=\"https:\/\/dadade.eu\/?product_cat=anhaenger-fuer-schluessel\"> &#8211; A9 Anh\u00e4nger f\u00fcr Schl\u00fcssel &amp; mehr<\/a><\/strong><\/p>\n<p>&nbsp;<\/p>\n<p><a href=\"https:\/\/dadade.eu\/?product=clown-fisch-schluesselanhaenger-mit-chiptasche-kuscheltier-a906\"><strong><u>A906 Clowns-Fisch<\/u><\/strong><\/a><\/p>\n<p><a href=\"https:\/\/dadade.eu\/?product=delfin-schluesselanhaenger-zum-kuscheln-a909\"><strong><u>A909 Delfin<\/u><\/strong><\/a><\/p>\n<p><a href=\"https:\/\/dadade.eu\/?product=riff-hai-schluesselanhaenger-zum-kuscheln-a910\"><strong><u>A910 Riff-Hai<\/u><\/strong><\/a><u><\/u><\/p>\n<p><a title=\"A168 Gl\u00fccks-Vogel\" href=\"https:\/\/dadade.eu\/?product=hammer-hai-schluesselanhaenger-mit-chiptasche-kuscheltier-a911\"><strong><u>A911 Hammer-Hai<\/u><\/strong><\/a><\/p>\n<p><a title=\"A168 Gl\u00fccks-Vogel\" href=\"https:\/\/dadade.eu\/?product=wal-schluesselanhaenger-mit-chiptasche-kuscheltier-a922\"><strong><u>A922 Wal<\/u><\/strong><\/a><\/p>\n<p>&nbsp;<\/p>\n<p>mehr Bilder, von flei\u00dfigen Helfer und H\u00e4nde<\/p>\n<p><strong><a href=\"https:\/\/dadade.eu\/?page_id=5389\">KLICKE HIER<\/a><\/strong><\/p>\n<p>&nbsp;<\/p>\n<p>&nbsp;<\/p>\n","protected":false},"excerpt":{"rendered":"<p>Als Amigurumi bezeichnet man die Strick- oder H\u00e4kelkunst, mit der kleine Tierpuppen oder Puppen\u00e4hnlichen Objekte hergestellt werden.<\/p>\n<p>Diese Schl\u00fcsselanh\u00e4nger sind mit Baumwolle geh\u00e4kelt und teilweise mit Chiptasche<\/p>\n<p>oder mit Chenillewolle geh\u00e4kelt &#8211; die perfekten Kuscheltiere,\u00a0 \u00fcber die sich jedes Kind freut.<\/p>\n<p>Bei diesen Anleitungen ist immer eine Info f\u00fcr das Umsetzen der Anleitung f\u00fcr ein Kuscheltier dabei.<\/p>\n<p>&nbsp;<\/p>\n<p>&nbsp;<\/p>\n<p>Deiner Fantasie sind keine Grenzen gesetzt.<\/p>\n<p>mehr dazu findet ihr hier; <strong><a href=\"https:\/\/dadade.eu\/?product_cat=amigurumis-zum-kuscheln\">Amigurumi<\/a><a href=\"https:\/\/dadade.eu\/?product_cat=anhaenger-fuer-schluessel\"> &#8211; A9 Anh\u00e4nger f\u00fcr Schl\u00fcssel &amp; mehr<\/a><\/strong><\/p>\n<h1 title=\" A9 Anh\u00e4nger f\u00fcr Schl\u00fcssel\"><\/h1>\n<p>&nbsp;<\/p>\n<p>&nbsp;<\/p>\n","protected":false},"featured_media":12336,"template":"","meta":[],"product_brand":[],"product_cat":[16,66],"product_tag":[90,89,942,944,943,233,816,817,818,644,852,399,87,493,557,947,94,93,945,844,842,946,92,88,940,941,91,195,935,937,822,936,823,625,626,95,96],"class_list":{"0":"post-12085","1":"product","2":"type-product","3":"status-publish","4":"has-post-thumbnail","6":"product_cat-alle","7":"product_cat-mini","8":"product_tag-amigurumi","9":"product_tag-baby","10":"product_tag-clownfisch-haekeln","11":"product_tag-clowns-fisch","12":"product_tag-clowns-fisch-haekeln","13":"product_tag-dekoration","14":"product_tag-delfin","15":"product_tag-delfin-haekeln","16":"product_tag-delphin","17":"product_tag-fisch","18":"product_tag-fisch-haekeln","19":"product_tag-fruehlingsbote","20":"product_tag-geschenk","21":"product_tag-geschenk-kinder","22":"product_tag-gluecksbringer","23":"product_tag-hai-haekeln-hai","24":"product_tag-haekelanleitung","25":"product_tag-haekeln","26":"product_tag-hammer-hai","27":"product_tag-hammer-hai-haekeln","28":"product_tag-hammerhai","29":"product_tag-hammerhai-haekeln","30":"product_tag-kinder","31":"product_tag-kuscheltier-haekeln","32":"product_tag-orca","33":"product_tag-orca-haekeln","34":"product_tag-plueschtier","35":"product_tag-praesent","36":"product_tag-ranzen","37":"product_tag-schluesselhaenger","38":"product_tag-schluesselring","39":"product_tag-schulanfaenger","40":"product_tag-taschenbaumler","41":"product_tag-wal","42":"product_tag-wal-haekeln","43":"product_tag-wolle","44":"product_tag-wollreste","46":"first","47":"instock","48":"shipping-taxable","49":"product-type-simple"},"_links":{"self":[{"href":"https:\/\/dadade.eu\/index.php?rest_route=\/wp\/v2\/product\/12085","targetHints":{"allow":["GET"]}}],"collection":[{"href":"https:\/\/dadade.eu\/index.php?rest_route=\/wp\/v2\/product"}],"about":[{"href":"https:\/\/dadade.eu\/index.php?rest_route=\/wp\/v2\/types\/product"}],"wp:featuredmedia":[{"embeddable":true,"href":"https:\/\/dadade.eu\/index.php?rest_route=\/wp\/v2\/media\/12336"}],"wp:attachment":[{"href":"https:\/\/dadade.eu\/index.php?rest_route=%2Fwp%2Fv2%2Fmedia&parent=12085"}],"wp:term":[{"taxonomy":"product_brand","embeddable":true,"href":"https:\/\/dadade.eu\/index.php?rest_route=%2Fwp%2Fv2%2Fproduct_brand&post=12085"},{"taxonomy":"product_cat","embeddable":true,"href":"https:\/\/dadade.eu\/index.php?rest_route=%2Fwp%2Fv2%2Fproduct_cat&post=12085"},{"taxonomy":"product_tag","embeddable":true,"href":"https:\/\/dadade.eu\/index.php?rest_route=%2Fwp%2Fv2%2Fproduct_tag&post=12085"}],"curies":[{"name":"wp","href":"https:\/\/api.w.org\/{rel}","templated":true}]}}