{"id":12070,"date":"2016-07-05T14:51:19","date_gmt":"2016-07-05T12:51:19","guid":{"rendered":"https:\/\/dadade.eu\/?post_type=product&#038;p=12070"},"modified":"2023-06-09T15:07:37","modified_gmt":"2023-06-09T13:07:37","slug":"die-koala-schluesselanhaenger-mit-chiptasche-a916","status":"publish","type":"product","link":"https:\/\/dadade.eu\/?product=die-koala-schluesselanhaenger-mit-chiptasche-a916","title":{"rendered":"der Koala, Schl\u00fcsselanh\u00e4nger mit Chiptasche (A916)"},"content":{"rendered":"<p><img decoding=\"async\" class=\"alignnone wp-image-12082\" src=\"https:\/\/dadade.eu\/wp-content\/uploads\/2023\/04\/Schluesselanhaenger-Koala4-Kopie-300x225.jpg\" alt=\"\" width=\"220\" height=\"165\" srcset=\"https:\/\/dadade.eu\/wp-content\/uploads\/2023\/04\/Schluesselanhaenger-Koala4-Kopie-300x225.jpg 300w, https:\/\/dadade.eu\/wp-content\/uploads\/2023\/04\/Schluesselanhaenger-Koala4-Kopie-600x450.jpg 600w, https:\/\/dadade.eu\/wp-content\/uploads\/2023\/04\/Schluesselanhaenger-Koala4-Kopie-64x48.jpg 64w, https:\/\/dadade.eu\/wp-content\/uploads\/2023\/04\/Schluesselanhaenger-Koala4-Kopie-1024x768.jpg 1024w, https:\/\/dadade.eu\/wp-content\/uploads\/2023\/04\/Schluesselanhaenger-Koala4-Kopie-768x576.jpg 768w, https:\/\/dadade.eu\/wp-content\/uploads\/2023\/04\/Schluesselanhaenger-Koala4-Kopie.jpg 1393w\" sizes=\"(max-width: 220px) 100vw, 220px\" \/>der Koala hat eine praktische Chiptasche<\/p>\n<p>Die Anleitung ist ausf\u00fchrlich mit vielen Bildern hinterlegt und wird auf 12 Seiten Schritt-f\u00fcr-Schritt beschrieben<\/p>\n<p>&nbsp;<\/p>\n<p>MEHR VARIANTEN UND IDEEN FINDET IHR HIER<\/p>\n<p><a href=\"https:\/\/dadade.eu\/?p=11262\"><strong>VIELE TOLLE BILDER<\/strong> von flei\u00dfigen Helfer und H\u00e4nden<\/a><\/p>\n<p>&nbsp;<\/p>\n<p>&nbsp;<\/p>\n<p>&nbsp;<\/p>\n","protected":false},"excerpt":{"rendered":"<div id=\"cc-m-13954443088\">\n<p>Hier kauft man die H\u00e4kelanleitung f\u00fcr den Schl\u00fcsselanh\u00e4nger Koala, der Anh\u00e4nger hat ein Fach f\u00fcr einen Einkaufs-Chip, oder f\u00fcr einen Euro,<\/p>\n<p>weitere Schl\u00fcsselanh\u00e4nger sind \u00a0in meinem Shop erh\u00e4ltlich.<\/p>\n<p><strong>&gt;&gt;Kleine Geschenk erhalten die Freundschaft&lt;&lt;<\/strong><\/p>\n<p><strong>Tipp!!<\/strong> meine Schl\u00fcsselanh\u00e4nger sind dank der Chiptasche auch eine originelle Geld-Geschenkverpackung!<\/p>\n<p>und hinterher ist dieser s\u00fc\u00dfe Koala einfach als Dekoration ein Blickfang.<\/p>\n<p>oder als Taschenbaumle am Schulranzen oder Handtasche.<\/p>\n<p><strong>Lasst der Fantasie freien Lauf<\/strong>.<\/p>\n<\/div>\n<div id=\"cc-m-13954443188\" class=\"j-module n j-text \">\n<p>Mit Baumwolle der Nadelst\u00e4rke 2 wird der Koala ungef\u00e4hr; 12cm hoch<\/p>\n<p>Mit Chenillewolle der Nadelst\u00e4rke 4 wird der Koala ungef\u00e4hr; 30cm hoch<\/p>\n<\/div>\n","protected":false},"featured_media":12076,"template":"","meta":[],"product_brand":[],"product_cat":[56,40,35,69],"product_tag":[90,833,639,837,839,233,242,840,834,87,557,94,93,830,831,194,638,640,938,829,195,935,820,821,937,822,936,823,824,682,95,96],"class_list":{"0":"post-12070","1":"product","2":"type-product","3":"status-publish","4":"has-post-thumbnail","6":"product_cat-2einfach","7":"product_cat-anhaenger-fuer-schluessel","8":"product_cat-amigurumi","9":"product_cat-mittel","10":"product_tag-amigurumi","11":"product_tag-anhaenger","12":"product_tag-australien","13":"product_tag-chip","14":"product_tag-chip-tasche","15":"product_tag-dekoration","16":"product_tag-dekoration-haekeln","17":"product_tag-einkaufs-chip","18":"product_tag-einkaufschip","19":"product_tag-geschenk","20":"product_tag-gluecksbringer","21":"product_tag-haekelanleitung","22":"product_tag-haekeln","23":"product_tag-key-ring","24":"product_tag-keychains","25":"product_tag-kind","26":"product_tag-koala","27":"product_tag-koala-haekeln","28":"product_tag-koala-schluesselanhaenger","29":"product_tag-originell","30":"product_tag-praesent","31":"product_tag-ranzen","32":"product_tag-schluesselanhaenger","33":"product_tag-schluesselanhaenger-haekeln","34":"product_tag-schluesselhaenger","35":"product_tag-schluesselring","36":"product_tag-schulanfaenger","37":"product_tag-taschenbaumler","38":"product_tag-taschenbaumler-haekeln","39":"product_tag-tier","40":"product_tag-wolle","41":"product_tag-wollreste","43":"first","44":"instock","45":"downloadable","46":"shipping-taxable","47":"purchasable","48":"product-type-simple"},"_links":{"self":[{"href":"https:\/\/dadade.eu\/index.php?rest_route=\/wp\/v2\/product\/12070","targetHints":{"allow":["GET"]}}],"collection":[{"href":"https:\/\/dadade.eu\/index.php?rest_route=\/wp\/v2\/product"}],"about":[{"href":"https:\/\/dadade.eu\/index.php?rest_route=\/wp\/v2\/types\/product"}],"wp:featuredmedia":[{"embeddable":true,"href":"https:\/\/dadade.eu\/index.php?rest_route=\/wp\/v2\/media\/12076"}],"wp:attachment":[{"href":"https:\/\/dadade.eu\/index.php?rest_route=%2Fwp%2Fv2%2Fmedia&parent=12070"}],"wp:term":[{"taxonomy":"product_brand","embeddable":true,"href":"https:\/\/dadade.eu\/index.php?rest_route=%2Fwp%2Fv2%2Fproduct_brand&post=12070"},{"taxonomy":"product_cat","embeddable":true,"href":"https:\/\/dadade.eu\/index.php?rest_route=%2Fwp%2Fv2%2Fproduct_cat&post=12070"},{"taxonomy":"product_tag","embeddable":true,"href":"https:\/\/dadade.eu\/index.php?rest_route=%2Fwp%2Fv2%2Fproduct_tag&post=12070"}],"curies":[{"name":"wp","href":"https:\/\/api.w.org\/{rel}","templated":true}]}}