{"id":12060,"date":"2015-07-05T14:27:47","date_gmt":"2015-07-05T12:27:47","guid":{"rendered":"https:\/\/dadade.eu\/?post_type=product&#038;p=12060"},"modified":"2023-06-09T15:08:31","modified_gmt":"2023-06-09T13:08:31","slug":"die-qualle-schluesselanhaenger-mit-chiptasche-a917","status":"publish","type":"product","link":"https:\/\/dadade.eu\/?product=die-qualle-schluesselanhaenger-mit-chiptasche-a917","title":{"rendered":"die Qualle, Schl\u00fcsselanh\u00e4nger mit Chiptasche (A917)"},"content":{"rendered":"<p><img decoding=\"async\" class=\"alignnone wp-image-12064\" src=\"https:\/\/dadade.eu\/wp-content\/uploads\/2023\/04\/Qualle-3-Kopie-300x300.jpg\" alt=\"\" width=\"186\" height=\"186\" srcset=\"https:\/\/dadade.eu\/wp-content\/uploads\/2023\/04\/Qualle-3-Kopie-300x300.jpg 300w, https:\/\/dadade.eu\/wp-content\/uploads\/2023\/04\/Qualle-3-Kopie-100x100.jpg 100w, https:\/\/dadade.eu\/wp-content\/uploads\/2023\/04\/Qualle-3-Kopie-600x600.jpg 600w, https:\/\/dadade.eu\/wp-content\/uploads\/2023\/04\/Qualle-3-Kopie-64x64.jpg 64w, https:\/\/dadade.eu\/wp-content\/uploads\/2023\/04\/Qualle-3-Kopie-1024x1024.jpg 1024w, https:\/\/dadade.eu\/wp-content\/uploads\/2023\/04\/Qualle-3-Kopie-150x150.jpg 150w, https:\/\/dadade.eu\/wp-content\/uploads\/2023\/04\/Qualle-3-Kopie-768x768.jpg 768w, https:\/\/dadade.eu\/wp-content\/uploads\/2023\/04\/Qualle-3-Kopie-1536x1536.jpg 1536w, https:\/\/dadade.eu\/wp-content\/uploads\/2023\/04\/Qualle-3-Kopie-2048x2048.jpg 2048w\" sizes=\"(max-width: 186px) 100vw, 186px\" \/>die gro\u00dfe Blaue<\/p>\n<p><img decoding=\"async\" class=\"alignnone wp-image-12063\" src=\"https:\/\/dadade.eu\/wp-content\/uploads\/2023\/04\/Qualle-2-Kopie-300x300.jpg\" alt=\"\" width=\"188\" height=\"188\" srcset=\"https:\/\/dadade.eu\/wp-content\/uploads\/2023\/04\/Qualle-2-Kopie-300x300.jpg 300w, https:\/\/dadade.eu\/wp-content\/uploads\/2023\/04\/Qualle-2-Kopie-100x100.jpg 100w, https:\/\/dadade.eu\/wp-content\/uploads\/2023\/04\/Qualle-2-Kopie-600x600.jpg 600w, https:\/\/dadade.eu\/wp-content\/uploads\/2023\/04\/Qualle-2-Kopie-64x64.jpg 64w, https:\/\/dadade.eu\/wp-content\/uploads\/2023\/04\/Qualle-2-Kopie-1024x1024.jpg 1024w, https:\/\/dadade.eu\/wp-content\/uploads\/2023\/04\/Qualle-2-Kopie-150x150.jpg 150w, https:\/\/dadade.eu\/wp-content\/uploads\/2023\/04\/Qualle-2-Kopie-768x768.jpg 768w, https:\/\/dadade.eu\/wp-content\/uploads\/2023\/04\/Qualle-2-Kopie-1536x1536.jpg 1536w, https:\/\/dadade.eu\/wp-content\/uploads\/2023\/04\/Qualle-2-Kopie-2048x2048.jpg 2048w\" sizes=\"(max-width: 188px) 100vw, 188px\" \/>sowie die kleine Orange, haben eine praktische Chiptasche<\/p>\n<p>Die Anleitung ist ausf\u00fchrlich mit vielen Bildern hinterlegt und wird auf 19 Seiten Schritt-f\u00fcr-Schritt beschrieben<\/p>\n<p>&nbsp;<\/p>\n<p>MEHR VARIANTEN UND IDEEN FINDET IHR HIER<\/p>\n<p><a href=\"https:\/\/dadade.eu\/?p=11262\"><strong>VIELE TOLLE BILDER<\/strong> von flei\u00dfigen Helfer und H\u00e4nden<\/a><\/p>\n<p>&nbsp;<\/p>\n<p>&nbsp;<\/p>\n<p>&nbsp;<\/p>\n","protected":false},"excerpt":{"rendered":"<div id=\"cc-m-13954443088\">\n<p>Hier kauft man die H\u00e4kelanleitung f\u00fcr den Schl\u00fcssel- oder Autospiegel- Anh\u00e4nger Qualle,<\/p>\n<p>die Anleitung beinhaltet alle 2 Quallen; mit Baumwolle der Nadelst\u00e4rke 2 werden die Quallen ungef\u00e4hr;<\/p>\n<p>Die orange Qualle 8cm hoch (mit Perlen) und 3,5cm breit<\/p>\n<p>Die blaue Qualle 8cm hoch (mit Perlen) und 4,5 cm breit<\/p>\n<p><strong>&gt;&gt;Kleine Geschenk erhalten die Freundschaft&lt;&lt;<\/strong><\/p>\n<p>Hier kann man sich nach Lust und Laune austoben,<\/p>\n<p>Wollreste, Pailletten, Perlen, Wackelaugen \u2013<\/p>\n<p>Alles was die Schatzkiste hergibt;<\/p>\n<p><strong>Lasst der Fantasie freien Lauf<\/strong>.<\/p>\n<\/div>\n<div id=\"cc-m-13954443188\" class=\"j-module n j-text \">\n<p>&nbsp;<\/p>\n<p>&nbsp;<\/p>\n<\/div>\n","protected":false},"featured_media":12061,"template":"","meta":[],"product_brand":[],"product_cat":[56,40,35],"product_tag":[90,833,837,839,233,242,840,834,87,557,94,93,830,831,194,829,195,932,933,934,820,821,822,823,824,682,95,96],"class_list":{"0":"post-12060","1":"product","2":"type-product","3":"status-publish","4":"has-post-thumbnail","6":"product_cat-2einfach","7":"product_cat-anhaenger-fuer-schluessel","8":"product_cat-amigurumi","9":"product_tag-amigurumi","10":"product_tag-anhaenger","11":"product_tag-chip","12":"product_tag-chip-tasche","13":"product_tag-dekoration","14":"product_tag-dekoration-haekeln","15":"product_tag-einkaufs-chip","16":"product_tag-einkaufschip","17":"product_tag-geschenk","18":"product_tag-gluecksbringer","19":"product_tag-haekelanleitung","20":"product_tag-haekeln","21":"product_tag-key-ring","22":"product_tag-keychains","23":"product_tag-kind","24":"product_tag-originell","25":"product_tag-praesent","26":"product_tag-qualle","27":"product_tag-qualle-haekeln","28":"product_tag-qualle-schluesselanhaenger","29":"product_tag-schluesselanhaenger","30":"product_tag-schluesselanhaenger-haekeln","31":"product_tag-schluesselring","32":"product_tag-taschenbaumler","33":"product_tag-taschenbaumler-haekeln","34":"product_tag-tier","35":"product_tag-wolle","36":"product_tag-wollreste","38":"first","39":"instock","40":"downloadable","41":"shipping-taxable","42":"purchasable","43":"product-type-simple"},"_links":{"self":[{"href":"https:\/\/dadade.eu\/index.php?rest_route=\/wp\/v2\/product\/12060","targetHints":{"allow":["GET"]}}],"collection":[{"href":"https:\/\/dadade.eu\/index.php?rest_route=\/wp\/v2\/product"}],"about":[{"href":"https:\/\/dadade.eu\/index.php?rest_route=\/wp\/v2\/types\/product"}],"wp:featuredmedia":[{"embeddable":true,"href":"https:\/\/dadade.eu\/index.php?rest_route=\/wp\/v2\/media\/12061"}],"wp:attachment":[{"href":"https:\/\/dadade.eu\/index.php?rest_route=%2Fwp%2Fv2%2Fmedia&parent=12060"}],"wp:term":[{"taxonomy":"product_brand","embeddable":true,"href":"https:\/\/dadade.eu\/index.php?rest_route=%2Fwp%2Fv2%2Fproduct_brand&post=12060"},{"taxonomy":"product_cat","embeddable":true,"href":"https:\/\/dadade.eu\/index.php?rest_route=%2Fwp%2Fv2%2Fproduct_cat&post=12060"},{"taxonomy":"product_tag","embeddable":true,"href":"https:\/\/dadade.eu\/index.php?rest_route=%2Fwp%2Fv2%2Fproduct_tag&post=12060"}],"curies":[{"name":"wp","href":"https:\/\/api.w.org\/{rel}","templated":true}]}}