{"id":11936,"date":"2014-10-04T16:28:42","date_gmt":"2014-10-04T14:28:42","guid":{"rendered":"https:\/\/dadade.eu\/?post_type=product&#038;p=11936"},"modified":"2023-04-04T17:59:47","modified_gmt":"2023-04-04T15:59:47","slug":"kuschelkaenguru-katja-mit-baby-joey-zum-kuscheln-a123","status":"publish","type":"product","link":"https:\/\/dadade.eu\/?product=kuschelkaenguru-katja-mit-baby-joey-zum-kuscheln-a123","title":{"rendered":"Kuschelk\u00e4nguru Katja mit Baby-Joey, zum Kuscheln (A123)"},"content":{"rendered":"<p><img fetchpriority=\"high\" decoding=\"async\" class=\"alignnone wp-image-11939\" src=\"https:\/\/dadade.eu\/wp-content\/uploads\/2014\/10\/xKaenguruh-Katja-3-300x225.jpg\" alt=\"\" width=\"260\" height=\"195\" srcset=\"https:\/\/dadade.eu\/wp-content\/uploads\/2014\/10\/xKaenguruh-Katja-3-300x225.jpg 300w, https:\/\/dadade.eu\/wp-content\/uploads\/2014\/10\/xKaenguruh-Katja-3-600x450.jpg 600w, https:\/\/dadade.eu\/wp-content\/uploads\/2014\/10\/xKaenguruh-Katja-3-64x48.jpg 64w, https:\/\/dadade.eu\/wp-content\/uploads\/2014\/10\/xKaenguruh-Katja-3-1024x768.jpg 1024w, https:\/\/dadade.eu\/wp-content\/uploads\/2014\/10\/xKaenguruh-Katja-3-768x576.jpg 768w, https:\/\/dadade.eu\/wp-content\/uploads\/2014\/10\/xKaenguruh-Katja-3.jpg 1400w\" sizes=\"(max-width: 260px) 100vw, 260px\" \/>K\u00e4nguru Katja mit moderner Kreisweste<\/p>\n<p><img decoding=\"async\" class=\"alignnone wp-image-11950\" src=\"https:\/\/dadade.eu\/wp-content\/uploads\/2014\/10\/xKaenguruh-Katja-baby-joey-300x225.jpg\" alt=\"\" width=\"256\" height=\"192\" srcset=\"https:\/\/dadade.eu\/wp-content\/uploads\/2014\/10\/xKaenguruh-Katja-baby-joey-300x225.jpg 300w, https:\/\/dadade.eu\/wp-content\/uploads\/2014\/10\/xKaenguruh-Katja-baby-joey-600x450.jpg 600w, https:\/\/dadade.eu\/wp-content\/uploads\/2014\/10\/xKaenguruh-Katja-baby-joey-64x48.jpg 64w, https:\/\/dadade.eu\/wp-content\/uploads\/2014\/10\/xKaenguruh-Katja-baby-joey-1024x768.jpg 1024w, https:\/\/dadade.eu\/wp-content\/uploads\/2014\/10\/xKaenguruh-Katja-baby-joey-768x576.jpg 768w, https:\/\/dadade.eu\/wp-content\/uploads\/2014\/10\/xKaenguruh-Katja-baby-joey.jpg 1400w\" sizes=\"(max-width: 256px) 100vw, 256px\" \/>mit Baby-Joey mit Schnuffel-Sternen-Decke<\/p>\n<p>Die Anleitung ist ausf\u00fchrlich mit vielen Bildern hinterlegt und wird auf 26 Seiten &amp; 10 (Zubeh\u00f6r) Seiten Schritt-f\u00fcr-Schritt beschrieben!<\/p>\n<p>&nbsp;<\/p>\n<p>MEHR VARIANTEN UND IDEEN FINDET IHR HIER<\/p>\n<p><a href=\"https:\/\/dadade.eu\/?p=11668\"><strong>VIELE TOLLE BILDER<\/strong> von flei\u00dfigen Helfer und H\u00e4nden<\/a><\/p>\n<p>&nbsp;<\/p>\n<p>&nbsp;<\/p>\n<p>&nbsp;<\/p>\n","protected":false},"excerpt":{"rendered":"<div id=\"cc-m-13954443088\">\n<p>Hier kauft man die H\u00e4kelanleitung f\u00fcr eine kuschelige K\u00e4nguru-Mama mit ihrem Baby, jedes Kind m\u00f6chte mit ihr Kuscheln.<\/p>\n<p>Mama Katja tr\u00e4gt eine moderne Kreisweste, welche ausgezogen werden kann. Baby-Joey m\u00f6chte zum Spielen aus dem Beutel rausgeholt werden,\u00a0 es hat eine kleine Schnuffeldecke dabei, die es \u00fcberall hin mit nehmen will.<\/p>\n<p>Mit dem Kauf erh\u00e4ltst du eine leicht verst\u00e4ndliche H\u00e4kelanleitung im praktischen PDF-Format.<\/p>\n<p>Die Anleitung ist auch schon f\u00fcr Anf\u00e4nger geeignet.<\/p>\n<p>&nbsp;<\/p>\n<p>Mit der Himalaya Dolphin-Baby der St\u00e4rke 4 wird die K\u00e4nguru-Mama ca 48cm hoch und 30cm breit<\/p>\n<p>das Baby-Joey ca 15 cm gro\u00df.<\/p>\n<p>Mit Baby Wolle der St\u00e4rke 3 die K\u00e4nguru-Mama ca 33cm hoch und 23cm breit und Baby-Joey ca 10 cm gro\u00df<\/p>\n<p>&nbsp;<\/p>\n<\/div>\n<div id=\"cc-m-13954443188\" class=\"j-module n j-text \">\n<p>&nbsp;<\/p>\n<p>&nbsp;<\/p>\n<p>&nbsp;<\/p>\n<\/div>\n","protected":false},"featured_media":11940,"template":"","meta":[],"product_brand":[],"product_cat":[56,35,39,69],"product_tag":[90,639,89,914,242,87,94,93,912,917,913,915,916,92,245,345,180,88,243,244,91,392,95,96],"class_list":{"0":"post-11936","1":"product","2":"type-product","3":"status-publish","4":"has-post-thumbnail","6":"product_cat-2einfach","7":"product_cat-amigurumi","8":"product_cat-amigurumis-zum-kuscheln","9":"product_cat-mittel","10":"product_tag-amigurumi","11":"product_tag-australien","12":"product_tag-baby","13":"product_tag-baby-joey","14":"product_tag-dekoration-haekeln","15":"product_tag-geschenk","16":"product_tag-haekelanleitung","17":"product_tag-haekeln","18":"product_tag-kangaroo","19":"product_tag-kaenguru","20":"product_tag-kaenguru-haekeln","21":"product_tag-kaenguru-mit-baby","22":"product_tag-kaenguruh","23":"product_tag-kinder","24":"product_tag-kuschelige-haekeltiere","25":"product_tag-kuscheln","26":"product_tag-kuscheltier","27":"product_tag-kuscheltier-haekeln","28":"product_tag-kuschelwolle","29":"product_tag-kuschelwolle-haekeln","30":"product_tag-plueschtier","31":"product_tag-plueschtier-haekeln","32":"product_tag-wolle","33":"product_tag-wollreste","35":"first","36":"instock","37":"downloadable","38":"shipping-taxable","39":"purchasable","40":"product-type-simple"},"_links":{"self":[{"href":"https:\/\/dadade.eu\/index.php?rest_route=\/wp\/v2\/product\/11936","targetHints":{"allow":["GET"]}}],"collection":[{"href":"https:\/\/dadade.eu\/index.php?rest_route=\/wp\/v2\/product"}],"about":[{"href":"https:\/\/dadade.eu\/index.php?rest_route=\/wp\/v2\/types\/product"}],"wp:featuredmedia":[{"embeddable":true,"href":"https:\/\/dadade.eu\/index.php?rest_route=\/wp\/v2\/media\/11940"}],"wp:attachment":[{"href":"https:\/\/dadade.eu\/index.php?rest_route=%2Fwp%2Fv2%2Fmedia&parent=11936"}],"wp:term":[{"taxonomy":"product_brand","embeddable":true,"href":"https:\/\/dadade.eu\/index.php?rest_route=%2Fwp%2Fv2%2Fproduct_brand&post=11936"},{"taxonomy":"product_cat","embeddable":true,"href":"https:\/\/dadade.eu\/index.php?rest_route=%2Fwp%2Fv2%2Fproduct_cat&post=11936"},{"taxonomy":"product_tag","embeddable":true,"href":"https:\/\/dadade.eu\/index.php?rest_route=%2Fwp%2Fv2%2Fproduct_tag&post=11936"}],"curies":[{"name":"wp","href":"https:\/\/api.w.org\/{rel}","templated":true}]}}