{"id":11917,"date":"2018-07-03T23:18:44","date_gmt":"2018-07-03T21:18:44","guid":{"rendered":"https:\/\/dadade.eu\/?post_type=product&#038;p=11917"},"modified":"2023-04-04T00:02:55","modified_gmt":"2023-04-03T22:02:55","slug":"chamaeleon-chakira-zum-kuscheln-a108","status":"publish","type":"product","link":"https:\/\/dadade.eu\/?product=chamaeleon-chakira-zum-kuscheln-a108","title":{"rendered":"Cham\u00e4leon Chakira, zum Kuscheln (A108)"},"content":{"rendered":"<p>Die Anleitung ist ausf\u00fchrlich mit vielen Bildern hinterlegt und wird auf 16 Seiten Seiten Schritt-f\u00fcr-Schritt beschrieben!<\/p>\n<p>&nbsp;<\/p>\n<p>MEHR VARIANTEN UND IDEEN FINDET IHR HIER<\/p>\n<p><a href=\"https:\/\/dadade.eu\/?p=11668\"><strong>VIELE TOLLE BILDER<\/strong> von flei\u00dfigen Helfer und H\u00e4nden<\/a><\/p>\n<p>&nbsp;<\/p>\n<p>&nbsp;<\/p>\n<p>&nbsp;<\/p>\n","protected":false},"excerpt":{"rendered":"<div id=\"cc-m-13954443088\">\n<p>Hier kauft man die H\u00e4kelanleitung f\u00fcr dieses verwirrte Cham\u00e4leon,<\/p>\n<p>Chakira kann sich nicht auf eine Tarnfarbe einigen, jedes Bein hat eine andere Farbe,<\/p>\n<p>Somit kann man hier seine Wollreste an die H\u00e4kelnadel bringen, das Cham\u00e4leon freut sich, wenn es sch\u00f6n bunt wird,<\/p>\n<p>das Cham\u00e4leon kann z.B. mit einer Rassel geh\u00e4kelt werden, f\u00fcr die Kleinen,<\/p>\n<p>der d\u00fcnne Schwanz ist schon f\u00fcr Babys gut zum Greifen.<\/p>\n<p>Oder als Dekoration, mit oder ohne Zunge.<\/p>\n<p>Mit dem Kauf erh\u00e4ltst du eine leicht verst\u00e4ndliche H\u00e4kelanleitung im praktischen PDF-Format.<\/p>\n<p>Die Anleitung ist auch schon f\u00fcr Anf\u00e4nger geeignet.<\/p>\n<p>Mit Nadelst\u00e4rke 2 geh\u00e4kelt, wird das Cham\u00e4leon ungef\u00e4hr; 27 cm lang mit ausgerolltem Schwanz, 7 cm breit und 10 cm hoch<\/p>\n<p>&nbsp;<\/p>\n<p>&nbsp;<\/p>\n<\/div>\n<div id=\"cc-m-13954443188\" class=\"j-module n j-text \">\n<p>&nbsp;<\/p>\n<p>&nbsp;<\/p>\n<p>&nbsp;<\/p>\n<\/div>\n","protected":false},"featured_media":11918,"template":"","meta":[],"product_brand":[],"product_cat":[56,35,39,66],"product_tag":[90,89,911,909,910,233,242,658,87,557,94,93,903,92,245,180,88,243,244,91,392,195,183,95,96],"class_list":{"0":"post-11917","1":"product","2":"type-product","3":"status-publish","4":"has-post-thumbnail","6":"product_cat-2einfach","7":"product_cat-amigurumi","8":"product_cat-amigurumis-zum-kuscheln","9":"product_cat-mini","10":"product_tag-amigurumi","11":"product_tag-baby","12":"product_tag-babyrassel-haekeln","13":"product_tag-chamaeleon","14":"product_tag-chamaeleon-haekeln","15":"product_tag-dekoration","16":"product_tag-dekoration-haekeln","17":"product_tag-echse","18":"product_tag-geschenk","19":"product_tag-gluecksbringer","20":"product_tag-haekelanleitung","21":"product_tag-haekeln","22":"product_tag-hobby","23":"product_tag-kinder","24":"product_tag-kuschelige-haekeltiere","25":"product_tag-kuscheltier","26":"product_tag-kuscheltier-haekeln","27":"product_tag-kuschelwolle","28":"product_tag-kuschelwolle-haekeln","29":"product_tag-plueschtier","30":"product_tag-plueschtier-haekeln","31":"product_tag-praesent","32":"product_tag-witzig","33":"product_tag-wolle","34":"product_tag-wollreste","36":"first","37":"instock","38":"downloadable","39":"shipping-taxable","40":"purchasable","41":"product-type-simple"},"_links":{"self":[{"href":"https:\/\/dadade.eu\/index.php?rest_route=\/wp\/v2\/product\/11917","targetHints":{"allow":["GET"]}}],"collection":[{"href":"https:\/\/dadade.eu\/index.php?rest_route=\/wp\/v2\/product"}],"about":[{"href":"https:\/\/dadade.eu\/index.php?rest_route=\/wp\/v2\/types\/product"}],"wp:featuredmedia":[{"embeddable":true,"href":"https:\/\/dadade.eu\/index.php?rest_route=\/wp\/v2\/media\/11918"}],"wp:attachment":[{"href":"https:\/\/dadade.eu\/index.php?rest_route=%2Fwp%2Fv2%2Fmedia&parent=11917"}],"wp:term":[{"taxonomy":"product_brand","embeddable":true,"href":"https:\/\/dadade.eu\/index.php?rest_route=%2Fwp%2Fv2%2Fproduct_brand&post=11917"},{"taxonomy":"product_cat","embeddable":true,"href":"https:\/\/dadade.eu\/index.php?rest_route=%2Fwp%2Fv2%2Fproduct_cat&post=11917"},{"taxonomy":"product_tag","embeddable":true,"href":"https:\/\/dadade.eu\/index.php?rest_route=%2Fwp%2Fv2%2Fproduct_tag&post=11917"}],"curies":[{"name":"wp","href":"https:\/\/api.w.org\/{rel}","templated":true}]}}