{"id":11905,"date":"2016-05-03T22:49:44","date_gmt":"2016-05-03T20:49:44","guid":{"rendered":"https:\/\/dadade.eu\/?post_type=product&#038;p=11905"},"modified":"2023-04-03T23:28:54","modified_gmt":"2023-04-03T21:28:54","slug":"biene-ella-zum-kuscheln-a106","status":"publish","type":"product","link":"https:\/\/dadade.eu\/?product=biene-ella-zum-kuscheln-a106","title":{"rendered":"Biene Ella, zum Kuscheln (A106)"},"content":{"rendered":"<p>Die Anleitung ist ausf\u00fchrlich mit vielen Bildern hinterlegt und wird auf 17 Seiten &amp; 23 (Zubeh\u00f6r) Seiten Schritt-f\u00fcr-Schritt beschrieben!<\/p>\n<p>&nbsp;<\/p>\n<p>MEHR VARIANTEN UND IDEEN FINDET IHR HIER<\/p>\n<p><a href=\"https:\/\/dadade.eu\/?p=11668\"><strong>VIELE TOLLE BILDER<\/strong> von flei\u00dfigen Helfer und H\u00e4nden<\/a><\/p>\n<p>&nbsp;<\/p>\n<p>&nbsp;<\/p>\n<p>&nbsp;<\/p>\n","protected":false},"excerpt":{"rendered":"<div id=\"cc-m-13954443088\">\n<p>Hier kauft man die H\u00e4kelanleitung\u00a0 von der kleinen Biene Ella,<\/p>\n<p>sowie der Deutschland-Tunika und ihrem Bl\u00fcmchen, nat\u00fcrlich darf der Winke Handschuh bei einem echten Fan auch nicht fehlen.<\/p>\n<p>Au\u00dferdem geh\u00f6rt eine Anleitung f\u00fcr ein T-Shirt dazu,<\/p>\n<p>F\u00fcr alle Fans des runden Leders.<\/p>\n<p>Mit dem Kauf erh\u00e4ltst du eine leicht verst\u00e4ndliche H\u00e4kelanleitung im praktischen PDF-Format.<\/p>\n<p>Die Anleitung ist auch schon f\u00fcr Anf\u00e4nger geeignet.<\/p>\n<p>Mit Wolle der Nadelst\u00e4rke 3 \u2013 3,5 \u00a0ist Ella mit F\u00fchler ungef\u00e4hr; 37cm hoch<\/p>\n<p>&nbsp;<\/p>\n<p>&nbsp;<\/p>\n<\/div>\n<div id=\"cc-m-13954443188\" class=\"j-module n j-text \">\n<p>&nbsp;<\/p>\n<p>&nbsp;<\/p>\n<p>&nbsp;<\/p>\n<\/div>\n","protected":false},"featured_media":11909,"template":"","meta":[],"product_brand":[],"product_cat":[56,35,39,69],"product_tag":[90,89,248,233,242,905,901,908,907,899,902,182,247,87,557,94,93,904,903,92,245,180,88,243,244,181,858,906,91,392,195,183,900,95,96],"class_list":{"0":"post-11905","1":"product","2":"type-product","3":"status-publish","4":"has-post-thumbnail","6":"product_cat-2einfach","7":"product_cat-amigurumi","8":"product_cat-amigurumis-zum-kuscheln","9":"product_cat-mittel","10":"product_tag-amigurumi","11":"product_tag-baby","12":"product_tag-biene","13":"product_tag-dekoration","14":"product_tag-dekoration-haekeln","15":"product_tag-deutschalnd-biene","16":"product_tag-deutschland","17":"product_tag-deutschland-fan","18":"product_tag-deutschland-haekeln","19":"product_tag-em","20":"product_tag-fahne","21":"product_tag-fein","22":"product_tag-fussball","23":"product_tag-geschenk","24":"product_tag-gluecksbringer","25":"product_tag-haekelanleitung","26":"product_tag-haekeln","27":"product_tag-herren","28":"product_tag-hobby","29":"product_tag-kinder","30":"product_tag-kuschelige-haekeltiere","31":"product_tag-kuscheltier","32":"product_tag-kuscheltier-haekeln","33":"product_tag-kuschelwolle","34":"product_tag-kuschelwolle-haekeln","35":"product_tag-lustig","36":"product_tag-mann","37":"product_tag-maskottchen","38":"product_tag-plueschtier","39":"product_tag-plueschtier-haekeln","40":"product_tag-praesent","41":"product_tag-witzig","42":"product_tag-wm","43":"product_tag-wolle","44":"product_tag-wollreste","46":"first","47":"instock","48":"downloadable","49":"shipping-taxable","50":"purchasable","51":"product-type-simple"},"_links":{"self":[{"href":"https:\/\/dadade.eu\/index.php?rest_route=\/wp\/v2\/product\/11905","targetHints":{"allow":["GET"]}}],"collection":[{"href":"https:\/\/dadade.eu\/index.php?rest_route=\/wp\/v2\/product"}],"about":[{"href":"https:\/\/dadade.eu\/index.php?rest_route=\/wp\/v2\/types\/product"}],"wp:featuredmedia":[{"embeddable":true,"href":"https:\/\/dadade.eu\/index.php?rest_route=\/wp\/v2\/media\/11909"}],"wp:attachment":[{"href":"https:\/\/dadade.eu\/index.php?rest_route=%2Fwp%2Fv2%2Fmedia&parent=11905"}],"wp:term":[{"taxonomy":"product_brand","embeddable":true,"href":"https:\/\/dadade.eu\/index.php?rest_route=%2Fwp%2Fv2%2Fproduct_brand&post=11905"},{"taxonomy":"product_cat","embeddable":true,"href":"https:\/\/dadade.eu\/index.php?rest_route=%2Fwp%2Fv2%2Fproduct_cat&post=11905"},{"taxonomy":"product_tag","embeddable":true,"href":"https:\/\/dadade.eu\/index.php?rest_route=%2Fwp%2Fv2%2Fproduct_tag&post=11905"}],"curies":[{"name":"wp","href":"https:\/\/api.w.org\/{rel}","templated":true}]}}