{"id":11793,"date":"2020-05-01T20:42:47","date_gmt":"2020-05-01T18:42:47","guid":{"rendered":"https:\/\/dadade.eu\/?post_type=product&#038;p=11793"},"modified":"2023-04-01T21:24:49","modified_gmt":"2023-04-01T19:24:49","slug":"ameise-aemi-aenno-zum-kuscheln-a145","status":"publish","type":"product","link":"https:\/\/dadade.eu\/?product=ameise-aemi-aenno-zum-kuscheln-a145","title":{"rendered":"Ameise \u00c4mi + \u00c4nno, zum Kuscheln (A145)"},"content":{"rendered":"<p><img fetchpriority=\"high\" decoding=\"async\" class=\"alignnone size-medium wp-image-11812\" src=\"https:\/\/dadade.eu\/wp-content\/uploads\/2023\/04\/xAmeise-Aenno-1b-300x225.jpg\" alt=\"\" width=\"300\" height=\"225\" srcset=\"https:\/\/dadade.eu\/wp-content\/uploads\/2023\/04\/xAmeise-Aenno-1b-300x225.jpg 300w, https:\/\/dadade.eu\/wp-content\/uploads\/2023\/04\/xAmeise-Aenno-1b-600x450.jpg 600w, https:\/\/dadade.eu\/wp-content\/uploads\/2023\/04\/xAmeise-Aenno-1b-64x48.jpg 64w, https:\/\/dadade.eu\/wp-content\/uploads\/2023\/04\/xAmeise-Aenno-1b-1024x768.jpg 1024w, https:\/\/dadade.eu\/wp-content\/uploads\/2023\/04\/xAmeise-Aenno-1b-768x576.jpg 768w, https:\/\/dadade.eu\/wp-content\/uploads\/2023\/04\/xAmeise-Aenno-1b.jpg 1400w\" sizes=\"(max-width: 300px) 100vw, 300px\" \/> <img decoding=\"async\" class=\"alignnone size-medium wp-image-11795\" src=\"https:\/\/dadade.eu\/wp-content\/uploads\/2023\/04\/xAmeise-Aemi-1b-300x225.jpg\" alt=\"\" width=\"300\" height=\"225\" srcset=\"https:\/\/dadade.eu\/wp-content\/uploads\/2023\/04\/xAmeise-Aemi-1b-300x225.jpg 300w, https:\/\/dadade.eu\/wp-content\/uploads\/2023\/04\/xAmeise-Aemi-1b-600x450.jpg 600w, https:\/\/dadade.eu\/wp-content\/uploads\/2023\/04\/xAmeise-Aemi-1b-64x48.jpg 64w, https:\/\/dadade.eu\/wp-content\/uploads\/2023\/04\/xAmeise-Aemi-1b-1024x768.jpg 1024w, https:\/\/dadade.eu\/wp-content\/uploads\/2023\/04\/xAmeise-Aemi-1b-768x576.jpg 768w, https:\/\/dadade.eu\/wp-content\/uploads\/2023\/04\/xAmeise-Aemi-1b.jpg 1400w\" sizes=\"(max-width: 300px) 100vw, 300px\" \/><\/p>\n<p>die zwei Ameisen zum Kuscheln<\/p>\n<p>Die Anleitung ist ausf\u00fchrlich mit vielen Bildern hinterlegt und wird auf 16 Seiten\u00a0 Seiten Schritt-f\u00fcr-Schritt beschrieben!<\/p>\n<p>&nbsp;<\/p>\n<p>MEHR VARIANTEN UND IDEEN FINDET IHR HIER<\/p>\n<p><a href=\"https:\/\/dadade.eu\/?p=10298\"><strong>VIELE TOLLE BILDER<\/strong> von flei\u00dfigen Helfer und H\u00e4nden<\/a><\/p>\n<p>&nbsp;<\/p>\n<p>&nbsp;<\/p>\n<p>&nbsp;<\/p>\n","protected":false},"excerpt":{"rendered":"<div id=\"cc-m-13954443088\">\n<p>Hier kauft man die H\u00e4kelanleitung f\u00fcr dieses Ameisenp\u00e4rchen, \u00c4mi und \u00c4nno<\/p>\n<p>Mit Ameisen kuscheln??<\/p>\n<p>Ja mit diesen Beiden kann man es wagen, sie sind vollkommen ungef\u00e4hrlich.<\/p>\n<p>Die Beiden sind sch\u00f6n klein und handlich, das richtige f\u00fcr kleine Kinderh\u00e4nde,<\/p>\n<p>Somit kann man hier auch Wollreste verarbeiten,<\/p>\n<p>Oder man h\u00e4kelt die Ameisen als Dekoration.<\/p>\n<p>Mit dem Kauf erh\u00e4ltst du eine leicht verst\u00e4ndliche H\u00e4kelanleitung im praktischen PDF-Format.<\/p>\n<p>Die Anleitung ist auch schon f\u00fcr Anf\u00e4nger geeignet.<\/p>\n<p>Mit Nadelst\u00e4rke 4 geh\u00e4kelt, wird die Ameise im sitzen ungef\u00e4hr; 24 cm hoch<\/p>\n<p>&nbsp;<\/p>\n<p>&nbsp;<\/p>\n<\/div>\n<div id=\"cc-m-13954443188\" class=\"j-module n j-text \">\n<p>&nbsp;<\/p>\n<p>&nbsp;<\/p>\n<p>&nbsp;<\/p>\n<\/div>\n","protected":false},"featured_media":11805,"template":"","meta":[],"product_brand":[],"product_cat":[56,35,39,69],"product_tag":[898,897,90,89,242,87,94,93,92,245,180,88,243,244,91,392,95,96],"class_list":{"0":"post-11793","1":"product","2":"type-product","3":"status-publish","4":"has-post-thumbnail","6":"product_cat-2einfach","7":"product_cat-amigurumi","8":"product_cat-amigurumis-zum-kuscheln","9":"product_cat-mittel","10":"product_tag-ameise","11":"product_tag-ameise-haekeln","12":"product_tag-amigurumi","13":"product_tag-baby","14":"product_tag-dekoration-haekeln","15":"product_tag-geschenk","16":"product_tag-haekelanleitung","17":"product_tag-haekeln","18":"product_tag-kinder","19":"product_tag-kuschelige-haekeltiere","20":"product_tag-kuscheltier","21":"product_tag-kuscheltier-haekeln","22":"product_tag-kuschelwolle","23":"product_tag-kuschelwolle-haekeln","24":"product_tag-plueschtier","25":"product_tag-plueschtier-haekeln","26":"product_tag-wolle","27":"product_tag-wollreste","29":"first","30":"instock","31":"downloadable","32":"shipping-taxable","33":"purchasable","34":"product-type-simple"},"_links":{"self":[{"href":"https:\/\/dadade.eu\/index.php?rest_route=\/wp\/v2\/product\/11793","targetHints":{"allow":["GET"]}}],"collection":[{"href":"https:\/\/dadade.eu\/index.php?rest_route=\/wp\/v2\/product"}],"about":[{"href":"https:\/\/dadade.eu\/index.php?rest_route=\/wp\/v2\/types\/product"}],"wp:featuredmedia":[{"embeddable":true,"href":"https:\/\/dadade.eu\/index.php?rest_route=\/wp\/v2\/media\/11805"}],"wp:attachment":[{"href":"https:\/\/dadade.eu\/index.php?rest_route=%2Fwp%2Fv2%2Fmedia&parent=11793"}],"wp:term":[{"taxonomy":"product_brand","embeddable":true,"href":"https:\/\/dadade.eu\/index.php?rest_route=%2Fwp%2Fv2%2Fproduct_brand&post=11793"},{"taxonomy":"product_cat","embeddable":true,"href":"https:\/\/dadade.eu\/index.php?rest_route=%2Fwp%2Fv2%2Fproduct_cat&post=11793"},{"taxonomy":"product_tag","embeddable":true,"href":"https:\/\/dadade.eu\/index.php?rest_route=%2Fwp%2Fv2%2Fproduct_tag&post=11793"}],"curies":[{"name":"wp","href":"https:\/\/api.w.org\/{rel}","templated":true}]}}