{"id":11758,"date":"2016-06-01T10:34:27","date_gmt":"2016-06-01T08:34:27","guid":{"rendered":"https:\/\/dadade.eu\/?post_type=product&#038;p=11758"},"modified":"2023-04-01T11:52:58","modified_gmt":"2023-04-01T09:52:58","slug":"flavia-flamingo-zum-kuscheln-a116","status":"publish","type":"product","link":"https:\/\/dadade.eu\/?product=flavia-flamingo-zum-kuscheln-a116","title":{"rendered":"Flavia Flamingo, zum Kuscheln (A116)"},"content":{"rendered":"<p><img decoding=\"async\" class=\"alignnone wp-image-11752\" src=\"https:\/\/dadade.eu\/wp-content\/uploads\/2016\/06\/2016.06.10-Emu-Flavia-1-300x300.jpg\" alt=\"\" width=\"200\" height=\"200\" srcset=\"https:\/\/dadade.eu\/wp-content\/uploads\/2016\/06\/2016.06.10-Emu-Flavia-1-300x300.jpg 300w, https:\/\/dadade.eu\/wp-content\/uploads\/2016\/06\/2016.06.10-Emu-Flavia-1-100x100.jpg 100w, https:\/\/dadade.eu\/wp-content\/uploads\/2016\/06\/2016.06.10-Emu-Flavia-1-600x600.jpg 600w, https:\/\/dadade.eu\/wp-content\/uploads\/2016\/06\/2016.06.10-Emu-Flavia-1-64x64.jpg 64w, https:\/\/dadade.eu\/wp-content\/uploads\/2016\/06\/2016.06.10-Emu-Flavia-1-1024x1024.jpg 1024w, https:\/\/dadade.eu\/wp-content\/uploads\/2016\/06\/2016.06.10-Emu-Flavia-1-150x150.jpg 150w, https:\/\/dadade.eu\/wp-content\/uploads\/2016\/06\/2016.06.10-Emu-Flavia-1-768x768.jpg 768w, https:\/\/dadade.eu\/wp-content\/uploads\/2016\/06\/2016.06.10-Emu-Flavia-1-1536x1536.jpg 1536w, https:\/\/dadade.eu\/wp-content\/uploads\/2016\/06\/2016.06.10-Emu-Flavia-1.jpg 1939w\" sizes=\"(max-width: 200px) 100vw, 200px\" \/>Flavia Flamingo hat einen Freund &#8211; <strong><a href=\"https:\/\/dadade.eu\/?product=emu-emilio-zum-kuscheln-a113\">Emu Emilio<\/a><\/strong><\/p>\n<p>Die Anleitung ist ausf\u00fchrlich mit vielen Bildern hinterlegt und wird auf 20 Seiten\u00a0 Seiten Schritt-f\u00fcr-Schritt beschrieben!<\/p>\n<p>Allerdings bedarf das Arbeiten mit der Franzen-Wolle etwas \u00dcbung<\/p>\n<p>&nbsp;<\/p>\n<p>MEHR VARIANTEN UND IDEEN FINDET IHR HIER<\/p>\n<p><a href=\"https:\/\/dadade.eu\/?p=11668\"><strong>VIELE TOLLE BILDER<\/strong> von flei\u00dfigen Helfer und H\u00e4nden<\/a><\/p>\n<p>&nbsp;<\/p>\n<p>&nbsp;<\/p>\n<p>&nbsp;<\/p>\n","protected":false},"excerpt":{"rendered":"<div id=\"cc-m-13954443088\">\n<p>Hier kauft man die H\u00e4kelanleitung f\u00fcr die Flamingo-Dame Flavia,<\/p>\n<p>ob als Dekoration, der Hingucker<\/p>\n<p>oder einfach als Kuscheltier, mit flauschiger Wolle ist Flavia zum Knuddeln bereit.<\/p>\n<p>Mit dem Kauf erh\u00e4ltst du eine leicht verst\u00e4ndliche H\u00e4kelanleitung im praktischen PDF-Format.<\/p>\n<p>Die Anleitung ist auch schon f\u00fcr Anf\u00e4nger geeignet.<\/p>\n<p>Mit H\u00e4kelnadel Nadelst\u00e4rke 2,5 \u00a0ist Flavia geh\u00e4kelt, ist Flavia ungef\u00e4hr; 46cm hoch<\/p>\n<p>Mit Nadelst\u00e4rke 4,5 \u00a0wird Flavia ca 1,30m hoch.<\/p>\n<p>&nbsp;<\/p>\n<\/div>\n<div id=\"cc-m-13954443188\" class=\"j-module n j-text \">\n<p>&nbsp;<\/p>\n<p>&nbsp;<\/p>\n<p>&nbsp;<\/p>\n<\/div>\n","protected":false},"featured_media":11772,"template":"","meta":[],"product_brand":[],"product_cat":[57,35,39],"product_tag":[90,89,242,329,895,896,87,94,93,92,245,180,88,243,244,91,392,105,95,96],"class_list":{"0":"post-11758","1":"product","2":"type-product","3":"status-publish","4":"has-post-thumbnail","6":"product_cat-3mittel","7":"product_cat-amigurumi","8":"product_cat-amigurumis-zum-kuscheln","9":"product_tag-amigurumi","10":"product_tag-baby","11":"product_tag-dekoration-haekeln","12":"product_tag-flamingo","13":"product_tag-flamingo-haekeln","14":"product_tag-flauschig","15":"product_tag-geschenk","16":"product_tag-haekelanleitung","17":"product_tag-haekeln","18":"product_tag-kinder","19":"product_tag-kuschelige-haekeltiere","20":"product_tag-kuscheltier","21":"product_tag-kuscheltier-haekeln","22":"product_tag-kuschelwolle","23":"product_tag-kuschelwolle-haekeln","24":"product_tag-plueschtier","25":"product_tag-plueschtier-haekeln","26":"product_tag-vogel","27":"product_tag-wolle","28":"product_tag-wollreste","30":"first","31":"instock","32":"downloadable","33":"shipping-taxable","34":"purchasable","35":"product-type-simple"},"_links":{"self":[{"href":"https:\/\/dadade.eu\/index.php?rest_route=\/wp\/v2\/product\/11758","targetHints":{"allow":["GET"]}}],"collection":[{"href":"https:\/\/dadade.eu\/index.php?rest_route=\/wp\/v2\/product"}],"about":[{"href":"https:\/\/dadade.eu\/index.php?rest_route=\/wp\/v2\/types\/product"}],"wp:featuredmedia":[{"embeddable":true,"href":"https:\/\/dadade.eu\/index.php?rest_route=\/wp\/v2\/media\/11772"}],"wp:attachment":[{"href":"https:\/\/dadade.eu\/index.php?rest_route=%2Fwp%2Fv2%2Fmedia&parent=11758"}],"wp:term":[{"taxonomy":"product_brand","embeddable":true,"href":"https:\/\/dadade.eu\/index.php?rest_route=%2Fwp%2Fv2%2Fproduct_brand&post=11758"},{"taxonomy":"product_cat","embeddable":true,"href":"https:\/\/dadade.eu\/index.php?rest_route=%2Fwp%2Fv2%2Fproduct_cat&post=11758"},{"taxonomy":"product_tag","embeddable":true,"href":"https:\/\/dadade.eu\/index.php?rest_route=%2Fwp%2Fv2%2Fproduct_tag&post=11758"}],"curies":[{"name":"wp","href":"https:\/\/api.w.org\/{rel}","templated":true}]}}