{"id":11718,"date":"2017-11-30T15:32:10","date_gmt":"2017-11-30T14:32:10","guid":{"rendered":"https:\/\/dadade.eu\/?post_type=product&#038;p=11718"},"modified":"2025-11-28T11:27:38","modified_gmt":"2025-11-28T10:27:38","slug":"affe-monki-zum-kuscheln-a101","status":"publish","type":"product","link":"https:\/\/dadade.eu\/?product=affe-monki-zum-kuscheln-a101","title":{"rendered":"Affe Monki, zum Kuscheln (A101)"},"content":{"rendered":"<p>Die Anleitung ist ausf\u00fchrlich mit vielen Bildern hinterlegt und wird auf 23 Seiten &amp; 10 (Zubeh\u00f6r) Seiten Schritt-f\u00fcr-Schritt beschrieben!<\/p>\n<p>&nbsp;<\/p>\n<p>MEHR VARIANTEN UND IDEEN FINDET IHR HIER<\/p>\n<p><a href=\"https:\/\/dadade.eu\/?p=11668\"><strong>VIELE TOLLE BILDER<\/strong> von flei\u00dfigen Helfer und H\u00e4nden<\/a><\/p>\n<p>&nbsp;<\/p>\n<p>&nbsp;<\/p>\n<p>&nbsp;<\/p>\n","protected":false},"excerpt":{"rendered":"<div id=\"cc-m-13954443088\">\n<p>Hier kauft man die H\u00e4kelanleitung f\u00fcr den Affen Monki,<\/p>\n<p>sowie f\u00fcr die Hose von Moritz Monki,<\/p>\n<p>und den Rock von Moni Monki.<\/p>\n<p>Der Schlenkeraffe ist ein Geschenk, das jedes Kinderherz h\u00f6her schlagen l\u00e4sst.<\/p>\n<p>Der Affe ist mit kuscheliger Teddywolle geh\u00e4kelt und mit weicher Watte ausgestopft.<\/p>\n<p>Mit dem Kauf erh\u00e4ltst du eine leicht verst\u00e4ndliche H\u00e4kelanleitung im praktischen PDF-Format.<\/p>\n<p>Die Anleitung ist auch schon f\u00fcr Anf\u00e4nger geeignet.<\/p>\n<p>Mit Nadelst\u00e4rke 3 geh\u00e4kelt, wird der Affe ungef\u00e4hr; 42cm hoch<\/p>\n<p>&nbsp;<\/p>\n<p>&nbsp;<\/p>\n<\/div>\n<div id=\"cc-m-13954443188\" class=\"j-module n j-text \">\n<p>&nbsp;<\/p>\n<p>&nbsp;<\/p>\n<p>&nbsp;<\/p>\n<\/div>\n","protected":false},"featured_media":11719,"template":"","meta":[],"product_brand":[],"product_cat":[56,35,39],"product_tag":[190,191,90,89,242,87,94,93,92,245,180,88,243,244,91,392,890,889,95,96],"class_list":{"0":"post-11718","1":"product","2":"type-product","3":"status-publish","4":"has-post-thumbnail","6":"product_cat-2einfach","7":"product_cat-amigurumi","8":"product_cat-amigurumis-zum-kuscheln","9":"product_tag-affe","10":"product_tag-affe-haekeln","11":"product_tag-amigurumi","12":"product_tag-baby","13":"product_tag-dekoration-haekeln","14":"product_tag-geschenk","15":"product_tag-haekelanleitung","16":"product_tag-haekeln","17":"product_tag-kinder","18":"product_tag-kuschelige-haekeltiere","19":"product_tag-kuscheltier","20":"product_tag-kuscheltier-haekeln","21":"product_tag-kuschelwolle","22":"product_tag-kuschelwolle-haekeln","23":"product_tag-plueschtier","24":"product_tag-plueschtier-haekeln","25":"product_tag-schlenker-affe-haekeln","26":"product_tag-schlenkeraffe","27":"product_tag-wolle","28":"product_tag-wollreste","30":"first","31":"instock","32":"downloadable","33":"shipping-taxable","34":"purchasable","35":"product-type-simple"},"_links":{"self":[{"href":"https:\/\/dadade.eu\/index.php?rest_route=\/wp\/v2\/product\/11718","targetHints":{"allow":["GET"]}}],"collection":[{"href":"https:\/\/dadade.eu\/index.php?rest_route=\/wp\/v2\/product"}],"about":[{"href":"https:\/\/dadade.eu\/index.php?rest_route=\/wp\/v2\/types\/product"}],"wp:featuredmedia":[{"embeddable":true,"href":"https:\/\/dadade.eu\/index.php?rest_route=\/wp\/v2\/media\/11719"}],"wp:attachment":[{"href":"https:\/\/dadade.eu\/index.php?rest_route=%2Fwp%2Fv2%2Fmedia&parent=11718"}],"wp:term":[{"taxonomy":"product_brand","embeddable":true,"href":"https:\/\/dadade.eu\/index.php?rest_route=%2Fwp%2Fv2%2Fproduct_brand&post=11718"},{"taxonomy":"product_cat","embeddable":true,"href":"https:\/\/dadade.eu\/index.php?rest_route=%2Fwp%2Fv2%2Fproduct_cat&post=11718"},{"taxonomy":"product_tag","embeddable":true,"href":"https:\/\/dadade.eu\/index.php?rest_route=%2Fwp%2Fv2%2Fproduct_tag&post=11718"}],"curies":[{"name":"wp","href":"https:\/\/api.w.org\/{rel}","templated":true}]}}