{"id":11636,"date":"2018-08-31T02:49:16","date_gmt":"2018-08-31T00:49:16","guid":{"rendered":"https:\/\/dadade.eu\/?post_type=product&#038;p=11636"},"modified":"2023-03-31T03:49:03","modified_gmt":"2023-03-31T01:49:03","slug":"einhorn-pegasus-pony-glitzer-pferd-zum-kuscheln-a110","status":"publish","type":"product","link":"https:\/\/dadade.eu\/?product=einhorn-pegasus-pony-glitzer-pferd-zum-kuscheln-a110","title":{"rendered":"Einhorn, Pegasus, Pony &#038; Glitzer &#8211; Pferd, zum Kuscheln (A110)"},"content":{"rendered":"<p><img decoding=\"async\" class=\"alignnone wp-image-11637\" src=\"https:\/\/dadade.eu\/wp-content\/uploads\/2023\/03\/x1-Pony-1-300x225.jpg\" alt=\"\" width=\"231\" height=\"173\" srcset=\"https:\/\/dadade.eu\/wp-content\/uploads\/2023\/03\/x1-Pony-1-300x225.jpg 300w, https:\/\/dadade.eu\/wp-content\/uploads\/2023\/03\/x1-Pony-1-600x450.jpg 600w, https:\/\/dadade.eu\/wp-content\/uploads\/2023\/03\/x1-Pony-1-64x48.jpg 64w, https:\/\/dadade.eu\/wp-content\/uploads\/2023\/03\/x1-Pony-1-1024x768.jpg 1024w, https:\/\/dadade.eu\/wp-content\/uploads\/2023\/03\/x1-Pony-1-768x576.jpg 768w, https:\/\/dadade.eu\/wp-content\/uploads\/2023\/03\/x1-Pony-1.jpg 1400w\" sizes=\"(max-width: 231px) 100vw, 231px\" \/> <strong>das niedliche Pony<\/strong><\/p>\n<p><img decoding=\"async\" class=\"alignnone wp-image-11642\" src=\"https:\/\/dadade.eu\/wp-content\/uploads\/2023\/03\/x1-Pony-Glitzer-1-300x225.jpg\" alt=\"\" width=\"231\" height=\"173\" srcset=\"https:\/\/dadade.eu\/wp-content\/uploads\/2023\/03\/x1-Pony-Glitzer-1-300x225.jpg 300w, https:\/\/dadade.eu\/wp-content\/uploads\/2023\/03\/x1-Pony-Glitzer-1-600x450.jpg 600w, https:\/\/dadade.eu\/wp-content\/uploads\/2023\/03\/x1-Pony-Glitzer-1-64x48.jpg 64w, https:\/\/dadade.eu\/wp-content\/uploads\/2023\/03\/x1-Pony-Glitzer-1-1024x768.jpg 1024w, https:\/\/dadade.eu\/wp-content\/uploads\/2023\/03\/x1-Pony-Glitzer-1-768x576.jpg 768w, https:\/\/dadade.eu\/wp-content\/uploads\/2023\/03\/x1-Pony-Glitzer-1.jpg 1400w\" sizes=\"(max-width: 231px) 100vw, 231px\" \/> <strong>das s\u00fc\u00dfe Glitzer-Pony<\/strong><\/p>\n<p><img decoding=\"async\" class=\"alignnone wp-image-11663\" src=\"https:\/\/dadade.eu\/wp-content\/uploads\/2023\/03\/xEinhorn1-Pegasus0-300x225.jpg\" alt=\"\" width=\"229\" height=\"172\" srcset=\"https:\/\/dadade.eu\/wp-content\/uploads\/2023\/03\/xEinhorn1-Pegasus0-300x225.jpg 300w, https:\/\/dadade.eu\/wp-content\/uploads\/2023\/03\/xEinhorn1-Pegasus0-600x450.jpg 600w, https:\/\/dadade.eu\/wp-content\/uploads\/2023\/03\/xEinhorn1-Pegasus0-64x48.jpg 64w, https:\/\/dadade.eu\/wp-content\/uploads\/2023\/03\/xEinhorn1-Pegasus0-1024x768.jpg 1024w, https:\/\/dadade.eu\/wp-content\/uploads\/2023\/03\/xEinhorn1-Pegasus0-768x576.jpg 768w, https:\/\/dadade.eu\/wp-content\/uploads\/2023\/03\/xEinhorn1-Pegasus0.jpg 1400w\" sizes=\"(max-width: 229px) 100vw, 229px\" \/> <strong>das rosa Einhorn<\/strong><\/p>\n<p><img loading=\"lazy\" decoding=\"async\" class=\"alignnone wp-image-11659\" src=\"https:\/\/dadade.eu\/wp-content\/uploads\/2023\/03\/xEinhorn0-Pegasus1-300x225.jpg\" alt=\"\" width=\"229\" height=\"172\" srcset=\"https:\/\/dadade.eu\/wp-content\/uploads\/2023\/03\/xEinhorn0-Pegasus1-300x225.jpg 300w, https:\/\/dadade.eu\/wp-content\/uploads\/2023\/03\/xEinhorn0-Pegasus1-600x450.jpg 600w, https:\/\/dadade.eu\/wp-content\/uploads\/2023\/03\/xEinhorn0-Pegasus1-64x48.jpg 64w, https:\/\/dadade.eu\/wp-content\/uploads\/2023\/03\/xEinhorn0-Pegasus1-1024x768.jpg 1024w, https:\/\/dadade.eu\/wp-content\/uploads\/2023\/03\/xEinhorn0-Pegasus1-768x576.jpg 768w, https:\/\/dadade.eu\/wp-content\/uploads\/2023\/03\/xEinhorn0-Pegasus1.jpg 1400w\" sizes=\"(max-width: 229px) 100vw, 229px\" \/><strong>und noch der Pegasus<\/strong><\/p>\n<p>Die Anleitung ist ausf\u00fchrlich mit vielen Bildern hinterlegt und wird auf 31 Seiten Schritt-f\u00fcr-Schritt beschrieben!<\/p>\n<p>&nbsp;<\/p>\n<p>&nbsp;<\/p>\n<p>MEHR VARIANTEN UND IDEEN FINDET IHR HIER<\/p>\n<p><a href=\"https:\/\/dadade.eu\/?p=11668\"><strong>VIELE TOLLE BILDER<\/strong> von flei\u00dfigen Helfer und H\u00e4nden<\/a><\/p>\n<p>&nbsp;<\/p>\n<p>&nbsp;<\/p>\n<p>&nbsp;<\/p>\n","protected":false},"excerpt":{"rendered":"<div id=\"cc-m-13954443088\">\n<p>Hier kauft man die H\u00e4kelanleitung f\u00fcr<\/p>\n<p>1.Pegasus<\/p>\n<p>2.das Einhorn,<\/p>\n<p>3.Oder einfach ein Pony, mit oder ohne Glitzer<\/p>\n<p>4.Ob mit Rassel oder auch ohne, hier hast du eine Anleitung mit vielen M\u00f6glichkeiten<\/p>\n<p>Ein Geschenk, das jedes Kinderherz h\u00f6her schlagen l\u00e4sst.<\/p>\n<p>Mit ca 40gr Baumwolle 100gr\/530m, und mit der Nadelst\u00e4rke 2 geh\u00e4kelt, wird das Einhorn und Pegasus ungef\u00e4hr; 12 cm breit und 14 cm hoch<\/p>\n<p>Mit Glitzerwolle 50gr\/194m, und mit der Nadelst\u00e4rke 3 geh\u00e4kelt, wird das Glitzer-Pony ungef\u00e4hr; 18 cm breit und 22 cm hoch<\/p>\n<p>Mit Strumpfwolle der Nadelst\u00e4rke 3, aber mit Nadelst\u00e4rke 2 geh\u00e4kelt, wird das Pony ungef\u00e4hr; 14 cm breit und 18 cm hoch<\/p>\n<p>&nbsp;<\/p>\n<p>&nbsp;<\/p>\n<\/div>\n<div id=\"cc-m-13954443188\" class=\"j-module n j-text \">\n<p>&nbsp;<\/p>\n<p>&nbsp;<\/p>\n<p>&nbsp;<\/p>\n<\/div>\n","protected":false},"featured_media":11657,"template":"","meta":[],"product_brand":[],"product_cat":[56,35,39,66],"product_tag":[90,89,242,87,94,93,92,245,180,88,243,244,416,91,392,95,96],"class_list":{"0":"post-11636","1":"product","2":"type-product","3":"status-publish","4":"has-post-thumbnail","6":"product_cat-2einfach","7":"product_cat-amigurumi","8":"product_cat-amigurumis-zum-kuscheln","9":"product_cat-mini","10":"product_tag-amigurumi","11":"product_tag-baby","12":"product_tag-dekoration-haekeln","13":"product_tag-geschenk","14":"product_tag-haekelanleitung","15":"product_tag-haekeln","16":"product_tag-kinder","17":"product_tag-kuschelige-haekeltiere","18":"product_tag-kuscheltier","19":"product_tag-kuscheltier-haekeln","20":"product_tag-kuschelwolle","21":"product_tag-kuschelwolle-haekeln","22":"product_tag-pfeife","23":"product_tag-plueschtier","24":"product_tag-plueschtier-haekeln","25":"product_tag-wolle","26":"product_tag-wollreste","28":"first","29":"instock","30":"downloadable","31":"shipping-taxable","32":"purchasable","33":"product-type-simple"},"_links":{"self":[{"href":"https:\/\/dadade.eu\/index.php?rest_route=\/wp\/v2\/product\/11636","targetHints":{"allow":["GET"]}}],"collection":[{"href":"https:\/\/dadade.eu\/index.php?rest_route=\/wp\/v2\/product"}],"about":[{"href":"https:\/\/dadade.eu\/index.php?rest_route=\/wp\/v2\/types\/product"}],"wp:featuredmedia":[{"embeddable":true,"href":"https:\/\/dadade.eu\/index.php?rest_route=\/wp\/v2\/media\/11657"}],"wp:attachment":[{"href":"https:\/\/dadade.eu\/index.php?rest_route=%2Fwp%2Fv2%2Fmedia&parent=11636"}],"wp:term":[{"taxonomy":"product_brand","embeddable":true,"href":"https:\/\/dadade.eu\/index.php?rest_route=%2Fwp%2Fv2%2Fproduct_brand&post=11636"},{"taxonomy":"product_cat","embeddable":true,"href":"https:\/\/dadade.eu\/index.php?rest_route=%2Fwp%2Fv2%2Fproduct_cat&post=11636"},{"taxonomy":"product_tag","embeddable":true,"href":"https:\/\/dadade.eu\/index.php?rest_route=%2Fwp%2Fv2%2Fproduct_tag&post=11636"}],"curies":[{"name":"wp","href":"https:\/\/api.w.org\/{rel}","templated":true}]}}