{"id":11419,"date":"2017-01-18T12:04:26","date_gmt":"2017-01-18T11:04:26","guid":{"rendered":"https:\/\/dadade.eu\/?post_type=product&#038;p=11419"},"modified":"2023-06-09T15:06:44","modified_gmt":"2023-06-09T13:06:44","slug":"clown-fisch-schluesselanhaenger-mit-chiptasche-kuscheltier-a906-kopie","status":"publish","type":"product","link":"https:\/\/dadade.eu\/?product=clown-fisch-schluesselanhaenger-mit-chiptasche-kuscheltier-a906-kopie","title":{"rendered":"Erdm\u00e4nnchen, Schl\u00fcsselanh\u00e4nger &#038; Kuscheltier (A923)"},"content":{"rendered":"<p><img fetchpriority=\"high\" decoding=\"async\" class=\"alignnone size-medium wp-image-11424\" src=\"https:\/\/dadade.eu\/wp-content\/uploads\/2023\/03\/x1Erdmaennchen-kuscheln-4-300x225.jpg\" alt=\"\" width=\"300\" height=\"225\" srcset=\"https:\/\/dadade.eu\/wp-content\/uploads\/2023\/03\/x1Erdmaennchen-kuscheln-4-300x225.jpg 300w, https:\/\/dadade.eu\/wp-content\/uploads\/2023\/03\/x1Erdmaennchen-kuscheln-4-600x450.jpg 600w, https:\/\/dadade.eu\/wp-content\/uploads\/2023\/03\/x1Erdmaennchen-kuscheln-4-64x48.jpg 64w, https:\/\/dadade.eu\/wp-content\/uploads\/2023\/03\/x1Erdmaennchen-kuscheln-4-1024x768.jpg 1024w, https:\/\/dadade.eu\/wp-content\/uploads\/2023\/03\/x1Erdmaennchen-kuscheln-4-768x576.jpg 768w, https:\/\/dadade.eu\/wp-content\/uploads\/2023\/03\/x1Erdmaennchen-kuscheln-4.jpg 1400w\" sizes=\"(max-width: 300px) 100vw, 300px\" \/>das Erdm\u00e4nnchen gibt es auch als Kuscheltier &#8211; die Extra-Anleitung liegt dabei.<\/p>\n<p>Die Anleitung ist ausf\u00fchrlich mit vielen Bildern hinterlegt und wird auf 20 Seiten Schritt-f\u00fcr-Schritt beschrieben!<\/p>\n<p>&nbsp;<\/p>\n<p>&nbsp;<\/p>\n<p>MEHR VARIANTEN UND IDEEN FINDET IHR HIER<\/p>\n<p><a href=\"https:\/\/dadade.eu\/?p=11262\"><strong>VIELE TOLLE BILDER<\/strong> von flei\u00dfigen Helfer und H\u00e4nden<\/a><\/p>\n<p>&nbsp;<\/p>\n<p>&nbsp;<\/p>\n<p>&nbsp;<\/p>\n","protected":false},"excerpt":{"rendered":"<div id=\"cc-m-13954443088\">\n<p>Hier kauft man die H\u00e4kelanleitung f\u00fcr dieses putzige Erdm\u00e4nnchen, in 2 Varianten<\/p>\n<p><strong>1 als kleiner Gl\u00fccksbringer,<\/strong><\/p>\n<p>Mit Baumwolle der Nadelst\u00e4rke 2 wird der Schl\u00fcsselanh\u00e4nger Erdm\u00e4nnchen ungef\u00e4hr; 10 cm hoch<\/p>\n<p>Er kann an eine Handtasche, Ranzen, Autospiegel oder auch Schl\u00fcsselbund geh\u00e4ngt werden, weitere Schl\u00fcsselanh\u00e4nger findet ihr\u00a0 in meinem Shop.<\/p>\n<p>Schulanf\u00e4nger freuen sich besonders auf die kleinen Anh\u00e4nger, zuerst an die Schult\u00fcte,\u00a0dann an den Ranzen.<\/p>\n<p><strong>2 als Kuscheltier<\/strong><\/p>\n<p>Oder du h\u00e4kelst mit der Himalaya Dolphin Baby, dann hast du ein s\u00fc\u00dfes Kuscheltier in der Gr\u00f6\u00dfe von ca 26cm hoch und \u00a032cm lang mit Schwanz.<\/p>\n<\/div>\n<div id=\"cc-m-13954443188\" class=\"j-module n j-text \">\n<p>H\u00e4kelt doch mal das Erdm\u00e4nnchen als Anh\u00e4nger f\u00fcr die Schult\u00fcte und in Chenille-Wolle als Kuscheltier f\u00fcr in die Schult\u00fcte hinein<\/p>\n<p>&nbsp;<\/p>\n<\/div>\n","protected":false},"featured_media":11429,"template":"","meta":[],"product_brand":[],"product_cat":[56,40,35,69],"product_tag":[90,833,89,837,839,233,242,339,340,87,557,94,93,830,831,194,92,245,180,88,243,244,829,91,392,195,838,820,855,856,821,822,823,824,682,95,96],"class_list":{"0":"post-11419","1":"product","2":"type-product","3":"status-publish","4":"has-post-thumbnail","6":"product_cat-2einfach","7":"product_cat-anhaenger-fuer-schluessel","8":"product_cat-amigurumi","9":"product_cat-mittel","10":"product_tag-amigurumi","11":"product_tag-anhaenger","12":"product_tag-baby","13":"product_tag-chip","14":"product_tag-chip-tasche","15":"product_tag-dekoration","16":"product_tag-dekoration-haekeln","17":"product_tag-erdmaennchen","18":"product_tag-erdmaennchen-haekeln","19":"product_tag-geschenk","20":"product_tag-gluecksbringer","21":"product_tag-haekelanleitung","22":"product_tag-haekeln","23":"product_tag-key-ring","24":"product_tag-keychains","25":"product_tag-kind","26":"product_tag-kinder","27":"product_tag-kuschelige-haekeltiere","28":"product_tag-kuscheltier","29":"product_tag-kuscheltier-haekeln","30":"product_tag-kuschelwolle","31":"product_tag-kuschelwolle-haekeln","32":"product_tag-originell","33":"product_tag-plueschtier","34":"product_tag-plueschtier-haekeln","35":"product_tag-praesent","36":"product_tag-samtwolle","37":"product_tag-schluesselanhaenger","38":"product_tag-schluesselanhaenger-erdmaennchen","39":"product_tag-schluesselanhaenger-erdmaennchen-haekeln","40":"product_tag-schluesselanhaenger-haekeln","41":"product_tag-schluesselring","42":"product_tag-taschenbaumler","43":"product_tag-taschenbaumler-haekeln","44":"product_tag-tier","45":"product_tag-wolle","46":"product_tag-wollreste","48":"first","49":"instock","50":"downloadable","51":"shipping-taxable","52":"purchasable","53":"product-type-simple"},"_links":{"self":[{"href":"https:\/\/dadade.eu\/index.php?rest_route=\/wp\/v2\/product\/11419","targetHints":{"allow":["GET"]}}],"collection":[{"href":"https:\/\/dadade.eu\/index.php?rest_route=\/wp\/v2\/product"}],"about":[{"href":"https:\/\/dadade.eu\/index.php?rest_route=\/wp\/v2\/types\/product"}],"wp:featuredmedia":[{"embeddable":true,"href":"https:\/\/dadade.eu\/index.php?rest_route=\/wp\/v2\/media\/11429"}],"wp:attachment":[{"href":"https:\/\/dadade.eu\/index.php?rest_route=%2Fwp%2Fv2%2Fmedia&parent=11419"}],"wp:term":[{"taxonomy":"product_brand","embeddable":true,"href":"https:\/\/dadade.eu\/index.php?rest_route=%2Fwp%2Fv2%2Fproduct_brand&post=11419"},{"taxonomy":"product_cat","embeddable":true,"href":"https:\/\/dadade.eu\/index.php?rest_route=%2Fwp%2Fv2%2Fproduct_cat&post=11419"},{"taxonomy":"product_tag","embeddable":true,"href":"https:\/\/dadade.eu\/index.php?rest_route=%2Fwp%2Fv2%2Fproduct_tag&post=11419"}],"curies":[{"name":"wp","href":"https:\/\/api.w.org\/{rel}","templated":true}]}}