{"id":11397,"date":"2015-06-18T11:25:47","date_gmt":"2015-06-18T09:25:47","guid":{"rendered":"https:\/\/dadade.eu\/?post_type=product&#038;p=11397"},"modified":"2023-03-18T17:04:47","modified_gmt":"2023-03-18T16:04:47","slug":"kaefer-schluesselanhaenger-mit-chiptasche-a914","status":"publish","type":"product","link":"https:\/\/dadade.eu\/?product=kaefer-schluesselanhaenger-mit-chiptasche-a914","title":{"rendered":"K\u00e4fer, Schl\u00fcsselanh\u00e4nger mit Chiptasche (A914)"},"content":{"rendered":"<p><img decoding=\"async\" class=\"alignnone wp-image-11467\" src=\"https:\/\/dadade.eu\/wp-content\/uploads\/2023\/03\/Schluesselanhaenger-Kaefer-2j-300x300.jpg\" alt=\"\" width=\"198\" height=\"198\" srcset=\"https:\/\/dadade.eu\/wp-content\/uploads\/2023\/03\/Schluesselanhaenger-Kaefer-2j-300x300.jpg 300w, https:\/\/dadade.eu\/wp-content\/uploads\/2023\/03\/Schluesselanhaenger-Kaefer-2j-100x100.jpg 100w, https:\/\/dadade.eu\/wp-content\/uploads\/2023\/03\/Schluesselanhaenger-Kaefer-2j-600x600.jpg 600w, https:\/\/dadade.eu\/wp-content\/uploads\/2023\/03\/Schluesselanhaenger-Kaefer-2j-64x64.jpg 64w, https:\/\/dadade.eu\/wp-content\/uploads\/2023\/03\/Schluesselanhaenger-Kaefer-2j-1024x1024.jpg 1024w, https:\/\/dadade.eu\/wp-content\/uploads\/2023\/03\/Schluesselanhaenger-Kaefer-2j-150x150.jpg 150w, https:\/\/dadade.eu\/wp-content\/uploads\/2023\/03\/Schluesselanhaenger-Kaefer-2j-768x768.jpg 768w, https:\/\/dadade.eu\/wp-content\/uploads\/2023\/03\/Schluesselanhaenger-Kaefer-2j-1536x1536.jpg 1536w, https:\/\/dadade.eu\/wp-content\/uploads\/2023\/03\/Schluesselanhaenger-Kaefer-2j.jpg 2000w\" sizes=\"(max-width: 198px) 100vw, 198px\" \/> der K\u00e4fer hat eine praktische Chiptasche<\/p>\n<p>Die Anleitung ist ausf\u00fchrlich mit vielen Bildern hinterlegt und wird auf 10 Seiten Schritt-f\u00fcr-Schritt beschrieben<\/p>\n<p>&nbsp;<\/p>\n<p>MEHR VARIANTEN UND IDEEN FINDET IHR HIER<\/p>\n<p><a href=\"https:\/\/dadade.eu\/?p=11262\"><strong>VIELE TOLLE BILDER<\/strong> von flei\u00dfigen Helfer und H\u00e4nden<\/a><\/p>\n<p>&nbsp;<\/p>\n<p>&nbsp;<\/p>\n<p>&nbsp;<\/p>\n","protected":false},"excerpt":{"rendered":"<div id=\"cc-m-13954443088\">\n<p>Hier kauft man die H\u00e4kelanleitung f\u00fcr diesen sch\u00f6nen und praktischen Schl\u00fcsselanh\u00e4nger K\u00e4fer, mit Fach f\u00fcr Einkaufs-Chip<\/p>\n<p>auch als\u00a0 Auto-, Ranzen- oder Taschen- Anh\u00e4nger ist die Schildkr\u00f6te beliebt,<\/p>\n<p>Dieser Schl\u00fcsselanh\u00e4nger ist schnell und einfach geh\u00e4kelt, und immer als kleines Mitbringsel willkommen, ein Mitbringsel auf den letzten Dr\u00fccker,<\/p>\n<p>oder du hast Wollreste und wei\u00dft nicht was damit machen sollst??? f\u00fcr den K\u00e4fer brauchst du nur ab ca 4gr Wolle.<\/p>\n<p>&gt;Kleine Geschenk erhalten die Freundschaft&lt;&lt;<\/p>\n<p>Hier kann man sich nach Lust und Laune austoben, mit Wollreste, Pailletten, Perlen, Wackelaugen \u2013 Alles was die Schatzkiste hergibt;<\/p>\n<p><strong>Lasst der Fantasie freien Lauf<\/strong>.<\/p>\n<p>Mit Baumwolle der Nadelst\u00e4rke 2 wird der K\u00e4fer ungef\u00e4hr; 5,5 cm lang, 2 cm hoch und 4,5cm breit<\/p>\n<\/div>\n<div id=\"cc-m-13954443188\" class=\"j-module n j-text \">\n<p>&nbsp;<\/p>\n<p>&nbsp;<\/p>\n<p>&nbsp;<\/p>\n<\/div>\n","protected":false},"featured_media":11473,"template":"","meta":[],"product_brand":[],"product_cat":[56,40,35,66,69],"product_tag":[90,833,837,839,233,242,840,834,87,557,94,93,301,97,830,831,194,829,195,820,821,879,822,823,824,682,832,95,96],"class_list":{"0":"post-11397","1":"product","2":"type-product","3":"status-publish","4":"has-post-thumbnail","6":"product_cat-2einfach","7":"product_cat-anhaenger-fuer-schluessel","8":"product_cat-amigurumi","9":"product_cat-mini","10":"product_cat-mittel","11":"product_tag-amigurumi","12":"product_tag-anhaenger","13":"product_tag-chip","14":"product_tag-chip-tasche","15":"product_tag-dekoration","16":"product_tag-dekoration-haekeln","17":"product_tag-einkaufs-chip","18":"product_tag-einkaufschip","19":"product_tag-geschenk","20":"product_tag-gluecksbringer","21":"product_tag-haekelanleitung","22":"product_tag-haekeln","23":"product_tag-kaefer","24":"product_tag-kaefer-haekeln","25":"product_tag-key-ring","26":"product_tag-keychains","27":"product_tag-kind","28":"product_tag-originell","29":"product_tag-praesent","30":"product_tag-schluesselanhaenger","31":"product_tag-schluesselanhaenger-haekeln","32":"product_tag-schluesselanhaenger-kaefer","33":"product_tag-schluesselring","34":"product_tag-taschenbaumler","35":"product_tag-taschenbaumler-haekeln","36":"product_tag-tier","37":"product_tag-wasserbewohner","38":"product_tag-wolle","39":"product_tag-wollreste","41":"first","42":"instock","43":"downloadable","44":"shipping-taxable","45":"purchasable","46":"product-type-simple"},"_links":{"self":[{"href":"https:\/\/dadade.eu\/index.php?rest_route=\/wp\/v2\/product\/11397","targetHints":{"allow":["GET"]}}],"collection":[{"href":"https:\/\/dadade.eu\/index.php?rest_route=\/wp\/v2\/product"}],"about":[{"href":"https:\/\/dadade.eu\/index.php?rest_route=\/wp\/v2\/types\/product"}],"wp:featuredmedia":[{"embeddable":true,"href":"https:\/\/dadade.eu\/index.php?rest_route=\/wp\/v2\/media\/11473"}],"wp:attachment":[{"href":"https:\/\/dadade.eu\/index.php?rest_route=%2Fwp%2Fv2%2Fmedia&parent=11397"}],"wp:term":[{"taxonomy":"product_brand","embeddable":true,"href":"https:\/\/dadade.eu\/index.php?rest_route=%2Fwp%2Fv2%2Fproduct_brand&post=11397"},{"taxonomy":"product_cat","embeddable":true,"href":"https:\/\/dadade.eu\/index.php?rest_route=%2Fwp%2Fv2%2Fproduct_cat&post=11397"},{"taxonomy":"product_tag","embeddable":true,"href":"https:\/\/dadade.eu\/index.php?rest_route=%2Fwp%2Fv2%2Fproduct_tag&post=11397"}],"curies":[{"name":"wp","href":"https:\/\/api.w.org\/{rel}","templated":true}]}}