{"id":11384,"date":"2015-06-18T10:25:05","date_gmt":"2015-06-18T08:25:05","guid":{"rendered":"https:\/\/dadade.eu\/?post_type=product&#038;p=11384"},"modified":"2025-04-29T20:32:36","modified_gmt":"2025-04-29T18:32:36","slug":"schildkroete-schluesselanhaenger-mit-chiptasche-a918","status":"publish","type":"product","link":"https:\/\/dadade.eu\/?product=schildkroete-schluesselanhaenger-mit-chiptasche-a918","title":{"rendered":"Schildkr\u00f6te, Schl\u00fcsselanh\u00e4nger mit Chiptasche (A918)"},"content":{"rendered":"<p><img fetchpriority=\"high\" decoding=\"async\" class=\"alignnone wp-image-11392\" src=\"https:\/\/dadade.eu\/wp-content\/uploads\/2023\/03\/Schluesselanhaenger-Schildkroete-5j-300x300.jpg\" alt=\"\" width=\"230\" height=\"230\" srcset=\"https:\/\/dadade.eu\/wp-content\/uploads\/2023\/03\/Schluesselanhaenger-Schildkroete-5j-300x300.jpg 300w, https:\/\/dadade.eu\/wp-content\/uploads\/2023\/03\/Schluesselanhaenger-Schildkroete-5j-100x100.jpg 100w, https:\/\/dadade.eu\/wp-content\/uploads\/2023\/03\/Schluesselanhaenger-Schildkroete-5j-600x600.jpg 600w, https:\/\/dadade.eu\/wp-content\/uploads\/2023\/03\/Schluesselanhaenger-Schildkroete-5j-64x64.jpg 64w, https:\/\/dadade.eu\/wp-content\/uploads\/2023\/03\/Schluesselanhaenger-Schildkroete-5j-1024x1024.jpg 1024w, https:\/\/dadade.eu\/wp-content\/uploads\/2023\/03\/Schluesselanhaenger-Schildkroete-5j-150x150.jpg 150w, https:\/\/dadade.eu\/wp-content\/uploads\/2023\/03\/Schluesselanhaenger-Schildkroete-5j-768x768.jpg 768w, https:\/\/dadade.eu\/wp-content\/uploads\/2023\/03\/Schluesselanhaenger-Schildkroete-5j-1536x1536.jpg 1536w, https:\/\/dadade.eu\/wp-content\/uploads\/2023\/03\/Schluesselanhaenger-Schildkroete-5j.jpg 2000w\" sizes=\"(max-width: 230px) 100vw, 230px\" \/> die Schildkr\u00f6te hat eine praktische Chiptasche<\/p>\n<p>Die Anleitung ist ausf\u00fchrlich mit vielen Bildern hinterlegt und wird auf 13 Seiten Schritt-f\u00fcr-Schritt beschrieben<\/p>\n<p>&nbsp;<\/p>\n<p>MEHR VARIANTEN UND IDEEN FINDET IHR HIER<\/p>\n<p><a href=\"https:\/\/dadade.eu\/?p=11262\"><strong>VIELE TOLLE BILDER<\/strong> von flei\u00dfigen Helfer und H\u00e4nden<\/a><\/p>\n<p>&nbsp;<\/p>\n<p>&nbsp;<\/p>\n<p>&nbsp;<\/p>\n","protected":false},"excerpt":{"rendered":"<div id=\"cc-m-13954443088\">\n<p>Hier kauft man die H\u00e4kelanleitung f\u00fcr diesen sch\u00f6nen und praktischen Schl\u00fcsselanh\u00e4nger Schildkr\u00f6te, mit Fach f\u00fcr\u00a0Einkaufs-Chip<\/p>\n<p>auch als\u00a0 Auto-, Ranzen- oder Taschen- Anh\u00e4nger ist die Schildkr\u00f6te beliebt,<\/p>\n<p>Der Anh\u00e4nger ist schnell geh\u00e4kelt und immer als kleines Mitbringsel willkommen<\/p>\n<p>&gt;Kleine Geschenk erhalten die Freundschaft&lt;&lt;<\/p>\n<p>Hier kann man sich nach Lust und Laune austoben, mit Wollreste, Pailletten, Perlen, Wackelaugen \u2013 Alles was die Schatzkiste hergibt;<\/p>\n<p><strong>Lasst der Fantasie freien Lauf<\/strong>.<\/p>\n<p>Mit Baumwolle der Nadelst\u00e4rke 2 wird die Schildkr\u00f6te ungef\u00e4hr; 6,5 cm lang, 5,5 cm breit und 3cm hoch<\/p>\n<\/div>\n<div id=\"cc-m-13954443188\" class=\"j-module n j-text \">\n<p>&nbsp;<\/p>\n<p>&nbsp;<\/p>\n<p>&nbsp;<\/p>\n<\/div>\n","protected":false},"featured_media":11394,"template":"","meta":[],"product_brand":[],"product_cat":[56,40,35,66,69],"product_tag":[90,833,837,839,233,242,840,834,87,557,94,93,830,831,194,829,195,820,821,822,823,824,682,832,95,96],"class_list":{"0":"post-11384","1":"product","2":"type-product","3":"status-publish","4":"has-post-thumbnail","6":"product_cat-2einfach","7":"product_cat-anhaenger-fuer-schluessel","8":"product_cat-amigurumi","9":"product_cat-mini","10":"product_cat-mittel","11":"product_tag-amigurumi","12":"product_tag-anhaenger","13":"product_tag-chip","14":"product_tag-chip-tasche","15":"product_tag-dekoration","16":"product_tag-dekoration-haekeln","17":"product_tag-einkaufs-chip","18":"product_tag-einkaufschip","19":"product_tag-geschenk","20":"product_tag-gluecksbringer","21":"product_tag-haekelanleitung","22":"product_tag-haekeln","23":"product_tag-key-ring","24":"product_tag-keychains","25":"product_tag-kind","26":"product_tag-originell","27":"product_tag-praesent","28":"product_tag-schluesselanhaenger","29":"product_tag-schluesselanhaenger-haekeln","30":"product_tag-schluesselring","31":"product_tag-taschenbaumler","32":"product_tag-taschenbaumler-haekeln","33":"product_tag-tier","34":"product_tag-wasserbewohner","35":"product_tag-wolle","36":"product_tag-wollreste","38":"first","39":"instock","40":"downloadable","41":"shipping-taxable","42":"purchasable","43":"product-type-simple"},"_links":{"self":[{"href":"https:\/\/dadade.eu\/index.php?rest_route=\/wp\/v2\/product\/11384","targetHints":{"allow":["GET"]}}],"collection":[{"href":"https:\/\/dadade.eu\/index.php?rest_route=\/wp\/v2\/product"}],"about":[{"href":"https:\/\/dadade.eu\/index.php?rest_route=\/wp\/v2\/types\/product"}],"wp:featuredmedia":[{"embeddable":true,"href":"https:\/\/dadade.eu\/index.php?rest_route=\/wp\/v2\/media\/11394"}],"wp:attachment":[{"href":"https:\/\/dadade.eu\/index.php?rest_route=%2Fwp%2Fv2%2Fmedia&parent=11384"}],"wp:term":[{"taxonomy":"product_brand","embeddable":true,"href":"https:\/\/dadade.eu\/index.php?rest_route=%2Fwp%2Fv2%2Fproduct_brand&post=11384"},{"taxonomy":"product_cat","embeddable":true,"href":"https:\/\/dadade.eu\/index.php?rest_route=%2Fwp%2Fv2%2Fproduct_cat&post=11384"},{"taxonomy":"product_tag","embeddable":true,"href":"https:\/\/dadade.eu\/index.php?rest_route=%2Fwp%2Fv2%2Fproduct_tag&post=11384"}],"curies":[{"name":"wp","href":"https:\/\/api.w.org\/{rel}","templated":true}]}}