{"id":11310,"date":"2019-07-16T19:49:18","date_gmt":"2019-07-16T17:49:18","guid":{"rendered":"https:\/\/dadade.eu\/?post_type=product&#038;p=11310"},"modified":"2023-06-09T15:04:35","modified_gmt":"2023-06-09T13:04:35","slug":"hammer-hai-schluesselanhaenger-mit-chiptasche-kuscheltier-a911","status":"publish","type":"product","link":"https:\/\/dadade.eu\/?product=hammer-hai-schluesselanhaenger-mit-chiptasche-kuscheltier-a911","title":{"rendered":"Hammer &#8211; Hai, Schl\u00fcsselanh\u00e4nger mit Chiptasche &#038; Kuscheltier (A911)"},"content":{"rendered":"<p><img decoding=\"async\" class=\"alignnone wp-image-11321\" src=\"https:\/\/dadade.eu\/wp-content\/uploads\/2023\/03\/Schluesselanhaenger-Hammer-Hai6-300x300.jpg\" alt=\"\" width=\"176\" height=\"176\" srcset=\"https:\/\/dadade.eu\/wp-content\/uploads\/2023\/03\/Schluesselanhaenger-Hammer-Hai6-300x300.jpg 300w, https:\/\/dadade.eu\/wp-content\/uploads\/2023\/03\/Schluesselanhaenger-Hammer-Hai6-100x100.jpg 100w, https:\/\/dadade.eu\/wp-content\/uploads\/2023\/03\/Schluesselanhaenger-Hammer-Hai6-600x600.jpg 600w, https:\/\/dadade.eu\/wp-content\/uploads\/2023\/03\/Schluesselanhaenger-Hammer-Hai6-64x64.jpg 64w, https:\/\/dadade.eu\/wp-content\/uploads\/2023\/03\/Schluesselanhaenger-Hammer-Hai6-1024x1024.jpg 1024w, https:\/\/dadade.eu\/wp-content\/uploads\/2023\/03\/Schluesselanhaenger-Hammer-Hai6-150x150.jpg 150w, https:\/\/dadade.eu\/wp-content\/uploads\/2023\/03\/Schluesselanhaenger-Hammer-Hai6-768x768.jpg 768w, https:\/\/dadade.eu\/wp-content\/uploads\/2023\/03\/Schluesselanhaenger-Hammer-Hai6-1536x1536.jpg 1536w, https:\/\/dadade.eu\/wp-content\/uploads\/2023\/03\/Schluesselanhaenger-Hammer-Hai6-2048x2048.jpg 2048w\" sizes=\"(max-width: 176px) 100vw, 176px\" \/> der Hammer-Hai hat eine praktische Chiptasche, die Anleitung ist f\u00fcr den Schl\u00fcsselanh\u00e4nger &#8211; mit Chiptasche<\/p>\n<p><img decoding=\"async\" class=\"alignnone  wp-image-11313\" src=\"https:\/\/dadade.eu\/wp-content\/uploads\/2023\/03\/xHammerhai-Himalaya-3-300x225.jpg\" alt=\"\" width=\"175\" height=\"131\" srcset=\"https:\/\/dadade.eu\/wp-content\/uploads\/2023\/03\/xHammerhai-Himalaya-3-300x225.jpg 300w, https:\/\/dadade.eu\/wp-content\/uploads\/2023\/03\/xHammerhai-Himalaya-3-600x450.jpg 600w, https:\/\/dadade.eu\/wp-content\/uploads\/2023\/03\/xHammerhai-Himalaya-3-64x48.jpg 64w, https:\/\/dadade.eu\/wp-content\/uploads\/2023\/03\/xHammerhai-Himalaya-3-1024x768.jpg 1024w, https:\/\/dadade.eu\/wp-content\/uploads\/2023\/03\/xHammerhai-Himalaya-3-768x576.jpg 768w, https:\/\/dadade.eu\/wp-content\/uploads\/2023\/03\/xHammerhai-Himalaya-3.jpg 1400w\" sizes=\"(max-width: 175px) 100vw, 175px\" \/>+ zus\u00e4tzlich eine Extra-Erkl\u00e4rung f\u00fcr das Kuscheltier<\/p>\n<p>Die Anleitung ist ausf\u00fchrlich mit vielen Bildern hinterlegt und wird auf 19 Seiten Schritt-f\u00fcr-Schritt beschrieben<\/p>\n<p>&nbsp;<\/p>\n<p>MEHR VARIANTEN UND IDEEN FINDET IHR HIER<\/p>\n<p><a href=\"https:\/\/dadade.eu\/?p=11262\"><strong>VIELE TOLLE BILDER<\/strong> von flei\u00dfigen Helfer und H\u00e4nden<\/a><\/p>\n<p>&nbsp;<\/p>\n<p>&nbsp;<\/p>\n<p>&nbsp;<\/p>\n","protected":false},"excerpt":{"rendered":"<div id=\"cc-m-13954443088\">\n<p>Hier kauft man die H\u00e4kelanleitung f\u00fcr diesen tolle Hammer Hai, in 2 Varianten<\/p>\n<p>das einzige was dieser Hai frisst, sind Einkaufs-Chip<\/p>\n<p><strong>1 als kleiner Gl\u00fccksbringer,<\/strong><\/p>\n<p>der Anh\u00e4nger ist ca 7cm hoch und 16 cm lang, als Schl\u00fcssel-, Auto- Ranzen- oder Taschen- Anh\u00e4nger ist der Hammer-Hai der Hit,<\/p>\n<p>Der Anh\u00e4nger haben im Maul ein Fach f\u00fcr einen Einkaufs-Chip, oder f\u00fcr einen Euro, weitere Schl\u00fcsselanh\u00e4nger sind \u00a0in meinem Shop erh\u00e4ltlich.<\/p>\n<p>Ein Anh\u00e4nger auch f\u00fcr den Mann.<\/p>\n<p><strong>2 als Kuscheltier<\/strong><\/p>\n<p>mit Augen und der Himalaya Dolphin Baby Wolle geh\u00e4kelt,\u00a0 entsteht ein witziges Kuscheltier, ungef\u00e4hr;\u00a0 20cm hoch, 50 cm lang<\/p>\n<\/div>\n<div id=\"cc-m-13954443188\" class=\"j-module n j-text \">\n<p>&nbsp;<\/p>\n<p>&nbsp;<\/p>\n<p>&nbsp;<\/p>\n<\/div>\n","protected":false},"featured_media":11315,"template":"","meta":[],"product_brand":[],"product_cat":[56,40,35,69],"product_tag":[90,833,89,837,839,233,242,840,834,87,557,841,843,94,93,844,842,830,831,194,92,245,180,88,243,244,761,829,91,392,195,838,820,821,822,823,824,682,832,95,96],"class_list":{"0":"post-11310","1":"product","2":"type-product","3":"status-publish","4":"has-post-thumbnail","6":"product_cat-2einfach","7":"product_cat-anhaenger-fuer-schluessel","8":"product_cat-amigurumi","9":"product_cat-mittel","10":"product_tag-amigurumi","11":"product_tag-anhaenger","12":"product_tag-baby","13":"product_tag-chip","14":"product_tag-chip-tasche","15":"product_tag-dekoration","16":"product_tag-dekoration-haekeln","17":"product_tag-einkaufs-chip","18":"product_tag-einkaufschip","19":"product_tag-geschenk","20":"product_tag-gluecksbringer","21":"product_tag-hai","22":"product_tag-hai-haekeln","23":"product_tag-haekelanleitung","24":"product_tag-haekeln","25":"product_tag-hammer-hai-haekeln","26":"product_tag-hammerhai","27":"product_tag-key-ring","28":"product_tag-keychains","29":"product_tag-kind","30":"product_tag-kinder","31":"product_tag-kuschelige-haekeltiere","32":"product_tag-kuscheltier","33":"product_tag-kuscheltier-haekeln","34":"product_tag-kuschelwolle","35":"product_tag-kuschelwolle-haekeln","36":"product_tag-meer","37":"product_tag-originell","38":"product_tag-plueschtier","39":"product_tag-plueschtier-haekeln","40":"product_tag-praesent","41":"product_tag-samtwolle","42":"product_tag-schluesselanhaenger","43":"product_tag-schluesselanhaenger-haekeln","44":"product_tag-schluesselring","45":"product_tag-taschenbaumler","46":"product_tag-taschenbaumler-haekeln","47":"product_tag-tier","48":"product_tag-wasserbewohner","49":"product_tag-wolle","50":"product_tag-wollreste","52":"first","53":"instock","54":"downloadable","55":"shipping-taxable","56":"purchasable","57":"product-type-simple"},"_links":{"self":[{"href":"https:\/\/dadade.eu\/index.php?rest_route=\/wp\/v2\/product\/11310","targetHints":{"allow":["GET"]}}],"collection":[{"href":"https:\/\/dadade.eu\/index.php?rest_route=\/wp\/v2\/product"}],"about":[{"href":"https:\/\/dadade.eu\/index.php?rest_route=\/wp\/v2\/types\/product"}],"wp:featuredmedia":[{"embeddable":true,"href":"https:\/\/dadade.eu\/index.php?rest_route=\/wp\/v2\/media\/11315"}],"wp:attachment":[{"href":"https:\/\/dadade.eu\/index.php?rest_route=%2Fwp%2Fv2%2Fmedia&parent=11310"}],"wp:term":[{"taxonomy":"product_brand","embeddable":true,"href":"https:\/\/dadade.eu\/index.php?rest_route=%2Fwp%2Fv2%2Fproduct_brand&post=11310"},{"taxonomy":"product_cat","embeddable":true,"href":"https:\/\/dadade.eu\/index.php?rest_route=%2Fwp%2Fv2%2Fproduct_cat&post=11310"},{"taxonomy":"product_tag","embeddable":true,"href":"https:\/\/dadade.eu\/index.php?rest_route=%2Fwp%2Fv2%2Fproduct_tag&post=11310"}],"curies":[{"name":"wp","href":"https:\/\/api.w.org\/{rel}","templated":true}]}}