{"id":11279,"date":"2015-07-16T17:59:32","date_gmt":"2015-07-16T15:59:32","guid":{"rendered":"https:\/\/dadade.eu\/?post_type=product&#038;p=11279"},"modified":"2023-06-09T15:08:13","modified_gmt":"2023-06-09T13:08:13","slug":"wal-schluesselanhaenger-mit-chiptasche-kuscheltier-a922","status":"publish","type":"product","link":"https:\/\/dadade.eu\/?product=wal-schluesselanhaenger-mit-chiptasche-kuscheltier-a922","title":{"rendered":"Wal, Schl\u00fcsselanh\u00e4nger mit Chiptasche &#038; Kuscheltier (A922)"},"content":{"rendered":"<p><img decoding=\"async\" class=\"alignnone wp-image-11286\" src=\"https:\/\/dadade.eu\/wp-content\/uploads\/2023\/03\/Wal-1-Kopie-300x300.jpg\" alt=\"\" width=\"193\" height=\"193\" srcset=\"https:\/\/dadade.eu\/wp-content\/uploads\/2023\/03\/Wal-1-Kopie-300x300.jpg 300w, https:\/\/dadade.eu\/wp-content\/uploads\/2023\/03\/Wal-1-Kopie-100x100.jpg 100w, https:\/\/dadade.eu\/wp-content\/uploads\/2023\/03\/Wal-1-Kopie-600x600.jpg 600w, https:\/\/dadade.eu\/wp-content\/uploads\/2023\/03\/Wal-1-Kopie-64x64.jpg 64w, https:\/\/dadade.eu\/wp-content\/uploads\/2023\/03\/Wal-1-Kopie-1024x1024.jpg 1024w, https:\/\/dadade.eu\/wp-content\/uploads\/2023\/03\/Wal-1-Kopie-150x150.jpg 150w, https:\/\/dadade.eu\/wp-content\/uploads\/2023\/03\/Wal-1-Kopie-768x768.jpg 768w, https:\/\/dadade.eu\/wp-content\/uploads\/2023\/03\/Wal-1-Kopie-1536x1536.jpg 1536w, https:\/\/dadade.eu\/wp-content\/uploads\/2023\/03\/Wal-1-Kopie-2048x2048.jpg 2048w\" sizes=\"(max-width: 193px) 100vw, 193px\" \/> der Wal hat eine praktische Chiptasche<\/p>\n<p><img decoding=\"async\" class=\"alignnone  wp-image-11417\" src=\"https:\/\/dadade.eu\/wp-content\/uploads\/2015\/07\/xWal-Kopie7-300x225.jpg\" alt=\"\" width=\"199\" height=\"149\" srcset=\"https:\/\/dadade.eu\/wp-content\/uploads\/2015\/07\/xWal-Kopie7-300x225.jpg 300w, https:\/\/dadade.eu\/wp-content\/uploads\/2015\/07\/xWal-Kopie7-600x450.jpg 600w, https:\/\/dadade.eu\/wp-content\/uploads\/2015\/07\/xWal-Kopie7-64x48.jpg 64w, https:\/\/dadade.eu\/wp-content\/uploads\/2015\/07\/xWal-Kopie7-1024x768.jpg 1024w, https:\/\/dadade.eu\/wp-content\/uploads\/2015\/07\/xWal-Kopie7-768x576.jpg 768w, https:\/\/dadade.eu\/wp-content\/uploads\/2015\/07\/xWal-Kopie7.jpg 1400w\" sizes=\"(max-width: 199px) 100vw, 199px\" \/>+ zus\u00e4tzlich eine Extra-Erkl\u00e4rung f\u00fcr das Kuscheltier<\/p>\n<p>Die Anleitung ist ausf\u00fchrlich mit vielen Bildern hinterlegt und wird auf \u00fcber 20 Seiten Schritt-f\u00fcr-Schritt beschrieben<\/p>\n<p>&nbsp;<\/p>\n<p>MEHR VARIANTEN UND IDEEN FINDET IHR HIER<\/p>\n<p><a href=\"https:\/\/dadade.eu\/?p=11262\"><strong>VIELE TOLLE BILDER<\/strong> von flei\u00dfigen Helfer und H\u00e4nden<\/a><\/p>\n<p>&nbsp;<\/p>\n<p>&nbsp;<\/p>\n<p>&nbsp;<\/p>\n","protected":false},"excerpt":{"rendered":"<div id=\"cc-m-13954443088\">\n<p>Hier kauft man die H\u00e4kelanleitung f\u00fcr einen tollen Wal, in 2 Varianten<\/p>\n<p><strong>1 als kleiner Gl\u00fccksbringer,<\/strong><\/p>\n<p>der Anh\u00e4nger wird ca 8cm hoch und 16 cm lang, kann an eine Handtasche, Ranzen, Autospiegel oder auch Schl\u00fcsselbund geh\u00e4ngt werden.<\/p>\n<p>Der Anh\u00e4nger hat im Maul ein Fach f\u00fcr einen Einkaufs-Chip, oder f\u00fcr einen Euro, weitere Schl\u00fcsselanh\u00e4nger findet ihr\u00a0 in meinem Shop.<\/p>\n<p>Schulanf\u00e4nger freuen sich besonders auf die kleinen Anh\u00e4nger, zuerst an die Schult\u00fcte,\u00a0dann an den Ranzen.<\/p>\n<p><strong>2 als Kuscheltier<\/strong><\/p>\n<p>mit Himalaya Dolphin Baby geh\u00e4kelt wird aus dem Anh\u00e4nger Schwerwal, ein weiches Kuscheltier, ca 50 x 20cm<\/p>\n<\/div>\n<div id=\"cc-m-13954443188\" class=\"j-module n j-text \">\n<p>&nbsp;<\/p>\n<p>&nbsp;<\/p>\n<p>&nbsp;<\/p>\n<\/div>\n","protected":false},"featured_media":11282,"template":"","meta":[],"product_brand":[],"product_cat":[56,40,35,69],"product_tag":[90,833,89,233,242,834,836,87,557,94,93,830,831,92,245,180,88,243,244,761,829,91,392,195,820,821,822,835,823,824,682,625,832,95,96],"class_list":{"0":"post-11279","1":"product","2":"type-product","3":"status-publish","4":"has-post-thumbnail","6":"product_cat-2einfach","7":"product_cat-anhaenger-fuer-schluessel","8":"product_cat-amigurumi","9":"product_cat-mittel","10":"product_tag-amigurumi","11":"product_tag-anhaenger","12":"product_tag-baby","13":"product_tag-dekoration","14":"product_tag-dekoration-haekeln","15":"product_tag-einkaufschip","16":"product_tag-free-willy","17":"product_tag-geschenk","18":"product_tag-gluecksbringer","19":"product_tag-haekelanleitung","20":"product_tag-haekeln","21":"product_tag-key-ring","22":"product_tag-keychains","23":"product_tag-kinder","24":"product_tag-kuschelige-haekeltiere","25":"product_tag-kuscheltier","26":"product_tag-kuscheltier-haekeln","27":"product_tag-kuschelwolle","28":"product_tag-kuschelwolle-haekeln","29":"product_tag-meer","30":"product_tag-originell","31":"product_tag-plueschtier","32":"product_tag-plueschtier-haekeln","33":"product_tag-praesent","34":"product_tag-schluesselanhaenger","35":"product_tag-schluesselanhaenger-haekeln","36":"product_tag-schluesselring","37":"product_tag-schwertwal","38":"product_tag-taschenbaumler","39":"product_tag-taschenbaumler-haekeln","40":"product_tag-tier","41":"product_tag-wal","42":"product_tag-wasserbewohner","43":"product_tag-wolle","44":"product_tag-wollreste","46":"first","47":"instock","48":"downloadable","49":"shipping-taxable","50":"purchasable","51":"product-type-simple"},"_links":{"self":[{"href":"https:\/\/dadade.eu\/index.php?rest_route=\/wp\/v2\/product\/11279","targetHints":{"allow":["GET"]}}],"collection":[{"href":"https:\/\/dadade.eu\/index.php?rest_route=\/wp\/v2\/product"}],"about":[{"href":"https:\/\/dadade.eu\/index.php?rest_route=\/wp\/v2\/types\/product"}],"wp:featuredmedia":[{"embeddable":true,"href":"https:\/\/dadade.eu\/index.php?rest_route=\/wp\/v2\/media\/11282"}],"wp:attachment":[{"href":"https:\/\/dadade.eu\/index.php?rest_route=%2Fwp%2Fv2%2Fmedia&parent=11279"}],"wp:term":[{"taxonomy":"product_brand","embeddable":true,"href":"https:\/\/dadade.eu\/index.php?rest_route=%2Fwp%2Fv2%2Fproduct_brand&post=11279"},{"taxonomy":"product_cat","embeddable":true,"href":"https:\/\/dadade.eu\/index.php?rest_route=%2Fwp%2Fv2%2Fproduct_cat&post=11279"},{"taxonomy":"product_tag","embeddable":true,"href":"https:\/\/dadade.eu\/index.php?rest_route=%2Fwp%2Fv2%2Fproduct_tag&post=11279"}],"curies":[{"name":"wp","href":"https:\/\/api.w.org\/{rel}","templated":true}]}}