{"id":11251,"date":"2019-07-15T17:17:53","date_gmt":"2019-07-15T15:17:53","guid":{"rendered":"https:\/\/dadade.eu\/?post_type=product&#038;p=11251"},"modified":"2023-06-09T15:04:48","modified_gmt":"2023-06-09T13:04:48","slug":"delfin-schluesselanhaenger-zum-kuscheln-a909","status":"publish","type":"product","link":"https:\/\/dadade.eu\/?product=delfin-schluesselanhaenger-zum-kuscheln-a909","title":{"rendered":"Delfin, Schl\u00fcsselanh\u00e4nger &#038; zum Kuscheln (A909)"},"content":{"rendered":"<p>&nbsp;<\/p>\n<p>Die Anleitung ist ausf\u00fchrlich mit vielen Bildern hinterlegt und wird auf 12 Seiten Schritt-f\u00fcr-Schritt beschrieben<\/p>\n<p>&nbsp;<\/p>\n<p>MEHR VARIANTEN UND IDEEN FINDET IHR HIER<\/p>\n<p><a href=\"https:\/\/dadade.eu\/?p=11262\"><strong>VIELE TOLLE BILDER<\/strong> von flei\u00dfigen Helfer und H\u00e4nden<\/a><\/p>\n<p>&nbsp;<\/p>\n<p>&nbsp;<\/p>\n<p>&nbsp;<\/p>\n","protected":false},"excerpt":{"rendered":"<div id=\"cc-m-13954443088\">\n<p>Hier kauft man die H\u00e4kelanleitung f\u00fcr eine tollen Delfin,<\/p>\n<p><strong>1 als kleiner Gl\u00fccksbringer,<\/strong><\/p>\n<p>der Anh\u00e4nger wird ca 10cm hoch und 15cm lang, kann an eine Handtasche, Ranzen, Autospiegel oder auch Schl\u00fcsselbund\u00a0geh\u00e4ngt werden.<\/p>\n<p>Schulanf\u00e4nger freuen sich besonders auf die kleinen Anh\u00e4nger, zuerst an die Schult\u00fcte,\u00a0dann an den Ranzen.<\/p>\n<p><strong>2 als Kuscheltier<\/strong><\/p>\n<p>mit Himalaya Dolphin Baby geh\u00e4kelt wird aus dem Anh\u00e4nger Delfin,\u00a0ein weiches Kuscheltier,<\/p>\n<p>der Delfin ist nun\u00a0ca 15cm hoch und 50cm lang,<\/p>\n<\/div>\n<div id=\"cc-m-13954443188\" class=\"j-module n j-text \">\n<p>&nbsp;<\/p>\n<p>&nbsp;<\/p>\n<p>&nbsp;<\/p>\n<\/div>\n","protected":false},"featured_media":11259,"template":"","meta":[],"product_brand":[],"product_cat":[56,40,35,69],"product_tag":[90,89,233,242,816,817,818,819,87,557,94,93,92,245,180,88,243,244,91,392,195,820,821,822,823,824,95,96],"class_list":{"0":"post-11251","1":"product","2":"type-product","3":"status-publish","4":"has-post-thumbnail","6":"product_cat-2einfach","7":"product_cat-anhaenger-fuer-schluessel","8":"product_cat-amigurumi","9":"product_cat-mittel","10":"product_tag-amigurumi","11":"product_tag-baby","12":"product_tag-dekoration","13":"product_tag-dekoration-haekeln","14":"product_tag-delfin","15":"product_tag-delfin-haekeln","16":"product_tag-delphin","17":"product_tag-delphin-haekeln","18":"product_tag-geschenk","19":"product_tag-gluecksbringer","20":"product_tag-haekelanleitung","21":"product_tag-haekeln","22":"product_tag-kinder","23":"product_tag-kuschelige-haekeltiere","24":"product_tag-kuscheltier","25":"product_tag-kuscheltier-haekeln","26":"product_tag-kuschelwolle","27":"product_tag-kuschelwolle-haekeln","28":"product_tag-plueschtier","29":"product_tag-plueschtier-haekeln","30":"product_tag-praesent","31":"product_tag-schluesselanhaenger","32":"product_tag-schluesselanhaenger-haekeln","33":"product_tag-schluesselring","34":"product_tag-taschenbaumler","35":"product_tag-taschenbaumler-haekeln","36":"product_tag-wolle","37":"product_tag-wollreste","39":"first","40":"instock","41":"downloadable","42":"shipping-taxable","43":"purchasable","44":"product-type-simple"},"_links":{"self":[{"href":"https:\/\/dadade.eu\/index.php?rest_route=\/wp\/v2\/product\/11251","targetHints":{"allow":["GET"]}}],"collection":[{"href":"https:\/\/dadade.eu\/index.php?rest_route=\/wp\/v2\/product"}],"about":[{"href":"https:\/\/dadade.eu\/index.php?rest_route=\/wp\/v2\/types\/product"}],"wp:featuredmedia":[{"embeddable":true,"href":"https:\/\/dadade.eu\/index.php?rest_route=\/wp\/v2\/media\/11259"}],"wp:attachment":[{"href":"https:\/\/dadade.eu\/index.php?rest_route=%2Fwp%2Fv2%2Fmedia&parent=11251"}],"wp:term":[{"taxonomy":"product_brand","embeddable":true,"href":"https:\/\/dadade.eu\/index.php?rest_route=%2Fwp%2Fv2%2Fproduct_brand&post=11251"},{"taxonomy":"product_cat","embeddable":true,"href":"https:\/\/dadade.eu\/index.php?rest_route=%2Fwp%2Fv2%2Fproduct_cat&post=11251"},{"taxonomy":"product_tag","embeddable":true,"href":"https:\/\/dadade.eu\/index.php?rest_route=%2Fwp%2Fv2%2Fproduct_tag&post=11251"}],"curies":[{"name":"wp","href":"https:\/\/api.w.org\/{rel}","templated":true}]}}