{"id":11203,"date":"2022-03-13T18:48:26","date_gmt":"2022-03-13T17:48:26","guid":{"rendered":"https:\/\/dadade.eu\/?post_type=product&#038;p=11203"},"modified":"2023-07-05T14:42:38","modified_gmt":"2023-07-05T12:42:38","slug":"hase-und-schaf-auf-der-schaukel-h340","status":"publish","type":"product","link":"https:\/\/dadade.eu\/?product=hase-und-schaf-auf-der-schaukel-h340","title":{"rendered":"Hase &#038; Schaf auf der Schaukel (H340)"},"content":{"rendered":"<p><img fetchpriority=\"high\" decoding=\"async\" class=\"alignnone size-medium wp-image-11223\" src=\"https:\/\/dadade.eu\/wp-content\/uploads\/2023\/03\/xOster-Schaukel-Schaf-20-300x225.jpg\" alt=\"\" width=\"300\" height=\"225\" srcset=\"https:\/\/dadade.eu\/wp-content\/uploads\/2023\/03\/xOster-Schaukel-Schaf-20-300x225.jpg 300w, https:\/\/dadade.eu\/wp-content\/uploads\/2023\/03\/xOster-Schaukel-Schaf-20-600x450.jpg 600w, https:\/\/dadade.eu\/wp-content\/uploads\/2023\/03\/xOster-Schaukel-Schaf-20-64x48.jpg 64w, https:\/\/dadade.eu\/wp-content\/uploads\/2023\/03\/xOster-Schaukel-Schaf-20-1024x768.jpg 1024w, https:\/\/dadade.eu\/wp-content\/uploads\/2023\/03\/xOster-Schaukel-Schaf-20-768x576.jpg 768w, https:\/\/dadade.eu\/wp-content\/uploads\/2023\/03\/xOster-Schaukel-Schaf-20.jpg 1400w\" sizes=\"(max-width: 300px) 100vw, 300px\" \/> das Schaf- auch mal in schwarz<\/p>\n<p><img decoding=\"async\" class=\"alignnone size-medium wp-image-11206\" src=\"https:\/\/dadade.eu\/wp-content\/uploads\/2023\/03\/x4xOster-Schaukel-1-300x225.jpg\" alt=\"\" width=\"300\" height=\"225\" srcset=\"https:\/\/dadade.eu\/wp-content\/uploads\/2023\/03\/x4xOster-Schaukel-1-300x225.jpg 300w, https:\/\/dadade.eu\/wp-content\/uploads\/2023\/03\/x4xOster-Schaukel-1-600x450.jpg 600w, https:\/\/dadade.eu\/wp-content\/uploads\/2023\/03\/x4xOster-Schaukel-1-64x48.jpg 64w, https:\/\/dadade.eu\/wp-content\/uploads\/2023\/03\/x4xOster-Schaukel-1-1024x768.jpg 1024w, https:\/\/dadade.eu\/wp-content\/uploads\/2023\/03\/x4xOster-Schaukel-1-768x576.jpg 768w, https:\/\/dadade.eu\/wp-content\/uploads\/2023\/03\/x4xOster-Schaukel-1.jpg 1400w\" sizes=\"(max-width: 300px) 100vw, 300px\" \/>die H\u00e4schen &#8211; das Deko-Wunder<\/p>\n<p>die Geschenk-Idee f\u00fcr Ostern &#8211; kleine Mitbringsel die \u00fcberall willkommen sind.<\/p>\n<p>Die Anleitung ist ausf\u00fchrlich mit vielen Bildern hinterlegt und wird auf \u00fcber 20 Seiten Schritt-f\u00fcr-Schritt beschrieben!<\/p>\n<p>MEHR VARIANTEN UND IDEEN <strong>f\u00fcr Ostern<\/strong> FINDET IHR HIER<\/p>\n<p>&nbsp;<\/p>\n<p><a href=\"https:\/\/dadade.eu\/?p=15640\"><strong>VIELE TOLLE BILDER<\/strong> von flei\u00dfigen Helfer und H\u00e4nden<\/a><\/p>\n<p>&nbsp;<\/p>\n<p>&nbsp;<\/p>\n<p>&nbsp;<\/p>\n<p>&nbsp;<\/p>\n","protected":false},"excerpt":{"rendered":"<div id=\"cc-m-13954443088\">\n<p>Hier kauft man die H\u00e4kelanleitung \u00a0f\u00fcr den Hasen und das Schaf im Schaukel-Ei<\/p>\n<p>~~Wohin mit den Wollresten?<\/p>\n<p>Hier ist die L\u00f6sung, f\u00fcr das Schaf und den Hasen braucht man nicht viel Wolle.<\/p>\n<p>Die Farben kann man kreativ ausw\u00e4hlen, je nach Wunsch und Phantasie.<\/p>\n<p>Die Tiere sind vielseitig verwendbar;<\/p>\n<p>auf einen Ast setzten, oder in einen Oster- Strauch oder -Gesteck<\/p>\n<p>ein Super-Oster-Mitbringsel,<\/p>\n<p>als Dekoration f\u00fcr den Ostertisch, oder zum Aufh\u00e4ngen<\/p>\n<p>&nbsp;<\/p>\n<p>Deiner Kreativit\u00e4t sind keine Grenzen gesetzt<\/p>\n<p>&nbsp;<\/p>\n<\/div>\n<div id=\"cc-m-13954443188\" class=\"j-module n j-text \">\n<p>&nbsp;<\/p>\n<\/div>\n","protected":false},"featured_media":11210,"template":"","meta":[],"product_brand":[],"product_cat":[56,51],"product_tag":[90,233,242,260,399,87,94,93,113,810,811,809,280,114,426,424,813,815,812,814,95,96],"class_list":{"0":"post-11203","1":"product","2":"type-product","3":"status-publish","4":"has-post-thumbnail","6":"product_cat-2einfach","7":"product_cat-fruehling-ostern","8":"product_tag-amigurumi","9":"product_tag-dekoration","10":"product_tag-dekoration-haekeln","11":"product_tag-fruehling","12":"product_tag-fruehlingsbote","13":"product_tag-geschenk","14":"product_tag-haekelanleitung","15":"product_tag-haekeln","16":"product_tag-hase","17":"product_tag-hase-haeklen","18":"product_tag-hase-mit-schaukel","19":"product_tag-margarite","20":"product_tag-muttertag","21":"product_tag-ostern","22":"product_tag-schaf","23":"product_tag-schaf-haekeln","24":"product_tag-schaukel-hase-haekeln","25":"product_tag-schaukel-schaf-haekeln","26":"product_tag-schaukel-hase","27":"product_tag-schaukel-schaf","28":"product_tag-wolle","29":"product_tag-wollreste","31":"first","32":"instock","33":"downloadable","34":"shipping-taxable","35":"purchasable","36":"product-type-simple"},"_links":{"self":[{"href":"https:\/\/dadade.eu\/index.php?rest_route=\/wp\/v2\/product\/11203","targetHints":{"allow":["GET"]}}],"collection":[{"href":"https:\/\/dadade.eu\/index.php?rest_route=\/wp\/v2\/product"}],"about":[{"href":"https:\/\/dadade.eu\/index.php?rest_route=\/wp\/v2\/types\/product"}],"wp:featuredmedia":[{"embeddable":true,"href":"https:\/\/dadade.eu\/index.php?rest_route=\/wp\/v2\/media\/11210"}],"wp:attachment":[{"href":"https:\/\/dadade.eu\/index.php?rest_route=%2Fwp%2Fv2%2Fmedia&parent=11203"}],"wp:term":[{"taxonomy":"product_brand","embeddable":true,"href":"https:\/\/dadade.eu\/index.php?rest_route=%2Fwp%2Fv2%2Fproduct_brand&post=11203"},{"taxonomy":"product_cat","embeddable":true,"href":"https:\/\/dadade.eu\/index.php?rest_route=%2Fwp%2Fv2%2Fproduct_cat&post=11203"},{"taxonomy":"product_tag","embeddable":true,"href":"https:\/\/dadade.eu\/index.php?rest_route=%2Fwp%2Fv2%2Fproduct_tag&post=11203"}],"curies":[{"name":"wp","href":"https:\/\/api.w.org\/{rel}","templated":true}]}}