{"id":11176,"date":"2015-02-13T17:30:34","date_gmt":"2015-02-13T16:30:34","guid":{"rendered":"https:\/\/dadade.eu\/?post_type=product&#038;p=11176"},"modified":"2023-07-05T14:38:41","modified_gmt":"2023-07-05T12:38:41","slug":"oster-ei-mit-kaefer-schmetterling-biene-h333","status":"publish","type":"product","link":"https:\/\/dadade.eu\/?product=oster-ei-mit-kaefer-schmetterling-biene-h333","title":{"rendered":"Deko &#8211; Oster &#8211; Eier mit K\u00e4fer, Schmetterling &#038; Biene (H333)"},"content":{"rendered":"<p>die Geschenk-Idee f\u00fcr Ostern &#8211; kleine Mitbringsel die \u00fcberall willkommen sind.<\/p>\n<p>Verschenkt die Eier doch mal mit einem sch\u00f6nen Osterstrauch.<\/p>\n<p>Die Anleitung ist ausf\u00fchrlich mit vielen Bildern hinterlegt und wird auf 6 Seiten Schritt-f\u00fcr-Schritt beschrieben!<\/p>\n<p>MEHR VARIANTEN UND IDEEN <strong>f\u00fcr Ostern<\/strong> FINDET IHR HIER<\/p>\n<p>&nbsp;<\/p>\n<p><a href=\"https:\/\/dadade.eu\/?p=15640\"><strong>VIELE TOLLE BILDER<\/strong> von flei\u00dfigen Helfer und H\u00e4nden<\/a><\/p>\n<p>&nbsp;<\/p>\n<p>&nbsp;<\/p>\n<p>&nbsp;<\/p>\n<p>&nbsp;<\/p>\n","protected":false},"excerpt":{"rendered":"<div id=\"cc-m-13954443088\">\n<p>Hier kauft man die H\u00e4kelanleitung\u00a0 f\u00fcr die 3 Deko &#8211; Eier.<\/p>\n<p>Osterei mit Schmetterling<\/p>\n<p>Osterei mit Biene<\/p>\n<p>Osterei mit Marienk\u00e4fer<\/p>\n<p>Wohin mit den Wollresten? Hier ist die L\u00f6sung, f\u00fcr die Eier braucht man nicht viel Wolle. Die Farben kann man kreativ ausw\u00e4hlen, je nach Wunsch und Phantasie.<\/p>\n<p>Die Eier sind vielseitig verwendbar;<\/p>\n<ol>\n<li>ein Super-Oster-Mitbringsel,<\/li>\n<li>mit einem Aufh\u00e4nger, als Schmuck f\u00fcr den Osterstrauch,<\/li>\n<li>die Dekoration f\u00fcr den Ostertisch,<\/li>\n<li>ein Muss f\u00fcr in jedes Osternest<\/li>\n<\/ol>\n<p>Deiner Kreativit\u00e4t sind keine Grenzen gesetzt<\/p>\n<p>Die Eier werden mit Wolle in der Nadelst\u00e4rke 2,5 ungef\u00e4hr 7cm hoch<\/p>\n<p><span style=\"color: #ff0000;\">jetzt vor Ostern (bis zum 10.April 23) gibt es wahlweise als Oster-Geschenk &#8211; dieses Produkt bei einer Bestellung <strong>gratis<\/strong> dazu<\/span><\/p>\n<p><span style=\"color: #ff0000;\">im Warenkorb kann man unter mehreren Produkten sein Oster-Geschenk aussuchen.<\/span><\/p>\n<\/div>\n<div id=\"cc-m-13954443188\" class=\"j-module n j-text \">\n<p>&nbsp;<\/p>\n<\/div>\n","protected":false},"featured_media":11178,"template":"","meta":[],"product_brand":[],"product_cat":[56,51,66],"product_tag":[90,233,242,254,397,260,399,87,595,576,94,93,113,110,578,594,593,808,92,245,180,243,244,280,689,114,392,426,424,682,95,96],"class_list":{"0":"post-11176","1":"product","2":"type-product","3":"status-publish","4":"has-post-thumbnail","6":"product_cat-2einfach","7":"product_cat-fruehling-ostern","8":"product_cat-mini","9":"product_tag-amigurumi","10":"product_tag-dekoration","11":"product_tag-dekoration-haekeln","12":"product_tag-ente","13":"product_tag-ente-haekeln","14":"product_tag-fruehling","15":"product_tag-fruehlingsbote","16":"product_tag-geschenk","17":"product_tag-hahn","18":"product_tag-hahn-haekeln","19":"product_tag-haekelanleitung","20":"product_tag-haekeln","21":"product_tag-hase","22":"product_tag-hase-haekeln","23":"product_tag-henne","24":"product_tag-henne-haekeln","25":"product_tag-huhn","26":"product_tag-huhn-haekel","27":"product_tag-kinder","28":"product_tag-kuschelige-haekeltiere","29":"product_tag-kuscheltier","30":"product_tag-kuschelwolle","31":"product_tag-kuschelwolle-haekeln","32":"product_tag-muttertag","33":"product_tag-osterkalender","34":"product_tag-ostern","35":"product_tag-plueschtier-haekeln","36":"product_tag-schaf","37":"product_tag-schaf-haekeln","38":"product_tag-tier","39":"product_tag-wolle","40":"product_tag-wollreste","42":"first","43":"instock","44":"downloadable","45":"shipping-taxable","46":"purchasable","47":"product-type-simple"},"_links":{"self":[{"href":"https:\/\/dadade.eu\/index.php?rest_route=\/wp\/v2\/product\/11176","targetHints":{"allow":["GET"]}}],"collection":[{"href":"https:\/\/dadade.eu\/index.php?rest_route=\/wp\/v2\/product"}],"about":[{"href":"https:\/\/dadade.eu\/index.php?rest_route=\/wp\/v2\/types\/product"}],"wp:featuredmedia":[{"embeddable":true,"href":"https:\/\/dadade.eu\/index.php?rest_route=\/wp\/v2\/media\/11178"}],"wp:attachment":[{"href":"https:\/\/dadade.eu\/index.php?rest_route=%2Fwp%2Fv2%2Fmedia&parent=11176"}],"wp:term":[{"taxonomy":"product_brand","embeddable":true,"href":"https:\/\/dadade.eu\/index.php?rest_route=%2Fwp%2Fv2%2Fproduct_brand&post=11176"},{"taxonomy":"product_cat","embeddable":true,"href":"https:\/\/dadade.eu\/index.php?rest_route=%2Fwp%2Fv2%2Fproduct_cat&post=11176"},{"taxonomy":"product_tag","embeddable":true,"href":"https:\/\/dadade.eu\/index.php?rest_route=%2Fwp%2Fv2%2Fproduct_tag&post=11176"}],"curies":[{"name":"wp","href":"https:\/\/api.w.org\/{rel}","templated":true}]}}