{"id":11085,"date":"2022-12-13T14:12:28","date_gmt":"2022-12-13T13:12:28","guid":{"rendered":"https:\/\/dadade.eu\/?post_type=product&#038;p=11085"},"modified":"2025-02-24T14:36:08","modified_gmt":"2025-02-24T13:36:08","slug":"pinguin-mit-baby-led-lampe-und-geschenkverpackung-l003","status":"publish","type":"product","link":"https:\/\/dadade.eu\/?product=pinguin-mit-baby-led-lampe-und-geschenkverpackung-l003","title":{"rendered":"Pinguin mit Baby, LED-Lampe und Geschenkverpackung (L003)"},"content":{"rendered":"<p><img fetchpriority=\"high\" decoding=\"async\" class=\"alignnone size-medium wp-image-11101\" src=\"https:\/\/dadade.eu\/wp-content\/uploads\/2023\/03\/x2kleine-Pinguine-23-300x225.jpg\" alt=\"\" width=\"300\" height=\"225\" srcset=\"https:\/\/dadade.eu\/wp-content\/uploads\/2023\/03\/x2kleine-Pinguine-23-300x225.jpg 300w, https:\/\/dadade.eu\/wp-content\/uploads\/2023\/03\/x2kleine-Pinguine-23-600x450.jpg 600w, https:\/\/dadade.eu\/wp-content\/uploads\/2023\/03\/x2kleine-Pinguine-23-64x48.jpg 64w, https:\/\/dadade.eu\/wp-content\/uploads\/2023\/03\/x2kleine-Pinguine-23-1024x768.jpg 1024w, https:\/\/dadade.eu\/wp-content\/uploads\/2023\/03\/x2kleine-Pinguine-23-768x576.jpg 768w, https:\/\/dadade.eu\/wp-content\/uploads\/2023\/03\/x2kleine-Pinguine-23.jpg 1400w\" sizes=\"(max-width: 300px) 100vw, 300px\" \/>das kleine Pinguin-Baby kann man in die Kugel setzen, oder einfach zum Spielen behalten.<\/p>\n<p>&nbsp;<\/p>\n<p>Die Anleitung ist ausf\u00fchrlich mit vielen Bildern hinterlegt<\/p>\n<p>und wird auf 20 (Pinguin-Kugel) und 9 (Pinguin-Baby) Seiten Schritt-f\u00fcr-Schritt beschrieben!<\/p>\n<p>zus\u00e4tzlich geh\u00f6rt noch eine Anleitung f\u00fcr das Zusammenbauen der LED-Kugel dazu.<\/p>\n<p>MEHR VARIANTEN UND IDEEN von flei\u00dfigen Helfer und H\u00e4nden?<\/p>\n<p><a href=\"https:\/\/dadade.eu\/?p=11002\"><b>Klicke hier<\/b><\/a><\/p>\n<p>&nbsp;<\/p>\n<p>&nbsp;<\/p>\n<p>&nbsp;<\/p>\n","protected":false},"excerpt":{"rendered":"<div id=\"cc-m-13954443088\">\n<p>Hier kauft man die H\u00e4kelanleitung f\u00fcr diese originelle Geschenkverpackung Pinguin-Lampe,<\/p>\n<div id=\"cc-m-13758358088\">\n<p>Dieser s\u00fc\u00dfe Pinguin kann zuerst als Geschenkverpackung mit ihrem Inhalt gl\u00e4nzen, ob mit einem P\u00e4ckchen, S\u00fc\u00dfem, Kugeln, oder einfach Deko!<\/p>\n<\/div>\n<\/div>\n<div id=\"cc-m-13954443188\" class=\"j-module n j-text \">\n<p>Oder einfach mit einer LED-Lichterkette und dem kleinen Pinguin als Lampe hell strahlen.<\/p>\n<p>Diese Geschenk-Kugel hat viele Gestaltungsm\u00f6glichkeiten, nicht nur f\u00fcr Weihnachten &#8211; der Pinguin bringt das ganze Jahr Freude ins Kinderzimmer!<\/p>\n<p>die Pinguin-Kugel ist ungef\u00e4hr; 33cm hoch<\/p>\n<p>der kleine Pinguin wird ca 8-12cm hoch ( je nach Wolle) und passt damit perfekt in die Kugel.<\/p>\n<p>&nbsp;<\/p>\n<p>&nbsp;<\/p>\n<\/div>\n","protected":false},"featured_media":11115,"template":"","meta":[],"product_brand":[],"product_cat":[56,791,790],"product_tag":[90,242,87,94,93,92,245,180,88,243,244,629,630,805,806,807,392,95,96],"class_list":{"0":"post-11085","1":"product","2":"type-product","3":"status-publish","4":"has-post-thumbnail","6":"product_cat-2einfach","7":"product_cat-kinderzimmer","8":"product_cat-deko-ideen-mit-licht","9":"product_tag-amigurumi","10":"product_tag-dekoration-haekeln","11":"product_tag-geschenk","12":"product_tag-haekelanleitung","13":"product_tag-haekeln","14":"product_tag-kinder","15":"product_tag-kuschelige-haekeltiere","16":"product_tag-kuscheltier","17":"product_tag-kuscheltier-haekeln","18":"product_tag-kuschelwolle","19":"product_tag-kuschelwolle-haekeln","20":"product_tag-pinguin","21":"product_tag-pinguin-haekeln","22":"product_tag-pinguin-lampe","23":"product_tag-pinguin-lampe-haekeln","24":"product_tag-pinguin-mit-baby","25":"product_tag-plueschtier-haekeln","26":"product_tag-wolle","27":"product_tag-wollreste","29":"first","30":"instock","31":"downloadable","32":"shipping-taxable","33":"purchasable","34":"product-type-simple"},"_links":{"self":[{"href":"https:\/\/dadade.eu\/index.php?rest_route=\/wp\/v2\/product\/11085","targetHints":{"allow":["GET"]}}],"collection":[{"href":"https:\/\/dadade.eu\/index.php?rest_route=\/wp\/v2\/product"}],"about":[{"href":"https:\/\/dadade.eu\/index.php?rest_route=\/wp\/v2\/types\/product"}],"wp:featuredmedia":[{"embeddable":true,"href":"https:\/\/dadade.eu\/index.php?rest_route=\/wp\/v2\/media\/11115"}],"wp:attachment":[{"href":"https:\/\/dadade.eu\/index.php?rest_route=%2Fwp%2Fv2%2Fmedia&parent=11085"}],"wp:term":[{"taxonomy":"product_brand","embeddable":true,"href":"https:\/\/dadade.eu\/index.php?rest_route=%2Fwp%2Fv2%2Fproduct_brand&post=11085"},{"taxonomy":"product_cat","embeddable":true,"href":"https:\/\/dadade.eu\/index.php?rest_route=%2Fwp%2Fv2%2Fproduct_cat&post=11085"},{"taxonomy":"product_tag","embeddable":true,"href":"https:\/\/dadade.eu\/index.php?rest_route=%2Fwp%2Fv2%2Fproduct_tag&post=11085"}],"curies":[{"name":"wp","href":"https:\/\/api.w.org\/{rel}","templated":true}]}}