{"id":11013,"date":"2022-11-12T18:04:25","date_gmt":"2022-11-12T17:04:25","guid":{"rendered":"https:\/\/dadade.eu\/?post_type=product&#038;p=11013"},"modified":"2023-06-09T14:27:16","modified_gmt":"2023-06-09T12:27:16","slug":"einhorn-mit-baby-led-lampe-und-geschenkverpackung-l002","status":"publish","type":"product","link":"https:\/\/dadade.eu\/?product=einhorn-mit-baby-led-lampe-und-geschenkverpackung-l002","title":{"rendered":"Einhorn mit Baby, LED-Lampe und Geschenkverpackung (L002)"},"content":{"rendered":"<p><img decoding=\"async\" class=\"alignnone wp-image-11016\" src=\"https:\/\/dadade.eu\/wp-content\/uploads\/2023\/03\/xBaby-Einhorn-1-300x225.jpg\" alt=\"\" width=\"221\" height=\"166\" srcset=\"https:\/\/dadade.eu\/wp-content\/uploads\/2023\/03\/xBaby-Einhorn-1-300x225.jpg 300w, https:\/\/dadade.eu\/wp-content\/uploads\/2023\/03\/xBaby-Einhorn-1-600x450.jpg 600w, https:\/\/dadade.eu\/wp-content\/uploads\/2023\/03\/xBaby-Einhorn-1-64x48.jpg 64w, https:\/\/dadade.eu\/wp-content\/uploads\/2023\/03\/xBaby-Einhorn-1-1024x768.jpg 1024w, https:\/\/dadade.eu\/wp-content\/uploads\/2023\/03\/xBaby-Einhorn-1-768x576.jpg 768w, https:\/\/dadade.eu\/wp-content\/uploads\/2023\/03\/xBaby-Einhorn-1.jpg 1400w\" sizes=\"(max-width: 221px) 100vw, 221px\" \/>das kleine Koala-Baby kann man in die Kugel setzen, oder einfach zum Spielen behalten.<\/p>\n<p><img decoding=\"async\" class=\"alignnone wp-image-11038\" src=\"https:\/\/dadade.eu\/wp-content\/uploads\/2023\/03\/xSchal-Einhorn-1-300x240.jpg\" alt=\"\" width=\"218\" height=\"174\" srcset=\"https:\/\/dadade.eu\/wp-content\/uploads\/2023\/03\/xSchal-Einhorn-1-300x240.jpg 300w, https:\/\/dadade.eu\/wp-content\/uploads\/2023\/03\/xSchal-Einhorn-1-600x480.jpg 600w, https:\/\/dadade.eu\/wp-content\/uploads\/2023\/03\/xSchal-Einhorn-1-64x51.jpg 64w, https:\/\/dadade.eu\/wp-content\/uploads\/2023\/03\/xSchal-Einhorn-1-1024x819.jpg 1024w, https:\/\/dadade.eu\/wp-content\/uploads\/2023\/03\/xSchal-Einhorn-1-768x614.jpg 768w, https:\/\/dadade.eu\/wp-content\/uploads\/2023\/03\/xSchal-Einhorn-1.jpg 1400w\" sizes=\"(max-width: 218px) 100vw, 218px\" \/>der kuschelige Schal mit dem Mini-Koala kann man auf Wunsch dazu kaufen<\/p>\n<p>&nbsp;<\/p>\n<p>Die Anleitung ist ausf\u00fchrlich mit vielen Bildern hinterlegt<\/p>\n<p>und wird auf 15 (Einhorn-Kugel) und 7 (Koala-Baby) Seiten Schritt-f\u00fcr-Schritt beschrieben!<\/p>\n<p>zus\u00e4tzlich geh\u00f6rt noch eine Anleitung f\u00fcr das Zusammenbauen der LED-Kugel dazu.<\/p>\n<p>Der Schal wird auf 7 Seiten extra beschrieben!<\/p>\n<p>MEHR VARIANTEN UND IDEEN von flei\u00dfigen Helfer und H\u00e4nden?<\/p>\n<p><a href=\"https:\/\/dadade.eu\/?p=11002\"><b>Klicke hier<\/b><\/a><\/p>\n<p>&nbsp;<\/p>\n<p>&nbsp;<\/p>\n<p>&nbsp;<\/p>\n","protected":false},"excerpt":{"rendered":"<div id=\"cc-m-13954443088\">\n<p>Hier kauft man die H\u00e4kelanleitung f\u00fcr diese originelle Geschenkverpackung Einhorn-Lampe,<\/p>\n<div id=\"cc-m-13758358088\">\n<p>Dieses s\u00fc\u00dfe Einhorn kann zuerst als Geschenkverpackung mit ihrem Inhalt gl\u00e4nzen, ob mit einem P\u00e4ckchen, S\u00fc\u00dfem, Kugeln, oder einfach Deko!<\/p>\n<\/div>\n<\/div>\n<div id=\"cc-m-13954443188\" class=\"j-module n j-text \">\n<p>Oder einfach mit einer LED-Lichterkette und dem kleinen Einhorn als Lampe hell strahlen.<\/p>\n<p>Diese Geschenk-Kugel hat viele Gestaltungsm\u00f6glichkeiten, nicht nur f\u00fcr Weihnachten &#8211; das Einhorn bringt das ganze Jahr Freude ins Kinderzimmer!<\/p>\n<p>Zu der Kugel Einhorn gibt es auf Wunsch auch einen s\u00fc\u00dfen Schal, der genau in die Kugel passt, als Geschenk, sp\u00e4ter hat man dann eine Lampe und ein Schal.<\/p>\n<p>die Einhorn-Kugel ist ungef\u00e4hr; 34cm hoch<\/p>\n<p>das kleine Einhorn wird im sitzen ca 9cm hoch und passt damit perfekt in die Kugel.<\/p>\n<p>&nbsp;<\/p>\n<p>&nbsp;<\/p>\n<\/div>\n","protected":false},"featured_media":11024,"template":"","meta":[],"product_brand":[],"product_cat":[56,791,790],"product_tag":[90,242,251,252,801,802,803,804,87,94,93,92,638,245,180,88,243,244,800,799,392,798,95,96],"class_list":{"0":"post-11013","1":"product","2":"type-product","3":"status-publish","4":"has-post-thumbnail","6":"product_cat-2einfach","7":"product_cat-kinderzimmer","8":"product_cat-deko-ideen-mit-licht","9":"product_tag-amigurumi","10":"product_tag-dekoration-haekeln","11":"product_tag-einhorn","12":"product_tag-einhorn-haekeln","13":"product_tag-einhorn-lampe","14":"product_tag-einhorn-lampe-haekeln","15":"product_tag-einhorn-schal","16":"product_tag-einhorn-schal-haekeln","17":"product_tag-geschenk","18":"product_tag-haekelanleitung","19":"product_tag-haekeln","20":"product_tag-kinder","21":"product_tag-koala","22":"product_tag-kuschelige-haekeltiere","23":"product_tag-kuscheltier","24":"product_tag-kuscheltier-haekeln","25":"product_tag-kuschelwolle","26":"product_tag-kuschelwolle-haekeln","27":"product_tag-lampe","28":"product_tag-lampe-haekeln","29":"product_tag-plueschtier-haekeln","30":"product_tag-schal-haekeln","31":"product_tag-wolle","32":"product_tag-wollreste","34":"first","35":"instock","36":"shipping-taxable","37":"purchasable","38":"product-type-variable"},"_links":{"self":[{"href":"https:\/\/dadade.eu\/index.php?rest_route=\/wp\/v2\/product\/11013","targetHints":{"allow":["GET"]}}],"collection":[{"href":"https:\/\/dadade.eu\/index.php?rest_route=\/wp\/v2\/product"}],"about":[{"href":"https:\/\/dadade.eu\/index.php?rest_route=\/wp\/v2\/types\/product"}],"wp:featuredmedia":[{"embeddable":true,"href":"https:\/\/dadade.eu\/index.php?rest_route=\/wp\/v2\/media\/11024"}],"wp:attachment":[{"href":"https:\/\/dadade.eu\/index.php?rest_route=%2Fwp%2Fv2%2Fmedia&parent=11013"}],"wp:term":[{"taxonomy":"product_brand","embeddable":true,"href":"https:\/\/dadade.eu\/index.php?rest_route=%2Fwp%2Fv2%2Fproduct_brand&post=11013"},{"taxonomy":"product_cat","embeddable":true,"href":"https:\/\/dadade.eu\/index.php?rest_route=%2Fwp%2Fv2%2Fproduct_cat&post=11013"},{"taxonomy":"product_tag","embeddable":true,"href":"https:\/\/dadade.eu\/index.php?rest_route=%2Fwp%2Fv2%2Fproduct_tag&post=11013"}],"curies":[{"name":"wp","href":"https:\/\/api.w.org\/{rel}","templated":true}]}}