{"id":10946,"date":"2015-03-11T23:06:49","date_gmt":"2015-03-11T22:06:49","guid":{"rendered":"https:\/\/dadade.eu\/?post_type=product&#038;p=10946"},"modified":"2024-01-11T15:23:44","modified_gmt":"2024-01-11T14:23:44","slug":"koerbchen-mit-blumen-schmetterling-ei-h337","status":"publish","type":"product","link":"https:\/\/dadade.eu\/?product=koerbchen-mit-blumen-schmetterling-ei-h337","title":{"rendered":"K\u00f6rbchen mit Margarite &#038; Narzisse, Schmetterling &#038; Ei, (H337)"},"content":{"rendered":"<p><img decoding=\"async\" class=\"alignnone wp-image-10956\" src=\"https:\/\/dadade.eu\/wp-content\/uploads\/2015\/03\/CIMG6777-300x296.jpg\" alt=\"\" width=\"142\" height=\"140\" srcset=\"https:\/\/dadade.eu\/wp-content\/uploads\/2015\/03\/CIMG6777-300x296.jpg 300w, https:\/\/dadade.eu\/wp-content\/uploads\/2015\/03\/CIMG6777-100x100.jpg 100w, https:\/\/dadade.eu\/wp-content\/uploads\/2015\/03\/CIMG6777-600x592.jpg 600w, https:\/\/dadade.eu\/wp-content\/uploads\/2015\/03\/CIMG6777-64x63.jpg 64w, https:\/\/dadade.eu\/wp-content\/uploads\/2015\/03\/CIMG6777-1024x1010.jpg 1024w, https:\/\/dadade.eu\/wp-content\/uploads\/2015\/03\/CIMG6777-768x758.jpg 768w, https:\/\/dadade.eu\/wp-content\/uploads\/2015\/03\/CIMG6777-1536x1515.jpg 1536w, https:\/\/dadade.eu\/wp-content\/uploads\/2015\/03\/CIMG6777.jpg 1834w\" sizes=\"(max-width: 142px) 100vw, 142px\" \/>Margerite<\/p>\n<p><img decoding=\"async\" class=\"alignnone wp-image-10957\" src=\"https:\/\/dadade.eu\/wp-content\/uploads\/2015\/03\/CIMG6863-285x300.jpg\" alt=\"\" width=\"137\" height=\"144\" srcset=\"https:\/\/dadade.eu\/wp-content\/uploads\/2015\/03\/CIMG6863-285x300.jpg 285w, https:\/\/dadade.eu\/wp-content\/uploads\/2015\/03\/CIMG6863-600x632.jpg 600w, https:\/\/dadade.eu\/wp-content\/uploads\/2015\/03\/CIMG6863-64x67.jpg 64w, https:\/\/dadade.eu\/wp-content\/uploads\/2015\/03\/CIMG6863-972x1024.jpg 972w, https:\/\/dadade.eu\/wp-content\/uploads\/2015\/03\/CIMG6863-768x809.jpg 768w, https:\/\/dadade.eu\/wp-content\/uploads\/2015\/03\/CIMG6863-1459x1536.jpg 1459w, https:\/\/dadade.eu\/wp-content\/uploads\/2015\/03\/CIMG6863.jpg 1736w\" sizes=\"(max-width: 137px) 100vw, 137px\" \/>Narzisse<\/p>\n<p><img decoding=\"async\" class=\"alignnone wp-image-10958\" src=\"https:\/\/dadade.eu\/wp-content\/uploads\/2015\/03\/eier-mit-Kaefer-3-300x225.jpg\" alt=\"\" width=\"223\" height=\"167\" srcset=\"https:\/\/dadade.eu\/wp-content\/uploads\/2015\/03\/eier-mit-Kaefer-3-300x225.jpg 300w, https:\/\/dadade.eu\/wp-content\/uploads\/2015\/03\/eier-mit-Kaefer-3-600x450.jpg 600w, https:\/\/dadade.eu\/wp-content\/uploads\/2015\/03\/eier-mit-Kaefer-3-64x48.jpg 64w, https:\/\/dadade.eu\/wp-content\/uploads\/2015\/03\/eier-mit-Kaefer-3-1024x768.jpg 1024w, https:\/\/dadade.eu\/wp-content\/uploads\/2015\/03\/eier-mit-Kaefer-3-768x576.jpg 768w, https:\/\/dadade.eu\/wp-content\/uploads\/2015\/03\/eier-mit-Kaefer-3-1536x1152.jpg 1536w, https:\/\/dadade.eu\/wp-content\/uploads\/2015\/03\/eier-mit-Kaefer-3.jpg 1920w\" sizes=\"(max-width: 223px) 100vw, 223px\" \/>Ei &amp; Schmetterling<\/p>\n<p>Die Anleitung ist ausf\u00fchrlich mit vielen Bildern hinterlegt und wird auf\u00a0 18 (K\u00f6rbchen &amp; Blumen) und 5 (Ei &amp; Schmetterling) Seiten Schritt-f\u00fcr-Schritt beschrieben!<\/p>\n<p>&nbsp;<\/p>\n<p>MEHR VARIANTEN UND IDEEN <strong>f\u00fcr Ostern<\/strong> FINDET IHR HIER<\/p>\n<p><a href=\"https:\/\/dadade.eu\/?p=15640\"><strong>VIELE TOLLE BILDER<\/strong> von flei\u00dfigen Helfer und H\u00e4nden<\/a><\/p>\n<p>&nbsp;<\/p>\n<p>&nbsp;<\/p>\n<p>&nbsp;<\/p>\n<p>&nbsp;<\/p>\n","protected":false},"excerpt":{"rendered":"<div id=\"cc-m-13954443088\">\n<p>Hier kauft man die H\u00e4kelanleitung<\/p>\n<p>1\u00a0 f\u00fcr das Osterk\u00f6rbchen,<\/p>\n<p>2\u00a0 die beiden Blumen; Margarite &amp; Narzisse<\/p>\n<p>3\u00a0 sowie dem Schmetterling &amp; Ei<\/p>\n<p>Wie oft sucht man eine sch\u00f6ne Verpackungsm\u00f6glichkeit f\u00fcr Ostern.<\/p>\n<p>Es fehlt noch ein originelles Ostergeschenk, das K\u00f6rbchen kann mit S\u00fc\u00dfem oder sonstigen Geschenken gef\u00fcllt werden,<\/p>\n<p>Das K\u00f6rbchen ist eine wundersch\u00f6ne Dekoration, auch nach den Ostern.<\/p>\n<p>Deiner Kreativit\u00e4t sind keine Grenzen gesetzt<\/p>\n<p>Ich habe \u00a0Wolle der Nadelst\u00e4rke 3-4 genommen, die K\u00f6rbchen werden dann ungef\u00e4hr 12 cm hoch und haben einen Durchmesser von ca 11cm<\/p>\n<p>&nbsp;<\/p>\n<\/div>\n<div id=\"cc-m-13954443188\" class=\"j-module n j-text \">\n<p>&nbsp;<\/p>\n<\/div>\n","protected":false},"featured_media":10954,"template":"","meta":[],"product_brand":[],"product_cat":[56,740,51],"product_tag":[90,89,282,781,233,242,620,784,783,785,260,399,87,686,298,687,94,93,680,92,774,775,776,245,180,243,244,779,780,280,271,272,777,778,114,782,391,682,681,95,96],"class_list":{"0":"post-10946","1":"product","2":"type-product","3":"status-publish","4":"has-post-thumbnail","6":"product_cat-2einfach","7":"product_cat-blumen","8":"product_cat-fruehling-ostern","9":"product_tag-amigurumi","10":"product_tag-baby","11":"product_tag-blume","12":"product_tag-blumen-haekeln","13":"product_tag-dekoration","14":"product_tag-dekoration-haekeln","15":"product_tag-ei","16":"product_tag-ei-haekeln","17":"product_tag-eier","18":"product_tag-eier-haekeln","19":"product_tag-fruehling","20":"product_tag-fruehlingsbote","21":"product_tag-geschenk","22":"product_tag-geschenk-tasche","23":"product_tag-geschenkverpackung","24":"product_tag-geschenkverpackung-haekeln","25":"product_tag-haekelanleitung","26":"product_tag-haekeln","27":"product_tag-kalender","28":"product_tag-kinder","29":"product_tag-korb","30":"product_tag-koerbchen","31":"product_tag-koerbchen-haekeln","32":"product_tag-kuschelige-haekeltiere","33":"product_tag-kuscheltier","34":"product_tag-kuschelwolle","35":"product_tag-kuschelwolle-haekeln","36":"product_tag-margerite","37":"product_tag-margerite-haekeln","38":"product_tag-muttertag","39":"product_tag-narzisse","40":"product_tag-narzisse-haekeln","41":"product_tag-osterkoerbchen","42":"product_tag-osterkoerbchen-haekeln","43":"product_tag-ostern","44":"product_tag-schmetterlig","45":"product_tag-schmetterling-haekeln","46":"product_tag-tier","47":"product_tag-ueberraschung","48":"product_tag-wolle","49":"product_tag-wollreste","51":"first","52":"instock","53":"downloadable","54":"shipping-taxable","55":"purchasable","56":"product-type-simple"},"_links":{"self":[{"href":"https:\/\/dadade.eu\/index.php?rest_route=\/wp\/v2\/product\/10946","targetHints":{"allow":["GET"]}}],"collection":[{"href":"https:\/\/dadade.eu\/index.php?rest_route=\/wp\/v2\/product"}],"about":[{"href":"https:\/\/dadade.eu\/index.php?rest_route=\/wp\/v2\/types\/product"}],"wp:featuredmedia":[{"embeddable":true,"href":"https:\/\/dadade.eu\/index.php?rest_route=\/wp\/v2\/media\/10954"}],"wp:attachment":[{"href":"https:\/\/dadade.eu\/index.php?rest_route=%2Fwp%2Fv2%2Fmedia&parent=10946"}],"wp:term":[{"taxonomy":"product_brand","embeddable":true,"href":"https:\/\/dadade.eu\/index.php?rest_route=%2Fwp%2Fv2%2Fproduct_brand&post=10946"},{"taxonomy":"product_cat","embeddable":true,"href":"https:\/\/dadade.eu\/index.php?rest_route=%2Fwp%2Fv2%2Fproduct_cat&post=10946"},{"taxonomy":"product_tag","embeddable":true,"href":"https:\/\/dadade.eu\/index.php?rest_route=%2Fwp%2Fv2%2Fproduct_tag&post=10946"}],"curies":[{"name":"wp","href":"https:\/\/api.w.org\/{rel}","templated":true}]}}