{"id":10939,"date":"2015-03-11T18:16:42","date_gmt":"2015-03-11T17:16:42","guid":{"rendered":"https:\/\/dadade.eu\/?post_type=product&#038;p=10939"},"modified":"2024-03-24T12:53:08","modified_gmt":"2024-03-24T11:53:08","slug":"flaschen-huelle-flaschen-verpackung-hahn-h345","status":"publish","type":"product","link":"https:\/\/dadade.eu\/?product=flaschen-huelle-flaschen-verpackung-hahn-h345","title":{"rendered":"Flaschen-H\u00fclle, Flaschen-Verpackung Hahn (H335) &#038; Hase (336)"},"content":{"rendered":"<p>Die Anleitung ist ausf\u00fchrlich mit vielen Bildern hinterlegt und wird auf je 18-20 Seiten Schritt-f\u00fcr-Schritt beschrieben!<\/p>\n<p>&nbsp;<\/p>\n<p>MEHR VARIANTEN UND IDEEN <strong>f\u00fcr Ostern<\/strong> FINDET IHR HIER<\/p>\n<p><a href=\"https:\/\/dadade.eu\/?p=15640\"><strong>VIELE TOLLE BILDER<\/strong> von flei\u00dfigen Helfer und H\u00e4nden<\/a><\/p>\n<p>&nbsp;<\/p>\n<p>&nbsp;<\/p>\n<p>&nbsp;<\/p>\n<p>&nbsp;<\/p>\n<p>&nbsp;<\/p>\n","protected":false},"excerpt":{"rendered":"<div id=\"cc-m-13954443088\">\n<p>Hier kauft man die H\u00e4kelanleitung f\u00fcr<\/p>\n<p>die Flaschenh\u00fclle stolzer Hahn. und<\/p>\n<p>die Flaschenh\u00fclle Oster-Hase.<\/p>\n<p>Wie oft sucht man eine originelle Verpackungsm\u00f6glichkeit, um eine Flasche Wein zu verschenken???? Diese Flaschenh\u00fclle ist nicht nur f\u00fcr Ostern ein Hit.<\/p>\n<p>Sie ist eine kreative M\u00f6glichkeit eine Flasche Wein zu verpacken, hinterher hat man noch eine sch\u00f6ne Deko, z.B. f\u00fcrs Osterfest.<\/p>\n<p>Diese Flaschenh\u00fclle kann man auch mit F\u00fcllwatte austopfen und schon hat man ein Kuscheltier, das bei den Kleinen punktet.<\/p>\n<p>Die Augen sind aufgestickt, man kann aber auch Wackelaugen, Perlen oder Kn\u00f6pfe verwenden.<\/p>\n<p>Deiner Kreativit\u00e4t sind keine Grenzen gesetzt<\/p>\n<p>Ich habe \u00a0Wolle der Nadelst\u00e4rke 3-4 genommen, die Tasche wird dann ungef\u00e4hr 38 cm hoch. Sie kann\/muss der jeweiligen Flasche angepasst werden.<\/p>\n<\/div>\n<div id=\"cc-m-13954443188\" class=\"j-module n j-text \">\n<p>&nbsp;<\/p>\n<\/div>\n","protected":false},"featured_media":18025,"template":"","meta":[],"product_brand":[],"product_cat":[56,51,48],"product_tag":[684,685,90,89,233,242,788,789,260,399,87,688,686,298,687,595,94,93,113,110,578,593,680,92,245,180,243,244,280,689,114,392,162,682,681,683,95,96],"class_list":{"0":"post-10939","1":"product","2":"type-product","3":"status-publish","4":"has-post-thumbnail","6":"product_cat-2einfach","7":"product_cat-fruehling-ostern","8":"product_cat-haus-deko","9":"product_tag-advent","10":"product_tag-adventskalender","11":"product_tag-amigurumi","12":"product_tag-baby","13":"product_tag-dekoration","14":"product_tag-dekoration-haekeln","15":"product_tag-flaschentasche","16":"product_tag-flaschentasche-haekeln","17":"product_tag-fruehling","18":"product_tag-fruehlingsbote","19":"product_tag-geschenk","20":"product_tag-geschenk-saeckchen","21":"product_tag-geschenk-tasche","22":"product_tag-geschenkverpackung","23":"product_tag-geschenkverpackung-haekeln","24":"product_tag-hahn","25":"product_tag-haekelanleitung","26":"product_tag-haekeln","27":"product_tag-hase","28":"product_tag-hase-haekeln","29":"product_tag-henne","30":"product_tag-huhn","31":"product_tag-kalender","32":"product_tag-kinder","33":"product_tag-kuschelige-haekeltiere","34":"product_tag-kuscheltier","35":"product_tag-kuschelwolle","36":"product_tag-kuschelwolle-haekeln","37":"product_tag-muttertag","38":"product_tag-osterkalender","39":"product_tag-ostern","40":"product_tag-plueschtier-haekeln","41":"product_tag-sternchen","42":"product_tag-tier","43":"product_tag-ueberraschung","44":"product_tag-weihnachten","45":"product_tag-wolle","46":"product_tag-wollreste","48":"first","49":"instock","50":"shipping-taxable","51":"purchasable","52":"product-type-variable"},"_links":{"self":[{"href":"https:\/\/dadade.eu\/index.php?rest_route=\/wp\/v2\/product\/10939","targetHints":{"allow":["GET"]}}],"collection":[{"href":"https:\/\/dadade.eu\/index.php?rest_route=\/wp\/v2\/product"}],"about":[{"href":"https:\/\/dadade.eu\/index.php?rest_route=\/wp\/v2\/types\/product"}],"wp:featuredmedia":[{"embeddable":true,"href":"https:\/\/dadade.eu\/index.php?rest_route=\/wp\/v2\/media\/18025"}],"wp:attachment":[{"href":"https:\/\/dadade.eu\/index.php?rest_route=%2Fwp%2Fv2%2Fmedia&parent=10939"}],"wp:term":[{"taxonomy":"product_brand","embeddable":true,"href":"https:\/\/dadade.eu\/index.php?rest_route=%2Fwp%2Fv2%2Fproduct_brand&post=10939"},{"taxonomy":"product_cat","embeddable":true,"href":"https:\/\/dadade.eu\/index.php?rest_route=%2Fwp%2Fv2%2Fproduct_cat&post=10939"},{"taxonomy":"product_tag","embeddable":true,"href":"https:\/\/dadade.eu\/index.php?rest_route=%2Fwp%2Fv2%2Fproduct_tag&post=10939"}],"curies":[{"name":"wp","href":"https:\/\/api.w.org\/{rel}","templated":true}]}}