{"id":10935,"date":"2023-01-08T17:02:35","date_gmt":"2023-01-08T16:02:35","guid":{"rendered":"https:\/\/dadade.eu\/?post_type=product&#038;p=10935"},"modified":"2023-07-29T22:24:37","modified_gmt":"2023-07-29T20:24:37","slug":"h601-h608-klemmschutz-tuerstopper","status":"publish","type":"product","link":"https:\/\/dadade.eu\/?product=h601-h608-klemmschutz-tuerstopper","title":{"rendered":"H601- H608 Klemmschutz &#038; T\u00fcrstopper"},"content":{"rendered":"<p><strong>mehr \u00fcber die vielen tollen T\u00fcrstopper <\/strong><b>,\u00a0<\/b><\/p>\n<p><strong>findet ihr hier, bei <a href=\"https:\/\/dadade.eu\/?product_cat=praktische-helfer\">Haus &amp; Deko-Praktische Helfer<\/a><\/strong><\/p>\n<p><a href=\"https:\/\/dadade.eu\/?product=kissen-ente-gagag-das-kuschelkissen-h152\"><strong><u>H601 T\u00fcrstopper HUND<\/u><\/strong><\/a><\/p>\n<p><a href=\"https:\/\/dadade.eu\/?product=tuerstopper-affe-der-klemmschutz-h602\"><strong><u>H602 T\u00fcrstopper AFFE<\/u><\/strong><\/a><\/p>\n<p><a href=\"https:\/\/dadade.eu\/?product=tuerstopper-giraffe-der-klemmschutz-h603\"><strong><u>H603 T\u00fcrstopper Giraffe<\/u><\/strong><\/a><\/p>\n<p><a href=\"https:\/\/dadade.eu\/?product=tuerstopper-erdmaennchen-der-klemmschutz-h604\"><strong><u>H604 T\u00fcrstopper Erdm\u00e4nnchen<\/u><\/strong><\/a><\/p>\n<p><strong><u><a href=\"https:\/\/dadade.eu\/?product=tuerstopper-faultier-der-klemmschutz-h605\">H605 T\u00fcrstopper FAULTIER<\/a><\/u><\/strong><\/p>\n<p><a href=\"https:\/\/dadade.eu\/?product=tuerstopper-gecko-der-klemmschutz-h606\"><strong><u>H606 T\u00fcrstopper GECKO<\/u><\/strong><\/a><\/p>\n<p><a href=\"https:\/\/dadade.eu\/?product=tuerstopper-elefant-der-klemmschutz-h607\"><strong><u>H607 T\u00fcrstopper ELEFANT<\/u><\/strong><\/a><\/p>\n<p><strong><u><a href=\"https:\/\/dadade.eu\/?product=tuerstopper-panda-der-klemmschutz-h608\">H608 T\u00fcrstopper Panda<\/a><\/u><\/strong><\/p>\n<p>&nbsp;<\/p>\n<p>mehr Bilder, von flei\u00dfigen Helfer und H\u00e4nde<\/p>\n<p><strong><a href=\"https:\/\/dadade.eu\/?p=6620\">KLICKE HIER<\/a><\/strong><\/p>\n<p>&nbsp;<\/p>\n<p>&nbsp;<\/p>\n<p>&nbsp;<\/p>\n","protected":false},"excerpt":{"rendered":"<div id=\"cc-m-13954443088\" class=\"j-module n j-text \">\n<p>Hier gibt es nur die H\u00e4kelanleitung f\u00fcr diese tierischen T\u00fcrstopper.<\/p>\n<p>Sie h\u00e4ngen als Fingerklemmschutz einfach so rum, sehen s\u00fc\u00df aus und erf\u00fcllt l\u00e4ssig ihre Aufgabe.<\/p>\n<p>H\u00e4ngt so ein witziger Kamerad an der T\u00fcr bedeutet das eine Sorge weniger, denn es sch\u00fctzt die Kleinen vor Verletzungen.<\/p>\n<p>Er ist ein Unikat, ein absolutes Muss f\u00fcr alle Handarbeits-Freunde,<\/p>\n<p>Ein besonderes Geschenk, ob f\u00fcr Muttertag, einen Geburtstag, oder einfach als Mitbringsel.<\/p>\n<p>Diese praktischen, tierischen Freunde sind \u00fcberall herzlich Willkommen,<\/p>\n<p>mehr davon findet ihr hier,\u00a0 <strong><a href=\"https:\/\/dadade.eu\/?product_cat=praktische-helfer\">Haus &amp; Deko-Praktische Helfer<\/a><\/strong><\/p>\n<\/div>\n<div id=\"cc-m-13954443088\" class=\"j-module n j-text \">\n<p>Beim Kauf ab 3 Praktischen Helfer, im Warenkorb einfach den Gutschein-Code\u00a0<strong>Praktische Helfer\u00a0<\/strong>eingeben und schon bekommt ihr<strong><span style=\"color: #ff0000;\"> 20%<\/span><\/strong> Mengenrabatt auf die Praktischen Helfer.<\/p>\n<p>&nbsp;<\/p>\n<\/div>\n","protected":false},"featured_media":10936,"template":"","meta":[],"product_brand":[],"product_cat":[16,387],"product_tag":[190,90,120,242,649,339,654,322,260,87,651,205,93,319,321,243,244,181,280,114,641,195,296,773,320,276,302,95,96],"class_list":{"0":"post-10935","1":"product","2":"type-product","3":"status-publish","4":"has-post-thumbnail","6":"product_cat-alle","7":"product_cat-muttertag","8":"product_tag-affe","9":"product_tag-amigurumi","10":"product_tag-baer","11":"product_tag-dekoration-haekeln","12":"product_tag-elefant","13":"product_tag-erdmaennchen","14":"product_tag-faultier","15":"product_tag-fingerklemmschutz","16":"product_tag-fruehling","17":"product_tag-geschenk","18":"product_tag-geschenk-idee","19":"product_tag-giraffe","20":"product_tag-haekeln","21":"product_tag-hund","22":"product_tag-klemmschutz","23":"product_tag-kuschelwolle","24":"product_tag-kuschelwolle-haekeln","25":"product_tag-lustig","26":"product_tag-muttertag","27":"product_tag-ostern","28":"product_tag-panda","29":"product_tag-praesent","30":"product_tag-sommer","31":"product_tag-tuer-klemmschutz","32":"product_tag-tuerstopper","33":"product_tag-valentin","34":"product_tag-winter","35":"product_tag-wolle","36":"product_tag-wollreste","38":"first","39":"instock","40":"shipping-taxable","41":"product-type-simple"},"_links":{"self":[{"href":"https:\/\/dadade.eu\/index.php?rest_route=\/wp\/v2\/product\/10935","targetHints":{"allow":["GET"]}}],"collection":[{"href":"https:\/\/dadade.eu\/index.php?rest_route=\/wp\/v2\/product"}],"about":[{"href":"https:\/\/dadade.eu\/index.php?rest_route=\/wp\/v2\/types\/product"}],"wp:featuredmedia":[{"embeddable":true,"href":"https:\/\/dadade.eu\/index.php?rest_route=\/wp\/v2\/media\/10936"}],"wp:attachment":[{"href":"https:\/\/dadade.eu\/index.php?rest_route=%2Fwp%2Fv2%2Fmedia&parent=10935"}],"wp:term":[{"taxonomy":"product_brand","embeddable":true,"href":"https:\/\/dadade.eu\/index.php?rest_route=%2Fwp%2Fv2%2Fproduct_brand&post=10935"},{"taxonomy":"product_cat","embeddable":true,"href":"https:\/\/dadade.eu\/index.php?rest_route=%2Fwp%2Fv2%2Fproduct_cat&post=10935"},{"taxonomy":"product_tag","embeddable":true,"href":"https:\/\/dadade.eu\/index.php?rest_route=%2Fwp%2Fv2%2Fproduct_tag&post=10935"}],"curies":[{"name":"wp","href":"https:\/\/api.w.org\/{rel}","templated":true}]}}