{"id":10933,"date":"2023-02-08T16:47:48","date_gmt":"2023-02-08T15:47:48","guid":{"rendered":"https:\/\/dadade.eu\/?post_type=product&#038;p=10933"},"modified":"2024-01-13T18:06:19","modified_gmt":"2024-01-13T17:06:19","slug":"h150-h156-kissen-bodenkissen","status":"publish","type":"product","link":"https:\/\/dadade.eu\/?product=h150-h156-kissen-bodenkissen","title":{"rendered":"H150 &#8211; H158 Kissen &#038; Bodenkissen"},"content":{"rendered":"<p>noch mehr \u00fcber die Kissen findet ihr hier;<\/p>\n<p><strong><a href=\"https:\/\/dadade.eu\/?product_cat=amigurumis-zum-kuscheln\">Haus &amp; Deko<\/a><a href=\"https:\/\/dadade.eu\/?product_cat=spieluhren\"> &#8211; Kissen<\/a><\/strong><\/p>\n<p>&nbsp;<\/p>\n<p><a title=\"A168 Gl\u00fccks-Vogel\" href=\"https:\/\/dadade.eu\/?product=kranz-blume-h004\" target=\"_blank\" rel=\"noopener\"><strong><u>H004 Kranz Blume, als Kissen<\/u><\/strong><\/a><\/p>\n<p><a title=\"A168 Gl\u00fccks-Vogel\" href=\"https:\/\/dadade.eu\/?product=__trashed\" target=\"_blank\" rel=\"noopener\"><strong><u>H151 Kissen ANNA Bienchen<\/u><\/strong><\/a><\/p>\n<p><a title=\"A168 Gl\u00fccks-Vogel\" href=\"https:\/\/dadade.eu\/?product=kissen-ente-gagag-das-kuschelkissen-h152-2\" target=\"_blank\" rel=\"noopener\"><strong><u>H152 Kissen ENTE Gagag<\/u><\/strong><\/a><\/p>\n<p><a href=\"https:\/\/dadade.eu\/?product=herz-kissen-mit-einhoerner-das-herz-zum-kuscheln-h153\" target=\"_blank\" rel=\"noopener\"><u><b>H153 HERZ-Kissen mit oder ohne EINHORN<\/b><\/u><\/a><\/p>\n<p><a href=\"https:\/\/dadade.eu\/?product=kissen-kleeblatt-kuschel-dich-ins-glueck-h154\" target=\"_blank\" rel=\"noopener\"><u><b>H154 Kissen KLEEBLATT<\/b><\/u><\/a><\/p>\n<p><a title=\"A168 Gl\u00fccks-Vogel\" href=\"https:\/\/dadade.eu\/?product=kissen-einhorn-das-boden-kissen-n155\" target=\"_blank\" rel=\"noopener\"><strong><u>H155 BODEN-Kissen EINHORN<\/u><\/strong><\/a><\/p>\n<p><a title=\"A168 Gl\u00fccks-Vogel\" href=\"https:\/\/dadade.eu\/?product=hund-julian-das-boden-kissen-h156\" target=\"_blank\" rel=\"noopener\"><strong><u>H156 SITZ-Kissen HUND JULIAN<\/u><\/strong><\/a><\/p>\n<p><a title=\"A168 Gl\u00fccks-Vogel\" href=\"https:\/\/dadade.eu\/?product=kissen-game-controller-h157\" target=\"_blank\" rel=\"noopener\"><strong><u>H157 Kissen GAME-CONTROLLER<\/u><\/strong><\/a><\/p>\n<p><a title=\"A168 Gl\u00fccks-Vogel\" href=\"https:\/\/dadade.eu\/?product=kissen-affe-u-a-das-kuschelkissen-h158\" target=\"_blank\" rel=\"noopener\"><strong><u>H158 Kissen Affe U-A<\/u><\/strong><\/a><\/p>\n<p><a title=\"A168 Gl\u00fccks-Vogel\" href=\"https:\/\/dadade.eu\/?product=kissen-fuchs-emy-das-kuschelkissen-h159\" target=\"_blank\" rel=\"noopener\"><strong><u>H159 Kissen Fuchs Fenny<\/u><\/strong><\/a><\/p>\n<p>&nbsp;<\/p>\n<p>mehr Bilder, von flei\u00dfigen Helfer und H\u00e4nde<\/p>\n<p><strong><a href=\"https:\/\/dadade.eu\/?p=6620\">KLICKE HIER<\/a><\/strong><\/p>\n<p>&nbsp;<\/p>\n<p>&nbsp;<\/p>\n","protected":false},"excerpt":{"rendered":"<p>H\u00e4kelanleitungen f\u00fcr diese supersch\u00f6ne, weiche Kissen findet man hier.<\/p>\n<p>Als Geschenk oder Mitbringsel, jede Couch wird mit diesen sch\u00f6nen Accessoires ein\u00a0 richtiger Hingucker.<\/p>\n<p>&nbsp;<\/p>\n<p>mehr dazu findet ihr hier; <strong><a href=\"https:\/\/dadade.eu\/?product_cat=amigurumis-zum-kuscheln\">Haus &amp; Deko<\/a><a href=\"https:\/\/dadade.eu\/?product_cat=spieluhren\"> &#8211; Kissen<\/a><\/strong><\/p>\n<p>&nbsp;<\/p>\n<p>&nbsp;<\/p>\n","protected":false},"featured_media":21641,"template":"","meta":[],"product_brand":[],"product_cat":[16],"product_tag":[90,89,1051,248,1047,561,1045,1046,254,1049,399,1043,1044,87,493,94,93,279,1041,319,92,722,1052,882,515,1050,246,1042,1048,289,738,88,114,91,95,96],"class_list":{"0":"post-10933","1":"product","2":"type-product","3":"status-publish","4":"has-post-thumbnail","6":"product_cat-alle","7":"product_tag-amigurumi","8":"product_tag-baby","9":"product_tag-bieme-haekeln","10":"product_tag-biene","11":"product_tag-boden-kissen","12":"product_tag-bodenkissen-hund","13":"product_tag-controller","14":"product_tag-controller-haekeln","15":"product_tag-ente","16":"product_tag-ente-haekelm","17":"product_tag-fruehlingsbote","18":"product_tag-gamer","19":"product_tag-gamer-haekeln","20":"product_tag-geschenk","21":"product_tag-geschenk-kinder","22":"product_tag-haekelanleitung","23":"product_tag-haekeln","24":"product_tag-herz","25":"product_tag-herz-haekelm","26":"product_tag-hund","27":"product_tag-kinder","28":"product_tag-kissen","29":"product_tag-kissen-biene","30":"product_tag-kissen-controller","31":"product_tag-kissen-ente","32":"product_tag-kissen-ente-haekeln","33":"product_tag-kissen-haekeln","34":"product_tag-kissen-herz","35":"product_tag-kissen-kleeblatt","36":"product_tag-kleeblatt-haekeln","37":"product_tag-krokodil","38":"product_tag-kuscheltier-haekeln","39":"product_tag-ostern","40":"product_tag-plueschtier","41":"product_tag-wolle","42":"product_tag-wollreste","44":"first","45":"instock","46":"shipping-taxable","47":"product-type-simple"},"_links":{"self":[{"href":"https:\/\/dadade.eu\/index.php?rest_route=\/wp\/v2\/product\/10933","targetHints":{"allow":["GET"]}}],"collection":[{"href":"https:\/\/dadade.eu\/index.php?rest_route=\/wp\/v2\/product"}],"about":[{"href":"https:\/\/dadade.eu\/index.php?rest_route=\/wp\/v2\/types\/product"}],"wp:featuredmedia":[{"embeddable":true,"href":"https:\/\/dadade.eu\/index.php?rest_route=\/wp\/v2\/media\/21641"}],"wp:attachment":[{"href":"https:\/\/dadade.eu\/index.php?rest_route=%2Fwp%2Fv2%2Fmedia&parent=10933"}],"wp:term":[{"taxonomy":"product_brand","embeddable":true,"href":"https:\/\/dadade.eu\/index.php?rest_route=%2Fwp%2Fv2%2Fproduct_brand&post=10933"},{"taxonomy":"product_cat","embeddable":true,"href":"https:\/\/dadade.eu\/index.php?rest_route=%2Fwp%2Fv2%2Fproduct_cat&post=10933"},{"taxonomy":"product_tag","embeddable":true,"href":"https:\/\/dadade.eu\/index.php?rest_route=%2Fwp%2Fv2%2Fproduct_tag&post=10933"}],"curies":[{"name":"wp","href":"https:\/\/api.w.org\/{rel}","templated":true}]}}