{"id":10926,"date":"2023-01-08T11:56:32","date_gmt":"2023-01-08T10:56:32","guid":{"rendered":"https:\/\/dadade.eu\/?post_type=product&#038;p=10926"},"modified":"2024-03-15T13:45:31","modified_gmt":"2024-03-15T12:45:31","slug":"a138-143-schlafanzug-hueter","status":"publish","type":"product","link":"https:\/\/dadade.eu\/?product=a138-143-schlafanzug-hueter","title":{"rendered":"A138-143 Schlafanzug-H\u00fcter, Amigurumis mit Versteck"},"content":{"rendered":"<p>mehr dazu findet ihr hier;<\/p>\n<p><strong><a href=\"https:\/\/dadade.eu\/?product_cat=amigurumis-zum-kuscheln\">Amigurumi<\/a><a href=\"https:\/\/dadade.eu\/?product_cat=amigurumis-zum-kuscheln\"> &#8211; Amigurumis zum Kuscheln<\/a><\/strong><\/p>\n<p><strong>zu diesen Schlafanzug-H\u00fcter geh\u00f6ren<\/strong><\/p>\n<p>&nbsp;<\/p>\n<p><a href=\"https:\/\/dadade.eu\/?product=darius-von-drachmania-der-kuschel-drache-a138\"><strong><u>A138 Drache Darius von Drachmania<\/u><\/strong><\/a><\/p>\n<p><a href=\"https:\/\/dadade.eu\/?product=faultier-frodo-mit-rucksack-und-jacke-a139\"><strong><u>A139 Faultier Frodo, mit Rucksack<\/u><\/strong><\/a><\/p>\n<p><a title=\"A168 Gl\u00fccks-Vogel\" href=\"https:\/\/dadade.eu\/?product=miss-koala-koco-mit-schlafanzug-tasche-a140\"><strong><u>A140 Koala Koco<\/u><\/strong><\/a><\/p>\n<p><a title=\"A168 Gl\u00fccks-Vogel\" href=\"https:\/\/dadade.eu\/?product=hummel-biene-sumsebrumm-mit-schlafanzug-tasche-a143\"><strong><u>A143 HummelBiene SumseBrumm<\/u><\/strong><\/a><\/p>\n<p>&nbsp;<\/p>\n<p>mehr Bilder, von flei\u00dfigen Helfer und H\u00e4nde<\/p>\n<p><strong><a href=\"https:\/\/dadade.eu\/?p=9515\">KLICKE HIER<\/a><\/strong><\/p>\n<p>&nbsp;<\/p>\n<p>&nbsp;<\/p>\n","protected":false},"excerpt":{"rendered":"<p>Diese Gruppe von Tieren sind nicht nur Kuscheltiere, sie sind auch Schlafanzug-H\u00fcter, sie haben alle eine kleine Tasche, \u00fcber die sich jedes Kind freut.<\/p>\n<p>Tags\u00fcber liegen sie auf dem Bett und passt auf den Schlafanzug auf, nachts sind sie dann ein Schlaf-W\u00e4chter, weich und kuschelig.<\/p>\n<p>Man kann z.B. auch ein Schnuffeltuch drin verstecken, oder man versteckt in der Tasche eine kleine \u00dcberraschung, die dem Kind die \u00dcbernachtung ausw\u00e4rts etwas leichter macht.<\/p>\n<p>Deiner Fantasie sind keine Grenzen gesetzt.<\/p>\n<p>mehr dazu findet ihr hier; <strong><a href=\"https:\/\/dadade.eu\/?product_cat=amigurumis-zum-kuscheln\">Amigurumi<\/a><a href=\"https:\/\/dadade.eu\/?product_cat=amigurumis-zum-kuscheln\"> &#8211; Amigurumis zum Kuscheln<\/a><\/strong><\/p>\n<p>&nbsp;<\/p>\n<p>&nbsp;<\/p>\n","protected":false},"featured_media":10927,"template":"","meta":[],"product_brand":[],"product_cat":[16,42],"product_tag":[90,89,248,415,665,666,769,399,87,493,94,93,92,638,640,88,114,91,426,427,95,96],"class_list":{"0":"post-10926","1":"product","2":"type-product","3":"status-publish","4":"has-post-thumbnail","6":"product_cat-alle","7":"product_cat-baby","8":"product_tag-amigurumi","9":"product_tag-baby","10":"product_tag-biene","11":"product_tag-biene-haekeln","12":"product_tag-drache","13":"product_tag-drache-haekeln","14":"product_tag-faultier-faultier-haekeln","15":"product_tag-fruehlingsbote","16":"product_tag-geschenk","17":"product_tag-geschenk-kinder","18":"product_tag-haekelanleitung","19":"product_tag-haekeln","20":"product_tag-kinder","21":"product_tag-koala","22":"product_tag-koala-haekeln","23":"product_tag-kuscheltier-haekeln","24":"product_tag-ostern","25":"product_tag-plueschtier","26":"product_tag-schaf","27":"product_tag-schlummerle","28":"product_tag-wolle","29":"product_tag-wollreste","31":"first","32":"instock","33":"shipping-taxable","34":"product-type-simple"},"_links":{"self":[{"href":"https:\/\/dadade.eu\/index.php?rest_route=\/wp\/v2\/product\/10926","targetHints":{"allow":["GET"]}}],"collection":[{"href":"https:\/\/dadade.eu\/index.php?rest_route=\/wp\/v2\/product"}],"about":[{"href":"https:\/\/dadade.eu\/index.php?rest_route=\/wp\/v2\/types\/product"}],"wp:featuredmedia":[{"embeddable":true,"href":"https:\/\/dadade.eu\/index.php?rest_route=\/wp\/v2\/media\/10927"}],"wp:attachment":[{"href":"https:\/\/dadade.eu\/index.php?rest_route=%2Fwp%2Fv2%2Fmedia&parent=10926"}],"wp:term":[{"taxonomy":"product_brand","embeddable":true,"href":"https:\/\/dadade.eu\/index.php?rest_route=%2Fwp%2Fv2%2Fproduct_brand&post=10926"},{"taxonomy":"product_cat","embeddable":true,"href":"https:\/\/dadade.eu\/index.php?rest_route=%2Fwp%2Fv2%2Fproduct_cat&post=10926"},{"taxonomy":"product_tag","embeddable":true,"href":"https:\/\/dadade.eu\/index.php?rest_route=%2Fwp%2Fv2%2Fproduct_tag&post=10926"}],"curies":[{"name":"wp","href":"https:\/\/api.w.org\/{rel}","templated":true}]}}