{"id":10813,"date":"2018-08-07T15:19:08","date_gmt":"2018-08-07T13:19:08","guid":{"rendered":"https:\/\/dadade.eu\/?post_type=product&#038;p=10813"},"modified":"2023-03-07T18:09:48","modified_gmt":"2023-03-07T17:09:48","slug":"esel-eduard-die-spieluhr-b402","status":"publish","type":"product","link":"https:\/\/dadade.eu\/?product=esel-eduard-die-spieluhr-b402","title":{"rendered":"Esel Eduard, die Spieluhr (B402)"},"content":{"rendered":"<p><a href=\"https:\/\/youtu.be\/bnQvXneGzq0\/\" target=\"_blank\" rel=\"noopener\"><img decoding=\"async\" class=\"alignnone wp-image-10823\" src=\"https:\/\/dadade.eu\/wp-content\/uploads\/2023\/03\/xEsel-Eduard-6-300x225.jpg\" alt=\"\" width=\"247\" height=\"185\" srcset=\"https:\/\/dadade.eu\/wp-content\/uploads\/2023\/03\/xEsel-Eduard-6-300x225.jpg 300w, https:\/\/dadade.eu\/wp-content\/uploads\/2023\/03\/xEsel-Eduard-6-600x450.jpg 600w, https:\/\/dadade.eu\/wp-content\/uploads\/2023\/03\/xEsel-Eduard-6-64x48.jpg 64w, https:\/\/dadade.eu\/wp-content\/uploads\/2023\/03\/xEsel-Eduard-6-1024x768.jpg 1024w, https:\/\/dadade.eu\/wp-content\/uploads\/2023\/03\/xEsel-Eduard-6-768x576.jpg 768w, https:\/\/dadade.eu\/wp-content\/uploads\/2023\/03\/xEsel-Eduard-6.jpg 1400w\" sizes=\"(max-width: 247px) 100vw, 247px\" \/><\/a><a href=\"https:\/\/youtu.be\/bnQvXneGzq0\" target=\"_blank\" rel=\"noopener\"><strong>Hier kann man sich das Video auf Youtube ansehen, klicke auf das Bild<\/strong><\/a><\/p>\n<p>Mit dem Kauf erh\u00e4ltst du eine leicht verst\u00e4ndliche H\u00e4kelanleitung im praktischen PDF-Format.<\/p>\n<p>Die Anleitung ist ausf\u00fchrlich mit vielen Bildern hinterlegt und wird auf auf 35 Seiten Schritt-f\u00fcr-Schritt beschrieben!<\/p>\n<p>Auch das Einbauen der Spieluhr wird Schritt f\u00fcr Schritt erkl\u00e4rt!<\/p>\n<p>noch mehr Bilder von flei\u00dfigen Helfer und\u00a0 H\u00e4nden<\/p>\n<p>mehr Bilder von Spieluhren findet ihr hier<\/p>\n<p><strong><a href=\"https:\/\/dadade.eu\/?p=10708\">KLICKE HIER<\/a><\/strong><\/p>\n<p>&nbsp;<\/p>\n<p>&nbsp;<\/p>\n<p>&nbsp;<\/p>\n","protected":false},"excerpt":{"rendered":"<div id=\"cc-m-13954443088\" class=\"j-module n j-text \">\n<p>Hier kauft man nur die H\u00e4kelanleitung f\u00fcr den Esel Eduard<\/p>\n<p>Er ist ein witziges Kuscheltier mit Spieluhr, zum Knuddeln und Greifen und kann bedenkenlos mit ins Bett genommen werden.<\/p>\n<p>Eine Spieluhr, bei der sich keine Schnur um \u00c4rmchen oder Beinchen wickeln kann.<\/p>\n<p>Seht euch das Video auf meiner Webseite an und achtet bitte auf den Schwanz, der Schwanz zieht sich zusammen.<\/p>\n<p>Mit diesem Geschenk hat man etwas ganz Besonderes.<\/p>\n<p>Es wurde auch noch etwas Knisterpapier eingearbeitet, f\u00fcr das extra Spielvergn\u00fcgen der Kleinen.<\/p>\n<p>Der Esel kann nat\u00fcrlich auch ohne Spieluhr geh\u00e4kelt werden, einfach als kuscheliges Lieblingstier.<\/p>\n<p>Mit der Nadelst\u00e4rke 3 wird die Spieluhr Esel Eduard ungef\u00e4hr; 48cm hoch<\/p>\n<p>Mit dem Kauf erh\u00e4lt man eine leicht verst\u00e4ndliche H\u00e4kelanleitung im praktischen PDF-Format.<\/p>\n<p>Die Anleitung ist auch schon f\u00fcr Anf\u00e4nger geeignet.<\/p>\n<\/div>\n","protected":false},"featured_media":10820,"template":"","meta":[],"product_brand":[],"product_cat":[57,39,42,70,45],"product_tag":[90,89,233,569,182,87,197,94,763,93,194,92,234,180,181,761,236,195,235,762,238,196,237,183,95],"class_list":{"0":"post-10813","1":"product","2":"type-product","3":"status-publish","4":"has-post-thumbnail","6":"product_cat-3mittel","7":"product_cat-amigurumis-zum-kuscheln","8":"product_cat-baby","9":"product_cat-maxi","10":"product_cat-spieluhren","11":"product_tag-amigurumi","12":"product_tag-baby","13":"product_tag-dekoration","14":"product_tag-esel-haekeln","15":"product_tag-fein","16":"product_tag-geschenk","17":"product_tag-greifspielzeug","18":"product_tag-haekelanleitung","19":"product_tag-haekelanleitung-esel","20":"product_tag-haekeln","21":"product_tag-kind","22":"product_tag-kinder","23":"product_tag-kinderzimmer","24":"product_tag-kuscheltier","25":"product_tag-lustig","26":"product_tag-meer","27":"product_tag-musik","28":"product_tag-praesent","29":"product_tag-spieluhr","30":"product_tag-spieluhr-esel","31":"product_tag-spieluhr-haekeln","32":"product_tag-spielzeug","33":"product_tag-taufe","34":"product_tag-witzig","35":"product_tag-wolle","37":"first","38":"instock","39":"downloadable","40":"shipping-taxable","41":"purchasable","42":"product-type-simple"},"_links":{"self":[{"href":"https:\/\/dadade.eu\/index.php?rest_route=\/wp\/v2\/product\/10813","targetHints":{"allow":["GET"]}}],"collection":[{"href":"https:\/\/dadade.eu\/index.php?rest_route=\/wp\/v2\/product"}],"about":[{"href":"https:\/\/dadade.eu\/index.php?rest_route=\/wp\/v2\/types\/product"}],"wp:featuredmedia":[{"embeddable":true,"href":"https:\/\/dadade.eu\/index.php?rest_route=\/wp\/v2\/media\/10820"}],"wp:attachment":[{"href":"https:\/\/dadade.eu\/index.php?rest_route=%2Fwp%2Fv2%2Fmedia&parent=10813"}],"wp:term":[{"taxonomy":"product_brand","embeddable":true,"href":"https:\/\/dadade.eu\/index.php?rest_route=%2Fwp%2Fv2%2Fproduct_brand&post=10813"},{"taxonomy":"product_cat","embeddable":true,"href":"https:\/\/dadade.eu\/index.php?rest_route=%2Fwp%2Fv2%2Fproduct_cat&post=10813"},{"taxonomy":"product_tag","embeddable":true,"href":"https:\/\/dadade.eu\/index.php?rest_route=%2Fwp%2Fv2%2Fproduct_tag&post=10813"}],"curies":[{"name":"wp","href":"https:\/\/api.w.org\/{rel}","templated":true}]}}