{"id":10742,"date":"2020-03-06T21:13:16","date_gmt":"2020-03-06T20:13:16","guid":{"rendered":"https:\/\/dadade.eu\/?post_type=product&#038;p=10742"},"modified":"2023-08-18T17:00:06","modified_gmt":"2023-08-18T15:00:06","slug":"mobile-mond-mit-ente-maus-elefant-b503","status":"publish","type":"product","link":"https:\/\/dadade.eu\/?product=mobile-mond-mit-ente-maus-elefant-b503","title":{"rendered":"Mobile Mond, mit Ente, Maus &#038; Elefant (B503)"},"content":{"rendered":"<p><img decoding=\"async\" class=\"alignnone wp-image-10768\" src=\"https:\/\/dadade.eu\/wp-content\/uploads\/2023\/03\/xMobile-Mond-Elefant-23-300x225.jpg\" alt=\"\" width=\"177\" height=\"133\" srcset=\"https:\/\/dadade.eu\/wp-content\/uploads\/2023\/03\/xMobile-Mond-Elefant-23-300x225.jpg 300w, https:\/\/dadade.eu\/wp-content\/uploads\/2023\/03\/xMobile-Mond-Elefant-23-600x450.jpg 600w, https:\/\/dadade.eu\/wp-content\/uploads\/2023\/03\/xMobile-Mond-Elefant-23-64x48.jpg 64w, https:\/\/dadade.eu\/wp-content\/uploads\/2023\/03\/xMobile-Mond-Elefant-23-1024x768.jpg 1024w, https:\/\/dadade.eu\/wp-content\/uploads\/2023\/03\/xMobile-Mond-Elefant-23-768x576.jpg 768w, https:\/\/dadade.eu\/wp-content\/uploads\/2023\/03\/xMobile-Mond-Elefant-23.jpg 1400w\" sizes=\"(max-width: 177px) 100vw, 177px\" \/>Elefant Elena, als Kuscheltier f\u00fcr die gro\u00dfe Schwester<\/p>\n<p><img decoding=\"async\" class=\"alignnone wp-image-10777\" src=\"https:\/\/dadade.eu\/wp-content\/uploads\/2023\/03\/xMobile-Mond-Ente-26-300x225.jpg\" alt=\"\" width=\"175\" height=\"131\" srcset=\"https:\/\/dadade.eu\/wp-content\/uploads\/2023\/03\/xMobile-Mond-Ente-26-300x225.jpg 300w, https:\/\/dadade.eu\/wp-content\/uploads\/2023\/03\/xMobile-Mond-Ente-26-600x450.jpg 600w, https:\/\/dadade.eu\/wp-content\/uploads\/2023\/03\/xMobile-Mond-Ente-26-64x48.jpg 64w, https:\/\/dadade.eu\/wp-content\/uploads\/2023\/03\/xMobile-Mond-Ente-26-1024x768.jpg 1024w, https:\/\/dadade.eu\/wp-content\/uploads\/2023\/03\/xMobile-Mond-Ente-26-768x576.jpg 768w, https:\/\/dadade.eu\/wp-content\/uploads\/2023\/03\/xMobile-Mond-Ente-26.jpg 1400w\" sizes=\"(max-width: 175px) 100vw, 175px\" \/>Ente Enie, als Kuscheltier f\u00fcr die gro\u00dfe Schwester<\/p>\n<p><a href=\"https:\/\/youtu.be\/MmDSwIrc2jQ\" target=\"_blank\" rel=\"noopener\"><img decoding=\"async\" class=\"alignnone wp-image-10781\" src=\"https:\/\/dadade.eu\/wp-content\/uploads\/2023\/03\/xMobile-Mond-Maus-23-300x225.jpg\" alt=\"\" width=\"176\" height=\"132\" srcset=\"https:\/\/dadade.eu\/wp-content\/uploads\/2023\/03\/xMobile-Mond-Maus-23-300x225.jpg 300w, https:\/\/dadade.eu\/wp-content\/uploads\/2023\/03\/xMobile-Mond-Maus-23-600x450.jpg 600w, https:\/\/dadade.eu\/wp-content\/uploads\/2023\/03\/xMobile-Mond-Maus-23-64x48.jpg 64w, https:\/\/dadade.eu\/wp-content\/uploads\/2023\/03\/xMobile-Mond-Maus-23-1024x768.jpg 1024w, https:\/\/dadade.eu\/wp-content\/uploads\/2023\/03\/xMobile-Mond-Maus-23-768x576.jpg 768w, https:\/\/dadade.eu\/wp-content\/uploads\/2023\/03\/xMobile-Mond-Maus-23.jpg 1400w\" sizes=\"(max-width: 176px) 100vw, 176px\" \/><\/a>Maus Maddy, als Kuscheltier f\u00fcr die gro\u00dfe Schwester<\/p>\n<p><a href=\"https:\/\/youtu.be\/MmDSwIrc2jQ\" target=\"_blank\" rel=\"noopener\"><strong>Hier kann man sich das Video auf Youtube ansehen, klicke auf das Bild<\/strong><\/a><\/p>\n<p><img loading=\"lazy\" decoding=\"async\" class=\"alignnone wp-image-10671\" src=\"https:\/\/dadade.eu\/wp-content\/uploads\/2023\/03\/x3-Spieluhr-Mond-Luna-Kopie-300x225.jpg\" alt=\"\" width=\"243\" height=\"182\" srcset=\"https:\/\/dadade.eu\/wp-content\/uploads\/2023\/03\/x3-Spieluhr-Mond-Luna-Kopie-300x225.jpg 300w, https:\/\/dadade.eu\/wp-content\/uploads\/2023\/03\/x3-Spieluhr-Mond-Luna-Kopie-600x450.jpg 600w, https:\/\/dadade.eu\/wp-content\/uploads\/2023\/03\/x3-Spieluhr-Mond-Luna-Kopie-64x48.jpg 64w, https:\/\/dadade.eu\/wp-content\/uploads\/2023\/03\/x3-Spieluhr-Mond-Luna-Kopie-1024x768.jpg 1024w, https:\/\/dadade.eu\/wp-content\/uploads\/2023\/03\/x3-Spieluhr-Mond-Luna-Kopie-768x576.jpg 768w, https:\/\/dadade.eu\/wp-content\/uploads\/2023\/03\/x3-Spieluhr-Mond-Luna-Kopie.jpg 1400w\" sizes=\"(max-width: 243px) 100vw, 243px\" \/>es gibt auch eine Spieluhr <strong><a href=\"https:\/\/dadade.eu\/?product=spieluhr-mond-luna-mit-schaf-oder-marienkaefer-b405\">Mond Luna<\/a><\/strong><\/p>\n<p>Mit dem Kauf erh\u00e4ltst du eine leicht verst\u00e4ndliche H\u00e4kelanleitung im praktischen PDF-Format.<\/p>\n<p>Die Anleitung ist ausf\u00fchrlich mit vielen Bildern hinterlegt und wird auf \u00fcber 50 Seiten Schritt-f\u00fcr-Schritt beschrieben!<\/p>\n<p>&nbsp;<\/p>\n<p>mehr Bilder \u00fcber Spieluhren findet ihr hier<\/p>\n<p><strong><a href=\"https:\/\/dadade.eu\/?p=6461\">KLICKE HIER<\/a><\/strong><\/p>\n<p>&nbsp;<\/p>\n<p>&nbsp;<\/p>\n<p>&nbsp;<\/p>\n","protected":false},"excerpt":{"rendered":"<div id=\"cc-m-13954443088\" class=\"j-module n j-text \">\n<p>Hier kauft man nur die H\u00e4kelanleitung f\u00fcr diese besondere Mobile.<\/p>\n<p>Ein Mobile ist die attraktiver und sehr bewegliche Einschlafhilfe f\u00fcr den kleine S\u00e4ugling bis zum Kleinkind. Ein Mobile ist der Schmuck f\u00fcr jedes Kinderzimmer. Schon in den ersten Babymonaten hat das Baby, viel Freude am Schauen und entdecken.<\/p>\n<p>Elefant Maus und Ente sitzen oder liegen auf den Wolkenschaukeln und k\u00f6nnen jeder Zeit zum Spielen den Kleinen in die Hand gegeben werden.<\/p>\n<p>Oder man setzt eins der Tiere auf den Mond, auch das ist m\u00f6glich. Oder man h\u00e4kelt nur ein kleines Mobile mit Mond und einem der Tierchen. Der Fantasie sind keine Grenzen gesetzt.<\/p>\n<p>Inhalt:<\/p>\n<p>1\u00a0\u00a0\u00a0\u00a0\u00a0\u00a0\u00a0\u00a0\u00a0\u00a0\u00a0\u00a0 f\u00fcr den gro\u00dfen Mond mit M\u00fctze<\/p>\n<p>2\u00a0\u00a0\u00a0\u00a0\u00a0\u00a0\u00a0\u00a0\u00a0\u00a0\u00a0\u00a0 f\u00fcr die Sterne und Wolken<\/p>\n<p>3\u00a0\u00a0\u00a0\u00a0\u00a0\u00a0\u00a0\u00a0\u00a0\u00a0\u00a0\u00a0 f\u00fcr den Elefant mit Kleidchen und Stirnband,<\/p>\n<p>4\u00a0 \u00a0\u00a0\u00a0\u00a0\u00a0\u00a0\u00a0\u00a0\u00a0\u00a0 die Maus mit Stola,<\/p>\n<p>5\u00a0\u00a0\u00a0\u00a0\u00a0\u00a0\u00a0\u00a0\u00a0\u00a0\u00a0\u00a0 die Ente,<\/p>\n<p>Zus\u00e4tzlich eine detaillierte Bau-Anleitung f\u00fcr das Mobile.<\/p>\n<p>Ein besonderes Geschenk, nicht nur f\u00fcr den kleinen Erdenb\u00fcrger.<\/p>\n<p>In die Tiere kann man Rassel einarbeiten, die zus\u00e4tzlich zum Spielen, Kuscheln und Greifen animieren.<\/p>\n<p><img loading=\"lazy\" decoding=\"async\" class=\"alignnone wp-image-10785\" src=\"https:\/\/dadade.eu\/wp-content\/uploads\/2023\/03\/xMobile-Mond-Tiere-2-300x225.jpg\" alt=\"\" width=\"183\" height=\"137\" srcset=\"https:\/\/dadade.eu\/wp-content\/uploads\/2023\/03\/xMobile-Mond-Tiere-2-300x225.jpg 300w, https:\/\/dadade.eu\/wp-content\/uploads\/2023\/03\/xMobile-Mond-Tiere-2-600x450.jpg 600w, https:\/\/dadade.eu\/wp-content\/uploads\/2023\/03\/xMobile-Mond-Tiere-2-64x48.jpg 64w, https:\/\/dadade.eu\/wp-content\/uploads\/2023\/03\/xMobile-Mond-Tiere-2-1024x768.jpg 1024w, https:\/\/dadade.eu\/wp-content\/uploads\/2023\/03\/xMobile-Mond-Tiere-2-768x576.jpg 768w, https:\/\/dadade.eu\/wp-content\/uploads\/2023\/03\/xMobile-Mond-Tiere-2.jpg 1400w\" sizes=\"(max-width: 183px) 100vw, 183px\" \/>Mit der Samtwolle der Nadelst\u00e4rke 4 geh\u00e4kelt wird aus Elefant, Maus und Ente ein s\u00fc\u00dfes Kuscheltier, z.B. f\u00fcr die gro\u00dfe Schwester. Die drei Freunde werden dann ungef\u00e4hr zwischen 20-22cm hoch<\/p>\n<p><img loading=\"lazy\" decoding=\"async\" class=\"alignnone wp-image-10784\" src=\"https:\/\/dadade.eu\/wp-content\/uploads\/2023\/03\/xMobile-Mond-Tiere-01-300x225.jpg\" alt=\"\" width=\"180\" height=\"135\" srcset=\"https:\/\/dadade.eu\/wp-content\/uploads\/2023\/03\/xMobile-Mond-Tiere-01-300x225.jpg 300w, https:\/\/dadade.eu\/wp-content\/uploads\/2023\/03\/xMobile-Mond-Tiere-01-600x450.jpg 600w, https:\/\/dadade.eu\/wp-content\/uploads\/2023\/03\/xMobile-Mond-Tiere-01-64x48.jpg 64w, https:\/\/dadade.eu\/wp-content\/uploads\/2023\/03\/xMobile-Mond-Tiere-01-1024x768.jpg 1024w, https:\/\/dadade.eu\/wp-content\/uploads\/2023\/03\/xMobile-Mond-Tiere-01-768x576.jpg 768w, https:\/\/dadade.eu\/wp-content\/uploads\/2023\/03\/xMobile-Mond-Tiere-01.jpg 1400w\" sizes=\"(max-width: 180px) 100vw, 180px\" \/>Mit Babywolle der Nadelst\u00e4rke 3 werden der Elefant, die Maus und die Ente; ca 11-13cm hoch,<\/p>\n<\/div>\n","protected":false},"featured_media":10758,"template":"","meta":[],"product_brand":[],"product_cat":[56,42,43,70],"product_tag":[90,89,233,242,87,94,93,194,92,234,246,245,754,180,243,244,181,100,101,752,753,236,195,426,424,235,238,196,237,95],"class_list":{"0":"post-10742","1":"product","2":"type-product","3":"status-publish","4":"has-post-thumbnail","6":"product_cat-2einfach","7":"product_cat-baby","8":"product_cat-baby-ketten-mobile","9":"product_cat-maxi","10":"product_tag-amigurumi","11":"product_tag-baby","12":"product_tag-dekoration","13":"product_tag-dekoration-haekeln","14":"product_tag-geschenk","15":"product_tag-haekelanleitung","16":"product_tag-haekeln","17":"product_tag-kind","18":"product_tag-kinder","19":"product_tag-kinderzimmer","20":"product_tag-kissen-haekeln","21":"product_tag-kuschelige-haekeltiere","22":"product_tag-kuschelkissen","23":"product_tag-kuscheltier","24":"product_tag-kuschelwolle","25":"product_tag-kuschelwolle-haekeln","26":"product_tag-lustig","27":"product_tag-marienkaefer","28":"product_tag-marienkaefer-haekeln","29":"product_tag-mond","30":"product_tag-mond-haekeln","31":"product_tag-musik","32":"product_tag-praesent","33":"product_tag-schaf","34":"product_tag-schaf-haekeln","35":"product_tag-spieluhr","36":"product_tag-spieluhr-haekeln","37":"product_tag-spielzeug","38":"product_tag-taufe","39":"product_tag-wolle","41":"first","42":"instock","43":"shipping-taxable","44":"purchasable","45":"product-type-variable"},"_links":{"self":[{"href":"https:\/\/dadade.eu\/index.php?rest_route=\/wp\/v2\/product\/10742","targetHints":{"allow":["GET"]}}],"collection":[{"href":"https:\/\/dadade.eu\/index.php?rest_route=\/wp\/v2\/product"}],"about":[{"href":"https:\/\/dadade.eu\/index.php?rest_route=\/wp\/v2\/types\/product"}],"wp:featuredmedia":[{"embeddable":true,"href":"https:\/\/dadade.eu\/index.php?rest_route=\/wp\/v2\/media\/10758"}],"wp:attachment":[{"href":"https:\/\/dadade.eu\/index.php?rest_route=%2Fwp%2Fv2%2Fmedia&parent=10742"}],"wp:term":[{"taxonomy":"product_brand","embeddable":true,"href":"https:\/\/dadade.eu\/index.php?rest_route=%2Fwp%2Fv2%2Fproduct_brand&post=10742"},{"taxonomy":"product_cat","embeddable":true,"href":"https:\/\/dadade.eu\/index.php?rest_route=%2Fwp%2Fv2%2Fproduct_cat&post=10742"},{"taxonomy":"product_tag","embeddable":true,"href":"https:\/\/dadade.eu\/index.php?rest_route=%2Fwp%2Fv2%2Fproduct_tag&post=10742"}],"curies":[{"name":"wp","href":"https:\/\/api.w.org\/{rel}","templated":true}]}}