{"id":10670,"date":"2020-05-06T18:12:54","date_gmt":"2020-05-06T16:12:54","guid":{"rendered":"https:\/\/dadade.eu\/?post_type=product&#038;p=10670"},"modified":"2023-07-26T23:00:10","modified_gmt":"2023-07-26T21:00:10","slug":"spieluhr-mond-luna-mit-schaf-oder-marienkaefer-b405","status":"publish","type":"product","link":"https:\/\/dadade.eu\/?product=spieluhr-mond-luna-mit-schaf-oder-marienkaefer-b405","title":{"rendered":"Spieluhr Mond Luna, mit Schaf oder Marienk\u00e4fer (B405)"},"content":{"rendered":"<p><img fetchpriority=\"high\" decoding=\"async\" class=\"alignnone size-medium wp-image-10682\" src=\"https:\/\/dadade.eu\/wp-content\/uploads\/2023\/03\/xSpieluhr-Mond-Luna-Marienkaefer-4b-300x225.jpg\" alt=\"\" width=\"300\" height=\"225\" srcset=\"https:\/\/dadade.eu\/wp-content\/uploads\/2023\/03\/xSpieluhr-Mond-Luna-Marienkaefer-4b-300x225.jpg 300w, https:\/\/dadade.eu\/wp-content\/uploads\/2023\/03\/xSpieluhr-Mond-Luna-Marienkaefer-4b-600x450.jpg 600w, https:\/\/dadade.eu\/wp-content\/uploads\/2023\/03\/xSpieluhr-Mond-Luna-Marienkaefer-4b-64x48.jpg 64w, https:\/\/dadade.eu\/wp-content\/uploads\/2023\/03\/xSpieluhr-Mond-Luna-Marienkaefer-4b-1024x768.jpg 1024w, https:\/\/dadade.eu\/wp-content\/uploads\/2023\/03\/xSpieluhr-Mond-Luna-Marienkaefer-4b-768x576.jpg 768w, https:\/\/dadade.eu\/wp-content\/uploads\/2023\/03\/xSpieluhr-Mond-Luna-Marienkaefer-4b.jpg 1400w\" sizes=\"(max-width: 300px) 100vw, 300px\" \/>die Spieluhr Mond Luna mit Marienk\u00e4fer<\/p>\n<p><a href=\"https:\/\/youtu.be\/vsQQsIdjnVY\" target=\"_blank\" rel=\"noopener\"><img decoding=\"async\" class=\"alignnone wp-image-10692 size-medium\" src=\"https:\/\/dadade.eu\/wp-content\/uploads\/2023\/03\/xSpieluhr-Mond-Luna-Schaf4b-300x225.jpg\" alt=\"\" width=\"300\" height=\"225\" srcset=\"https:\/\/dadade.eu\/wp-content\/uploads\/2023\/03\/xSpieluhr-Mond-Luna-Schaf4b-300x225.jpg 300w, https:\/\/dadade.eu\/wp-content\/uploads\/2023\/03\/xSpieluhr-Mond-Luna-Schaf4b-600x450.jpg 600w, https:\/\/dadade.eu\/wp-content\/uploads\/2023\/03\/xSpieluhr-Mond-Luna-Schaf4b-64x48.jpg 64w, https:\/\/dadade.eu\/wp-content\/uploads\/2023\/03\/xSpieluhr-Mond-Luna-Schaf4b-1024x768.jpg 1024w, https:\/\/dadade.eu\/wp-content\/uploads\/2023\/03\/xSpieluhr-Mond-Luna-Schaf4b-768x576.jpg 768w, https:\/\/dadade.eu\/wp-content\/uploads\/2023\/03\/xSpieluhr-Mond-Luna-Schaf4b.jpg 1400w\" sizes=\"(max-width: 300px) 100vw, 300px\" \/><\/a>die Spieluhr Mond Luna mit Schaf Sleppi.<\/p>\n<p><a href=\"https:\/\/youtu.be\/vsQQsIdjnVY\" target=\"_blank\" rel=\"noopener\"><strong>Hier kann man sich das Video auf Youtube ansehen, klicke auf das Bild<\/strong><\/a><\/p>\n<p>Die Spieluhrschnur befindet sich in der M\u00fctze<\/p>\n<p><img decoding=\"async\" class=\"alignnone wp-image-10699\" src=\"https:\/\/dadade.eu\/wp-content\/uploads\/2023\/03\/61-62-xgrosser-Engel-mit-Mond-3b-300x225.jpg\" alt=\"\" width=\"212\" height=\"159\" srcset=\"https:\/\/dadade.eu\/wp-content\/uploads\/2023\/03\/61-62-xgrosser-Engel-mit-Mond-3b-300x225.jpg 300w, https:\/\/dadade.eu\/wp-content\/uploads\/2023\/03\/61-62-xgrosser-Engel-mit-Mond-3b-600x450.jpg 600w, https:\/\/dadade.eu\/wp-content\/uploads\/2023\/03\/61-62-xgrosser-Engel-mit-Mond-3b-64x48.jpg 64w, https:\/\/dadade.eu\/wp-content\/uploads\/2023\/03\/61-62-xgrosser-Engel-mit-Mond-3b-1024x768.jpg 1024w, https:\/\/dadade.eu\/wp-content\/uploads\/2023\/03\/61-62-xgrosser-Engel-mit-Mond-3b-768x576.jpg 768w, https:\/\/dadade.eu\/wp-content\/uploads\/2023\/03\/61-62-xgrosser-Engel-mit-Mond-3b.jpg 1400w\" sizes=\"(max-width: 212px) 100vw, 212px\" \/> <img loading=\"lazy\" decoding=\"async\" class=\"alignnone wp-image-10700\" src=\"https:\/\/dadade.eu\/wp-content\/uploads\/2023\/03\/63-xWichtel-mit-Mond-1b-300x225.jpg\" alt=\"\" width=\"211\" height=\"158\" srcset=\"https:\/\/dadade.eu\/wp-content\/uploads\/2023\/03\/63-xWichtel-mit-Mond-1b-300x225.jpg 300w, https:\/\/dadade.eu\/wp-content\/uploads\/2023\/03\/63-xWichtel-mit-Mond-1b-600x450.jpg 600w, https:\/\/dadade.eu\/wp-content\/uploads\/2023\/03\/63-xWichtel-mit-Mond-1b-64x48.jpg 64w, https:\/\/dadade.eu\/wp-content\/uploads\/2023\/03\/63-xWichtel-mit-Mond-1b-1024x768.jpg 1024w, https:\/\/dadade.eu\/wp-content\/uploads\/2023\/03\/63-xWichtel-mit-Mond-1b-768x576.jpg 768w, https:\/\/dadade.eu\/wp-content\/uploads\/2023\/03\/63-xWichtel-mit-Mond-1b.jpg 1400w\" sizes=\"(max-width: 211px) 100vw, 211px\" \/>noch mehr Ideen f\u00fcr den Mond, oder den Wichtel als Sandmann?<\/p>\n<p><strong><a href=\"https:\/\/dadade.eu\/?product=weihnachtstruppe-engelchen-weihnachtswichtel-h510\">die ganze Truppe Engelchen &amp; Wichtel findet man hier<\/a><\/strong><\/p>\n<p>Mit dem Kauf erh\u00e4ltst du eine leicht verst\u00e4ndliche H\u00e4kelanleitung im praktischen PDF-Format.<\/p>\n<p>Die Anleitung ist ausf\u00fchrlich mit vielen Bildern hinterlegt und wird auf \u00fcber 20 Seiten Schritt-f\u00fcr-Schritt beschrieben!<\/p>\n<p>Auch das Einbauen der Spieluhr wird Schritt f\u00fcr Schritt erkl\u00e4rt!<\/p>\n<p>Der Mond ohne Spieluhr ist auch super als Kissen.<\/p>\n<p><img loading=\"lazy\" decoding=\"async\" class=\"alignnone size-medium wp-image-10760\" src=\"https:\/\/dadade.eu\/wp-content\/uploads\/2023\/03\/xMobile-Mond-44Mobile-300x225.jpg\" alt=\"\" width=\"300\" height=\"225\" srcset=\"https:\/\/dadade.eu\/wp-content\/uploads\/2023\/03\/xMobile-Mond-44Mobile-300x225.jpg 300w, https:\/\/dadade.eu\/wp-content\/uploads\/2023\/03\/xMobile-Mond-44Mobile-600x450.jpg 600w, https:\/\/dadade.eu\/wp-content\/uploads\/2023\/03\/xMobile-Mond-44Mobile-64x48.jpg 64w, https:\/\/dadade.eu\/wp-content\/uploads\/2023\/03\/xMobile-Mond-44Mobile-1024x768.jpg 1024w, https:\/\/dadade.eu\/wp-content\/uploads\/2023\/03\/xMobile-Mond-44Mobile-768x576.jpg 768w, https:\/\/dadade.eu\/wp-content\/uploads\/2023\/03\/xMobile-Mond-44Mobile.jpg 1400w\" sizes=\"(max-width: 300px) 100vw, 300px\" \/>Den Mond gibt es auch als <strong><a href=\"https:\/\/dadade.eu\/?product=mobile-mond-mit-ente-maus-elefant-b503\">Mobile mit Freunden<\/a><\/strong><\/p>\n<p>&nbsp;<\/p>\n<p>mehr Bilder \u00fcber Spieluhren findet ihr hier<\/p>\n<p><strong><a href=\"https:\/\/dadade.eu\/?p=10708\">KLICKE HIER<\/a><\/strong><\/p>\n<p>&nbsp;<\/p>\n<p>&nbsp;<\/p>\n<p>&nbsp;<\/p>\n","protected":false},"excerpt":{"rendered":"<div id=\"cc-m-13954443088\" class=\"j-module n j-text \">\n<p>Hier kauft man nur die H\u00e4kelanleitung\u00a0f\u00fcr diese besondere Spieluhr Mond Luna mit Freunden.<\/p>\n<p>Die Anleitung beinhaltet den Mond Luna mit M\u00fctze, sowie wahlweise mit Schaf und M\u00fctze, oder mit dem s\u00fc\u00dfen Marienk\u00e4fer.<\/p>\n<p>Die Spieluhrschnur ist in der M\u00fctze versteckt, sodass sich keine Schnur am H\u00e4ndchen oder Beinchen wickeln kann.<\/p>\n<p>Mond Luna kann einfach mit ins Bett genommen werden, oder h\u00e4kelt den\u00a0 Mond als Kissen ohne Spieluhr.<\/p>\n<p>Sch\u00e4fchen Sleppi, sowie Marienk\u00e4fer Mary kann auch mit Rasseln oder Quietschen best\u00fcckt werden, so animieren sie zum Spielen, Lernen und Greifen.<\/p>\n<p>Mit diesem Geschenk hat man etwas ganz Besonderes.<\/p>\n<p>Mit der Chenille-Wolle, Nadelst\u00e4rke 4 wird der Mond ungef\u00e4hr; K\u00f6rper 37cm hoch, 30cm breit &#8211; und ist somit auch ein praktisches Kissen.<\/p>\n<p>der Marienk\u00e4fer Mary ungef\u00e4hr; 20cm und das Schaf Sleepi ungef\u00e4hr; 18cm hoch.<\/p>\n<p>Mit dem Kauf erh\u00e4lt man eine leicht verst\u00e4ndliche H\u00e4kelanleitung im praktischen PDF-Format.<\/p>\n<p>Die Anleitung ist auch schon f\u00fcr Anf\u00e4nger geeignet.<\/p>\n<\/div>\n","protected":false},"featured_media":10671,"template":"","meta":[],"product_brand":[],"product_cat":[57,42,70,45],"product_tag":[90,89,233,242,87,94,93,194,92,234,246,245,754,180,243,244,181,100,101,752,753,236,195,426,424,235,238,196,237,95],"class_list":{"0":"post-10670","1":"product","2":"type-product","3":"status-publish","4":"has-post-thumbnail","6":"product_cat-3mittel","7":"product_cat-baby","8":"product_cat-maxi","9":"product_cat-spieluhren","10":"product_tag-amigurumi","11":"product_tag-baby","12":"product_tag-dekoration","13":"product_tag-dekoration-haekeln","14":"product_tag-geschenk","15":"product_tag-haekelanleitung","16":"product_tag-haekeln","17":"product_tag-kind","18":"product_tag-kinder","19":"product_tag-kinderzimmer","20":"product_tag-kissen-haekeln","21":"product_tag-kuschelige-haekeltiere","22":"product_tag-kuschelkissen","23":"product_tag-kuscheltier","24":"product_tag-kuschelwolle","25":"product_tag-kuschelwolle-haekeln","26":"product_tag-lustig","27":"product_tag-marienkaefer","28":"product_tag-marienkaefer-haekeln","29":"product_tag-mond","30":"product_tag-mond-haekeln","31":"product_tag-musik","32":"product_tag-praesent","33":"product_tag-schaf","34":"product_tag-schaf-haekeln","35":"product_tag-spieluhr","36":"product_tag-spieluhr-haekeln","37":"product_tag-spielzeug","38":"product_tag-taufe","39":"product_tag-wolle","41":"first","42":"instock","43":"shipping-taxable","44":"purchasable","45":"product-type-variable"},"_links":{"self":[{"href":"https:\/\/dadade.eu\/index.php?rest_route=\/wp\/v2\/product\/10670","targetHints":{"allow":["GET"]}}],"collection":[{"href":"https:\/\/dadade.eu\/index.php?rest_route=\/wp\/v2\/product"}],"about":[{"href":"https:\/\/dadade.eu\/index.php?rest_route=\/wp\/v2\/types\/product"}],"wp:featuredmedia":[{"embeddable":true,"href":"https:\/\/dadade.eu\/index.php?rest_route=\/wp\/v2\/media\/10671"}],"wp:attachment":[{"href":"https:\/\/dadade.eu\/index.php?rest_route=%2Fwp%2Fv2%2Fmedia&parent=10670"}],"wp:term":[{"taxonomy":"product_brand","embeddable":true,"href":"https:\/\/dadade.eu\/index.php?rest_route=%2Fwp%2Fv2%2Fproduct_brand&post=10670"},{"taxonomy":"product_cat","embeddable":true,"href":"https:\/\/dadade.eu\/index.php?rest_route=%2Fwp%2Fv2%2Fproduct_cat&post=10670"},{"taxonomy":"product_tag","embeddable":true,"href":"https:\/\/dadade.eu\/index.php?rest_route=%2Fwp%2Fv2%2Fproduct_tag&post=10670"}],"curies":[{"name":"wp","href":"https:\/\/api.w.org\/{rel}","templated":true}]}}