{"id":10568,"date":"2022-05-05T21:01:55","date_gmt":"2022-05-05T19:01:55","guid":{"rendered":"https:\/\/dadade.eu\/?post_type=product&#038;p=10568"},"modified":"2023-03-06T18:58:29","modified_gmt":"2023-03-06T17:58:29","slug":"krokodil-kasimir-die-spieluhr-b409","status":"publish","type":"product","link":"https:\/\/dadade.eu\/?product=krokodil-kasimir-die-spieluhr-b409","title":{"rendered":"Krokodil Kasimir, die Spieluhr (B409)"},"content":{"rendered":"<p><a href=\"https:\/\/youtu.be\/8vLodao259sp:\/\/\" target=\"_blank\" rel=\"noopener\"><img decoding=\"async\" class=\"alignnone wp-image-10580\" src=\"https:\/\/dadade.eu\/wp-content\/uploads\/2023\/03\/xKroko-Spieluhr-2b-300x225.jpg\" alt=\"\" width=\"227\" height=\"170\" srcset=\"https:\/\/dadade.eu\/wp-content\/uploads\/2023\/03\/xKroko-Spieluhr-2b-300x225.jpg 300w, https:\/\/dadade.eu\/wp-content\/uploads\/2023\/03\/xKroko-Spieluhr-2b-600x450.jpg 600w, https:\/\/dadade.eu\/wp-content\/uploads\/2023\/03\/xKroko-Spieluhr-2b-64x48.jpg 64w, https:\/\/dadade.eu\/wp-content\/uploads\/2023\/03\/xKroko-Spieluhr-2b-1024x768.jpg 1024w, https:\/\/dadade.eu\/wp-content\/uploads\/2023\/03\/xKroko-Spieluhr-2b-768x576.jpg 768w, https:\/\/dadade.eu\/wp-content\/uploads\/2023\/03\/xKroko-Spieluhr-2b.jpg 1400w\" sizes=\"(max-width: 227px) 100vw, 227px\" \/><\/a> <a href=\"https:\/\/youtu.be\/8vLodao259s\" target=\"_blank\" rel=\"noopener\"><img decoding=\"async\" class=\"alignnone wp-image-10579\" src=\"https:\/\/dadade.eu\/wp-content\/uploads\/2023\/03\/xKroko-Spieluhr-2a-300x225.jpg\" alt=\"\" width=\"225\" height=\"169\" srcset=\"https:\/\/dadade.eu\/wp-content\/uploads\/2023\/03\/xKroko-Spieluhr-2a-300x225.jpg 300w, https:\/\/dadade.eu\/wp-content\/uploads\/2023\/03\/xKroko-Spieluhr-2a-600x450.jpg 600w, https:\/\/dadade.eu\/wp-content\/uploads\/2023\/03\/xKroko-Spieluhr-2a-64x48.jpg 64w, https:\/\/dadade.eu\/wp-content\/uploads\/2023\/03\/xKroko-Spieluhr-2a-1024x768.jpg 1024w, https:\/\/dadade.eu\/wp-content\/uploads\/2023\/03\/xKroko-Spieluhr-2a-768x576.jpg 768w, https:\/\/dadade.eu\/wp-content\/uploads\/2023\/03\/xKroko-Spieluhr-2a.jpg 1400w\" sizes=\"(max-width: 225px) 100vw, 225px\" \/><\/a>das Krokodil hat ein offenes Maul &#8211; hier sitzt die Spieluhr.<\/p>\n<p><a href=\"https:\/\/youtu.be\/8vLodao259s\" target=\"_blank\" rel=\"noopener\"><strong>Hier kann man sich das Video auf Youtube ansehen, klicke auf das Bild<\/strong><\/a><\/p>\n<p><img fetchpriority=\"high\" decoding=\"async\" class=\"alignnone size-medium wp-image-10545\" src=\"https:\/\/dadade.eu\/wp-content\/uploads\/2023\/03\/xKrokodil-Krischa-5-300x225.jpg\" alt=\"\" width=\"300\" height=\"225\" srcset=\"https:\/\/dadade.eu\/wp-content\/uploads\/2023\/03\/xKrokodil-Krischa-5-300x225.jpg 300w, https:\/\/dadade.eu\/wp-content\/uploads\/2023\/03\/xKrokodil-Krischa-5-600x450.jpg 600w, https:\/\/dadade.eu\/wp-content\/uploads\/2023\/03\/xKrokodil-Krischa-5-64x48.jpg 64w, https:\/\/dadade.eu\/wp-content\/uploads\/2023\/03\/xKrokodil-Krischa-5-1024x768.jpg 1024w, https:\/\/dadade.eu\/wp-content\/uploads\/2023\/03\/xKrokodil-Krischa-5-768x576.jpg 768w, https:\/\/dadade.eu\/wp-content\/uploads\/2023\/03\/xKrokodil-Krischa-5.jpg 1400w\" sizes=\"(max-width: 300px) 100vw, 300px\" \/>Das Krokodil hat noch einen kleinen Bruder, <strong><a href=\"https:\/\/dadade.eu\/?product=krischa-von-schnappi-das-krokodil-a124\">Krischa von Schnappi<\/a><\/strong> &#8211; hier ist das Maul geschlossen.<\/p>\n<p>&nbsp;<\/p>\n<p>Mit dem Kauf erh\u00e4ltst du eine leicht verst\u00e4ndliche H\u00e4kelanleitung im praktischen PDF-Format.<\/p>\n<p>Die Anleitung ist ausf\u00fchrlich mit vielen Bildern hinterlegt und wird auf \u00fcber 40 Seiten Schritt-f\u00fcr-Schritt beschrieben!<\/p>\n<p>Auch das Einbauen der Spieluhr wird Schritt f\u00fcr Schritt erkl\u00e4rt!<\/p>\n<p>Das Krokodil kann mit oder ohne Spieluhr geh\u00e4kelt werden.<\/p>\n<p>noch mehr Bilder von flei\u00dfigen Helfer und\u00a0 H\u00e4nden<\/p>\n<p>mehr Bilder von Krokodilen findet ihr hier<\/p>\n<p><strong><a href=\"https:\/\/dadade.eu\/?p=10587\">KLICKE HIER<\/a><\/strong><\/p>\n<p>mehr Bilder von Spieluhren findet ihr hier<\/p>\n<p><strong><a href=\"https:\/\/dadade.eu\/?p=10708\">KLICKE HIER<\/a><\/strong><\/p>\n<p>&nbsp;<\/p>\n<p>&nbsp;<\/p>\n<p>&nbsp;<\/p>\n","protected":false},"excerpt":{"rendered":"<div id=\"cc-m-13954443088\" class=\"j-module n j-text \">\n<p>Hier kauft man nur die H\u00e4kelanleitung f\u00fcr das gro\u00dfe Krokodil Kasimir<\/p>\n<p>Wer ist so mutig und greift dem Krokodil ins Maul und zieht dem dreifarbiges, schuppig-ruppiges Krokodil vom graugr\u00fcnen, grasgrundigen Limpopo-Fluss die Zunge raus??<\/p>\n<p>Eine Spieluhr, bei der sich keine Schnur um \u00c4rmchen oder Beinchen wickeln kann.<\/p>\n<p>Seht euch unten das Video an und achtet bitte auf die Zunge, die Zunge zieht sich zusammen.<\/p>\n<p>Das Krokodil ist eine kuschelige Spieluhr, die einfach mit ins Bett genommen werden kann. Mit diesem Geschenk hat man etwas ganz Besonderes, und sie kann auch ohne Spieluhr und sch\u00f6n bunt mit Wollresten geh\u00e4kelt werden, damit liegt man auch bei den gro\u00dfen Kindern richtig.<\/p>\n<p>Mit diesem Geschenk hat man etwas ganz Besonderes.<\/p>\n<p>Mit der Nadelst\u00e4rke 4 wird Kasimir ungef\u00e4hr; 1m lang<\/p>\n<p>Mit der Nadelst\u00e4rke 5,5 und der Himalaya Dolphin Tweed wird Kasimir sogar 1,70m lang<\/p>\n<p>Mit dem Kauf erh\u00e4lt man eine leicht verst\u00e4ndliche H\u00e4kelanleitung im praktischen PDF-Format.<\/p>\n<p>Die Anleitung ist auch schon f\u00fcr Anf\u00e4nger geeignet.<\/p>\n<\/div>\n","protected":false},"featured_media":10578,"template":"","meta":[],"product_brand":[],"product_cat":[57,39,42,70,45],"product_tag":[90,89,233,87,94,93,194,92,234,738,736,180,181,236,195,235,238,746,747,196,237,95],"class_list":{"0":"post-10568","1":"product","2":"type-product","3":"status-publish","4":"has-post-thumbnail","6":"product_cat-3mittel","7":"product_cat-amigurumis-zum-kuscheln","8":"product_cat-baby","9":"product_cat-maxi","10":"product_cat-spieluhren","11":"product_tag-amigurumi","12":"product_tag-baby","13":"product_tag-dekoration","14":"product_tag-geschenk","15":"product_tag-haekelanleitung","16":"product_tag-haekeln","17":"product_tag-kind","18":"product_tag-kinder","19":"product_tag-kinderzimmer","20":"product_tag-krokodil","21":"product_tag-krokodil-haekeln","22":"product_tag-kuscheltier","23":"product_tag-lustig","24":"product_tag-musik","25":"product_tag-praesent","26":"product_tag-spieluhr","27":"product_tag-spieluhr-haekeln","28":"product_tag-spieluhr-krokodil","29":"product_tag-spieluhr-krokodil-haekeln","30":"product_tag-spielzeug","31":"product_tag-taufe","32":"product_tag-wolle","34":"first","35":"instock","36":"downloadable","37":"shipping-taxable","38":"purchasable","39":"product-type-simple"},"_links":{"self":[{"href":"https:\/\/dadade.eu\/index.php?rest_route=\/wp\/v2\/product\/10568","targetHints":{"allow":["GET"]}}],"collection":[{"href":"https:\/\/dadade.eu\/index.php?rest_route=\/wp\/v2\/product"}],"about":[{"href":"https:\/\/dadade.eu\/index.php?rest_route=\/wp\/v2\/types\/product"}],"wp:featuredmedia":[{"embeddable":true,"href":"https:\/\/dadade.eu\/index.php?rest_route=\/wp\/v2\/media\/10578"}],"wp:attachment":[{"href":"https:\/\/dadade.eu\/index.php?rest_route=%2Fwp%2Fv2%2Fmedia&parent=10568"}],"wp:term":[{"taxonomy":"product_brand","embeddable":true,"href":"https:\/\/dadade.eu\/index.php?rest_route=%2Fwp%2Fv2%2Fproduct_brand&post=10568"},{"taxonomy":"product_cat","embeddable":true,"href":"https:\/\/dadade.eu\/index.php?rest_route=%2Fwp%2Fv2%2Fproduct_cat&post=10568"},{"taxonomy":"product_tag","embeddable":true,"href":"https:\/\/dadade.eu\/index.php?rest_route=%2Fwp%2Fv2%2Fproduct_tag&post=10568"}],"curies":[{"name":"wp","href":"https:\/\/api.w.org\/{rel}","templated":true}]}}