{"id":10555,"date":"2015-09-05T20:07:06","date_gmt":"2015-09-05T18:07:06","guid":{"rendered":"https:\/\/dadade.eu\/?post_type=product&#038;p=10555"},"modified":"2023-07-05T14:44:32","modified_gmt":"2023-07-05T12:44:32","slug":"orchidee-die-edle-unter-den-blumen-h230","status":"publish","type":"product","link":"https:\/\/dadade.eu\/?product=orchidee-die-edle-unter-den-blumen-h230","title":{"rendered":"Orchidee, die Edle unter den Blumen (H230)"},"content":{"rendered":"<p>Die Anleitung ist ausf\u00fchrlich mit vielen Bildern hinterlegt und wird auf insgesamt 20 Seiten Schritt-f\u00fcr-Schritt beschrieben!<\/p>\n<p>&nbsp;<\/p>\n<p><a href=\"https:\/\/dadade.eu\/?p=15640\"><strong>VIELE TOLLE BILDER<\/strong> von flei\u00dfigen Helfer und H\u00e4nden<\/a><\/p>\n<p>&nbsp;<\/p>\n<p>&nbsp;<\/p>\n<p>&nbsp;<\/p>\n<p>&nbsp;<\/p>\n","protected":false},"excerpt":{"rendered":"<div id=\"cc-m-13954443088\" class=\"j-module n j-text \">\n<p>Hier kauft man nur die H\u00e4kelanleitung f\u00fcr diese tolle Orchidee<\/p>\n<p>Du brauchst ein originelles Geschenk &#8211; Dann ab an die H\u00e4kelnadel,<\/p>\n<p>Das Muster ist recht einfach und schnell geh\u00e4kelt, diese Orchideen sind ein Geschenk, das immer und \u00fcberall willkommen ist,<\/p>\n<p>ob als Serviettenring,<\/p>\n<p>als Dekoration auf einer Geschenkverpackung<\/p>\n<p>oder eine originelle Tischdekoration,<\/p>\n<p>&nbsp;<\/p>\n<p>Mit Wolle der Nadelst\u00e4rke 3 wird die Orchidee ungef\u00e4hr ; 15cm gro\u00df<\/p>\n<p>&nbsp;<\/p>\n<p>&nbsp;<\/p>\n<p>&nbsp;<\/p>\n<\/div>\n","protected":false},"featured_media":10566,"template":"","meta":[],"product_brand":[],"product_cat":[57,740,51,48,66,383],"product_tag":[90,295,282,366,368,233,242,182,694,744,260,334,87,741,745,94,93,344,181,294,280,742,114,195,293,296,743,183,95,96],"class_list":{"0":"post-10555","1":"product","2":"type-product","3":"status-publish","4":"has-post-thumbnail","6":"product_cat-3mittel","7":"product_cat-blumen","8":"product_cat-fruehling-ostern","9":"product_cat-haus-deko","10":"product_cat-mini","11":"product_cat-tisch-dekoration","12":"product_tag-amigurumi","13":"product_tag-anleitung","14":"product_tag-blume","15":"product_tag-blumen","16":"product_tag-bluete","17":"product_tag-dekoration","18":"product_tag-dekoration-haekeln","19":"product_tag-fein","20":"product_tag-feste","21":"product_tag-flowers","22":"product_tag-fruehling","23":"product_tag-geburtstag","24":"product_tag-geschenk","25":"product_tag-geschenkeanhaenger","26":"product_tag-gesteck","27":"product_tag-haekelanleitung","28":"product_tag-haekeln","29":"product_tag-lieb","30":"product_tag-lustig","31":"product_tag-mitbringsel","32":"product_tag-muttertag","33":"product_tag-orchidee","34":"product_tag-ostern","35":"product_tag-praesent","36":"product_tag-serviettenring","37":"product_tag-sommer","38":"product_tag-tischschmuck","39":"product_tag-witzig","40":"product_tag-wolle","41":"product_tag-wollreste","43":"first","44":"instock","45":"downloadable","46":"purchasable","47":"product-type-simple"},"_links":{"self":[{"href":"https:\/\/dadade.eu\/index.php?rest_route=\/wp\/v2\/product\/10555","targetHints":{"allow":["GET"]}}],"collection":[{"href":"https:\/\/dadade.eu\/index.php?rest_route=\/wp\/v2\/product"}],"about":[{"href":"https:\/\/dadade.eu\/index.php?rest_route=\/wp\/v2\/types\/product"}],"wp:featuredmedia":[{"embeddable":true,"href":"https:\/\/dadade.eu\/index.php?rest_route=\/wp\/v2\/media\/10566"}],"wp:attachment":[{"href":"https:\/\/dadade.eu\/index.php?rest_route=%2Fwp%2Fv2%2Fmedia&parent=10555"}],"wp:term":[{"taxonomy":"product_brand","embeddable":true,"href":"https:\/\/dadade.eu\/index.php?rest_route=%2Fwp%2Fv2%2Fproduct_brand&post=10555"},{"taxonomy":"product_cat","embeddable":true,"href":"https:\/\/dadade.eu\/index.php?rest_route=%2Fwp%2Fv2%2Fproduct_cat&post=10555"},{"taxonomy":"product_tag","embeddable":true,"href":"https:\/\/dadade.eu\/index.php?rest_route=%2Fwp%2Fv2%2Fproduct_tag&post=10555"}],"curies":[{"name":"wp","href":"https:\/\/api.w.org\/{rel}","templated":true}]}}