{"id":10540,"date":"2018-10-05T15:30:28","date_gmt":"2018-10-05T13:30:28","guid":{"rendered":"https:\/\/dadade.eu\/?post_type=product&#038;p=10540"},"modified":"2023-06-09T17:13:17","modified_gmt":"2023-06-09T15:13:17","slug":"krischa-von-schnappi-das-krokodil-a124","status":"publish","type":"product","link":"https:\/\/dadade.eu\/?product=krischa-von-schnappi-das-krokodil-a124","title":{"rendered":"Krischa von Schnappi, das Krokodil (A124)"},"content":{"rendered":"<p><img decoding=\"async\" class=\"alignnone wp-image-10542\" src=\"https:\/\/dadade.eu\/wp-content\/uploads\/2023\/03\/xKrokodil-Krischa-2-300x225.jpg\" alt=\"\" width=\"237\" height=\"178\" srcset=\"https:\/\/dadade.eu\/wp-content\/uploads\/2023\/03\/xKrokodil-Krischa-2-300x225.jpg 300w, https:\/\/dadade.eu\/wp-content\/uploads\/2023\/03\/xKrokodil-Krischa-2-600x450.jpg 600w, https:\/\/dadade.eu\/wp-content\/uploads\/2023\/03\/xKrokodil-Krischa-2-64x48.jpg 64w, https:\/\/dadade.eu\/wp-content\/uploads\/2023\/03\/xKrokodil-Krischa-2-1024x768.jpg 1024w, https:\/\/dadade.eu\/wp-content\/uploads\/2023\/03\/xKrokodil-Krischa-2-768x576.jpg 768w, https:\/\/dadade.eu\/wp-content\/uploads\/2023\/03\/xKrokodil-Krischa-2.jpg 1400w\" sizes=\"(max-width: 237px) 100vw, 237px\" \/>das Krokodil hat ein geschlossenes Maul.<\/p>\n<p><img decoding=\"async\" class=\"alignnone wp-image-10553\" src=\"https:\/\/dadade.eu\/wp-content\/uploads\/2023\/03\/xKroko-Spieluhr-3-300x225.jpg\" alt=\"\" width=\"236\" height=\"177\" srcset=\"https:\/\/dadade.eu\/wp-content\/uploads\/2023\/03\/xKroko-Spieluhr-3-300x225.jpg 300w, https:\/\/dadade.eu\/wp-content\/uploads\/2023\/03\/xKroko-Spieluhr-3-600x450.jpg 600w, https:\/\/dadade.eu\/wp-content\/uploads\/2023\/03\/xKroko-Spieluhr-3-64x48.jpg 64w, https:\/\/dadade.eu\/wp-content\/uploads\/2023\/03\/xKroko-Spieluhr-3-1024x768.jpg 1024w, https:\/\/dadade.eu\/wp-content\/uploads\/2023\/03\/xKroko-Spieluhr-3-768x576.jpg 768w, https:\/\/dadade.eu\/wp-content\/uploads\/2023\/03\/xKroko-Spieluhr-3.jpg 1400w\" sizes=\"(max-width: 236px) 100vw, 236px\" \/>oder mal den gro\u00dfen Bruder, <strong><a href=\"https:\/\/dadade.eu\/?product=krokodil-kasimir-die-spieluhr-b409\">das Krokodil Kasimir<\/a><\/strong>, es ist eine Spieluhr &#8211; hier ist das Maul offen<\/p>\n<p>&nbsp;<\/p>\n<p>Die Anleitung ist ausf\u00fchrlich mit vielen Bildern hinterlegt<\/p>\n<p>und wird auf 33 Seiten Schritt-f\u00fcr-Schritt beschrieben!<\/p>\n<p>Sie ist auch schon f\u00fcr Anf\u00e4nger geeignet.<\/p>\n<p>&nbsp;<\/p>\n<p>MEHR VARIANTEN UND IDEEN von flei\u00dfigen Helfer und H\u00e4nden?<\/p>\n<p><a href=\"https:\/\/dadade.eu\/?p=10587\"><b>Klicke hier<\/b><\/a><\/p>\n<p>&nbsp;<\/p>\n<p>&nbsp;<\/p>\n<p>&nbsp;<\/p>\n","protected":false},"excerpt":{"rendered":"<div id=\"cc-m-13954443088\">\n<p>Hier kauft man die H\u00e4kelanleitung f\u00fcr dieses t\u00e4uschend echt aussehende Krokodil,<\/p>\n<p>Das Krokodil ist ein Geschenk, das jedes Kinderherz, h\u00f6her schlagen l\u00e4sst, vor allem die Jungs werden es lieben.<\/p>\n<p>Krischa ist mit Strumpfwolle geh\u00e4kelt und mit weicher Watte ausgestopft.<\/p>\n<p>Mit Nadelst\u00e4rke 2,5 geh\u00e4kelt, wird Krischa ungef\u00e4hr; 47cm lang, 25cm breit und 13cm hoch<\/p>\n<p>Mit Nadelst\u00e4rke 4 geh\u00e4kelt, wird Krokodil Krischa ungef\u00e4hr; 86cm lang<\/p>\n<p>sein gro\u00dfer Bruder Kasimir, mit Nadelst\u00e4rke 4 geh\u00e4kelt, wird sogar stolze 1m lang.<\/p>\n<\/div>\n<div id=\"cc-m-13954443088\">\n<p>Deiner Fantasie sind keine Grenzen gesetzt.<\/p>\n<p>Mit dem Kauf erh\u00e4lt man eine leicht verst\u00e4ndliche H\u00e4kelanleitung im praktischen PDF-Format.<\/p>\n<div id=\"cc-m-13954443088\">\n<p>Die Anleitung ist auch schon f\u00fcr Anf\u00e4nger geeignet.<\/p>\n<\/div>\n<div id=\"cc-m-13954443188\" class=\"j-module n j-text \">\n<p>&nbsp;<\/p>\n<\/div>\n<\/div>\n","protected":false},"featured_media":10541,"template":"","meta":[],"product_brand":[],"product_cat":[57,35,39,69],"product_tag":[737,90,730,89,242,87,94,93,739,92,738,736,245,180,88,243,244,91,392,95,96],"class_list":{"0":"post-10540","1":"product","2":"type-product","3":"status-publish","4":"has-post-thumbnail","6":"product_cat-3mittel","7":"product_cat-amigurumi","8":"product_cat-amigurumis-zum-kuscheln","9":"product_cat-mittel","10":"product_tag-alligator-haekeln","11":"product_tag-amigurumi","12":"product_tag-amigurumi-haekeln","13":"product_tag-baby","14":"product_tag-dekoration-haekeln","15":"product_tag-geschenk","16":"product_tag-haekelanleitung","17":"product_tag-haekeln","18":"product_tag-jungs","19":"product_tag-kinder","20":"product_tag-krokodil","21":"product_tag-krokodil-haekeln","22":"product_tag-kuschelige-haekeltiere","23":"product_tag-kuscheltier","24":"product_tag-kuscheltier-haekeln","25":"product_tag-kuschelwolle","26":"product_tag-kuschelwolle-haekeln","27":"product_tag-plueschtier","28":"product_tag-plueschtier-haekeln","29":"product_tag-wolle","30":"product_tag-wollreste","32":"first","33":"instock","34":"downloadable","35":"shipping-taxable","36":"purchasable","37":"product-type-simple"},"_links":{"self":[{"href":"https:\/\/dadade.eu\/index.php?rest_route=\/wp\/v2\/product\/10540","targetHints":{"allow":["GET"]}}],"collection":[{"href":"https:\/\/dadade.eu\/index.php?rest_route=\/wp\/v2\/product"}],"about":[{"href":"https:\/\/dadade.eu\/index.php?rest_route=\/wp\/v2\/types\/product"}],"wp:featuredmedia":[{"embeddable":true,"href":"https:\/\/dadade.eu\/index.php?rest_route=\/wp\/v2\/media\/10541"}],"wp:attachment":[{"href":"https:\/\/dadade.eu\/index.php?rest_route=%2Fwp%2Fv2%2Fmedia&parent=10540"}],"wp:term":[{"taxonomy":"product_brand","embeddable":true,"href":"https:\/\/dadade.eu\/index.php?rest_route=%2Fwp%2Fv2%2Fproduct_brand&post=10540"},{"taxonomy":"product_cat","embeddable":true,"href":"https:\/\/dadade.eu\/index.php?rest_route=%2Fwp%2Fv2%2Fproduct_cat&post=10540"},{"taxonomy":"product_tag","embeddable":true,"href":"https:\/\/dadade.eu\/index.php?rest_route=%2Fwp%2Fv2%2Fproduct_tag&post=10540"}],"curies":[{"name":"wp","href":"https:\/\/api.w.org\/{rel}","templated":true}]}}