{"id":10507,"date":"2019-06-05T12:28:23","date_gmt":"2019-06-05T10:28:23","guid":{"rendered":"https:\/\/dadade.eu\/?post_type=product&#038;p=10507"},"modified":"2024-01-01T15:08:19","modified_gmt":"2024-01-01T14:08:19","slug":"kuschel-baer-mit-verschiedener-kleidung-a137","status":"publish","type":"product","link":"https:\/\/dadade.eu\/?product=kuschel-baer-mit-verschiedener-kleidung-a137","title":{"rendered":"Kuschel &#8211; B\u00e4r, mit verschiedener Kleidung (A137)"},"content":{"rendered":"<p><img fetchpriority=\"high\" decoding=\"async\" class=\"alignnone size-medium wp-image-10533\" src=\"https:\/\/dadade.eu\/wp-content\/uploads\/2023\/03\/xKuschelbaer-Winifried-14-300x225.jpg\" alt=\"\" width=\"300\" height=\"225\" srcset=\"https:\/\/dadade.eu\/wp-content\/uploads\/2023\/03\/xKuschelbaer-Winifried-14-300x225.jpg 300w, https:\/\/dadade.eu\/wp-content\/uploads\/2023\/03\/xKuschelbaer-Winifried-14-600x450.jpg 600w, https:\/\/dadade.eu\/wp-content\/uploads\/2023\/03\/xKuschelbaer-Winifried-14-64x48.jpg 64w, https:\/\/dadade.eu\/wp-content\/uploads\/2023\/03\/xKuschelbaer-Winifried-14-1024x768.jpg 1024w, https:\/\/dadade.eu\/wp-content\/uploads\/2023\/03\/xKuschelbaer-Winifried-14-768x576.jpg 768w, https:\/\/dadade.eu\/wp-content\/uploads\/2023\/03\/xKuschelbaer-Winifried-14.jpg 1400w\" sizes=\"(max-width: 300px) 100vw, 300px\" \/>Kinder lieben es ihre kleinen Freunde an- und auszuziehen, hier hat man verschiedene Varianten mit dabei.<\/p>\n<p><img decoding=\"async\" class=\"alignnone wp-image-10517\" src=\"https:\/\/dadade.eu\/wp-content\/uploads\/2023\/03\/xKuschelbaer-meliert-1-300x225.jpg\" alt=\"\" width=\"213\" height=\"160\" srcset=\"https:\/\/dadade.eu\/wp-content\/uploads\/2023\/03\/xKuschelbaer-meliert-1-300x225.jpg 300w, https:\/\/dadade.eu\/wp-content\/uploads\/2023\/03\/xKuschelbaer-meliert-1-600x450.jpg 600w, https:\/\/dadade.eu\/wp-content\/uploads\/2023\/03\/xKuschelbaer-meliert-1-64x48.jpg 64w, https:\/\/dadade.eu\/wp-content\/uploads\/2023\/03\/xKuschelbaer-meliert-1-1024x768.jpg 1024w, https:\/\/dadade.eu\/wp-content\/uploads\/2023\/03\/xKuschelbaer-meliert-1-768x576.jpg 768w, https:\/\/dadade.eu\/wp-content\/uploads\/2023\/03\/xKuschelbaer-meliert-1.jpg 1400w\" sizes=\"(max-width: 213px) 100vw, 213px\" \/><img decoding=\"async\" class=\"alignnone wp-image-10524\" src=\"https:\/\/dadade.eu\/wp-content\/uploads\/2023\/03\/xKuschelbaer-Winifred-5-300x225.jpg\" alt=\"\" width=\"209\" height=\"157\" srcset=\"https:\/\/dadade.eu\/wp-content\/uploads\/2023\/03\/xKuschelbaer-Winifred-5-300x225.jpg 300w, https:\/\/dadade.eu\/wp-content\/uploads\/2023\/03\/xKuschelbaer-Winifred-5-600x450.jpg 600w, https:\/\/dadade.eu\/wp-content\/uploads\/2023\/03\/xKuschelbaer-Winifred-5-64x48.jpg 64w, https:\/\/dadade.eu\/wp-content\/uploads\/2023\/03\/xKuschelbaer-Winifred-5-1024x768.jpg 1024w, https:\/\/dadade.eu\/wp-content\/uploads\/2023\/03\/xKuschelbaer-Winifred-5-768x576.jpg 768w, https:\/\/dadade.eu\/wp-content\/uploads\/2023\/03\/xKuschelbaer-Winifred-5.jpg 1400w\" sizes=\"(max-width: 209px) 100vw, 209px\" \/><\/p>\n<p>Die Anleitung ist ausf\u00fchrlich mit vielen Bildern hinterlegt<\/p>\n<p>und wird auf 12 Seiten (B\u00e4r Winifred) und 17 Seiten (Bekleidung &amp; Biene) Schritt-f\u00fcr-Schritt beschrieben!<\/p>\n<p>Sie ist auch schon f\u00fcr Anf\u00e4nger geeignet.<\/p>\n<p>&nbsp;<\/p>\n<p>MEHR VARIANTEN UND IDEEN von flei\u00dfigen Helfer und H\u00e4nden?<\/p>\n<p><a href=\"https:\/\/dadade.eu\/?p=11668\"><b>Klicke hier<\/b><\/a><\/p>\n<p>&nbsp;<\/p>\n<p>&nbsp;<\/p>\n<p>&nbsp;<\/p>\n","protected":false},"excerpt":{"rendered":"<div id=\"cc-m-13954443088\">\n<p>Hier kauft man die H\u00e4kelanleitung f\u00fcr den kuschelweichen B\u00e4ren, Winifried oder Winifred,\u00a0mit Pulli, J\u00e4ckchen und Biene.<\/p>\n<p>Schlie\u00dflich braucht jeder B\u00e4r eine Biene. B\u00e4ren sind bei den Kindern sehr beliebt, und sie lieben das an- und ausziehen.<\/p>\n<p><span style=\"font-size: 20px;\">Man sucht noch ein passendes Geschenk zu Geburt oder Taufe eines neuen Erdenb\u00fcrgers.<\/span><\/p>\n<p><span style=\"font-size: 20px;\">Mit diesem Geschenk wird man mit Sicherheit punkten.<\/span><\/p>\n<p>Mit Wolle der Nadelst\u00e4rke 4 wird der Kuschelb\u00e4r ungef\u00e4hr; 52cm hoch im Stehen,<\/p>\n<\/div>\n<div id=\"cc-m-13954443088\">\n<p>Deiner Fantasie sind keine Grenzen gesetzt.<\/p>\n<p>Mit dem Kauf erh\u00e4lt man eine leicht verst\u00e4ndliche H\u00e4kelanleitung im praktischen PDF-Format.<\/p>\n<div id=\"cc-m-13954443088\">\n<p>Die Anleitung ist auch schon f\u00fcr Anf\u00e4nger geeignet.<\/p>\n<\/div>\n<div id=\"cc-m-13954443188\" class=\"j-module n j-text \">\n<p>&nbsp;<\/p>\n<\/div>\n<\/div>\n","protected":false},"featured_media":10508,"template":"","meta":[],"product_brand":[],"product_cat":[56,35,39,70],"product_tag":[90,89,120,121,242,87,94,93,92,735,245,180,88,243,244,91,392,663,664,95,96],"class_list":{"0":"post-10507","1":"product","2":"type-product","3":"status-publish","4":"has-post-thumbnail","6":"product_cat-2einfach","7":"product_cat-amigurumi","8":"product_cat-amigurumis-zum-kuscheln","9":"product_cat-maxi","10":"product_tag-amigurumi","11":"product_tag-baby","12":"product_tag-baer","13":"product_tag-baer-haekeln","14":"product_tag-dekoration-haekeln","15":"product_tag-geschenk","16":"product_tag-haekelanleitung","17":"product_tag-haekeln","18":"product_tag-kinder","19":"product_tag-kuschelbaer","20":"product_tag-kuschelige-haekeltiere","21":"product_tag-kuscheltier","22":"product_tag-kuscheltier-haekeln","23":"product_tag-kuschelwolle","24":"product_tag-kuschelwolle-haekeln","25":"product_tag-plueschtier","26":"product_tag-plueschtier-haekeln","27":"product_tag-teddy","28":"product_tag-teddy-haekeln","29":"product_tag-wolle","30":"product_tag-wollreste","32":"first","33":"instock","34":"downloadable","35":"shipping-taxable","36":"purchasable","37":"product-type-simple"},"_links":{"self":[{"href":"https:\/\/dadade.eu\/index.php?rest_route=\/wp\/v2\/product\/10507","targetHints":{"allow":["GET"]}}],"collection":[{"href":"https:\/\/dadade.eu\/index.php?rest_route=\/wp\/v2\/product"}],"about":[{"href":"https:\/\/dadade.eu\/index.php?rest_route=\/wp\/v2\/types\/product"}],"wp:featuredmedia":[{"embeddable":true,"href":"https:\/\/dadade.eu\/index.php?rest_route=\/wp\/v2\/media\/10508"}],"wp:attachment":[{"href":"https:\/\/dadade.eu\/index.php?rest_route=%2Fwp%2Fv2%2Fmedia&parent=10507"}],"wp:term":[{"taxonomy":"product_brand","embeddable":true,"href":"https:\/\/dadade.eu\/index.php?rest_route=%2Fwp%2Fv2%2Fproduct_brand&post=10507"},{"taxonomy":"product_cat","embeddable":true,"href":"https:\/\/dadade.eu\/index.php?rest_route=%2Fwp%2Fv2%2Fproduct_cat&post=10507"},{"taxonomy":"product_tag","embeddable":true,"href":"https:\/\/dadade.eu\/index.php?rest_route=%2Fwp%2Fv2%2Fproduct_tag&post=10507"}],"curies":[{"name":"wp","href":"https:\/\/api.w.org\/{rel}","templated":true}]}}