{"id":10435,"date":"2020-06-04T18:28:16","date_gmt":"2020-06-04T16:28:16","guid":{"rendered":"https:\/\/dadade.eu\/?post_type=product&#038;p=10435"},"modified":"2023-03-04T20:05:35","modified_gmt":"2023-03-04T19:05:35","slug":"frosch-in-verschiedenen-varianten-a147","status":"publish","type":"product","link":"https:\/\/dadade.eu\/?product=frosch-in-verschiedenen-varianten-a147","title":{"rendered":"Frosch, in verschiedenen Varianten (A147)"},"content":{"rendered":"<p><img decoding=\"async\" class=\"alignnone wp-image-10455\" src=\"https:\/\/dadade.eu\/wp-content\/uploads\/2023\/03\/xFrosch-Friedlina-24-300x225.jpg\" alt=\"\" width=\"239\" height=\"179\" srcset=\"https:\/\/dadade.eu\/wp-content\/uploads\/2023\/03\/xFrosch-Friedlina-24-300x225.jpg 300w, https:\/\/dadade.eu\/wp-content\/uploads\/2023\/03\/xFrosch-Friedlina-24-600x450.jpg 600w, https:\/\/dadade.eu\/wp-content\/uploads\/2023\/03\/xFrosch-Friedlina-24-64x48.jpg 64w, https:\/\/dadade.eu\/wp-content\/uploads\/2023\/03\/xFrosch-Friedlina-24-1024x768.jpg 1024w, https:\/\/dadade.eu\/wp-content\/uploads\/2023\/03\/xFrosch-Friedlina-24-768x576.jpg 768w, https:\/\/dadade.eu\/wp-content\/uploads\/2023\/03\/xFrosch-Friedlina-24.jpg 1400w\" sizes=\"(max-width: 239px) 100vw, 239px\" \/>Friedlina gibt es auch mit Storch, <strong><a href=\"https:\/\/dadade.eu\/?product=storch-rosa-oder-blu-adebar-mit-oder-ohne-frosch-a146\">guckt mal hier<\/a><\/strong><\/p>\n<p><img decoding=\"async\" class=\"alignnone wp-image-10439\" src=\"https:\/\/dadade.eu\/wp-content\/uploads\/2023\/03\/xFrosch-Fridolin-43b-300x225.jpg\" alt=\"\" width=\"235\" height=\"176\" srcset=\"https:\/\/dadade.eu\/wp-content\/uploads\/2023\/03\/xFrosch-Fridolin-43b-300x225.jpg 300w, https:\/\/dadade.eu\/wp-content\/uploads\/2023\/03\/xFrosch-Fridolin-43b-600x450.jpg 600w, https:\/\/dadade.eu\/wp-content\/uploads\/2023\/03\/xFrosch-Fridolin-43b-64x48.jpg 64w, https:\/\/dadade.eu\/wp-content\/uploads\/2023\/03\/xFrosch-Fridolin-43b-1024x768.jpg 1024w, https:\/\/dadade.eu\/wp-content\/uploads\/2023\/03\/xFrosch-Fridolin-43b-768x576.jpg 768w, https:\/\/dadade.eu\/wp-content\/uploads\/2023\/03\/xFrosch-Fridolin-43b.jpg 1400w\" sizes=\"(max-width: 235px) 100vw, 235px\" \/>und Friedolino, gibt es auch mit Storch, <strong><a href=\"https:\/\/dadade.eu\/?product=storch-rosa-oder-blu-adebar-mit-oder-ohne-frosch-a146\">guckt mal hier<\/a><\/strong><\/p>\n<p>Die Anleitung ist ausf\u00fchrlich mit vielen Bildern hinterlegt<\/p>\n<p>und wird auf 27 Seiten Schritt-f\u00fcr-Schritt beschrieben!<\/p>\n<p>Sie ist auch schon f\u00fcr Anf\u00e4nger geeignet.<\/p>\n<p>auf Wunsch kann man noch Schnuller, Rassel oder Gl\u00f6ckchen einarbeiten, dann haben auch die J\u00fcngsten ihr Vergn\u00fcgen damit.<\/p>\n<p>&nbsp;<\/p>\n<p>MEHR VARIANTEN UND IDEEN von flei\u00dfigen Helfer und H\u00e4nden?<\/p>\n<p><a href=\"https:\/\/dadade.eu\/?p=10298\"><b>Klicke hier<\/b><\/a><\/p>\n<p>&nbsp;<\/p>\n<p>&nbsp;<\/p>\n<p>&nbsp;<\/p>\n","protected":false},"excerpt":{"rendered":"<div id=\"cc-m-13954443088\">\n<p>Hier kauft man die H\u00e4kelanleitung\u00a0f\u00fcr dieses s\u00fc\u00dfe Froschbaby, mit vielen verschiedenen Varianten und Kleidungsst\u00fccke.<\/p>\n<p>Fridolino mit seiner frechen Kappe, Friedlina mit ihrem s\u00fc\u00dfen M\u00fctzchen, oder der Frosch mit Regenm\u00fctze- nat\u00fcrlich ist auch die Hose mit dabei.<\/p>\n<p>Mit dieser Anleitung bekommt man die Wollreste \u2013 Kiste etwas leerer.<\/p>\n<p>Mit dem Kauf erh\u00e4ltst du eine leicht verst\u00e4ndliche H\u00e4kelanleitung im praktischen PDF-Format.<\/p>\n<p>Die Anleitung ist auch schon f\u00fcr Anf\u00e4nger geeignet.<\/p>\n<p>Mit Nadelst\u00e4rke 3 geh\u00e4kelt, wird das Frosch-Baby ungef\u00e4hr;\u00a0 20 cm hoch<\/p>\n<\/div>\n<div id=\"cc-m-13954443188\" class=\"j-module n j-text \">\n<p>Mit Samt-Wolle der Nadelst\u00e4rke 3,5 geh\u00e4kelt wird der Frosch ungef\u00e4hr; 32cm hoch<\/p>\n<\/div>\n","protected":false},"featured_media":10461,"template":"","meta":[],"product_brand":[],"product_cat":[56,35,39,66],"product_tag":[90,89,242,729,338,87,94,93,92,728,245,180,88,243,244,91,392,395,95,96],"class_list":{"0":"post-10435","1":"product","2":"type-product","3":"status-publish","4":"has-post-thumbnail","6":"product_cat-2einfach","7":"product_cat-amigurumi","8":"product_cat-amigurumis-zum-kuscheln","9":"product_cat-mini","10":"product_tag-amigurumi","11":"product_tag-baby","12":"product_tag-dekoration-haekeln","13":"product_tag-fosch","14":"product_tag-frosch-haekeln","15":"product_tag-geschenk","16":"product_tag-haekelanleitung","17":"product_tag-haekeln","18":"product_tag-kinder","19":"product_tag-kroete-haekeln","20":"product_tag-kuschelige-haekeltiere","21":"product_tag-kuscheltier","22":"product_tag-kuscheltier-haekeln","23":"product_tag-kuschelwolle","24":"product_tag-kuschelwolle-haekeln","25":"product_tag-plueschtier","26":"product_tag-plueschtier-haekeln","27":"product_tag-trampeltier","28":"product_tag-wolle","29":"product_tag-wollreste","31":"first","32":"instock","33":"downloadable","34":"shipping-taxable","35":"purchasable","36":"product-type-simple"},"_links":{"self":[{"href":"https:\/\/dadade.eu\/index.php?rest_route=\/wp\/v2\/product\/10435","targetHints":{"allow":["GET"]}}],"collection":[{"href":"https:\/\/dadade.eu\/index.php?rest_route=\/wp\/v2\/product"}],"about":[{"href":"https:\/\/dadade.eu\/index.php?rest_route=\/wp\/v2\/types\/product"}],"wp:featuredmedia":[{"embeddable":true,"href":"https:\/\/dadade.eu\/index.php?rest_route=\/wp\/v2\/media\/10461"}],"wp:attachment":[{"href":"https:\/\/dadade.eu\/index.php?rest_route=%2Fwp%2Fv2%2Fmedia&parent=10435"}],"wp:term":[{"taxonomy":"product_brand","embeddable":true,"href":"https:\/\/dadade.eu\/index.php?rest_route=%2Fwp%2Fv2%2Fproduct_brand&post=10435"},{"taxonomy":"product_cat","embeddable":true,"href":"https:\/\/dadade.eu\/index.php?rest_route=%2Fwp%2Fv2%2Fproduct_cat&post=10435"},{"taxonomy":"product_tag","embeddable":true,"href":"https:\/\/dadade.eu\/index.php?rest_route=%2Fwp%2Fv2%2Fproduct_tag&post=10435"}],"curies":[{"name":"wp","href":"https:\/\/api.w.org\/{rel}","templated":true}]}}