{"id":10365,"date":"2020-10-04T15:29:33","date_gmt":"2020-10-04T13:29:33","guid":{"rendered":"https:\/\/dadade.eu\/?post_type=product&#038;p=10365"},"modified":"2023-12-10T00:00:17","modified_gmt":"2023-12-09T23:00:17","slug":"schnecke-schnucki-mit-kinder-ein-magnetspiel-kissen-a149","status":"publish","type":"product","link":"https:\/\/dadade.eu\/?product=schnecke-schnucki-mit-kinder-ein-magnetspiel-kissen-a149","title":{"rendered":"Schnecke Schnucki, mit Kinder, ein Magnetspiel &#038; Kissen (A149)"},"content":{"rendered":"<p><img fetchpriority=\"high\" decoding=\"async\" class=\"alignnone size-medium wp-image-10376\" src=\"https:\/\/dadade.eu\/wp-content\/uploads\/2023\/03\/xKuschelschnecke-Schnucki-Kinder-3b-300x225.jpg\" alt=\"\" width=\"300\" height=\"225\" srcset=\"https:\/\/dadade.eu\/wp-content\/uploads\/2023\/03\/xKuschelschnecke-Schnucki-Kinder-3b-300x225.jpg 300w, https:\/\/dadade.eu\/wp-content\/uploads\/2023\/03\/xKuschelschnecke-Schnucki-Kinder-3b-600x450.jpg 600w, https:\/\/dadade.eu\/wp-content\/uploads\/2023\/03\/xKuschelschnecke-Schnucki-Kinder-3b-64x48.jpg 64w, https:\/\/dadade.eu\/wp-content\/uploads\/2023\/03\/xKuschelschnecke-Schnucki-Kinder-3b-1024x768.jpg 1024w, https:\/\/dadade.eu\/wp-content\/uploads\/2023\/03\/xKuschelschnecke-Schnucki-Kinder-3b-768x576.jpg 768w, https:\/\/dadade.eu\/wp-content\/uploads\/2023\/03\/xKuschelschnecke-Schnucki-Kinder-3b-1536x1152.jpg 1536w, https:\/\/dadade.eu\/wp-content\/uploads\/2023\/03\/xKuschelschnecke-Schnucki-Kinder-3b.jpg 1653w\" sizes=\"(max-width: 300px) 100vw, 300px\" \/> <img decoding=\"async\" class=\"alignnone size-medium wp-image-10375\" src=\"https:\/\/dadade.eu\/wp-content\/uploads\/2023\/03\/xKuschelschnecke-Schnucki-Kinder-2b-300x225.jpg\" alt=\"\" width=\"300\" height=\"225\" srcset=\"https:\/\/dadade.eu\/wp-content\/uploads\/2023\/03\/xKuschelschnecke-Schnucki-Kinder-2b-300x225.jpg 300w, https:\/\/dadade.eu\/wp-content\/uploads\/2023\/03\/xKuschelschnecke-Schnucki-Kinder-2b-600x450.jpg 600w, https:\/\/dadade.eu\/wp-content\/uploads\/2023\/03\/xKuschelschnecke-Schnucki-Kinder-2b-64x48.jpg 64w, https:\/\/dadade.eu\/wp-content\/uploads\/2023\/03\/xKuschelschnecke-Schnucki-Kinder-2b-1024x768.jpg 1024w, https:\/\/dadade.eu\/wp-content\/uploads\/2023\/03\/xKuschelschnecke-Schnucki-Kinder-2b-768x576.jpg 768w, https:\/\/dadade.eu\/wp-content\/uploads\/2023\/03\/xKuschelschnecke-Schnucki-Kinder-2b-1536x1152.jpg 1536w, https:\/\/dadade.eu\/wp-content\/uploads\/2023\/03\/xKuschelschnecke-Schnucki-Kinder-2b.jpg 1653w\" sizes=\"(max-width: 300px) 100vw, 300px\" \/> die 4 Kinder von Schnecke Schnucki<\/p>\n<p><img decoding=\"async\" class=\"alignnone size-medium wp-image-10372\" src=\"https:\/\/dadade.eu\/wp-content\/uploads\/2023\/03\/xKuschelschnecke-Schnucki-Hut-2b-300x225.jpg\" alt=\"\" width=\"300\" height=\"225\" srcset=\"https:\/\/dadade.eu\/wp-content\/uploads\/2023\/03\/xKuschelschnecke-Schnucki-Hut-2b-300x225.jpg 300w, https:\/\/dadade.eu\/wp-content\/uploads\/2023\/03\/xKuschelschnecke-Schnucki-Hut-2b-600x450.jpg 600w, https:\/\/dadade.eu\/wp-content\/uploads\/2023\/03\/xKuschelschnecke-Schnucki-Hut-2b-64x48.jpg 64w, https:\/\/dadade.eu\/wp-content\/uploads\/2023\/03\/xKuschelschnecke-Schnucki-Hut-2b-1024x768.jpg 1024w, https:\/\/dadade.eu\/wp-content\/uploads\/2023\/03\/xKuschelschnecke-Schnucki-Hut-2b-768x576.jpg 768w, https:\/\/dadade.eu\/wp-content\/uploads\/2023\/03\/xKuschelschnecke-Schnucki-Hut-2b-1536x1152.jpg 1536w, https:\/\/dadade.eu\/wp-content\/uploads\/2023\/03\/xKuschelschnecke-Schnucki-Hut-2b.jpg 1653w\" sizes=\"(max-width: 300px) 100vw, 300px\" \/><\/p>\n<p>Die Anleitung ist ausf\u00fchrlich mit vielen Bildern hinterlegt<\/p>\n<p>und wird auf 23 Seiten (Schnucki mit Hut) und 14 Seiten (Kinder) Schritt-f\u00fcr-Schritt beschrieben!<\/p>\n<p>Sie ist nur f\u00fcr ge\u00fcbte Anf\u00e4nger geeignet, das das Haus etwas \u00dcbung bedarf.<\/p>\n<p>&nbsp;<\/p>\n<p>MEHR VARIANTEN UND IDEEN von flei\u00dfigen Helfer und H\u00e4nden?<\/p>\n<p><a href=\"https:\/\/dadade.eu\/?p=10298\"><b>Klicke hier<\/b><\/a><\/p>\n<p>&nbsp;<\/p>\n<p>&nbsp;<\/p>\n<p>&nbsp;<\/p>\n","protected":false},"excerpt":{"rendered":"<div id=\"cc-m-13954443088\">\n<p>Hier kauft man die H\u00e4kelanleitung f\u00fcr die Schnecken Mama Schnucki, mit Sommer-Hut,\u00a0sowie der ganzen Kinderschar.<\/p>\n<p>Die Schnecke ist ideal zum Schlafen, Greifen, Lernen und Spielen, ideal f\u00fcr die Kleinsten um ihre Motorik ein bisschen zu steuern<\/p>\n<p>1 Zum Schlafen, das Schneckenhaus dient auch als <strong>Kissen<\/strong>, hier kann man sich so richtig sch\u00f6n kuscheln.<\/p>\n<p>2 Zum Greifen, jedes Schneckenkind <strong>hat eine andere Gr\u00f6\u00dfe<\/strong><\/p>\n<p>3 Zum Lernen,\u00a0 jedes Schneckenkind hat <strong>eine andere Farbe<\/strong>, die gleiche Farbe hat die Mama an ihrem Haus, jetzt kann man die Schneckenkinder farblich zuordnen<\/p>\n<p>4 Zum Spielen, die Kinder k\u00f6nnen in verschiedenen Varianten auf dem Haus der Schneckenmama Platz nehmen, und <strong>Schneckenpost<\/strong> fahren, das macht richtig Spa\u00df.<\/p>\n<p>Deiner Fantasie sind keine Grenzen gesetzt.<\/p>\n<p>Die Schnecke wird mit der Nadelst\u00e4rke 4,5 -5 geh\u00e4kelt; und wird ca 45 cm hoch und 48 cm lang,<\/p>\n<p>die Weihnachtsm\u00fctze ist nur eine Deko-M\u00fctze<\/p>\n<p>die Kinder werden mit Magneten am Haus der Mama befestigt<\/p>\n<p>Mit dem Kauf erh\u00e4lt man eine leicht verst\u00e4ndliche H\u00e4kelanleitung im praktischen PDF-Format.<\/p>\n<div id=\"cc-m-13954443088\">\n<p>Die Anleitung ist auch schon f\u00fcr Anf\u00e4nger geeignet.<\/p>\n<\/div>\n<div id=\"cc-m-13954443188\" class=\"j-module n j-text \">\n<p>&nbsp;<\/p>\n<\/div>\n<\/div>\n","protected":false},"featured_media":10367,"template":"","meta":[],"product_brand":[],"product_cat":[57,35,39,42,70],"product_tag":[90,89,723,671,242,182,717,87,94,93,719,92,722,245,180,88,243,244,724,181,718,721,434,91,392,714,715,716,720,183,95,96],"class_list":{"0":"post-10365","1":"product","2":"type-product","3":"status-publish","4":"has-post-thumbnail","6":"product_cat-3mittel","7":"product_cat-amigurumi","8":"product_cat-amigurumis-zum-kuscheln","9":"product_cat-baby","10":"product_cat-maxi","11":"product_tag-amigurumi","12":"product_tag-baby","13":"product_tag-baby-greifspiel","14":"product_tag-beutel","15":"product_tag-dekoration-haekeln","16":"product_tag-fein","17":"product_tag-geburt","18":"product_tag-geschenk","19":"product_tag-haekelanleitung","20":"product_tag-haekeln","21":"product_tag-junge","22":"product_tag-kinder","23":"product_tag-kissen","24":"product_tag-kuschelige-haekeltiere","25":"product_tag-kuscheltier","26":"product_tag-kuscheltier-haekeln","27":"product_tag-kuschelwolle","28":"product_tag-kuschelwolle-haekeln","29":"product_tag-lernspiel","30":"product_tag-lustig","31":"product_tag-maedchen","32":"product_tag-magnetspiel","33":"product_tag-muetze","34":"product_tag-plueschtier","35":"product_tag-plueschtier-haekeln","36":"product_tag-rucksack","37":"product_tag-rucksack-haekeln","38":"product_tag-schnecke","39":"product_tag-schnecke-haekeln","40":"product_tag-witzig","41":"product_tag-wolle","42":"product_tag-wollreste","44":"first","45":"instock","46":"downloadable","47":"shipping-taxable","48":"purchasable","49":"product-type-simple"},"_links":{"self":[{"href":"https:\/\/dadade.eu\/index.php?rest_route=\/wp\/v2\/product\/10365","targetHints":{"allow":["GET"]}}],"collection":[{"href":"https:\/\/dadade.eu\/index.php?rest_route=\/wp\/v2\/product"}],"about":[{"href":"https:\/\/dadade.eu\/index.php?rest_route=\/wp\/v2\/types\/product"}],"wp:featuredmedia":[{"embeddable":true,"href":"https:\/\/dadade.eu\/index.php?rest_route=\/wp\/v2\/media\/10367"}],"wp:attachment":[{"href":"https:\/\/dadade.eu\/index.php?rest_route=%2Fwp%2Fv2%2Fmedia&parent=10365"}],"wp:term":[{"taxonomy":"product_brand","embeddable":true,"href":"https:\/\/dadade.eu\/index.php?rest_route=%2Fwp%2Fv2%2Fproduct_brand&post=10365"},{"taxonomy":"product_cat","embeddable":true,"href":"https:\/\/dadade.eu\/index.php?rest_route=%2Fwp%2Fv2%2Fproduct_cat&post=10365"},{"taxonomy":"product_tag","embeddable":true,"href":"https:\/\/dadade.eu\/index.php?rest_route=%2Fwp%2Fv2%2Fproduct_tag&post=10365"}],"curies":[{"name":"wp","href":"https:\/\/api.w.org\/{rel}","templated":true}]}}