{"id":10337,"date":"2019-09-04T14:04:37","date_gmt":"2019-09-04T12:04:37","guid":{"rendered":"https:\/\/dadade.eu\/?post_type=product&#038;p=10337"},"modified":"2023-03-05T15:50:45","modified_gmt":"2023-03-05T14:50:45","slug":"faultier-frodo-mit-rucksack-und-jacke-a139","status":"publish","type":"product","link":"https:\/\/dadade.eu\/?product=faultier-frodo-mit-rucksack-und-jacke-a139","title":{"rendered":"Faultier Frodo, mit Rucksack und Jacke (A139)"},"content":{"rendered":"<p><img decoding=\"async\" class=\"alignnone wp-image-10353\" src=\"https:\/\/dadade.eu\/wp-content\/uploads\/2023\/03\/xFaultier-Frodo-zubehoer-mit-Knoepfe-3-300x225.jpg\" alt=\"\" width=\"223\" height=\"167\" srcset=\"https:\/\/dadade.eu\/wp-content\/uploads\/2023\/03\/xFaultier-Frodo-zubehoer-mit-Knoepfe-3-300x225.jpg 300w, https:\/\/dadade.eu\/wp-content\/uploads\/2023\/03\/xFaultier-Frodo-zubehoer-mit-Knoepfe-3-600x450.jpg 600w, https:\/\/dadade.eu\/wp-content\/uploads\/2023\/03\/xFaultier-Frodo-zubehoer-mit-Knoepfe-3-64x48.jpg 64w, https:\/\/dadade.eu\/wp-content\/uploads\/2023\/03\/xFaultier-Frodo-zubehoer-mit-Knoepfe-3-1024x768.jpg 1024w, https:\/\/dadade.eu\/wp-content\/uploads\/2023\/03\/xFaultier-Frodo-zubehoer-mit-Knoepfe-3-768x576.jpg 768w, https:\/\/dadade.eu\/wp-content\/uploads\/2023\/03\/xFaultier-Frodo-zubehoer-mit-Knoepfe-3.jpg 1400w\" sizes=\"(max-width: 223px) 100vw, 223px\" \/> mit seiner Kapuzenjacke ist Frodo gut ausgestattet und<\/p>\n<p><img decoding=\"async\" class=\"alignnone wp-image-10345\" src=\"https:\/\/dadade.eu\/wp-content\/uploads\/2023\/03\/xFaultier-Frodo-mit-Zubehoer-1-300x225.jpg\" alt=\"\" width=\"212\" height=\"159\" srcset=\"https:\/\/dadade.eu\/wp-content\/uploads\/2023\/03\/xFaultier-Frodo-mit-Zubehoer-1-300x225.jpg 300w, https:\/\/dadade.eu\/wp-content\/uploads\/2023\/03\/xFaultier-Frodo-mit-Zubehoer-1-600x450.jpg 600w, https:\/\/dadade.eu\/wp-content\/uploads\/2023\/03\/xFaultier-Frodo-mit-Zubehoer-1-64x48.jpg 64w, https:\/\/dadade.eu\/wp-content\/uploads\/2023\/03\/xFaultier-Frodo-mit-Zubehoer-1-1024x768.jpg 1024w, https:\/\/dadade.eu\/wp-content\/uploads\/2023\/03\/xFaultier-Frodo-mit-Zubehoer-1-768x576.jpg 768w, https:\/\/dadade.eu\/wp-content\/uploads\/2023\/03\/xFaultier-Frodo-mit-Zubehoer-1.jpg 1400w\" sizes=\"(max-width: 212px) 100vw, 212px\" \/>Frodo hat seinen Rucksack und somit ein\u00a0 kleines Versteck, das allen Kindern das Herz h\u00f6her schlagen l\u00e4sst, sie werden ihn lieben und nicht mehr hergeben. In dem Rucksack kann man viele kleine und gr\u00f6\u00dfere Sachen mitnehmen.<\/p>\n<p>Die Anleitung ist ausf\u00fchrlich mit vielen Bildern hinterlegt<\/p>\n<p>und wird auf 14 Seiten (Frodo) und 22 Seiten (Jacke und Rucksack) Schritt-f\u00fcr-Schritt beschrieben!<\/p>\n<p>Sie ist auch schon f\u00fcr Anf\u00e4nger geeignet.<\/p>\n<p>&nbsp;<\/p>\n<p>MEHR VARIANTEN UND IDEEN von flei\u00dfigen Helfer und H\u00e4nden?<\/p>\n<p><a href=\"https:\/\/dadade.eu\/?p=9515\"><b>Klicke hier<\/b><\/a><\/p>\n<p>&nbsp;<\/p>\n<p>&nbsp;<\/p>\n<p>&nbsp;<\/p>\n","protected":false},"excerpt":{"rendered":"<div id=\"cc-m-13954443088\">\n<p>Hier kauft man die H\u00e4kelanleitung f\u00fcr dieses kuschelweiche Faultier Frodo,<\/p>\n<p>das Faultier hat einen Rucksack, in das ein Schlafanzug oder eine kleine \u00dcberraschung hineinpasst. Man kann z.B. auch ein Schnuffeltuch drin verstecken, oder man versteckt in der Tasche eine kleine \u00dcberraschung, die dem Kind die \u00dcbernachtung ausw\u00e4rts etwas leichter macht.<\/p>\n<p>Faultier Frodo mit Jacke ist das perfekte Kuscheltier, er ist ein spa\u00dfiger Begleiter, in den man sich richtig reinkuscheln kann.<\/p>\n<p>Den Rucksack kann man auch f\u00fcr viele verschiedene Spielsachen nehmen, oder als coole Kindergarten-Tasche.<\/p>\n<p>Mit Wolle der Nadelst\u00e4rke 4 wird Frodo ungef\u00e4hr; 64cm hoch, im Sitzen 40cm<\/p>\n<p>Mit Wolle der Nadelst\u00e4rke 3 wird Frodo ungef\u00e4hr;\u00a0 im Sitzen 25cm<\/p>\n<\/div>\n<div id=\"cc-m-13954443088\">\n<p>Deiner Fantasie sind keine Grenzen gesetzt.<\/p>\n<p>Mit dem Kauf erh\u00e4lt man eine leicht verst\u00e4ndliche H\u00e4kelanleitung im praktischen PDF-Format.<\/p>\n<div id=\"cc-m-13954443088\">\n<p>Die Anleitung ist auch schon f\u00fcr Anf\u00e4nger geeignet.<\/p>\n<\/div>\n<div id=\"cc-m-13954443188\" class=\"j-module n j-text \">\n<p>&nbsp;<\/p>\n<\/div>\n<\/div>\n","protected":false},"featured_media":10347,"template":"","meta":[],"product_brand":[],"product_cat":[56,35,39,70],"product_tag":[190,90,89,671,242,665,713,654,655,87,94,93,92,245,180,88,243,244,91,392,714,715,95,96],"class_list":{"0":"post-10337","1":"product","2":"type-product","3":"status-publish","4":"has-post-thumbnail","6":"product_cat-2einfach","7":"product_cat-amigurumi","8":"product_cat-amigurumis-zum-kuscheln","9":"product_cat-maxi","10":"product_tag-affe","11":"product_tag-amigurumi","12":"product_tag-baby","13":"product_tag-beutel","14":"product_tag-dekoration-haekeln","15":"product_tag-drache","16":"product_tag-drachen-haekeln","17":"product_tag-faultier","18":"product_tag-faultier-haekeln","19":"product_tag-geschenk","20":"product_tag-haekelanleitung","21":"product_tag-haekeln","22":"product_tag-kinder","23":"product_tag-kuschelige-haekeltiere","24":"product_tag-kuscheltier","25":"product_tag-kuscheltier-haekeln","26":"product_tag-kuschelwolle","27":"product_tag-kuschelwolle-haekeln","28":"product_tag-plueschtier","29":"product_tag-plueschtier-haekeln","30":"product_tag-rucksack","31":"product_tag-rucksack-haekeln","32":"product_tag-wolle","33":"product_tag-wollreste","35":"first","36":"instock","37":"downloadable","38":"shipping-taxable","39":"purchasable","40":"product-type-simple"},"_links":{"self":[{"href":"https:\/\/dadade.eu\/index.php?rest_route=\/wp\/v2\/product\/10337","targetHints":{"allow":["GET"]}}],"collection":[{"href":"https:\/\/dadade.eu\/index.php?rest_route=\/wp\/v2\/product"}],"about":[{"href":"https:\/\/dadade.eu\/index.php?rest_route=\/wp\/v2\/types\/product"}],"wp:featuredmedia":[{"embeddable":true,"href":"https:\/\/dadade.eu\/index.php?rest_route=\/wp\/v2\/media\/10347"}],"wp:attachment":[{"href":"https:\/\/dadade.eu\/index.php?rest_route=%2Fwp%2Fv2%2Fmedia&parent=10337"}],"wp:term":[{"taxonomy":"product_brand","embeddable":true,"href":"https:\/\/dadade.eu\/index.php?rest_route=%2Fwp%2Fv2%2Fproduct_brand&post=10337"},{"taxonomy":"product_cat","embeddable":true,"href":"https:\/\/dadade.eu\/index.php?rest_route=%2Fwp%2Fv2%2Fproduct_cat&post=10337"},{"taxonomy":"product_tag","embeddable":true,"href":"https:\/\/dadade.eu\/index.php?rest_route=%2Fwp%2Fv2%2Fproduct_tag&post=10337"}],"curies":[{"name":"wp","href":"https:\/\/api.w.org\/{rel}","templated":true}]}}