{"id":10215,"date":"2016-09-27T16:38:27","date_gmt":"2016-09-27T14:38:27","guid":{"rendered":"https:\/\/dadade.eu\/?post_type=product&#038;p=10215"},"modified":"2023-11-07T16:53:25","modified_gmt":"2023-11-07T15:53:25","slug":"geschenk-verpackung-adventskalender-elefant-g105","status":"publish","type":"product","link":"https:\/\/dadade.eu\/?product=geschenk-verpackung-adventskalender-elefant-g105","title":{"rendered":"Geschenk-Verpackung, Adventskalender Elefant (G105)"},"content":{"rendered":"<p><img decoding=\"async\" class=\"alignnone wp-image-10230\" src=\"https:\/\/dadade.eu\/wp-content\/uploads\/2023\/02\/Geschenke-Tasche-Elefant-10-300x225.jpg\" alt=\"\" width=\"217\" height=\"163\" srcset=\"https:\/\/dadade.eu\/wp-content\/uploads\/2023\/02\/Geschenke-Tasche-Elefant-10-300x225.jpg 300w, https:\/\/dadade.eu\/wp-content\/uploads\/2023\/02\/Geschenke-Tasche-Elefant-10-600x450.jpg 600w, https:\/\/dadade.eu\/wp-content\/uploads\/2023\/02\/Geschenke-Tasche-Elefant-10-64x48.jpg 64w, https:\/\/dadade.eu\/wp-content\/uploads\/2023\/02\/Geschenke-Tasche-Elefant-10-1024x768.jpg 1024w, https:\/\/dadade.eu\/wp-content\/uploads\/2023\/02\/Geschenke-Tasche-Elefant-10-768x576.jpg 768w, https:\/\/dadade.eu\/wp-content\/uploads\/2023\/02\/Geschenke-Tasche-Elefant-10-1536x1152.jpg 1536w, https:\/\/dadade.eu\/wp-content\/uploads\/2023\/02\/Geschenke-Tasche-Elefant-10.jpg 1653w\" sizes=\"(max-width: 217px) 100vw, 217px\" \/>der Elefant als Adventskalender-Tierchen, nicht so aufwendig<\/p>\n<p><img decoding=\"async\" class=\"alignnone wp-image-10231\" src=\"https:\/\/dadade.eu\/wp-content\/uploads\/2023\/02\/Geschenke-Tasche-Elefant-20-300x225.jpg\" alt=\"\" width=\"221\" height=\"166\" srcset=\"https:\/\/dadade.eu\/wp-content\/uploads\/2023\/02\/Geschenke-Tasche-Elefant-20-300x225.jpg 300w, https:\/\/dadade.eu\/wp-content\/uploads\/2023\/02\/Geschenke-Tasche-Elefant-20-600x450.jpg 600w, https:\/\/dadade.eu\/wp-content\/uploads\/2023\/02\/Geschenke-Tasche-Elefant-20-64x48.jpg 64w, https:\/\/dadade.eu\/wp-content\/uploads\/2023\/02\/Geschenke-Tasche-Elefant-20-1024x768.jpg 1024w, https:\/\/dadade.eu\/wp-content\/uploads\/2023\/02\/Geschenke-Tasche-Elefant-20-768x576.jpg 768w, https:\/\/dadade.eu\/wp-content\/uploads\/2023\/02\/Geschenke-Tasche-Elefant-20-1536x1152.jpg 1536w, https:\/\/dadade.eu\/wp-content\/uploads\/2023\/02\/Geschenke-Tasche-Elefant-20.jpg 1653w\" sizes=\"(max-width: 221px) 100vw, 221px\" \/>der Elefant als Geschenkverpackung mit kleinen Extras<\/p>\n<p>Wie w\u00e4re es die Tierchen mal mit Chenillewolle zu h\u00e4keln? Sie werden dann mit Nadelst\u00e4rke 4, ungef\u00e4hr, bis zur M\u00fctzenspitze 38cm, und schon passt ein gr\u00f6\u00dferes Geschenk hinein.<\/p>\n<p>Die Anleitung ist ausf\u00fchrlich mit vielen Bildern hinterlegt und wird auf 18 Seiten Schritt-f\u00fcr-Schritt beschrieben!<\/p>\n<p><img fetchpriority=\"high\" decoding=\"async\" class=\"alignnone size-medium wp-image-15864\" src=\"https:\/\/dadade.eu\/wp-content\/uploads\/2016\/11\/Geschenkverpackung-30-Kopie-300x279.jpg\" alt=\"\" width=\"300\" height=\"279\" srcset=\"https:\/\/dadade.eu\/wp-content\/uploads\/2016\/11\/Geschenkverpackung-30-Kopie-300x279.jpg 300w, https:\/\/dadade.eu\/wp-content\/uploads\/2016\/11\/Geschenkverpackung-30-Kopie-scaled-600x557.jpg 600w, https:\/\/dadade.eu\/wp-content\/uploads\/2016\/11\/Geschenkverpackung-30-Kopie-scaled-64x59.jpg 64w, https:\/\/dadade.eu\/wp-content\/uploads\/2016\/11\/Geschenkverpackung-30-Kopie-1024x951.jpg 1024w, https:\/\/dadade.eu\/wp-content\/uploads\/2016\/11\/Geschenkverpackung-30-Kopie-768x713.jpg 768w, https:\/\/dadade.eu\/wp-content\/uploads\/2016\/11\/Geschenkverpackung-30-Kopie-1536x1427.jpg 1536w, https:\/\/dadade.eu\/wp-content\/uploads\/2016\/11\/Geschenkverpackung-30-Kopie-2048x1902.jpg 2048w\" sizes=\"(max-width: 300px) 100vw, 300px\" \/>die verschiedenen Geschenkverpackungen &amp; Adventskalender -Tierchen<\/p>\n<p><img loading=\"lazy\" decoding=\"async\" class=\"alignnone size-medium wp-image-15865\" src=\"https:\/\/dadade.eu\/wp-content\/uploads\/2016\/11\/xAdventskalender-30-Tiere-300x239.jpg\" alt=\"\" width=\"300\" height=\"239\" srcset=\"https:\/\/dadade.eu\/wp-content\/uploads\/2016\/11\/xAdventskalender-30-Tiere-300x239.jpg 300w, https:\/\/dadade.eu\/wp-content\/uploads\/2016\/11\/xAdventskalender-30-Tiere-scaled-600x479.jpg 600w, https:\/\/dadade.eu\/wp-content\/uploads\/2016\/11\/xAdventskalender-30-Tiere-scaled-64x51.jpg 64w, https:\/\/dadade.eu\/wp-content\/uploads\/2016\/11\/xAdventskalender-30-Tiere-1024x817.jpg 1024w, https:\/\/dadade.eu\/wp-content\/uploads\/2016\/11\/xAdventskalender-30-Tiere-768x613.jpg 768w, https:\/\/dadade.eu\/wp-content\/uploads\/2016\/11\/xAdventskalender-30-Tiere-1536x1225.jpg 1536w, https:\/\/dadade.eu\/wp-content\/uploads\/2016\/11\/xAdventskalender-30-Tiere-2048x1634.jpg 2048w\" sizes=\"(max-width: 300px) 100vw, 300px\" \/><\/p>\n<p>&nbsp;<\/p>\n<p>MEHR VARIANTEN UND IDEEN FINDET IHR HIER<\/p>\n<p><a href=\"https:\/\/dadade.eu\/?p=9994\"><strong>VIELE TOLLE BILDER<\/strong> von flei\u00dfigen Helfer und H\u00e4nden<\/a><\/p>\n<p>&nbsp;<\/p>\n<p>&nbsp;<\/p>\n<p>&nbsp;<\/p>\n","protected":false},"excerpt":{"rendered":"<div id=\"cc-m-13954443088\">\n<p>Hier kauft man die H\u00e4kelanleitung f\u00fcr den Elefant in 2 Varianten;<\/p>\n<p>1x mit Weihnachtsm\u00fctze,<\/p>\n<p>Du suchst einen Adventskalender, hier hast du alle M\u00f6glichkeiten, au\u00dfer dem Elefant, gibt es noch viele andere Adventskalender-Tiere in meinem Shop.<\/p>\n<p>Der Elefant, sowie seine Adventskalender-Freunde, sind ganz einfach gehalten und dadurch auch schon f\u00fcr Anf\u00e4nger geeignet.<\/p>\n<p>Jedes Tier ist ein T\u00fcrchen, das im Bauch Platz hat, f\u00fcr ein kleines Geschenk!<\/p>\n<p>oder 2. als Geschenkverpackung<\/p>\n<p>Du suchst eine originelle Geschenkverpackung, z.B f\u00fcr Vatertag, der Elefant mit Maus ist sch\u00f6n als Geschenk-Verpackung, z.B mit Geldm\u00e4usen oder einem kleinen Gutschein. Eine sch\u00f6ne Art Geld oder ein kleines Mitbringsel zu verschenken,<\/p>\n<p>Beide Varianten sind auch eine sch\u00f6ne Dekoration.<\/p>\n<p>Deiner Kreativit\u00e4t sind keine Grenzen gesetzt<\/p>\n<p>Mit Wolle der Nadelst\u00e4rke 2 werden die Figuren, ungef\u00e4hr; 11-15cm hoch<\/p>\n<p>Beim Kauf ab 3 Geschenkverpackungen, im Warenkorb einfach den Gutschein-Code <span style=\"color: #ff0000;\"><strong>Geschenk <\/strong><\/span>eingeben und schon bekommt ihr 20% Mengenrabatt auf die Geschenkverpackungen.<\/p>\n<\/div>\n","protected":false},"featured_media":10229,"template":"","meta":[],"product_brand":[],"product_cat":[56,35,41,504],"product_tag":[684,685,90,295,89,233,242,649,650,660,182,694,87,688,686,692,298,687,94,93,680,92,245,180,243,244,632,633,294,280,392,682,681,275,373,683,695,302,95,96],"class_list":{"0":"post-10215","1":"product","2":"type-product","3":"status-publish","4":"has-post-thumbnail","6":"product_cat-2einfach","7":"product_cat-amigurumi","8":"product_cat-geschenkverpackungen","9":"product_cat-winter-weihnachten-krippe","10":"product_tag-advent","11":"product_tag-adventskalender","12":"product_tag-amigurumi","13":"product_tag-anleitung","14":"product_tag-baby","15":"product_tag-dekoration","16":"product_tag-dekoration-haekeln","17":"product_tag-elefant","18":"product_tag-elefant-haekeln","19":"product_tag-elefant-mit-maus","20":"product_tag-fein","21":"product_tag-feste","22":"product_tag-geschenk","23":"product_tag-geschenk-saeckchen","24":"product_tag-geschenk-tasche","25":"product_tag-geschenkhuelle-haekeln","26":"product_tag-geschenkverpackung","27":"product_tag-geschenkverpackung-haekeln","28":"product_tag-haekelanleitung","29":"product_tag-haekeln","30":"product_tag-kalender","31":"product_tag-kinder","32":"product_tag-kuschelige-haekeltiere","33":"product_tag-kuscheltier","34":"product_tag-kuschelwolle","35":"product_tag-kuschelwolle-haekeln","36":"product_tag-maus","37":"product_tag-maus-haekeln","38":"product_tag-mitbringsel","39":"product_tag-muttertag","40":"product_tag-plueschtier-haekeln","41":"product_tag-tier","42":"product_tag-ueberraschung","43":"product_tag-valentinstag","44":"product_tag-vatertag","45":"product_tag-weihnachten","46":"product_tag-weihnachtsmuetze","47":"product_tag-winter","48":"product_tag-wolle","49":"product_tag-wollreste","51":"first","52":"instock","53":"downloadable","54":"shipping-taxable","55":"purchasable","56":"product-type-simple"},"_links":{"self":[{"href":"https:\/\/dadade.eu\/index.php?rest_route=\/wp\/v2\/product\/10215","targetHints":{"allow":["GET"]}}],"collection":[{"href":"https:\/\/dadade.eu\/index.php?rest_route=\/wp\/v2\/product"}],"about":[{"href":"https:\/\/dadade.eu\/index.php?rest_route=\/wp\/v2\/types\/product"}],"wp:featuredmedia":[{"embeddable":true,"href":"https:\/\/dadade.eu\/index.php?rest_route=\/wp\/v2\/media\/10229"}],"wp:attachment":[{"href":"https:\/\/dadade.eu\/index.php?rest_route=%2Fwp%2Fv2%2Fmedia&parent=10215"}],"wp:term":[{"taxonomy":"product_brand","embeddable":true,"href":"https:\/\/dadade.eu\/index.php?rest_route=%2Fwp%2Fv2%2Fproduct_brand&post=10215"},{"taxonomy":"product_cat","embeddable":true,"href":"https:\/\/dadade.eu\/index.php?rest_route=%2Fwp%2Fv2%2Fproduct_cat&post=10215"},{"taxonomy":"product_tag","embeddable":true,"href":"https:\/\/dadade.eu\/index.php?rest_route=%2Fwp%2Fv2%2Fproduct_tag&post=10215"}],"curies":[{"name":"wp","href":"https:\/\/api.w.org\/{rel}","templated":true}]}}