{"id":10157,"date":"2016-10-27T13:38:30","date_gmt":"2016-10-27T11:38:30","guid":{"rendered":"https:\/\/dadade.eu\/?post_type=product&#038;p=10157"},"modified":"2023-07-09T15:19:33","modified_gmt":"2023-07-09T13:19:33","slug":"geschenk-verpackung-adventskalender-meeres-schildkroete-g116","status":"publish","type":"product","link":"https:\/\/dadade.eu\/?product=geschenk-verpackung-adventskalender-meeres-schildkroete-g116","title":{"rendered":"Geschenk-Verpackung, Adventskalender Meeres-Schildkr\u00f6te (G116)"},"content":{"rendered":"<p><img decoding=\"async\" class=\"alignnone wp-image-10165\" src=\"https:\/\/dadade.eu\/wp-content\/uploads\/2023\/02\/10c-Geschenverpackung-Meeresschildkroete-20-300x225.jpg\" alt=\"\" width=\"215\" height=\"161\" srcset=\"https:\/\/dadade.eu\/wp-content\/uploads\/2023\/02\/10c-Geschenverpackung-Meeresschildkroete-20-300x225.jpg 300w, https:\/\/dadade.eu\/wp-content\/uploads\/2023\/02\/10c-Geschenverpackung-Meeresschildkroete-20-600x450.jpg 600w, https:\/\/dadade.eu\/wp-content\/uploads\/2023\/02\/10c-Geschenverpackung-Meeresschildkroete-20-64x48.jpg 64w, https:\/\/dadade.eu\/wp-content\/uploads\/2023\/02\/10c-Geschenverpackung-Meeresschildkroete-20-1024x768.jpg 1024w, https:\/\/dadade.eu\/wp-content\/uploads\/2023\/02\/10c-Geschenverpackung-Meeresschildkroete-20-768x576.jpg 768w, https:\/\/dadade.eu\/wp-content\/uploads\/2023\/02\/10c-Geschenverpackung-Meeresschildkroete-20-1536x1152.jpg 1536w, https:\/\/dadade.eu\/wp-content\/uploads\/2023\/02\/10c-Geschenverpackung-Meeresschildkroete-20.jpg 1653w\" sizes=\"(max-width: 215px) 100vw, 215px\" \/>die Meeresschildkr\u00f6te als Adventskalender-Tierchen, nicht so aufwendig<\/p>\n<p><img decoding=\"async\" class=\"alignnone wp-image-10166\" src=\"https:\/\/dadade.eu\/wp-content\/uploads\/2023\/02\/Adventskalender-Meeres-Schildkroete-Kopie-300x225.jpg\" alt=\"\" width=\"215\" height=\"161\" srcset=\"https:\/\/dadade.eu\/wp-content\/uploads\/2023\/02\/Adventskalender-Meeres-Schildkroete-Kopie-300x225.jpg 300w, https:\/\/dadade.eu\/wp-content\/uploads\/2023\/02\/Adventskalender-Meeres-Schildkroete-Kopie-600x450.jpg 600w, https:\/\/dadade.eu\/wp-content\/uploads\/2023\/02\/Adventskalender-Meeres-Schildkroete-Kopie-64x48.jpg 64w, https:\/\/dadade.eu\/wp-content\/uploads\/2023\/02\/Adventskalender-Meeres-Schildkroete-Kopie-1024x768.jpg 1024w, https:\/\/dadade.eu\/wp-content\/uploads\/2023\/02\/Adventskalender-Meeres-Schildkroete-Kopie-768x576.jpg 768w, https:\/\/dadade.eu\/wp-content\/uploads\/2023\/02\/Adventskalender-Meeres-Schildkroete-Kopie-1536x1152.jpg 1536w, https:\/\/dadade.eu\/wp-content\/uploads\/2023\/02\/Adventskalender-Meeres-Schildkroete-Kopie-2048x1536.jpg 2048w\" sizes=\"(max-width: 215px) 100vw, 215px\" \/>die Meeresschildkr\u00f6te als Geschenkverpackung mit kleinen Extras<\/p>\n<p>Wie w\u00e4re es die Tierchen mal mit Chenillewolle zu h\u00e4keln? Sie werden dann mit Nadelst\u00e4rke 4, ungef\u00e4hr, bis zur M\u00fctzenspitze 38cm, und schon passt ein gr\u00f6\u00dferes Geschenk hinein.<\/p>\n<p>Die Anleitung ist ausf\u00fchrlich mit vielen Bildern hinterlegt und wird auf 23 Seiten Schritt-f\u00fcr-Schritt beschrieben!<\/p>\n<p><img fetchpriority=\"high\" decoding=\"async\" class=\"alignnone size-medium wp-image-15864\" src=\"https:\/\/dadade.eu\/wp-content\/uploads\/2016\/11\/Geschenkverpackung-30-Kopie-300x279.jpg\" sizes=\"(max-width: 300px) 100vw, 300px\" srcset=\"https:\/\/dadade.eu\/wp-content\/uploads\/2016\/11\/Geschenkverpackung-30-Kopie-300x279.jpg 300w, https:\/\/dadade.eu\/wp-content\/uploads\/2016\/11\/Geschenkverpackung-30-Kopie-1024x951.jpg 1024w, https:\/\/dadade.eu\/wp-content\/uploads\/2016\/11\/Geschenkverpackung-30-Kopie-768x713.jpg 768w, https:\/\/dadade.eu\/wp-content\/uploads\/2016\/11\/Geschenkverpackung-30-Kopie-1536x1427.jpg 1536w, https:\/\/dadade.eu\/wp-content\/uploads\/2016\/11\/Geschenkverpackung-30-Kopie-2048x1902.jpg 2048w, https:\/\/dadade.eu\/wp-content\/uploads\/2016\/11\/Geschenkverpackung-30-Kopie-600x557.jpg 600w, https:\/\/dadade.eu\/wp-content\/uploads\/2016\/11\/Geschenkverpackung-30-Kopie-64x59.jpg 64w\" alt=\"\" width=\"300\" height=\"279\" \/>die verschiedenen Geschenkverpackungen,<\/p>\n<p><a href=\"https:\/\/dadade.eu\/?p=9994\"><strong>VIELE TOLLE BILDER<\/strong>\u00a0von flei\u00dfigen Helfer und H\u00e4nden findet ihr hier<\/a><\/p>\n<p><img loading=\"lazy\" decoding=\"async\" class=\"alignnone size-medium wp-image-15865\" src=\"https:\/\/dadade.eu\/wp-content\/uploads\/2016\/11\/xAdventskalender-30-Tiere-300x239.jpg\" sizes=\"(max-width: 300px) 100vw, 300px\" srcset=\"https:\/\/dadade.eu\/wp-content\/uploads\/2016\/11\/xAdventskalender-30-Tiere-300x239.jpg 300w, https:\/\/dadade.eu\/wp-content\/uploads\/2016\/11\/xAdventskalender-30-Tiere-1024x817.jpg 1024w, https:\/\/dadade.eu\/wp-content\/uploads\/2016\/11\/xAdventskalender-30-Tiere-768x613.jpg 768w, https:\/\/dadade.eu\/wp-content\/uploads\/2016\/11\/xAdventskalender-30-Tiere-1536x1225.jpg 1536w, https:\/\/dadade.eu\/wp-content\/uploads\/2016\/11\/xAdventskalender-30-Tiere-2048x1634.jpg 2048w, https:\/\/dadade.eu\/wp-content\/uploads\/2016\/11\/xAdventskalender-30-Tiere-600x479.jpg 600w, https:\/\/dadade.eu\/wp-content\/uploads\/2016\/11\/xAdventskalender-30-Tiere-64x51.jpg 64w\" alt=\"\" width=\"300\" height=\"239\" \/>&amp; Adventskalender -Tierchen<\/p>\n<p><a href=\"https:\/\/dadade.eu\/?p=15923\"><strong>VIELE TOLLE BILDER<\/strong>\u00a0von flei\u00dfigen Helfer und H\u00e4nden findet ihr hier<\/a><\/p>\n<p>&nbsp;<\/p>\n<p>&nbsp;<\/p>\n<p>&nbsp;<\/p>\n","protected":false},"excerpt":{"rendered":"<div id=\"cc-m-13954443088\">\n<p>Hier kauft man die H\u00e4kelanleitung f\u00fcr die Meeresschildkr\u00f6te in 2 Varianten;<\/p>\n<p>1x mit Weihnachtsm\u00fctze,<\/p>\n<p>Du suchst einen Adventskalender, hier hast du alle M\u00f6glichkeiten, au\u00dfer der Meeresschildkr\u00f6te, gibt es noch viele andere Adventskalender-Tiere in meinem Shop.<\/p>\n<p>Die Meeresschildkr\u00f6te, sowie seine Adventskalender-Freunde, sind ganz einfach gehalten und dadurch auch schon f\u00fcr Anf\u00e4nger geeignet.<\/p>\n<p>Jedes Tier ist ein T\u00fcrchen, das im Bauch Platz hat, f\u00fcr ein kleines Geschenk!<\/p>\n<p>oder 2. als Geschenkverpackung<\/p>\n<p>Du suchst eine originelle Geschenkverpackung, z.B f\u00fcr Vatertag, als Pirat kann man die Meeresschildkr\u00f6te, sch\u00f6n als Geschenk-Verpackung, z.B mit einem kleinen Gutschein f\u00fcr eine Bootstour, nutzen. Eine sch\u00f6ne Art Geld oder ein kleines Mitbringsel zu verschenken,<\/p>\n<p>Beide Varianten sind auch eine sch\u00f6ne Dekoration.<\/p>\n<p>Deiner Kreativit\u00e4t sind keine Grenzen gesetzt<\/p>\n<p>Mit Wolle der Nadelst\u00e4rke 2 werden die Figuren, ungef\u00e4hr; 11-15cm hoch<\/p>\n<p>Beim Kauf ab 3 Geschenkverpackungen, im Warenkorb einfach den Gutschein-Code <span style=\"color: #ff0000;\"><strong>Geschenk <\/strong><\/span>eingeben und schon bekommt ihr 20% Mengenrabatt auf die Geschenkverpackungen.<\/p>\n<\/div>\n","protected":false},"featured_media":10168,"template":"","meta":[],"product_brand":[],"product_cat":[56,35,41,504],"product_tag":[684,685,90,295,89,698,233,242,182,694,87,688,686,692,298,687,94,93,680,92,245,180,243,244,702,294,280,434,696,392,697,682,681,275,373,683,695,302,95,96],"class_list":{"0":"post-10157","1":"product","2":"type-product","3":"status-publish","4":"has-post-thumbnail","6":"product_cat-2einfach","7":"product_cat-amigurumi","8":"product_cat-geschenkverpackungen","9":"product_cat-winter-weihnachten-krippe","10":"product_tag-advent","11":"product_tag-adventskalender","12":"product_tag-amigurumi","13":"product_tag-anleitung","14":"product_tag-baby","15":"product_tag-boot","16":"product_tag-dekoration","17":"product_tag-dekoration-haekeln","18":"product_tag-fein","19":"product_tag-feste","20":"product_tag-geschenk","21":"product_tag-geschenk-saeckchen","22":"product_tag-geschenk-tasche","23":"product_tag-geschenkhuelle-haekeln","24":"product_tag-geschenkverpackung","25":"product_tag-geschenkverpackung-haekeln","26":"product_tag-haekelanleitung","27":"product_tag-haekeln","28":"product_tag-kalender","29":"product_tag-kinder","30":"product_tag-kuschelige-haekeltiere","31":"product_tag-kuscheltier","32":"product_tag-kuschelwolle","33":"product_tag-kuschelwolle-haekeln","34":"product_tag-maritim","35":"product_tag-mitbringsel","36":"product_tag-muttertag","37":"product_tag-muetze","38":"product_tag-pirat","39":"product_tag-plueschtier-haekeln","40":"product_tag-schiff","41":"product_tag-tier","42":"product_tag-ueberraschung","43":"product_tag-valentinstag","44":"product_tag-vatertag","45":"product_tag-weihnachten","46":"product_tag-weihnachtsmuetze","47":"product_tag-winter","48":"product_tag-wolle","49":"product_tag-wollreste","51":"first","52":"instock","53":"downloadable","54":"shipping-taxable","55":"purchasable","56":"product-type-simple"},"_links":{"self":[{"href":"https:\/\/dadade.eu\/index.php?rest_route=\/wp\/v2\/product\/10157","targetHints":{"allow":["GET"]}}],"collection":[{"href":"https:\/\/dadade.eu\/index.php?rest_route=\/wp\/v2\/product"}],"about":[{"href":"https:\/\/dadade.eu\/index.php?rest_route=\/wp\/v2\/types\/product"}],"wp:featuredmedia":[{"embeddable":true,"href":"https:\/\/dadade.eu\/index.php?rest_route=\/wp\/v2\/media\/10168"}],"wp:attachment":[{"href":"https:\/\/dadade.eu\/index.php?rest_route=%2Fwp%2Fv2%2Fmedia&parent=10157"}],"wp:term":[{"taxonomy":"product_brand","embeddable":true,"href":"https:\/\/dadade.eu\/index.php?rest_route=%2Fwp%2Fv2%2Fproduct_brand&post=10157"},{"taxonomy":"product_cat","embeddable":true,"href":"https:\/\/dadade.eu\/index.php?rest_route=%2Fwp%2Fv2%2Fproduct_cat&post=10157"},{"taxonomy":"product_tag","embeddable":true,"href":"https:\/\/dadade.eu\/index.php?rest_route=%2Fwp%2Fv2%2Fproduct_tag&post=10157"}],"curies":[{"name":"wp","href":"https:\/\/api.w.org\/{rel}","templated":true}]}}