{"id":96,"date":"2018-06-18T06:57:57","date_gmt":"2018-06-18T04:57:57","guid":{"rendered":"https:\/\/dadade.eu\/?page_id=96"},"modified":"2022-10-25T08:57:56","modified_gmt":"2022-10-25T06:57:56","slug":"about","status":"publish","type":"page","link":"https:\/\/dadade.eu\/?page_id=96","title":{"rendered":"\u00dcber mich"},"content":{"rendered":"\t\t<div data-elementor-type=\"wp-post\" data-elementor-id=\"96\" class=\"elementor elementor-96\">\n\t\t\t\t\t\t<section class=\"elementor-section elementor-top-section elementor-element elementor-element-d0e8110 elementor-section-boxed elementor-section-height-default elementor-section-height-default wpr-particle-no wpr-jarallax-no wpr-parallax-no wpr-sticky-section-no wpr-equal-height-no\" data-id=\"d0e8110\" data-element_type=\"section\" data-e-type=\"section\">\n\t\t\t\t\t\t<div class=\"elementor-container elementor-column-gap-default\">\n\t\t\t\t\t<div class=\"elementor-column elementor-col-100 elementor-top-column elementor-element elementor-element-91eec08\" data-id=\"91eec08\" data-element_type=\"column\" data-e-type=\"column\">\n\t\t\t<div class=\"elementor-widget-wrap elementor-element-populated\">\n\t\t\t\t\t\t<div class=\"elementor-element elementor-element-a5c0004 elementor-widget elementor-widget-heading\" data-id=\"a5c0004\" data-element_type=\"widget\" data-e-type=\"widget\" data-widget_type=\"heading.default\">\n\t\t\t\t<div class=\"elementor-widget-container\">\n\t\t\t\t\t<h2 class=\"elementor-heading-title elementor-size-default\">\nEin bisschen \u00fcber mich<\/h2>\t\t\t\t<\/div>\n\t\t\t\t<\/div>\n\t\t\t\t<div class=\"elementor-element elementor-element-f4a025e elementor-widget elementor-widget-text-editor\" data-id=\"f4a025e\" data-element_type=\"widget\" data-e-type=\"widget\" data-widget_type=\"text-editor.default\">\n\t\t\t\t<div class=\"elementor-widget-container\">\n\t\t\t\t\t\t\t\t\t<p>Ich bin eine begeisterte Handarbeiterin und Bastlerin, ich liebe es einfach kreativ zu sein und mich k\u00fcnstlerisch zu bet\u00e4tigen.<\/p><p>Fr\u00fcher habe ich mein Talent in einer Wollboutique einsetzten konnen; dort habe ich auf Bestellung Pullover gestrickt.<\/p><p><br \/>Als Wolle immer unmoderner wurde, konnte ich meinen Kreativgeist in einer Bastelladen unterbringen; Ich habe Kindergeburtstage und Events organisiert und mit immer wieder neuen und verschiedenen Bastelarbeiten bereichert.<\/p><p><br \/>Nun kommt die Wolle-Welle wieder auf uns zu und ich bin froh, \u00fcber das Internet mein Hobby weitergeben zu k\u00f6nnen. Froh, dass es auf wundervolle Weise wieder mehr begeisterte Anh\u00e4nger(innen) der H\u00e4kel-und Strickkunst gibt.<\/p><p><br \/>Es ist nie zu spat, etwos Neues anzufangen.<\/p><p>H\u00e4keln und Stricken ist so einfach zu lernen, versuch es doch mal. Ich habe mehr Ideen in meinem Kopf wie ich Zeit habe, diese auszuarbeiten.<\/p><p><br \/>Meine ausf\u00fchrlich erkl\u00e4rten Anleitungen sind auch f\u00fcr Anf\u00e4nger leicht verst\u00e4ndlich, sie sind mit vielen Bildern hinterlegt, so dass man auch dann damit zurechtkommt, wenn man mit H\u00e4kelschriften Probleme hat.<\/p><p><br \/>Ich habe jede Anleitung mit viel Liebe zum Detail, selbst geh\u00e4kelt, jeden Schritt schriftlich festgehalten, und mit farbigen Bildern hinterlegt.<\/p><p>Mein Wunsch ist, dass dir meine Anleitungen sehr viel Freude machen, und dein fertiges Produkt anschlie\u00dfen geb\u00fchrend bewundert wird.<\/p><p><br \/>Bei Problemen kann man sich jederzeit bei mir melden: Auf Wunsch kann man mir auch Auftr\u00e4ge mitteilen, sei es eine Anleitung entwerfen, oder ein Produkt fertig stellen.<\/p>\t\t\t\t\t\t\t\t<\/div>\n\t\t\t\t<\/div>\n\t\t\t\t\t<\/div>\n\t\t<\/div>\n\t\t\t\t\t<\/div>\n\t\t<\/section>\n\t\t\t\t<\/div>\n\t\t<p><a href=\"\/\/www.pinterest.com\/pin\/create\/button\/\" data-pin-do=\"buttonBookmark\" data-pin-color=\"red\" data-pin-height=\"128\"><img decoding=\"async\" src=\"\/\/assets.pinterest.com\/images\/pidgets\/pinit_fg_en_rect_red_28.png\" \/><\/a><\/p>","protected":false},"excerpt":{"rendered":"<p>Ein bisschen \u00fcber mich Ich bin eine begeisterte Handarbeiterin und Bastlerin, ich liebe es einfach kreativ zu sein und mich k\u00fcnstlerisch zu bet\u00e4tigen. Fr\u00fcher habe ich mein Talent in einer Wollboutique einsetzten konnen; dort habe ich auf Bestellung Pullover gestrickt. Als Wolle immer unmoderner wurde, konnte ich meinen Kreativgeist in einer Bastelladen unterbringen; Ich habe Kindergeburtstage und Events organisiert und mit immer wieder neuen und verschiedenen Bastelarbeiten bereichert. Nun kommt die Wolle-Welle wieder auf uns zu und ich bin froh, \u00fcber das Internet mein Hobby weitergeben zu k\u00f6nnen. Froh, dass es auf wundervolle Weise wieder mehr begeisterte Anh\u00e4nger(innen) der H\u00e4kel-und Strickkunst gibt. Es ist nie zu spat, etwos Neues anzufangen. H\u00e4keln und Stricken ist so einfach zu lernen, versuch es doch mal. Ich habe mehr Ideen in meinem Kopf wie ich Zeit habe, diese auszuarbeiten. Meine ausf\u00fchrlich erkl\u00e4rten Anleitungen sind auch f\u00fcr Anf\u00e4nger leicht verst\u00e4ndlich, sie sind mit vielen Bildern hinterlegt, so dass man auch dann damit zurechtkommt, wenn man mit H\u00e4kelschriften Probleme hat. Ich habe jede Anleitung mit viel Liebe zum Detail, selbst geh\u00e4kelt, jeden Schritt schriftlich festgehalten, und mit farbigen Bildern hinterlegt. Mein Wunsch ist, dass dir meine Anleitungen sehr viel Freude machen, und dein fertiges Produkt anschlie\u00dfen geb\u00fchrend bewundert wird. Bei Problemen kann man sich jederzeit bei mir melden: Auf Wunsch kann man mir auch Auftr\u00e4ge mitteilen, sei es eine Anleitung entwerfen, oder ein Produkt fertig stellen.<\/p>\n","protected":false},"author":1,"featured_media":0,"parent":0,"menu_order":0,"comment_status":"closed","ping_status":"closed","template":"","meta":{"footnotes":""},"class_list":["post-96","page","type-page","status-publish","hentry"],"blocksy_meta":{"styles_descriptor":{"styles":{"desktop":"","tablet":"","mobile":""},"google_fonts":[],"version":6}},"_links":{"self":[{"href":"https:\/\/dadade.eu\/index.php?rest_route=\/wp\/v2\/pages\/96","targetHints":{"allow":["GET"]}}],"collection":[{"href":"https:\/\/dadade.eu\/index.php?rest_route=\/wp\/v2\/pages"}],"about":[{"href":"https:\/\/dadade.eu\/index.php?rest_route=\/wp\/v2\/types\/page"}],"author":[{"embeddable":true,"href":"https:\/\/dadade.eu\/index.php?rest_route=\/wp\/v2\/users\/1"}],"replies":[{"embeddable":true,"href":"https:\/\/dadade.eu\/index.php?rest_route=%2Fwp%2Fv2%2Fcomments&post=96"}],"version-history":[{"count":0,"href":"https:\/\/dadade.eu\/index.php?rest_route=\/wp\/v2\/pages\/96\/revisions"}],"wp:attachment":[{"href":"https:\/\/dadade.eu\/index.php?rest_route=%2Fwp%2Fv2%2Fmedia&parent=96"}],"curies":[{"name":"wp","href":"https:\/\/api.w.org\/{rel}","templated":true}]}}